{"id":55510,"date":"2021-12-03T17:51:53","date_gmt":"2021-12-03T16:51:53","guid":{"rendered":"https:\/\/19zoll.com\/firma\/"},"modified":"2025-03-25T14:24:25","modified_gmt":"2025-03-25T13:24:25","slug":"firma","status":"publish","type":"page","link":"https:\/\/19zoll.com\/pl\/firma\/","title":{"rendered":"Firma"},"content":{"rendered":"<p>[et_pb_section fb_built=&#8221;1&#8243; _builder_version=&#8221;4.23.1&#8243; _module_preset=&#8221;default&#8221; background_color=&#8221;#F3F3F3&#8243; border_width_bottom=&#8221;3px&#8221; border_color_bottom=&#8221;#FFFFFF&#8221; global_colors_info=&#8221;{}&#8221;][et_pb_row _builder_version=&#8221;4.16&#8243; _module_preset=&#8221;default&#8221; global_colors_info=&#8221;{}&#8221;][et_pb_column type=&#8221;4_4&#8243; _builder_version=&#8221;4.16&#8243; _module_preset=&#8221;default&#8221; global_colors_info=&#8221;{}&#8221;][et_pb_text _builder_version=&#8221;4.16&#8243; _module_preset=&#8221;default&#8221; text_text_color=&#8221;#3B3B3B&#8221; text_font_size=&#8221;15px&#8221; text_line_height=&#8221;1.8em&#8221; header_font=&#8221;|700|||||||&#8221; header_text_color=&#8221;#3B3B3B&#8221; header_line_height=&#8221;1.3em&#8221; global_colors_info=&#8221;{}&#8221;]<\/p>\n<div id=\"c76\" class=\"csc-default csc-space-before-30 csc-space-after-50\">\n<div class=\"csc-header csc-header-n1\">\n<h1 class=\"csc-firstHeader\">Technologia Daub CNC w Wenden<\/h1>\n<\/div>\n<p class=\"bodytext\"><span>Za\u0142o\u017cona w 1997 roku przez Detleva Dauba, jednoosobowa firma Daub CNC Technik pocz\u0105tkowo oferowa\u0142a jedynie obr\u00f3bk\u0119 blach CNC dla lokalnych klient\u00f3w. Obecnie Daub CNC Technik GmbH und Co KG jest synonimem wielobran\u017cowej wiedzy produkcyjnej i najwy\u017cszej jako\u015bci w obr\u00f3bce i produkcji niestandardowych produkt\u00f3w. Park maszynowy w zak\u0142adzie produkcyjnym w Wenden obejmuje 12 frezarek, a nowy magazyn i centrum logistyczne zapewni\u0105 w przysz\u0142o\u015bci miejsce na 800 palet. Aby zapewni\u0107 jeszcze wi\u0119cej mo\u017cliwo\u015bci, 26 pracownik\u00f3w stale pracuje nad rozszerzeniem asortymentu produkt\u00f3w i obecno\u015bci marki w ca\u0142ej Europie.   Przekonaj si\u0119 o specjalistycznej wiedzy i wszechstronno\u015bci &#8211; zapraszamy do obejrzenia produkt\u00f3w Daub w salonie wystawowym w Wenden i zapoznania si\u0119 z nowoczesn\u0105 produkcj\u0105.<\/span><\/p>\n<\/div>\n<p>[\/et_pb_text][\/et_pb_column][\/et_pb_row][\/et_pb_section][et_pb_section fb_built=&#8221;1&#8243; _builder_version=&#8221;4.16&#8243; _module_preset=&#8221;default&#8221; background_color=&#8221;#F3F3F3&#8243; global_colors_info=&#8221;{}&#8221;][et_pb_row _builder_version=&#8221;4.16&#8243; _module_preset=&#8221;default&#8221; global_colors_info=&#8221;{}&#8221;][et_pb_column type=&#8221;4_4&#8243; _builder_version=&#8221;4.16&#8243; _module_preset=&#8221;default&#8221; global_colors_info=&#8221;{}&#8221;][et_pb_text _builder_version=&#8221;4.23.1&#8243; _module_preset=&#8221;default&#8221; text_text_color=&#8221;#3B3B3B&#8221; text_font_size=&#8221;15px&#8221; text_line_height=&#8221;1.8em&#8221; header_font=&#8221;|700|||||||&#8221; header_text_color=&#8221;#3B3B3B&#8221; header_line_height=&#8221;1.3em&#8221; global_colors_info=&#8221;{}&#8221;]<\/p>\n<div id=\"c76\" class=\"csc-default csc-space-before-30 csc-space-after-50\">\n<div class=\"csc-header csc-header-n1\">\n<h1 class=\"csc-firstHeader\"><b>Obraz jest wart tysi\u0105ca s\u0142\u00f3w &#8211; a film jeszcze wi\u0119cej!<\/b><\/h1>\n<\/div>\n<p class=\"bodytext\"><span>Zainspiruj si\u0119 jako\u015bci\u0105 i precyzj\u0105 ka\u017cdego produktu i us\u0142ugi Daub CNC Technik.<\/span><\/p>\n<\/div>\n<p>[\/et_pb_text][et_pb_video src=&#8221;https:\/\/19zoll.com\/wp-content\/uploads\/2024\/03\/Imagefilm-D-1.mp4&#8243; _builder_version=&#8221;4.24.2&#8243; _module_preset=&#8221;default&#8221; global_colors_info=&#8221;{}&#8221; src__hover_enabled=&#8221;on|hover&#8221; src__hover=&#8221;https:\/\/19zoll.com\/wp-content\/uploads\/2024\/03\/Imagefilm-D-1.mp4&#8243;][\/et_pb_video][\/et_pb_column][\/et_pb_row][\/et_pb_section][et_pb_section fb_built=&#8221;1&#8243; _builder_version=&#8221;4.16&#8243; _module_preset=&#8221;default&#8221; background_color=&#8221;#F3F3F3&#8243; max_width=&#8221;100%&#8221; custom_margin=&#8221;3px||0px||false|true&#8221; custom_padding=&#8221;0px||0px||false|false&#8221; custom_css_main_element=&#8221;display:flex; flex-direction:column;&#8221; global_colors_info=&#8221;{}&#8221;][et_pb_row column_structure=&#8221;1_3,1_3,1_3&#8243; use_custom_gutter=&#8221;on&#8221; gutter_width=&#8221;1&#8243; make_equal=&#8221;on&#8221; _builder_version=&#8221;4.16&#8243; _module_preset=&#8221;default&#8221; width=&#8221;100%&#8221; max_width=&#8221;100%&#8221; custom_padding=&#8221;0px||0px||false|false&#8221; border_width_bottom=&#8221;3px&#8221; border_color_bottom=&#8221;#FFFFFF&#8221; global_colors_info=&#8221;{}&#8221;][et_pb_column type=&#8221;1_3&#8243; _builder_version=&#8221;4.16&#8243; _module_preset=&#8221;default&#8221; global_colors_info=&#8221;{}&#8221;][dsm_icon_list _builder_version=&#8221;4.16&#8243; _dynamic_attributes=&#8221;link_option_url&#8221; _module_preset=&#8221;default&#8221; text_line_height=&#8221;1.3em&#8221; link_option_url=&#8221;@ET-DC@eyJkeW5hbWljIjp0cnVlLCJjb250ZW50IjoicG9zdF9saW5rX3VybF9wYWdlIiwic2V0dGluZ3MiOnsicG9zdF9pZCI6IjQ5OTgyIn19@&#8221; global_colors_info=&#8221;{}&#8221; background__hover_enabled=&#8221;on|hover&#8221; background_color__hover=&#8221;#FFFFFF&#8221; background_enable_color__hover=&#8221;on&#8221;][dsm_icon_list_child text=&#8221;Aktualno\u015bci&#8221; font_icon=&#8221;&#xf1ea;||fa||400&#8243; icon_color=&#8221;#3B3B3B&#8221; icon_padding=&#8221;20px&#8221; icon_font_size=&#8221;100px&#8221; _builder_version=&#8221;4.16&#8243; _module_preset=&#8221;default&#8221; text_text_color=&#8221;#3B3B3B&#8221; text_font_size=&#8221;22px&#8221; custom_margin=&#8221;|40px||40px|false|true&#8221; global_colors_info=&#8221;{}&#8221;][\/dsm_icon_list_child][\/dsm_icon_list][\/et_pb_column][et_pb_column type=&#8221;1_3&#8243; _builder_version=&#8221;4.16&#8243; _module_preset=&#8221;default&#8221; custom_padding=&#8221;||||true|false&#8221; border_width_right=&#8221;3px&#8221; border_color_right=&#8221;#FFFFFF&#8221; border_width_left=&#8221;3px&#8221; border_color_left=&#8221;#FFFFFF&#8221; global_colors_info=&#8221;{}&#8221;][dsm_button _builder_version=&#8221;4.16&#8243; _module_preset=&#8221;default&#8221; global_colors_info=&#8221;{}&#8221;][\/dsm_button][dsm_icon_list _builder_version=&#8221;4.16&#8243; _dynamic_attributes=&#8221;link_option_url&#8221; _module_preset=&#8221;default&#8221; text_line_height=&#8221;1.3em&#8221; link_option_url=&#8221;@ET-DC@eyJkeW5hbWljIjp0cnVlLCJjb250ZW50IjoicG9zdF9saW5rX3VybF9wYWdlIiwic2V0dGluZ3MiOnsicG9zdF9pZCI6IjQ5NjYxIn19@&#8221; global_colors_info=&#8221;{}&#8221; background__hover_enabled=&#8221;on|hover&#8221; background_color__hover=&#8221;#FFFFFF&#8221; background_enable_color__hover=&#8221;on&#8221;][dsm_icon_list_child text=&#8221;Historia&#8221; font_icon=&#8221;&#xf02d;||fa||900&#8243; icon_color=&#8221;#3B3B3B&#8221; icon_padding=&#8221;20px&#8221; icon_font_size=&#8221;100px&#8221; _builder_version=&#8221;4.16&#8243; _module_preset=&#8221;default&#8221; text_text_color=&#8221;#3B3B3B&#8221; text_font_size=&#8221;22px&#8221; custom_margin=&#8221;|40px||40px|false|true&#8221; global_colors_info=&#8221;{}&#8221;][\/dsm_icon_list_child][\/dsm_icon_list][\/et_pb_column][et_pb_column type=&#8221;1_3&#8243; _builder_version=&#8221;4.16&#8243; _module_preset=&#8221;default&#8221; global_colors_info=&#8221;{}&#8221;][dsm_icon_list _builder_version=&#8221;4.16&#8243; _dynamic_attributes=&#8221;link_option_url&#8221; _module_preset=&#8221;default&#8221; text_line_height=&#8221;1.3em&#8221; link_option_url=&#8221;@ET-DC@eyJkeW5hbWljIjp0cnVlLCJjb250ZW50IjoicG9zdF9saW5rX3VybF9wYWdlIiwic2V0dGluZ3MiOnsicG9zdF9pZCI6IjUwMDA0In19@&#8221; global_colors_info=&#8221;{}&#8221; background__hover_enabled=&#8221;on|hover&#8221; background_color__hover=&#8221;#FFFFFF&#8221; background_enable_color__hover=&#8221;on&#8221;][dsm_icon_list_child text=&#8221;Praca&#8221; font_icon=&#8221;&#xf0f0;||fa||900&#8243; icon_color=&#8221;#3B3B3B&#8221; icon_padding=&#8221;20px&#8221; icon_font_size=&#8221;100px&#8221; _builder_version=&#8221;4.16&#8243; _module_preset=&#8221;default&#8221; text_text_color=&#8221;#3B3B3B&#8221; text_font_size=&#8221;22px&#8221; custom_margin=&#8221;|40px||40px|false|true&#8221; global_colors_info=&#8221;{}&#8221;][\/dsm_icon_list_child][\/dsm_icon_list][\/et_pb_column][\/et_pb_row][\/et_pb_section]<\/p>\n","protected":false},"excerpt":{"rendered":"<p>Technologia Daub CNC w Wenden Za\u0142o\u017cona w 1997 roku przez Detleva Dauba, jednoosobowa firma Daub CNC Technik pocz\u0105tkowo oferowa\u0142a jedynie obr\u00f3bk\u0119 blach CNC dla lokalnych klient\u00f3w. Obecnie Daub CNC Technik GmbH und Co KG jest synonimem wielobran\u017cowej wiedzy produkcyjnej i najwy\u017cszej jako\u015bci w obr\u00f3bce i produkcji niestandardowych produkt\u00f3w. Park maszynowy w zak\u0142adzie produkcyjnym w Wenden [&hellip;]<\/p>\n","protected":false},"author":1,"featured_media":0,"parent":0,"menu_order":0,"comment_status":"closed","ping_status":"closed","template":"","meta":{"_et_pb_use_builder":"on","_et_pb_old_content":"","_et_gb_content_width":"","inline_featured_image":false,"footnotes":""},"class_list":["post-55510","page","type-page","status-publish","hentry"],"yoast_head":"<!-- This site is optimized with the Yoast SEO plugin v27.3 - https:\/\/yoast.com\/product\/yoast-seo-wordpress\/ -->\n<title>Daub CNC Technik GmbH and Co. KG w Wenden<\/title>\n<meta name=\"description\" content=\"Detlev Daub, Volker Kaluza, obr\u00f3bka CNC, obudowa, obr\u00f3bka aluminium, 19 cali, obudowa elektroniki, Takachi, anodowanie, frezowane cz\u0119\u015bci, drukowanie\" \/>\n<meta name=\"robots\" content=\"index, follow, max-snippet:-1, max-image-preview:large, max-video-preview:-1\" \/>\n<link rel=\"canonical\" href=\"https:\/\/19zoll.com\/pl\/firma\/\" \/>\n<meta property=\"og:locale\" content=\"pl_PL\" \/>\n<meta property=\"og:type\" content=\"article\" \/>\n<meta property=\"og:title\" content=\"Daub CNC Technik GmbH and Co. KG w Wenden\" \/>\n<meta property=\"og:description\" content=\"Detlev Daub, Volker Kaluza, obr\u00f3bka CNC, obudowa, obr\u00f3bka aluminium, 19 cali, obudowa elektroniki, Takachi, anodowanie, frezowane cz\u0119\u015bci, drukowanie\" \/>\n<meta property=\"og:url\" content=\"https:\/\/19zoll.com\/pl\/firma\/\" \/>\n<meta property=\"og:site_name\" content=\"Daub CNC\" \/>\n<meta property=\"article:modified_time\" content=\"2025-03-25T13:24:25+00:00\" \/>\n<meta property=\"og:image\" content=\"https:\/\/19zoll.com\/wp-content\/uploads\/2022\/04\/daub-logo-png.png\" \/>\n<meta name=\"twitter:card\" content=\"summary_large_image\" \/>\n<meta name=\"twitter:title\" content=\"Daub CNC Technik GmbH and Co. KG w Wenden\" \/>\n<meta name=\"twitter:description\" content=\"Detlev Daub, Volker Kaluza, obr\u00f3bka CNC, obudowa, obr\u00f3bka aluminium, 19 cali, obudowa elektroniki, Takachi, anodowanie, frezowane cz\u0119\u015bci, drukowanie\" \/>\n<meta name=\"twitter:image\" content=\"https:\/\/19zoll.com\/wp-content\/uploads\/2022\/04\/daub-logo-png.png\" \/>\n<meta name=\"twitter:label1\" content=\"Szacowany czas czytania\" \/>\n\t<meta name=\"twitter:data1\" content=\"4 minuty\" \/>\n<script type=\"application\/ld+json\" class=\"yoast-schema-graph\">{\"@context\":\"https:\\\/\\\/schema.org\",\"@graph\":[{\"@type\":\"WebPage\",\"@id\":\"https:\\\/\\\/19zoll.com\\\/pl\\\/firma\\\/\",\"url\":\"https:\\\/\\\/19zoll.com\\\/pl\\\/firma\\\/\",\"name\":\"Daub CNC Technik GmbH and Co. KG w Wenden\",\"isPartOf\":{\"@id\":\"https:\\\/\\\/19zoll.com\\\/#website\"},\"datePublished\":\"2021-12-03T16:51:53+00:00\",\"dateModified\":\"2025-03-25T13:24:25+00:00\",\"description\":\"Detlev Daub, Volker Kaluza, obr\u00f3bka CNC, obudowa, obr\u00f3bka aluminium, 19 cali, obudowa elektroniki, Takachi, anodowanie, frezowane cz\u0119\u015bci, drukowanie\",\"breadcrumb\":{\"@id\":\"https:\\\/\\\/19zoll.com\\\/pl\\\/firma\\\/#breadcrumb\"},\"inLanguage\":\"pl-PL\",\"potentialAction\":[{\"@type\":\"ReadAction\",\"target\":[\"https:\\\/\\\/19zoll.com\\\/pl\\\/firma\\\/\"]}]},{\"@type\":\"BreadcrumbList\",\"@id\":\"https:\\\/\\\/19zoll.com\\\/pl\\\/firma\\\/#breadcrumb\",\"itemListElement\":[{\"@type\":\"ListItem\",\"position\":1,\"name\":\"Startseite\",\"item\":\"https:\\\/\\\/19zoll.com\\\/pl\\\/strona-glowna\\\/\"},{\"@type\":\"ListItem\",\"position\":2,\"name\":\"Firma\"}]},{\"@type\":\"WebSite\",\"@id\":\"https:\\\/\\\/19zoll.com\\\/#website\",\"url\":\"https:\\\/\\\/19zoll.com\\\/\",\"name\":\"Daub CNC\",\"description\":\"Ein Webprojekt von IhrMediengestalter\",\"potentialAction\":[{\"@type\":\"SearchAction\",\"target\":{\"@type\":\"EntryPoint\",\"urlTemplate\":\"https:\\\/\\\/19zoll.com\\\/?s={search_term_string}\"},\"query-input\":{\"@type\":\"PropertyValueSpecification\",\"valueRequired\":true,\"valueName\":\"search_term_string\"}}],\"inLanguage\":\"pl-PL\"}]}<\/script>\n<!-- \/ Yoast SEO plugin. -->","yoast_head_json":{"title":"Daub CNC Technik GmbH and Co. KG w Wenden","description":"Detlev Daub, Volker Kaluza, obr\u00f3bka CNC, obudowa, obr\u00f3bka aluminium, 19 cali, obudowa elektroniki, Takachi, anodowanie, frezowane cz\u0119\u015bci, drukowanie","robots":{"index":"index","follow":"follow","max-snippet":"max-snippet:-1","max-image-preview":"max-image-preview:large","max-video-preview":"max-video-preview:-1"},"canonical":"https:\/\/19zoll.com\/pl\/firma\/","og_locale":"pl_PL","og_type":"article","og_title":"Daub CNC Technik GmbH and Co. KG w Wenden","og_description":"Detlev Daub, Volker Kaluza, obr\u00f3bka CNC, obudowa, obr\u00f3bka aluminium, 19 cali, obudowa elektroniki, Takachi, anodowanie, frezowane cz\u0119\u015bci, drukowanie","og_url":"https:\/\/19zoll.com\/pl\/firma\/","og_site_name":"Daub CNC","article_modified_time":"2025-03-25T13:24:25+00:00","og_image":[{"url":"https:\/\/19zoll.com\/wp-content\/uploads\/2022\/04\/daub-logo-png.png","type":"","width":"","height":""}],"twitter_card":"summary_large_image","twitter_title":"Daub CNC Technik GmbH and Co. KG w Wenden","twitter_description":"Detlev Daub, Volker Kaluza, obr\u00f3bka CNC, obudowa, obr\u00f3bka aluminium, 19 cali, obudowa elektroniki, Takachi, anodowanie, frezowane cz\u0119\u015bci, drukowanie","twitter_image":"https:\/\/19zoll.com\/wp-content\/uploads\/2022\/04\/daub-logo-png.png","twitter_misc":{"Szacowany czas czytania":"4 minuty"},"schema":{"@context":"https:\/\/schema.org","@graph":[{"@type":"WebPage","@id":"https:\/\/19zoll.com\/pl\/firma\/","url":"https:\/\/19zoll.com\/pl\/firma\/","name":"Daub CNC Technik GmbH and Co. KG w Wenden","isPartOf":{"@id":"https:\/\/19zoll.com\/#website"},"datePublished":"2021-12-03T16:51:53+00:00","dateModified":"2025-03-25T13:24:25+00:00","description":"Detlev Daub, Volker Kaluza, obr\u00f3bka CNC, obudowa, obr\u00f3bka aluminium, 19 cali, obudowa elektroniki, Takachi, anodowanie, frezowane cz\u0119\u015bci, drukowanie","breadcrumb":{"@id":"https:\/\/19zoll.com\/pl\/firma\/#breadcrumb"},"inLanguage":"pl-PL","potentialAction":[{"@type":"ReadAction","target":["https:\/\/19zoll.com\/pl\/firma\/"]}]},{"@type":"BreadcrumbList","@id":"https:\/\/19zoll.com\/pl\/firma\/#breadcrumb","itemListElement":[{"@type":"ListItem","position":1,"name":"Startseite","item":"https:\/\/19zoll.com\/pl\/strona-glowna\/"},{"@type":"ListItem","position":2,"name":"Firma"}]},{"@type":"WebSite","@id":"https:\/\/19zoll.com\/#website","url":"https:\/\/19zoll.com\/","name":"Daub CNC","description":"Ein Webprojekt von IhrMediengestalter","potentialAction":[{"@type":"SearchAction","target":{"@type":"EntryPoint","urlTemplate":"https:\/\/19zoll.com\/?s={search_term_string}"},"query-input":{"@type":"PropertyValueSpecification","valueRequired":true,"valueName":"search_term_string"}}],"inLanguage":"pl-PL"}]}},"_links":{"self":[{"href":"https:\/\/19zoll.com\/pl\/wp-json\/wp\/v2\/pages\/55510","targetHints":{"allow":["GET"]}}],"collection":[{"href":"https:\/\/19zoll.com\/pl\/wp-json\/wp\/v2\/pages"}],"about":[{"href":"https:\/\/19zoll.com\/pl\/wp-json\/wp\/v2\/types\/page"}],"author":[{"embeddable":true,"href":"https:\/\/19zoll.com\/pl\/wp-json\/wp\/v2\/users\/1"}],"replies":[{"embeddable":true,"href":"https:\/\/19zoll.com\/pl\/wp-json\/wp\/v2\/comments?post=55510"}],"version-history":[{"count":5,"href":"https:\/\/19zoll.com\/pl\/wp-json\/wp\/v2\/pages\/55510\/revisions"}],"predecessor-version":[{"id":57455,"href":"https:\/\/19zoll.com\/pl\/wp-json\/wp\/v2\/pages\/55510\/revisions\/57455"}],"wp:attachment":[{"href":"https:\/\/19zoll.com\/pl\/wp-json\/wp\/v2\/media?parent=55510"}],"curies":[{"name":"wp","href":"https:\/\/api.w.org\/{rel}","templated":true}]}}