{"id":55236,"date":"2021-10-21T13:14:21","date_gmt":"2021-10-21T11:14:21","guid":{"rendered":"https:\/\/19zoll.com\/produkty\/"},"modified":"2025-03-25T14:28:22","modified_gmt":"2025-03-25T13:28:22","slug":"produkty","status":"publish","type":"page","link":"https:\/\/19zoll.com\/pl\/produkty\/","title":{"rendered":"Produkty"},"content":{"rendered":"<p><div class=\"et_pb_with_border et_d4_element et_pb_section et_pb_section_0 et_pb_with_background  et_pb_css_mix_blend_mode et_section_regular et_block_section\" >\n\t\t\t\t\n\t\t\t\t\n\t\t\t\t\n\t\t\t\t\n\t\t\t\t\n\t\t\t\t\n\t\t\t\t<div class=\"et_pb_with_border et_d4_element et_pb_row et_pb_row_0 et_pb_equal_columns et_pb_gutters1  et_pb_css_mix_blend_mode et_block_row\">\n\t\t\t\t<div class=\"et_pb_with_border et_pb_column_1_2 et_d4_element et_pb_column et_pb_column_0 et_clickable  et_pb_css_mix_blend_mode et_block_column\">\n\t\t\t\t\n\t\t\t\t\n\t\t\t\t\n\t\t\t\t\n\t\t\t\t<div class=\"et_pb_module et_d4_element et_pb_image et_pb_image_0\">\n\t\t\t\t\n\t\t\t\t\n\t\t\t\t\n\t\t\t\t\n\t\t\t\t<span class=\"et_pb_image_wrap \"><img loading=\"lazy\" decoding=\"async\" width=\"900\" height=\"550\" src=\"https:\/\/19zoll.com\/wp-content\/uploads\/2021\/12\/aluminium-gehaeuse-1.jpg\" alt=\"\" title=\"aluminiowa obudowa\" srcset=\"https:\/\/19zoll.com\/wp-content\/uploads\/2021\/12\/aluminium-gehaeuse-1.jpg 900w, https:\/\/19zoll.com\/wp-content\/uploads\/2021\/12\/aluminium-gehaeuse-1-480x293.jpg 480w\" sizes=\"(min-width: 0px) and (max-width: 480px) 480px, (min-width: 481px) 900px, 100vw\" class=\"wp-image-50464\" \/><\/span>\n\t\t\t<\/div><div class=\"et_pb_module et_d4_element et_pb_text et_pb_text_0  et_pb_text_align_left et_pb_bg_layout_light\">\n\t\t\t\t\n\t\t\t\t\n\t\t\t\t\n\t\t\t\t\n\t\t\t\t<div class=\"et_pb_text_inner\"><h2>Aluminiowa obudowa<\/h2><\/div>\n\t\t\t<\/div>\n\t\t\t<\/div><div class=\"et_pb_with_border et_pb_column_1_2 et_d4_element et_pb_column et_pb_column_1 et_clickable  et_pb_css_mix_blend_mode et-last-child et_block_column\">\n\t\t\t\t\n\t\t\t\t\n\t\t\t\t\n\t\t\t\t\n\t\t\t\t<div class=\"et_pb_module et_d4_element et_pb_image et_pb_image_1\">\n\t\t\t\t\n\t\t\t\t\n\t\t\t\t\n\t\t\t\t\n\t\t\t\t<span class=\"et_pb_image_wrap \"><img loading=\"lazy\" decoding=\"async\" width=\"900\" height=\"550\" src=\"https:\/\/19zoll.com\/wp-content\/uploads\/2021\/12\/kunststoff-gehaeuse-1.jpg\" alt=\"\" title=\"plastikowa obudowa\" srcset=\"https:\/\/19zoll.com\/wp-content\/uploads\/2021\/12\/kunststoff-gehaeuse-1.jpg 900w, https:\/\/19zoll.com\/wp-content\/uploads\/2021\/12\/kunststoff-gehaeuse-1-480x293.jpg 480w\" sizes=\"(min-width: 0px) and (max-width: 480px) 480px, (min-width: 481px) 900px, 100vw\" class=\"wp-image-50467\" \/><\/span>\n\t\t\t<\/div><div class=\"et_pb_module et_d4_element et_pb_text et_pb_text_1  et_pb_text_align_left et_pb_bg_layout_light\">\n\t\t\t\t\n\t\t\t\t\n\t\t\t\t\n\t\t\t\t\n\t\t\t\t<div class=\"et_pb_text_inner\"><h2>Obudowa z tworzywa sztucznego<\/h2><\/div>\n\t\t\t<\/div>\n\t\t\t<\/div>\n\t\t\t\t\n\t\t\t\t\n\t\t\t\t\n\t\t\t\t\n\t\t\t<\/div>\n\t\t\t\t\n\t\t\t\t\n\t\t\t<\/div><div class=\"et_pb_with_border et_d4_element et_pb_section et_pb_section_1 et_pb_with_background  et_pb_css_mix_blend_mode et_section_regular et_block_section\" >\n\t\t\t\t\n\t\t\t\t\n\t\t\t\t\n\t\t\t\t\n\t\t\t\t\n\t\t\t\t\n\t\t\t\t<div class=\"et_pb_with_border et_d4_element et_pb_row et_pb_row_1 et_pb_equal_columns et_pb_gutters1  et_pb_css_mix_blend_mode et_block_row\">\n\t\t\t\t<div class=\"et_pb_with_border et_pb_column_1_2 et_d4_element et_pb_column et_pb_column_2 et_clickable  et_pb_css_mix_blend_mode et_block_column\">\n\t\t\t\t\n\t\t\t\t\n\t\t\t\t\n\t\t\t\t\n\t\t\t\t<div class=\"et_pb_module et_d4_element et_pb_image et_pb_image_2\">\n\t\t\t\t\n\t\t\t\t\n\t\t\t\t\n\t\t\t\t\n\t\t\t\t<span class=\"et_pb_image_wrap \"><img loading=\"lazy\" decoding=\"async\" width=\"900\" height=\"550\" src=\"https:\/\/19zoll.com\/wp-content\/uploads\/2021\/12\/kuehlloesungen-1.jpg\" alt=\"\" title=\"kuehlloesungen\" srcset=\"https:\/\/19zoll.com\/wp-content\/uploads\/2021\/12\/kuehlloesungen-1.jpg 900w, https:\/\/19zoll.com\/wp-content\/uploads\/2021\/12\/kuehlloesungen-1-480x293.jpg 480w\" sizes=\"(min-width: 0px) and (max-width: 480px) 480px, (min-width: 481px) 900px, 100vw\" class=\"wp-image-50466\" \/><\/span>\n\t\t\t<\/div><div class=\"et_pb_module et_d4_element et_pb_text et_pb_text_2  et_pb_text_align_left et_pb_bg_layout_light\">\n\t\t\t\t\n\t\t\t\t\n\t\t\t\t\n\t\t\t\t\n\t\t\t\t<div class=\"et_pb_text_inner\"><h2>Rozwi\u0105zania ch\u0142odz\u0105ce<\/h2><\/div>\n\t\t\t<\/div>\n\t\t\t<\/div><div class=\"et_pb_with_border et_pb_column_1_2 et_d4_element et_pb_column et_pb_column_3 et_clickable  et_pb_css_mix_blend_mode et-last-child et_block_column\">\n\t\t\t\t\n\t\t\t\t\n\t\t\t\t\n\t\t\t\t\n\t\t\t\t<div class=\"et_pb_module et_d4_element et_pb_image et_pb_image_3\">\n\t\t\t\t\n\t\t\t\t\n\t\t\t\t\n\t\t\t\t\n\t\t\t\t<span class=\"et_pb_image_wrap \"><img loading=\"lazy\" decoding=\"async\" width=\"900\" height=\"550\" src=\"https:\/\/19zoll.com\/wp-content\/uploads\/2021\/12\/frontplatten-1.jpg\" alt=\"\" title=\"panele przednie\" srcset=\"https:\/\/19zoll.com\/wp-content\/uploads\/2021\/12\/frontplatten-1.jpg 900w, https:\/\/19zoll.com\/wp-content\/uploads\/2021\/12\/frontplatten-1-480x293.jpg 480w\" sizes=\"(min-width: 0px) and (max-width: 480px) 480px, (min-width: 481px) 900px, 100vw\" class=\"wp-image-50465\" \/><\/span>\n\t\t\t<\/div><div class=\"et_pb_module et_d4_element et_pb_text et_pb_text_3  et_pb_text_align_left et_pb_bg_layout_light\">\n\t\t\t\t\n\t\t\t\t\n\t\t\t\t\n\t\t\t\t\n\t\t\t\t<div class=\"et_pb_text_inner\"><h2>Panele przednie<\/h2><\/div>\n\t\t\t<\/div>\n\t\t\t<\/div>\n\t\t\t\t\n\t\t\t\t\n\t\t\t\t\n\t\t\t\t\n\t\t\t<\/div>\n\t\t\t\t\n\t\t\t\t\n\t\t\t<\/div><\/p>\n","protected":false},"excerpt":{"rendered":"","protected":false},"author":1,"featured_media":0,"parent":0,"menu_order":0,"comment_status":"closed","ping_status":"closed","template":"","meta":{"inline_featured_image":false,"_et_pb_use_builder":"on","_et_pb_old_content":"","_et_gb_content_width":"","footnotes":""},"class_list":["post-55236","page","type-page","status-publish","hentry"],"yoast_head":"<!-- This site is optimized with the Yoast SEO plugin v27.5 - https:\/\/yoast.com\/product\/yoast-seo-wordpress\/ -->\n<title>Produkty Daub CNC Technik GmbH und Co. KG<\/title>\n<meta name=\"description\" content=\"Takachi, obudowy, obudowy aluminiowe, obudowy plastikowe, radiatory, anodowane, cz\u0119\u015bci frezowane, produkty aluminiowe, puste obudowy, obudowy IP, obudowy EMC\" \/>\n<meta name=\"robots\" content=\"index, follow, max-snippet:-1, max-image-preview:large, max-video-preview:-1\" \/>\n<link rel=\"canonical\" href=\"https:\/\/19zoll.com\/pl\/produkty\/\" \/>\n<meta property=\"og:locale\" content=\"pl_PL\" \/>\n<meta property=\"og:type\" content=\"article\" \/>\n<meta property=\"og:title\" content=\"Produkty Daub CNC Technik GmbH und Co. KG\" \/>\n<meta property=\"og:description\" content=\"Takachi, obudowy, obudowy aluminiowe, obudowy plastikowe, radiatory, anodowane, cz\u0119\u015bci frezowane, produkty aluminiowe, puste obudowy, obudowy IP, obudowy EMC\" \/>\n<meta property=\"og:url\" content=\"https:\/\/19zoll.com\/pl\/produkty\/\" \/>\n<meta property=\"og:site_name\" content=\"Daub CNC\" \/>\n<meta property=\"article:modified_time\" content=\"2025-03-25T13:28:22+00:00\" \/>\n<meta name=\"twitter:card\" content=\"summary_large_image\" \/>\n<meta name=\"twitter:title\" content=\"Produkty Daub CNC Technik GmbH und Co. KG\" \/>\n<meta name=\"twitter:description\" content=\"Takachi, obudowy, obudowy aluminiowe, obudowy plastikowe, radiatory, anodowane, cz\u0119\u015bci frezowane, produkty aluminiowe, puste obudowy, obudowy IP, obudowy EMC\" \/>\n<meta name=\"twitter:label1\" content=\"Szacowany czas czytania\" \/>\n\t<meta name=\"twitter:data1\" content=\"8 minut\" \/>\n<script type=\"application\/ld+json\" class=\"yoast-schema-graph\">{\"@context\":\"https:\\\/\\\/schema.org\",\"@graph\":[{\"@type\":\"WebPage\",\"@id\":\"https:\\\/\\\/19zoll.com\\\/pl\\\/produkty\\\/\",\"url\":\"https:\\\/\\\/19zoll.com\\\/pl\\\/produkty\\\/\",\"name\":\"Produkty Daub CNC Technik GmbH und Co. KG\",\"isPartOf\":{\"@id\":\"https:\\\/\\\/19zoll.com\\\/#website\"},\"datePublished\":\"2021-10-21T11:14:21+00:00\",\"dateModified\":\"2025-03-25T13:28:22+00:00\",\"description\":\"Takachi, obudowy, obudowy aluminiowe, obudowy plastikowe, radiatory, anodowane, cz\u0119\u015bci frezowane, produkty aluminiowe, puste obudowy, obudowy IP, obudowy EMC\",\"breadcrumb\":{\"@id\":\"https:\\\/\\\/19zoll.com\\\/pl\\\/produkty\\\/#breadcrumb\"},\"inLanguage\":\"pl-PL\",\"potentialAction\":[{\"@type\":\"ReadAction\",\"target\":[\"https:\\\/\\\/19zoll.com\\\/pl\\\/produkty\\\/\"]}]},{\"@type\":\"BreadcrumbList\",\"@id\":\"https:\\\/\\\/19zoll.com\\\/pl\\\/produkty\\\/#breadcrumb\",\"itemListElement\":[{\"@type\":\"ListItem\",\"position\":1,\"name\":\"Startseite\",\"item\":\"https:\\\/\\\/19zoll.com\\\/pl\\\/strona-glowna\\\/\"},{\"@type\":\"ListItem\",\"position\":2,\"name\":\"Produkty\"}]},{\"@type\":\"WebSite\",\"@id\":\"https:\\\/\\\/19zoll.com\\\/#website\",\"url\":\"https:\\\/\\\/19zoll.com\\\/\",\"name\":\"Daub CNC\",\"description\":\"Ein Webprojekt von IhrMediengestalter\",\"potentialAction\":[{\"@type\":\"SearchAction\",\"target\":{\"@type\":\"EntryPoint\",\"urlTemplate\":\"https:\\\/\\\/19zoll.com\\\/?s={search_term_string}\"},\"query-input\":{\"@type\":\"PropertyValueSpecification\",\"valueRequired\":true,\"valueName\":\"search_term_string\"}}],\"inLanguage\":\"pl-PL\"}]}<\/script>\n<!-- \/ Yoast SEO plugin. -->","yoast_head_json":{"title":"Produkty Daub CNC Technik GmbH und Co. KG","description":"Takachi, obudowy, obudowy aluminiowe, obudowy plastikowe, radiatory, anodowane, cz\u0119\u015bci frezowane, produkty aluminiowe, puste obudowy, obudowy IP, obudowy EMC","robots":{"index":"index","follow":"follow","max-snippet":"max-snippet:-1","max-image-preview":"max-image-preview:large","max-video-preview":"max-video-preview:-1"},"canonical":"https:\/\/19zoll.com\/pl\/produkty\/","og_locale":"pl_PL","og_type":"article","og_title":"Produkty Daub CNC Technik GmbH und Co. KG","og_description":"Takachi, obudowy, obudowy aluminiowe, obudowy plastikowe, radiatory, anodowane, cz\u0119\u015bci frezowane, produkty aluminiowe, puste obudowy, obudowy IP, obudowy EMC","og_url":"https:\/\/19zoll.com\/pl\/produkty\/","og_site_name":"Daub CNC","article_modified_time":"2025-03-25T13:28:22+00:00","twitter_card":"summary_large_image","twitter_title":"Produkty Daub CNC Technik GmbH und Co. KG","twitter_description":"Takachi, obudowy, obudowy aluminiowe, obudowy plastikowe, radiatory, anodowane, cz\u0119\u015bci frezowane, produkty aluminiowe, puste obudowy, obudowy IP, obudowy EMC","twitter_misc":{"Szacowany czas czytania":"8 minut"},"schema":{"@context":"https:\/\/schema.org","@graph":[{"@type":"WebPage","@id":"https:\/\/19zoll.com\/pl\/produkty\/","url":"https:\/\/19zoll.com\/pl\/produkty\/","name":"Produkty Daub CNC Technik GmbH und Co. KG","isPartOf":{"@id":"https:\/\/19zoll.com\/#website"},"datePublished":"2021-10-21T11:14:21+00:00","dateModified":"2025-03-25T13:28:22+00:00","description":"Takachi, obudowy, obudowy aluminiowe, obudowy plastikowe, radiatory, anodowane, cz\u0119\u015bci frezowane, produkty aluminiowe, puste obudowy, obudowy IP, obudowy EMC","breadcrumb":{"@id":"https:\/\/19zoll.com\/pl\/produkty\/#breadcrumb"},"inLanguage":"pl-PL","potentialAction":[{"@type":"ReadAction","target":["https:\/\/19zoll.com\/pl\/produkty\/"]}]},{"@type":"BreadcrumbList","@id":"https:\/\/19zoll.com\/pl\/produkty\/#breadcrumb","itemListElement":[{"@type":"ListItem","position":1,"name":"Startseite","item":"https:\/\/19zoll.com\/pl\/strona-glowna\/"},{"@type":"ListItem","position":2,"name":"Produkty"}]},{"@type":"WebSite","@id":"https:\/\/19zoll.com\/#website","url":"https:\/\/19zoll.com\/","name":"Daub CNC","description":"Ein Webprojekt von IhrMediengestalter","potentialAction":[{"@type":"SearchAction","target":{"@type":"EntryPoint","urlTemplate":"https:\/\/19zoll.com\/?s={search_term_string}"},"query-input":{"@type":"PropertyValueSpecification","valueRequired":true,"valueName":"search_term_string"}}],"inLanguage":"pl-PL"}]}},"_links":{"self":[{"href":"https:\/\/19zoll.com\/pl\/wp-json\/wp\/v2\/pages\/55236","targetHints":{"allow":["GET"]}}],"collection":[{"href":"https:\/\/19zoll.com\/pl\/wp-json\/wp\/v2\/pages"}],"about":[{"href":"https:\/\/19zoll.com\/pl\/wp-json\/wp\/v2\/types\/page"}],"author":[{"embeddable":true,"href":"https:\/\/19zoll.com\/pl\/wp-json\/wp\/v2\/users\/1"}],"replies":[{"embeddable":true,"href":"https:\/\/19zoll.com\/pl\/wp-json\/wp\/v2\/comments?post=55236"}],"version-history":[{"count":6,"href":"https:\/\/19zoll.com\/pl\/wp-json\/wp\/v2\/pages\/55236\/revisions"}],"predecessor-version":[{"id":58220,"href":"https:\/\/19zoll.com\/pl\/wp-json\/wp\/v2\/pages\/55236\/revisions\/58220"}],"wp:attachment":[{"href":"https:\/\/19zoll.com\/pl\/wp-json\/wp\/v2\/media?parent=55236"}],"curies":[{"name":"wp","href":"https:\/\/api.w.org\/{rel}","templated":true}]}}