{"id":55233,"date":"2021-12-03T17:58:32","date_gmt":"2021-12-03T16:58:32","guid":{"rendered":"https:\/\/19zoll.com\/aktualnosci\/"},"modified":"2025-11-19T09:56:05","modified_gmt":"2025-11-19T08:56:05","slug":"aktualnosci","status":"publish","type":"page","link":"https:\/\/19zoll.com\/pl\/aktualnosci\/","title":{"rendered":"Aktualno\u015bci"},"content":{"rendered":"<p>[et_pb_section fb_built=&#8221;1&#8243; _builder_version=&#8221;4.27.4&#8243; _module_preset=&#8221;default&#8221; background_color=&#8221;#F3F3F3&#8243; hover_enabled=&#8221;0&#8243; border_width_bottom=&#8221;3px&#8221; border_color_bottom=&#8221;#FFFFFF&#8221; global_colors_info=&#8221;{}&#8221; sticky_enabled=&#8221;0&#8243;][et_pb_row _builder_version=&#8221;4.27.4&#8243; _module_preset=&#8221;default&#8221; hover_enabled=&#8221;0&#8243; global_colors_info=&#8221;{}&#8221; sticky_enabled=&#8221;0&#8243;][et_pb_column type=&#8221;4_4&#8243; _builder_version=&#8221;4.16&#8243; _module_preset=&#8221;default&#8221; global_colors_info=&#8221;{}&#8221;][et_pb_text _builder_version=&#8221;4.27.4&#8243; _module_preset=&#8221;default&#8221; text_text_color=&#8221;#3B3B3B&#8221; text_font_size=&#8221;15px&#8221; text_line_height=&#8221;1.8em&#8221; link_text_color=&#8221;#1F7BC3&#8243; header_font=&#8221;|700|||||||&#8221; header_text_color=&#8221;#3B3B3B&#8221; header_line_height=&#8221;1.3em&#8221; hover_enabled=&#8221;0&#8243; global_colors_info=&#8221;{}&#8221; sticky_enabled=&#8221;0&#8243;]<\/p>\n<div id=\"c76\" class=\"csc-default csc-space-before-30 csc-space-after-50\">\n<h2><b><span>B\u0119dziemy tam ponownie w 2026<\/span> roku!<\/b><\/h2>\n<p style=\"font-weight: 400;\"><span>W przysz\u0142ym roku po raz kolejny b\u0119dziemy wystawia\u0107 si\u0119 na targach embedded world 2026 w Norymberdze. To zawsze przyjemno\u015b\u0107 by\u0107 cz\u0119\u015bci\u0105 tych inspiruj\u0105cych targ\u00f3w, prowadzi\u0107 ekscytuj\u0105ce dyskusje i do\u015bwiadcza\u0107 innowacyjnych technologii. <\/span><\/p>\n<p style=\"font-weight: 400;\"><span>Przygotowania id\u0105 ju\u017c pe\u0142n\u0105 par\u0105 &#8211; ju\u017c nie mo\u017cemy si\u0119 doczeka\u0107 Twojej wizyty!<\/span><\/p>\n<\/div>\n<p>[\/et_pb_text][et_pb_image src=&#8221;https:\/\/19zoll.com\/wp-content\/uploads\/2025\/11\/embedded-world-n-signaturbanner-signature-banner-wir-sind-dabei-we-are-part-of-it.jpg&#8221; _builder_version=&#8221;4.27.4&#8243; _module_preset=&#8221;default&#8221; title_text=&#8221;embedded-world-n-signature-banner-signature-banner-we-are-part-of-it&#8221; hover_enabled=&#8221;0&#8243; sticky_enabled=&#8221;0&#8243;][\/et_pb_image][\/et_pb_column][\/et_pb_row][\/et_pb_section][et_pb_section fb_built=&#8221;1&#8243; _builder_version=&#8221;4.27.4&#8243; _module_preset=&#8221;default&#8221; background_color=&#8221;#F3F3F3&#8243; hover_enabled=&#8221;0&#8243; border_width_bottom=&#8221;3px&#8221; border_color_bottom=&#8221;#FFFFFF&#8221; global_colors_info=&#8221;{}&#8221; sticky_enabled=&#8221;0&#8243; locked=&#8221;off&#8221;][et_pb_row column_structure=&#8221;3_4,1_4&#8243; _builder_version=&#8221;4.16&#8243; _module_preset=&#8221;default&#8221; global_colors_info=&#8221;{}&#8221;][et_pb_column type=&#8221;3_4&#8243; _builder_version=&#8221;4.16&#8243; _module_preset=&#8221;default&#8221; global_colors_info=&#8221;{}&#8221;][et_pb_text _builder_version=&#8221;4.27.4&#8243; _module_preset=&#8221;default&#8221; text_text_color=&#8221;#3B3B3B&#8221; text_font_size=&#8221;15px&#8221; text_line_height=&#8221;1.8em&#8221; link_text_color=&#8221;#1F7BC3&#8243; header_font=&#8221;|700|||||||&#8221; header_text_color=&#8221;#3B3B3B&#8221; header_line_height=&#8221;1.3em&#8221; global_colors_info=&#8221;{}&#8221;]<\/p>\n<div id=\"c76\" class=\"csc-default csc-space-before-30 csc-space-after-50\">\n<h2><b>Dodatek do Embedded World 2025 &#8211; pe\u0142en sukces!<\/b><\/h2>\n<p style=\"font-weight: 400;\"><strong>Targi Embedded World 2025<\/strong>, kt\u00f3re odby\u0142y si\u0119 <strong>w dniach 11-13 marca<\/strong> w Norymberdze, po raz kolejny by\u0142y wydarzeniem dla spo\u0142eczno\u015bci embedded! Z <strong>32 000 odwiedzaj\u0105cych z ponad 80 kraj\u00f3w<\/strong> i prawie <strong>1200 wystawc\u00f3w z 46 kraj\u00f3w<\/strong>, targi stanowi\u0142y wyj\u0105tkow\u0105 platform\u0119 dla innowacji, dialogu i nawi\u0105zywania kontakt\u00f3w. Towarzysz\u0105ce im konferencje przyci\u0105gn\u0119\u0142y dodatkowo <strong>1 897 uczestnik\u00f3w z 47 kraj\u00f3w<\/strong> &#8211; to wyra\u017any znak rosn\u0105cego zainteresowania technologiami wbudowanymi!  <\/p>\n<p style=\"font-weight: 400;\">  Po <strong>przeprojektowaniu<\/strong> naszego <strong>stoiska targ<\/strong> owego w zesz\u0142ym roku, tym razem skupili\u015bmy si\u0119 na nowym wygl\u0105dzie naszego zespo\u0142u. Stworzyli\u015bmy zrelaksowan\u0105 atmosfer\u0119 dzi\u0119ki naszym nowym <strong>swetrom<\/strong> &#8211; i wysz\u0142o naprawd\u0119 dobrze! <\/p>\n<p style=\"font-weight: 400;\">  Dzi\u0119kujemy wszystkim odwiedzaj\u0105cym, partnerom i wsp\u00f3\u0142pracownikom za ekscytuj\u0105ce dyskusje, cenne spostrze\u017cenia i og\u00f3lnie udane targi! Ju\u017c nie mo\u017cemy si\u0119 doczeka\u0107 <strong>Embedded World 2026<\/strong> &#8211; Zapisz dat\u0119: <strong>10-12 marca 2026<\/strong>! <\/p>\n<\/div>\n<p>[\/et_pb_text][\/et_pb_column][et_pb_column type=&#8221;1_4&#8243; _builder_version=&#8221;4.16&#8243; _module_preset=&#8221;default&#8221; global_colors_info=&#8221;{}&#8221;][et_pb_video src=&#8221;https:\/\/19zoll.com\/wp-content\/uploads\/2025\/03\/collage-embedded-2025.mp4&#8243; image_src=&#8221;https:\/\/19zoll.com\/wp-content\/uploads\/2025\/03\/collage-embedded-2025-shot.jpg&#8221; _builder_version=&#8221;4.27.4&#8243; _module_preset=&#8221;default&#8221; global_colors_info=&#8221;{}&#8221;][\/et_pb_video][\/et_pb_column][\/et_pb_row][\/et_pb_section][et_pb_section fb_built=&#8221;1&#8243; _builder_version=&#8221;4.16&#8243; _module_preset=&#8221;default&#8221; background_color=&#8221;#F3F3F3&#8243; border_width_bottom=&#8221;3px&#8221; border_color_bottom=&#8221;#FFFFFF&#8221; global_colors_info=&#8221;{}&#8221;][et_pb_row _builder_version=&#8221;4.16&#8243; _module_preset=&#8221;default&#8221; global_colors_info=&#8221;{}&#8221;][et_pb_column type=&#8221;4_4&#8243; _builder_version=&#8221;4.16&#8243; _module_preset=&#8221;default&#8221; global_colors_info=&#8221;{}&#8221;][et_pb_text _builder_version=&#8221;4.27.3&#8243; _module_preset=&#8221;default&#8221; text_text_color=&#8221;#3B3B3B&#8221; text_font_size=&#8221;15px&#8221; text_line_height=&#8221;1.8em&#8221; link_text_color=&#8221;#1F7BC3&#8243; header_font=&#8221;|700|||||||&#8221; header_text_color=&#8221;#3B3B3B&#8221; header_line_height=&#8221;1.3em&#8221; global_colors_info=&#8221;{}&#8221;]<\/p>\n<div id=\"c76\" class=\"csc-default csc-space-before-30 csc-space-after-50\">\n<h1><b>Spojrzenie wstecz na targi Electronica 2024 w Monachium<\/b><\/h1>\n<p style=\"font-weight: 400;\">Targi <strong>Electronica 2024<\/strong>, kt\u00f3re odby\u0142y si\u0119 w Monachium w dniach od 12.11.2024 r. do 15.11.2024 r., po raz kolejny okaza\u0142y si\u0119 pe\u0142nym sukcesem i podkre\u015bli\u0142y sw\u00f3j status wiod\u0105cych na \u015bwiecie targ\u00f3w bran\u017cy elektronicznej. Ponad 3480 wystawc\u00f3w z r\u00f3\u017cnych kraj\u00f3w zaprezentowa\u0142o swoje najnowsze produkty, technologie i innowacje szerokiej publiczno\u015bci. Odwiedzaj\u0105cy mogli uzyska\u0107 ekscytuj\u0105cy wgl\u0105d w aktualne trendy bran\u017cowe.  <\/p>\n<p style=\"font-weight: 400;\">Szczeg\u00f3lny nacisk po\u0142o\u017cono na takie tematy jak <strong>sztuczna inteligencja<\/strong>, <strong>elektromobilno\u015b\u0107<\/strong>, <strong>IoT<\/strong> i <strong>zr\u00f3wnowa\u017cone rozwi\u0105zania elektroniczne<\/strong>.<\/p>\n<p style=\"font-weight: 400;\">Electronica stanowi\u0142a platform\u0119 intensywnego dialogu mi\u0119dzy firmami, nauk\u0105 i polityk\u0105. Liczne fora i panele dyskusyjne zapewni\u0142y g\u0142\u0119bszy wgl\u0105d w wyzwania i mo\u017cliwo\u015bci stoj\u0105ce przed bran\u017c\u0105 oraz promowa\u0142y wa\u017cne partnerstwa. Nastr\u00f3j panuj\u0105cy na targach charakteryzowa\u0142 si\u0119 optymizmem i duchem innowacji. Dla wielu uczestnik\u00f3w Electronica 2024 by\u0142a idealnym miejscem do nawi\u0105zywania kontakt\u00f3w, zdobywania nowych rynk\u00f3w i pozycjonowania si\u0119 na przysz\u0142o\u015b\u0107 &#8211; w tym dla nas!   <\/p>\n<p style=\"font-weight: 400;\">Szczeg\u00f3ln\u0105 rzecz\u0105 w tych targach by\u0142o dla nas zdecydowanie wsp\u00f3lne stoisko z naszym japo\u0144skim partnerem Takachi Enclosures. Sp\u0119dzili\u015bmy razem wspania\u0142y tydzie\u0144 i byli\u015bmy w stanie bardzo dobrze wsp\u00f3\u0142pracowa\u0107 i wzmocni\u0107 nasze partnerstwo! <\/p>\n<p style=\"font-weight: 400;\">Chcieliby\u015bmy podzi\u0119kowa\u0107 wszystkim wystawcom, odwiedzaj\u0105cym i organizatorom i ju\u017c nie mo\u017cemy si\u0119 doczeka\u0107 kolejnej edycji Electronica!<\/p>\n<\/div>\n<p>[\/et_pb_text][\/et_pb_column][\/et_pb_row][et_pb_row column_structure=&#8221;1_3,1_3,1_3&#8243; _builder_version=&#8221;4.27.3&#8243; _module_preset=&#8221;default&#8221; global_colors_info=&#8221;{}&#8221;][et_pb_column type=&#8221;1_3&#8243; _builder_version=&#8221;4.27.3&#8243; _module_preset=&#8221;default&#8221; global_colors_info=&#8221;{}&#8221;][et_pb_image src=&#8221;https:\/\/19zoll.com\/wp-content\/uploads\/2024\/11\/electronica-2024-002.jpg&#8221; title_text=&#8221;electronica-2024-002&#8243; _builder_version=&#8221;4.27.3&#8243; _module_preset=&#8221;default&#8221; global_colors_info=&#8221;{}&#8221;][\/et_pb_image][\/et_pb_column][et_pb_column type=&#8221;1_3&#8243; _builder_version=&#8221;4.27.3&#8243; _module_preset=&#8221;default&#8221; global_colors_info=&#8221;{}&#8221;][et_pb_image src=&#8221;https:\/\/19zoll.com\/wp-content\/uploads\/2024\/11\/electronica-2024-001.jpg&#8221; title_text=&#8221;electronica-2024-001&#8243; _builder_version=&#8221;4.27.3&#8243; _module_preset=&#8221;default&#8221; global_colors_info=&#8221;{}&#8221;][\/et_pb_image][\/et_pb_column][et_pb_column type=&#8221;1_3&#8243; _builder_version=&#8221;4.27.3&#8243; _module_preset=&#8221;default&#8221; global_colors_info=&#8221;{}&#8221;][et_pb_image src=&#8221;https:\/\/19zoll.com\/wp-content\/uploads\/2024\/11\/electronica-2024-003.jpg&#8221; title_text=&#8221;electronica-2024-003&#8243; _builder_version=&#8221;4.27.3&#8243; _module_preset=&#8221;default&#8221; global_colors_info=&#8221;{}&#8221;][\/et_pb_image][\/et_pb_column][\/et_pb_row][\/et_pb_section]<\/p>\n","protected":false},"excerpt":{"rendered":"<p>B\u0119dziemy tam ponownie w 2026 roku! W przysz\u0142ym roku po raz kolejny b\u0119dziemy wystawia\u0107 si\u0119 na targach embedded world 2026 w Norymberdze. To zawsze przyjemno\u015b\u0107 by\u0107 cz\u0119\u015bci\u0105 tych inspiruj\u0105cych targ\u00f3w, prowadzi\u0107 ekscytuj\u0105ce dyskusje i do\u015bwiadcza\u0107 innowacyjnych technologii. Przygotowania id\u0105 ju\u017c pe\u0142n\u0105 par\u0105 &#8211; ju\u017c nie mo\u017cemy si\u0119 doczeka\u0107 Twojej wizyty! Dodatek do Embedded World 2025 [&hellip;]<\/p>\n","protected":false},"author":1,"featured_media":0,"parent":0,"menu_order":0,"comment_status":"closed","ping_status":"closed","template":"","meta":{"_et_pb_use_builder":"on","_et_pb_old_content":"","_et_gb_content_width":"","inline_featured_image":false,"footnotes":""},"class_list":["post-55233","page","type-page","status-publish","hentry"],"yoast_head":"<!-- This site is optimized with the Yoast SEO plugin v27.3 - https:\/\/yoast.com\/product\/yoast-seo-wordpress\/ -->\n<title>Wiadomo\u015bci od Daub CNC Technik GmbH und Co KG<\/title>\n<meta name=\"description\" content=\"Aktualno\u015bci, Takachi, Targi, Embedded World, Obudowy aluminiowe, Obudowy plastikowe, Anodowanie, Obr\u00f3bka i etykietowanie obud\u00f3w\" \/>\n<meta name=\"robots\" content=\"index, follow, max-snippet:-1, max-image-preview:large, max-video-preview:-1\" \/>\n<link rel=\"canonical\" href=\"https:\/\/19zoll.com\/pl\/aktualnosci\/\" \/>\n<meta property=\"og:locale\" content=\"pl_PL\" \/>\n<meta property=\"og:type\" content=\"article\" \/>\n<meta property=\"og:title\" content=\"Wiadomo\u015bci od Daub CNC Technik GmbH und Co KG\" \/>\n<meta property=\"og:description\" content=\"Aktualno\u015bci, Takachi, Targi, Embedded World, Obudowy aluminiowe, Obudowy plastikowe, Anodowanie, Obr\u00f3bka i etykietowanie obud\u00f3w\" \/>\n<meta property=\"og:url\" content=\"https:\/\/19zoll.com\/pl\/aktualnosci\/\" \/>\n<meta property=\"og:site_name\" content=\"Daub CNC\" \/>\n<meta property=\"article:modified_time\" content=\"2025-11-19T08:56:05+00:00\" \/>\n<meta name=\"twitter:card\" content=\"summary_large_image\" \/>\n<meta name=\"twitter:title\" content=\"Wiadomo\u015bci od Daub CNC Technik GmbH und Co KG\" \/>\n<meta name=\"twitter:description\" content=\"Aktualno\u015bci, Takachi, Targi, Embedded World, Obudowy aluminiowe, Obudowy plastikowe, Anodowanie, Obr\u00f3bka i etykietowanie obud\u00f3w\" \/>\n<meta name=\"twitter:label1\" content=\"Szacowany czas czytania\" \/>\n\t<meta name=\"twitter:data1\" content=\"5 minut\" \/>\n<script type=\"application\/ld+json\" class=\"yoast-schema-graph\">{\"@context\":\"https:\\\/\\\/schema.org\",\"@graph\":[{\"@type\":\"WebPage\",\"@id\":\"https:\\\/\\\/19zoll.com\\\/pl\\\/aktualnosci\\\/\",\"url\":\"https:\\\/\\\/19zoll.com\\\/pl\\\/aktualnosci\\\/\",\"name\":\"Wiadomo\u015bci od Daub CNC Technik GmbH und Co KG\",\"isPartOf\":{\"@id\":\"https:\\\/\\\/19zoll.com\\\/#website\"},\"datePublished\":\"2021-12-03T16:58:32+00:00\",\"dateModified\":\"2025-11-19T08:56:05+00:00\",\"description\":\"Aktualno\u015bci, Takachi, Targi, Embedded World, Obudowy aluminiowe, Obudowy plastikowe, Anodowanie, Obr\u00f3bka i etykietowanie obud\u00f3w\",\"breadcrumb\":{\"@id\":\"https:\\\/\\\/19zoll.com\\\/pl\\\/aktualnosci\\\/#breadcrumb\"},\"inLanguage\":\"pl-PL\",\"potentialAction\":[{\"@type\":\"ReadAction\",\"target\":[\"https:\\\/\\\/19zoll.com\\\/pl\\\/aktualnosci\\\/\"]}]},{\"@type\":\"BreadcrumbList\",\"@id\":\"https:\\\/\\\/19zoll.com\\\/pl\\\/aktualnosci\\\/#breadcrumb\",\"itemListElement\":[{\"@type\":\"ListItem\",\"position\":1,\"name\":\"Startseite\",\"item\":\"https:\\\/\\\/19zoll.com\\\/pl\\\/strona-glowna\\\/\"},{\"@type\":\"ListItem\",\"position\":2,\"name\":\"Aktualno\u015bci\"}]},{\"@type\":\"WebSite\",\"@id\":\"https:\\\/\\\/19zoll.com\\\/#website\",\"url\":\"https:\\\/\\\/19zoll.com\\\/\",\"name\":\"Daub CNC\",\"description\":\"Ein Webprojekt von IhrMediengestalter\",\"potentialAction\":[{\"@type\":\"SearchAction\",\"target\":{\"@type\":\"EntryPoint\",\"urlTemplate\":\"https:\\\/\\\/19zoll.com\\\/?s={search_term_string}\"},\"query-input\":{\"@type\":\"PropertyValueSpecification\",\"valueRequired\":true,\"valueName\":\"search_term_string\"}}],\"inLanguage\":\"pl-PL\"}]}<\/script>\n<!-- \/ Yoast SEO plugin. -->","yoast_head_json":{"title":"Wiadomo\u015bci od Daub CNC Technik GmbH und Co KG","description":"Aktualno\u015bci, Takachi, Targi, Embedded World, Obudowy aluminiowe, Obudowy plastikowe, Anodowanie, Obr\u00f3bka i etykietowanie obud\u00f3w","robots":{"index":"index","follow":"follow","max-snippet":"max-snippet:-1","max-image-preview":"max-image-preview:large","max-video-preview":"max-video-preview:-1"},"canonical":"https:\/\/19zoll.com\/pl\/aktualnosci\/","og_locale":"pl_PL","og_type":"article","og_title":"Wiadomo\u015bci od Daub CNC Technik GmbH und Co KG","og_description":"Aktualno\u015bci, Takachi, Targi, Embedded World, Obudowy aluminiowe, Obudowy plastikowe, Anodowanie, Obr\u00f3bka i etykietowanie obud\u00f3w","og_url":"https:\/\/19zoll.com\/pl\/aktualnosci\/","og_site_name":"Daub CNC","article_modified_time":"2025-11-19T08:56:05+00:00","twitter_card":"summary_large_image","twitter_title":"Wiadomo\u015bci od Daub CNC Technik GmbH und Co KG","twitter_description":"Aktualno\u015bci, Takachi, Targi, Embedded World, Obudowy aluminiowe, Obudowy plastikowe, Anodowanie, Obr\u00f3bka i etykietowanie obud\u00f3w","twitter_misc":{"Szacowany czas czytania":"5 minut"},"schema":{"@context":"https:\/\/schema.org","@graph":[{"@type":"WebPage","@id":"https:\/\/19zoll.com\/pl\/aktualnosci\/","url":"https:\/\/19zoll.com\/pl\/aktualnosci\/","name":"Wiadomo\u015bci od Daub CNC Technik GmbH und Co KG","isPartOf":{"@id":"https:\/\/19zoll.com\/#website"},"datePublished":"2021-12-03T16:58:32+00:00","dateModified":"2025-11-19T08:56:05+00:00","description":"Aktualno\u015bci, Takachi, Targi, Embedded World, Obudowy aluminiowe, Obudowy plastikowe, Anodowanie, Obr\u00f3bka i etykietowanie obud\u00f3w","breadcrumb":{"@id":"https:\/\/19zoll.com\/pl\/aktualnosci\/#breadcrumb"},"inLanguage":"pl-PL","potentialAction":[{"@type":"ReadAction","target":["https:\/\/19zoll.com\/pl\/aktualnosci\/"]}]},{"@type":"BreadcrumbList","@id":"https:\/\/19zoll.com\/pl\/aktualnosci\/#breadcrumb","itemListElement":[{"@type":"ListItem","position":1,"name":"Startseite","item":"https:\/\/19zoll.com\/pl\/strona-glowna\/"},{"@type":"ListItem","position":2,"name":"Aktualno\u015bci"}]},{"@type":"WebSite","@id":"https:\/\/19zoll.com\/#website","url":"https:\/\/19zoll.com\/","name":"Daub CNC","description":"Ein Webprojekt von IhrMediengestalter","potentialAction":[{"@type":"SearchAction","target":{"@type":"EntryPoint","urlTemplate":"https:\/\/19zoll.com\/?s={search_term_string}"},"query-input":{"@type":"PropertyValueSpecification","valueRequired":true,"valueName":"search_term_string"}}],"inLanguage":"pl-PL"}]}},"_links":{"self":[{"href":"https:\/\/19zoll.com\/pl\/wp-json\/wp\/v2\/pages\/55233","targetHints":{"allow":["GET"]}}],"collection":[{"href":"https:\/\/19zoll.com\/pl\/wp-json\/wp\/v2\/pages"}],"about":[{"href":"https:\/\/19zoll.com\/pl\/wp-json\/wp\/v2\/types\/page"}],"author":[{"embeddable":true,"href":"https:\/\/19zoll.com\/pl\/wp-json\/wp\/v2\/users\/1"}],"replies":[{"embeddable":true,"href":"https:\/\/19zoll.com\/pl\/wp-json\/wp\/v2\/comments?post=55233"}],"version-history":[{"count":8,"href":"https:\/\/19zoll.com\/pl\/wp-json\/wp\/v2\/pages\/55233\/revisions"}],"predecessor-version":[{"id":61043,"href":"https:\/\/19zoll.com\/pl\/wp-json\/wp\/v2\/pages\/55233\/revisions\/61043"}],"wp:attachment":[{"href":"https:\/\/19zoll.com\/pl\/wp-json\/wp\/v2\/media?parent=55233"}],"curies":[{"name":"wp","href":"https:\/\/api.w.org\/{rel}","templated":true}]}}