{"id":55230,"date":"2023-04-12T13:39:48","date_gmt":"2023-04-12T11:39:48","guid":{"rendered":"https:\/\/19zoll.com\/produkcja-kontraktowa\/"},"modified":"2025-03-25T14:33:55","modified_gmt":"2025-03-25T13:33:55","slug":"produkcja-kontraktowa","status":"publish","type":"page","link":"https:\/\/19zoll.com\/pl\/produkcja-kontraktowa\/","title":{"rendered":"Produkcja kontraktowa"},"content":{"rendered":"<p>[et_pb_section fb_built=&#8221;1&#8243; _builder_version=&#8221;4.16.0&#8243; _module_preset=&#8221;default&#8221; background_color=&#8221;#F3F3F3&#8243; border_width_bottom=&#8221;3px&#8221; border_color_bottom=&#8221;#FFFFFF&#8221; locked=&#8221;off&#8221; global_colors_info=&#8221;{}&#8221;][et_pb_row use_custom_gutter=&#8221;on&#8221; make_equal=&#8221;on&#8221; _builder_version=&#8221;4.16&#8243; _module_preset=&#8221;default&#8221; custom_css_main_element=&#8221;align-items: center;&#8221; global_colors_info=&#8221;{}&#8221;][et_pb_column type=&#8221;4_4&#8243; _builder_version=&#8221;4.16&#8243; _module_preset=&#8221;default&#8221; global_colors_info=&#8221;{}&#8221;][et_pb_text _builder_version=&#8221;4.20.4&#8243; _module_preset=&#8221;default&#8221; text_text_color=&#8221;#3B3B3B&#8221; text_font_size=&#8221;15px&#8221; text_line_height=&#8221;1.8em&#8221; header_font=&#8221;|700|||||||&#8221; header_text_color=&#8221;#3B3B3B&#8221; header_line_height=&#8221;1.3em&#8221; global_colors_info=&#8221;{}&#8221;]<\/p>\n<h1><span>Produkcja kontraktowa<\/span><\/h1>\n<p class=\"p1\"><span class=\"s1\">Oferujemy nasze maszyny jako rozszerzony st\u00f3\u0142 warsztatowy. Daub CNC Technik produkuje elementy z aluminium i tworzyw sztucznych szybko i \u0142atwo.  Specjalizujemy si\u0119 w produkcji pojedynczych cz\u0119\u015bci, a\u017c po du\u017ce serie z wyt\u0142aczanych profili o maksymalnej d\u0142ugo\u015bci 6000 mm i paneli z blachy o wymiarach do 2000 x 3000 mm. <\/span><\/p>\n<p class=\"p2\"><span class=\"s1\"><\/span><\/p>\n<p class=\"p1\"><span class=\"s1\">Frezowanie HSC (szybkie ci\u0119cie) na naszych 3-osiowych frezarkach portalowych z mo\u017cliw\u0105 pr\u0119dko\u015bci\u0105 60 000 obr\/min pozwala nam osi\u0105gn\u0105\u0107 ekonomiczn\u0105 obr\u00f3bk\u0119 o najwy\u017cszej jako\u015bci. Nawet najmniejsze kontury lub grawerunki mog\u0105 by\u0107 wykonane przy u\u017cyciu tej formy obr\u00f3bki. Konsekwentnie wykorzystujemy najnowsze technologie z naszymi systemami CAD do przygotowywania danych i CAM do programowania. Technologia mocowania pr\u00f3\u017cniowego umo\u017cliwia nam wykonywanie skomplikowanych prac blacharskich, takich jak frezowane kieszenie, pog\u0142\u0119bienia, fazki, promienie i gwinty bez deformacji lub zmiany struktury materia\u0142u bazowego.   <\/span><\/p>\n<p class=\"p2\"><span class=\"s1\"><\/span><\/p>\n<p class=\"p1\"><span class=\"s1\">Nasz rozleg\u0142y magazyn aluminium pozwala nam szybko reagowa\u0107 i wytwarza\u0107 produkty.<\/span><\/p>\n<p class=\"p2\"><span class=\"s1\"><\/span><\/p>\n<p class=\"p1\"><span class=\"s1\">Mo\u017cesz r\u00f3wnie\u017c dostarczy\u0107 nam sw\u00f3j materia\u0142 z indywidualnymi specyfikacjami do przetworzenia.<\/span><\/p>\n<p class=\"p2\"><span class=\"s1\"><\/span><\/p>\n<p class=\"p1\"><span class=\"s1\">Jeste\u015bmy Twoim partnerem w zakresie produkcji kontraktowej frezowanych cz\u0119\u015bci blaszanych &#8211; od prototyp\u00f3w po produkcj\u0119 seryjn\u0105.<\/span><\/p>\n<p class=\"p2\"><span class=\"s1\"><\/span><\/p>\n<p class=\"p1\"><span class=\"s1\">Wymagamy danych 2D DXF lub danych krokowych 3D do produkcji.<\/span><\/p>\n<p>&nbsp;<\/p>\n<p>[\/et_pb_text][\/et_pb_column][\/et_pb_row][\/et_pb_section][et_pb_section fb_built=&#8221;1&#8243; _builder_version=&#8221;4.16.0&#8243; _module_preset=&#8221;default&#8221; background_color=&#8221;#F3F3F3&#8243; border_width_bottom=&#8221;3px&#8221; border_color_bottom=&#8221;#FFFFFF&#8221; locked=&#8221;off&#8221; global_colors_info=&#8221;{}&#8221;][et_pb_row use_custom_gutter=&#8221;on&#8221; make_equal=&#8221;on&#8221; _builder_version=&#8221;4.16&#8243; _module_preset=&#8221;default&#8221; custom_css_main_element=&#8221;align-items: center;&#8221; global_colors_info=&#8221;{}&#8221;][et_pb_column type=&#8221;4_4&#8243; _builder_version=&#8221;4.16&#8243; _module_preset=&#8221;default&#8221; global_colors_info=&#8221;{}&#8221;][et_pb_text _builder_version=&#8221;4.20.4&#8243; _module_preset=&#8221;default&#8221; text_text_color=&#8221;#3B3B3B&#8221; text_font_size=&#8221;15px&#8221; text_line_height=&#8221;1.8em&#8221; header_font=&#8221;|700|||||||&#8221; header_text_color=&#8221;#3B3B3B&#8221; header_line_height=&#8221;1.3em&#8221; global_colors_info=&#8221;{}&#8221;]<\/p>\n<h1><span>Opcje produkcji<\/span><\/h1>\n<p class=\"p1\"><span class=\"s1\"><b>Sitodruk<\/b><\/span><\/p>\n<p class=\"p1\"><span class=\"s1\">Sitodruk wykonujemy wed\u0142ug specyfikacji klienta w kolorach RAL, Pantone lub HKS.<\/span><\/p>\n<p class=\"p2\"><span class=\"s1\"><\/span><\/p>\n<p class=\"p1\"><span class=\"s1\">Nasza nowoczesna sitodrukarka firmy ESC w po\u0142\u0105czeniu z wysokiej jako\u015bci farbami drukarskimi gwarantuje optymaln\u0105 jako\u015b\u0107 druku na maksymalnej powierzchni 700x600mm <\/span><\/p>\n<p class=\"p2\"><span class=\"s1\"><\/span><\/p>\n<p class=\"p1\"><span class=\"s1\">Zalety sitodruku<\/span><\/p>\n<p class=\"p1\"><span class=\"s1\"><span class=\"Apple-tab-span\"> <\/span>&#8211; Wysoka nieprzezroczysto\u015b\u0107<\/span><\/p>\n<p class=\"p1\"><span class=\"s1\"><span class=\"Apple-tab-span\"> <\/span>&#8211; Trwa\u0142e i wyj\u0105tkowo wytrzyma\u0142e wydruki<\/span><\/p>\n<p class=\"p1\"><span class=\"s1\"><span class=\"Apple-tab-span\"> <\/span>&#8211; Predestynowany do wysokich nak\u0142ad\u00f3w <\/span><\/p>\n<p class=\"p1\"><span class=\"s1\"><span class=\"Apple-tab-span\"> <\/span>&#8211; Wysoki blask kolor\u00f3w<\/span><\/p>\n<p class=\"p1\"><span class=\"s1\"><span class=\"Apple-tab-span\"> <\/span>&#8211; Nadaje si\u0119 do jasnych kolor\u00f3w na ciemnym tle <\/span><\/p>\n<p class=\"p2\"><span class=\"s1\"><\/span><\/p>\n<p class=\"p1\"><span class=\"s1\">Sitodruk to proces drukowania, w kt\u00f3rym farba drukarska jest drukowana przez sito tekstylne o drobnych oczkach na materia\u0142, kt\u00f3ry ma by\u0107 zadrukowany za pomoc\u0105 gumowej rakli. Otwory siatki tkaniny s\u0105 uszczelnione kolorystycznie za pomoc\u0105 szablonu w obszarach tkaniny, w kt\u00f3rych nie ma by\u0107 drukowany \u017caden kolor. <\/span><\/p>\n<p class=\"p2\"><span class=\"s1\"><\/span><\/p>\n<p class=\"p1\"><span class=\"s1\"><b>Druk cyfrowy<\/b><\/span><\/p>\n<p class=\"p1\"><span class=\"s1\">W przeciwie\u0144stwie do sitodruku, druk cyfrowy nie wymaga sta\u0142ej formy drukowej. Druk cyfrowy, znany r\u00f3wnie\u017c jako NIP (druk bezudarowy) lub DDP (bezpo\u015bredni druk cyfrowy), jest niedrogim i oszcz\u0119dzaj\u0105cym czas procesem drukowania. Ma\u0142e nak\u0142ady mog\u0105 by\u0107 realizowane za pomoc\u0105 szablon\u00f3w druku bezpo\u015brednio z komputera, bez \u017cadnych dalszych etap\u00f3w po\u015brednich.    <\/span><\/p>\n<p class=\"p2\"><span class=\"s1\"><\/span><\/p>\n<p class=\"p1\"><span class=\"s1\"><b>Etykietowanie laserowe<\/b><\/span><\/p>\n<p class=\"p1\"><span class=\"s1\">Nieograniczone mo\u017cliwo\u015bci projektowania dzi\u0119ki etykietowaniu laserowemu. Wyj\u0105tkowo szybki, elastyczny i odporny na \u015bcieranie proces do indywidualnego projektowania powierzchni aluminium bez dodatkowych koszt\u00f3w narz\u0119dzi, dodatk\u00f3w i rozpuszczalnik\u00f3w. <\/span><\/p>\n<p class=\"p2\"><span class=\"s1\"><\/span><\/p>\n<p class=\"p1\"><span class=\"s1\"><b>Technologia Press-fit z wciskanymi z\u0142\u0105czami<\/b><\/span><\/p>\n<p class=\"p1\"><span class=\"s1\">\u0141\u0105czniki wciskane s\u0105 wciskane w otwory w obrabianym przedmiocie. Materia\u0142 przep\u0142ywa przez formowanie na zimno do podci\u0119cia w obszarze trzpienia \u0142\u0105cznika. Uz\u0119bienie lub specjalny kszta\u0142t \u0142ba zapobiegaj\u0105 skr\u0119caniu si\u0119 \u0142\u0105cznika.    <\/span><\/p>\n<p class=\"p2\"><span class=\"s1\"><\/span><\/p>\n<p class=\"p1\"><span class=\"s1\">Zapewniaj\u0105 one mocne punkty mocowania oraz wysokie si\u0142y wypychania i skr\u0119cania bez uszkadzania materia\u0142u lub powodowania wybrzusze\u0144 w obszarze kraw\u0119dzi. Elementy mocuj\u0105ce s\u0105 zlicowane z tyln\u0105 powierzchni\u0105 materia\u0142\u00f3w.   <\/span><\/p>\n<p class=\"p1\"><span class=\"s1\">Po\u0142\u0105czenia wciskane s\u0105 niezawodne, trwa\u0142e i ekonomiczne.<\/span><\/p>\n<p class=\"p2\"><span class=\"s1\"><\/span><\/p>\n<p class=\"p1\"><span class=\"s1\"><b>Pasywacja aluminium<\/b><\/span><\/p>\n<p class=\"p1\"><span class=\"s1\">Oferujemy naszym klientom pasywacj\u0119 paneli i profili aluminiowych. Wytworzona warstwa chromianowa zapewnia optymaln\u0105 ochron\u0119 przed korozj\u0105 i stanowi dobr\u0105 baz\u0119 adhezyjn\u0105 dla dalszych pow\u0142ok.   <\/span><\/p>\n<p class=\"p2\"><span class=\"s1\"><\/span><\/p>\n<p class=\"p1\"><span class=\"s1\">Pow\u0142oka ta zapewnia optymaln\u0105 ochron\u0119 przed korozj\u0105, a tak\u017ce s\u0142u\u017cy jako baza adhezyjna dla klej\u00f3w, farb i pow\u0142ok proszkowych podczas dalszego przetwarzania. Charakteryzuje si\u0119 r\u00f3wnie\u017c nisk\u0105 oporno\u015bci\u0105 elektryczn\u0105 powierzchni, co umo\u017cliwia uzyskanie niskiej rezystancji styku. W celu uzyskania jednolitej powierzchni, p\u0142yty aluminiowe s\u0105 wcze\u015bniej odt\u0142uszczane i wytrawiane.  <\/span><\/p>\n<p class=\"p2\"><span class=\"s1\"><\/span><\/p>\n<p class=\"p1\"><span class=\"s1\"><b>Piaskowanie \/ piaskowanie szklanymi kulkami<\/b><\/span><\/p>\n<p class=\"p1\"><span class=\"s1\">Zasada dzia\u0142ania piaskowania szklanymi kulkami jest podobna do piaskowania. Ze wzgl\u0119du na okr\u0105g\u0142y kszta\u0142t \u015bcierniwa, powierzchnia jest mniej chropowata i ma jedwabisty, b\u0142yszcz\u0105cy i jednorodny wygl\u0105d. Paski rysunkowe na wyt\u0142aczanych profilach s\u0105 ca\u0142kowicie ukryte.    <\/span><\/p>\n<p class=\"p2\"><span class=\"s1\"><\/span><\/p>\n<p class=\"p1\"><span class=\"s1\">Rzeczywisty efekt piaskowania szklanymi kulkami powstaje w wyniku &#8222;uderzenia&#8221; kulek w powierzchni\u0119. Ze wzgl\u0119du na kulisty kszta\u0142t, \u015bcieranie powierzchni jest bardzo niewielkie lub nie wyst\u0119puje wcale. Jednocze\u015bnie powierzchnia zag\u0119szcza si\u0119 i utwardza, zapewniaj\u0105c optymaln\u0105 obr\u00f3bk\u0119 wst\u0119pn\u0105 do anodowania.  <\/span><\/p>\n<p>[\/et_pb_text][\/et_pb_column][\/et_pb_row][\/et_pb_section][et_pb_section fb_built=&#8221;1&#8243; _builder_version=&#8221;4.16.0&#8243; _module_preset=&#8221;default&#8221; background_color=&#8221;#F3F3F3&#8243; border_width_bottom=&#8221;3px&#8221; border_color_bottom=&#8221;#FFFFFF&#8221; locked=&#8221;off&#8221; global_colors_info=&#8221;{}&#8221;][et_pb_row use_custom_gutter=&#8221;on&#8221; make_equal=&#8221;on&#8221; _builder_version=&#8221;4.16&#8243; _module_preset=&#8221;default&#8221; custom_css_main_element=&#8221;align-items: center;&#8221; global_colors_info=&#8221;{}&#8221;][et_pb_column type=&#8221;4_4&#8243; _builder_version=&#8221;4.16&#8243; _module_preset=&#8221;default&#8221; global_colors_info=&#8221;{}&#8221;][et_pb_gallery gallery_ids=&#8221;53193,53195,53197,53207,53211,53201,53203,53213,53205,53209,53219,53217&#8243; posts_number=&#8221;12&#8243; show_title_and_caption=&#8221;off&#8221; show_pagination=&#8221;off&#8221; _builder_version=&#8221;4.20.4&#8243; _module_preset=&#8221;default&#8221; global_colors_info=&#8221;{}&#8221;][\/et_pb_gallery][\/et_pb_column][\/et_pb_row][\/et_pb_section]<\/p>\n","protected":false},"excerpt":{"rendered":"<p>Produkcja kontraktowa Oferujemy nasze maszyny jako rozszerzony st\u00f3\u0142 warsztatowy. Daub CNC Technik produkuje elementy z aluminium i tworzyw sztucznych szybko i \u0142atwo. Specjalizujemy si\u0119 w produkcji pojedynczych cz\u0119\u015bci, a\u017c po du\u017ce serie z wyt\u0142aczanych profili o maksymalnej d\u0142ugo\u015bci 6000 mm i paneli z blachy o wymiarach do 2000 x 3000 mm. Frezowanie HSC (szybkie ci\u0119cie) [&hellip;]<\/p>\n","protected":false},"author":1,"featured_media":0,"parent":0,"menu_order":0,"comment_status":"closed","ping_status":"closed","template":"","meta":{"_et_pb_use_builder":"on","_et_pb_old_content":"","_et_gb_content_width":"","inline_featured_image":false,"footnotes":""},"class_list":["post-55230","page","type-page","status-publish","hentry"],"yoast_head":"<!-- This site is optimized with the Yoast SEO plugin v27.3 - https:\/\/yoast.com\/product\/yoast-seo-wordpress\/ -->\n<title>Produkcja kontraktowa w technologii Daub CNC<\/title>\n<meta name=\"description\" content=\"Frezowanie, powlekanie powierzchni, sitodruk, druk cyfrowy, obr\u00f3bka skrawaniem, znakowanie laserowe, piaskowanie, pasywacja, anodowanie, monta\u017c na wcisk\" \/>\n<meta name=\"robots\" content=\"index, follow, max-snippet:-1, max-image-preview:large, max-video-preview:-1\" \/>\n<link rel=\"canonical\" href=\"https:\/\/19zoll.com\/pl\/produkcja-kontraktowa\/\" \/>\n<meta property=\"og:locale\" content=\"pl_PL\" \/>\n<meta property=\"og:type\" content=\"article\" \/>\n<meta property=\"og:title\" content=\"Produkcja kontraktowa w technologii Daub CNC\" \/>\n<meta property=\"og:description\" content=\"Frezowanie, powlekanie powierzchni, sitodruk, druk cyfrowy, obr\u00f3bka skrawaniem, znakowanie laserowe, piaskowanie, pasywacja, anodowanie, monta\u017c na wcisk\" \/>\n<meta property=\"og:url\" content=\"https:\/\/19zoll.com\/pl\/produkcja-kontraktowa\/\" \/>\n<meta property=\"og:site_name\" content=\"Daub CNC\" \/>\n<meta property=\"article:modified_time\" content=\"2025-03-25T13:33:55+00:00\" \/>\n<meta property=\"og:image\" content=\"https:\/\/19zoll.com\/wp-content\/uploads\/2023\/04\/lohnfertigung-003.jpg\" \/>\n<meta name=\"twitter:card\" content=\"summary_large_image\" \/>\n<meta name=\"twitter:title\" content=\"Produkcja kontraktowa w technologii Daub CNC\" \/>\n<meta name=\"twitter:description\" content=\"Frezowanie, powlekanie powierzchni, sitodruk, druk cyfrowy, obr\u00f3bka skrawaniem, znakowanie laserowe, piaskowanie, pasywacja, anodowanie, monta\u017c na wcisk\" \/>\n<meta name=\"twitter:image\" content=\"https:\/\/19zoll.com\/wp-content\/uploads\/2023\/04\/lohnfertigung-003.jpg\" \/>\n<meta name=\"twitter:label1\" content=\"Szacowany czas czytania\" \/>\n\t<meta name=\"twitter:data1\" content=\"5 minut\" \/>\n<script type=\"application\/ld+json\" class=\"yoast-schema-graph\">{\"@context\":\"https:\\\/\\\/schema.org\",\"@graph\":[{\"@type\":\"WebPage\",\"@id\":\"https:\\\/\\\/19zoll.com\\\/pl\\\/produkcja-kontraktowa\\\/\",\"url\":\"https:\\\/\\\/19zoll.com\\\/pl\\\/produkcja-kontraktowa\\\/\",\"name\":\"Produkcja kontraktowa w technologii Daub CNC\",\"isPartOf\":{\"@id\":\"https:\\\/\\\/19zoll.com\\\/#website\"},\"datePublished\":\"2023-04-12T11:39:48+00:00\",\"dateModified\":\"2025-03-25T13:33:55+00:00\",\"description\":\"Frezowanie, powlekanie powierzchni, sitodruk, druk cyfrowy, obr\u00f3bka skrawaniem, znakowanie laserowe, piaskowanie, pasywacja, anodowanie, monta\u017c na wcisk\",\"breadcrumb\":{\"@id\":\"https:\\\/\\\/19zoll.com\\\/pl\\\/produkcja-kontraktowa\\\/#breadcrumb\"},\"inLanguage\":\"pl-PL\",\"potentialAction\":[{\"@type\":\"ReadAction\",\"target\":[\"https:\\\/\\\/19zoll.com\\\/pl\\\/produkcja-kontraktowa\\\/\"]}]},{\"@type\":\"BreadcrumbList\",\"@id\":\"https:\\\/\\\/19zoll.com\\\/pl\\\/produkcja-kontraktowa\\\/#breadcrumb\",\"itemListElement\":[{\"@type\":\"ListItem\",\"position\":1,\"name\":\"Startseite\",\"item\":\"https:\\\/\\\/19zoll.com\\\/pl\\\/strona-glowna\\\/\"},{\"@type\":\"ListItem\",\"position\":2,\"name\":\"Produkcja kontraktowa\"}]},{\"@type\":\"WebSite\",\"@id\":\"https:\\\/\\\/19zoll.com\\\/#website\",\"url\":\"https:\\\/\\\/19zoll.com\\\/\",\"name\":\"Daub CNC\",\"description\":\"Ein Webprojekt von IhrMediengestalter\",\"potentialAction\":[{\"@type\":\"SearchAction\",\"target\":{\"@type\":\"EntryPoint\",\"urlTemplate\":\"https:\\\/\\\/19zoll.com\\\/?s={search_term_string}\"},\"query-input\":{\"@type\":\"PropertyValueSpecification\",\"valueRequired\":true,\"valueName\":\"search_term_string\"}}],\"inLanguage\":\"pl-PL\"}]}<\/script>\n<!-- \/ Yoast SEO plugin. -->","yoast_head_json":{"title":"Produkcja kontraktowa w technologii Daub CNC","description":"Frezowanie, powlekanie powierzchni, sitodruk, druk cyfrowy, obr\u00f3bka skrawaniem, znakowanie laserowe, piaskowanie, pasywacja, anodowanie, monta\u017c na wcisk","robots":{"index":"index","follow":"follow","max-snippet":"max-snippet:-1","max-image-preview":"max-image-preview:large","max-video-preview":"max-video-preview:-1"},"canonical":"https:\/\/19zoll.com\/pl\/produkcja-kontraktowa\/","og_locale":"pl_PL","og_type":"article","og_title":"Produkcja kontraktowa w technologii Daub CNC","og_description":"Frezowanie, powlekanie powierzchni, sitodruk, druk cyfrowy, obr\u00f3bka skrawaniem, znakowanie laserowe, piaskowanie, pasywacja, anodowanie, monta\u017c na wcisk","og_url":"https:\/\/19zoll.com\/pl\/produkcja-kontraktowa\/","og_site_name":"Daub CNC","article_modified_time":"2025-03-25T13:33:55+00:00","og_image":[{"url":"https:\/\/19zoll.com\/wp-content\/uploads\/2023\/04\/lohnfertigung-003.jpg","type":"","width":"","height":""}],"twitter_card":"summary_large_image","twitter_title":"Produkcja kontraktowa w technologii Daub CNC","twitter_description":"Frezowanie, powlekanie powierzchni, sitodruk, druk cyfrowy, obr\u00f3bka skrawaniem, znakowanie laserowe, piaskowanie, pasywacja, anodowanie, monta\u017c na wcisk","twitter_image":"https:\/\/19zoll.com\/wp-content\/uploads\/2023\/04\/lohnfertigung-003.jpg","twitter_misc":{"Szacowany czas czytania":"5 minut"},"schema":{"@context":"https:\/\/schema.org","@graph":[{"@type":"WebPage","@id":"https:\/\/19zoll.com\/pl\/produkcja-kontraktowa\/","url":"https:\/\/19zoll.com\/pl\/produkcja-kontraktowa\/","name":"Produkcja kontraktowa w technologii Daub CNC","isPartOf":{"@id":"https:\/\/19zoll.com\/#website"},"datePublished":"2023-04-12T11:39:48+00:00","dateModified":"2025-03-25T13:33:55+00:00","description":"Frezowanie, powlekanie powierzchni, sitodruk, druk cyfrowy, obr\u00f3bka skrawaniem, znakowanie laserowe, piaskowanie, pasywacja, anodowanie, monta\u017c na wcisk","breadcrumb":{"@id":"https:\/\/19zoll.com\/pl\/produkcja-kontraktowa\/#breadcrumb"},"inLanguage":"pl-PL","potentialAction":[{"@type":"ReadAction","target":["https:\/\/19zoll.com\/pl\/produkcja-kontraktowa\/"]}]},{"@type":"BreadcrumbList","@id":"https:\/\/19zoll.com\/pl\/produkcja-kontraktowa\/#breadcrumb","itemListElement":[{"@type":"ListItem","position":1,"name":"Startseite","item":"https:\/\/19zoll.com\/pl\/strona-glowna\/"},{"@type":"ListItem","position":2,"name":"Produkcja kontraktowa"}]},{"@type":"WebSite","@id":"https:\/\/19zoll.com\/#website","url":"https:\/\/19zoll.com\/","name":"Daub CNC","description":"Ein Webprojekt von IhrMediengestalter","potentialAction":[{"@type":"SearchAction","target":{"@type":"EntryPoint","urlTemplate":"https:\/\/19zoll.com\/?s={search_term_string}"},"query-input":{"@type":"PropertyValueSpecification","valueRequired":true,"valueName":"search_term_string"}}],"inLanguage":"pl-PL"}]}},"_links":{"self":[{"href":"https:\/\/19zoll.com\/pl\/wp-json\/wp\/v2\/pages\/55230","targetHints":{"allow":["GET"]}}],"collection":[{"href":"https:\/\/19zoll.com\/pl\/wp-json\/wp\/v2\/pages"}],"about":[{"href":"https:\/\/19zoll.com\/pl\/wp-json\/wp\/v2\/types\/page"}],"author":[{"embeddable":true,"href":"https:\/\/19zoll.com\/pl\/wp-json\/wp\/v2\/users\/1"}],"replies":[{"embeddable":true,"href":"https:\/\/19zoll.com\/pl\/wp-json\/wp\/v2\/comments?post=55230"}],"version-history":[{"count":3,"href":"https:\/\/19zoll.com\/pl\/wp-json\/wp\/v2\/pages\/55230\/revisions"}],"predecessor-version":[{"id":58592,"href":"https:\/\/19zoll.com\/pl\/wp-json\/wp\/v2\/pages\/55230\/revisions\/58592"}],"wp:attachment":[{"href":"https:\/\/19zoll.com\/pl\/wp-json\/wp\/v2\/media?parent=55230"}],"curies":[{"name":"wp","href":"https:\/\/api.w.org\/{rel}","templated":true}]}}