{"id":55224,"date":"2021-12-03T18:26:57","date_gmt":"2021-12-03T17:26:57","guid":{"rendered":"https:\/\/19zoll.com\/rozwiazania-chlodzace\/"},"modified":"2025-03-25T14:23:53","modified_gmt":"2025-03-25T13:23:53","slug":"rozwiazania-chlodzace","status":"publish","type":"page","link":"https:\/\/19zoll.com\/pl\/rozwiazania-chlodzace\/","title":{"rendered":"Rozwi\u0105zania ch\u0142odz\u0105ce"},"content":{"rendered":"<p><div class=\"et_d4_element et_pb_section et_pb_section_0 et_pb_with_background  et_pb_css_mix_blend_mode et_section_regular et_block_section\" >\n\t\t\t\t\n\t\t\t\t\n\t\t\t\t\n\t\t\t\t\n\t\t\t\t\n\t\t\t\t\n\t\t\t\t<div class=\"et_d4_element et_pb_row et_pb_row_0  et_pb_css_mix_blend_mode et_block_row\">\n\t\t\t\t<div class=\"et_d4_element et_pb_column_4_4 et_pb_column et_pb_column_0  et_pb_css_mix_blend_mode et-last-child et_block_column\">\n\t\t\t\t\n\t\t\t\t\n\t\t\t\t\n\t\t\t\t\n\t\t\t\t<div class=\"et_pb_module et_d4_element et_pb_text et_pb_text_0  et_pb_text_align_left et_pb_bg_layout_light\">\n\t\t\t\t\n\t\t\t\t\n\t\t\t\t\n\t\t\t\t\n\t\t\t\t<div class=\"et_pb_text_inner\"><div id=\"c76\" class=\"csc-default csc-space-before-30 csc-space-after-50\">\n<h1 class=\"csc-firstHeader\">Rozwi\u0105zania ch\u0142odz\u0105ce<\/h1>\n<p class=\"bodytext\"><span>Daub produkuje i sprzedaje wysoce efektywne rozwi\u0105zania ch\u0142odz\u0105ce do pasywnego ch\u0142odzenia podzespo\u0142\u00f3w elektronicznych. Zakres us\u0142ug firmy obejmuje kompletn\u0105 obr\u00f3bk\u0119 mechaniczn\u0105 radiator\u00f3w profilowych, produkcj\u0119 radiator\u00f3w cieczowych do modu\u0142\u00f3w zasilania oraz realizacj\u0119 specjalnych rozwi\u0105za\u0144 dostosowanych do specyficznych zastosowa\u0144 klienta. Rozwi\u0105zania ch\u0142odz\u0105ce Daub s\u0105 produkowane z najwy\u017csz\u0105 precyzj\u0105 i optymaln\u0105 jako\u015bci\u0105 - dla sta\u0142ej satysfakcji klienta i niezawodnej funkcjonalno\u015bci, niezale\u017cnie od wymaga\u0144.  <\/span><\/p>\n<\/div><\/div>\n\t\t\t<\/div>\n\t\t\t<\/div>\n\t\t\t\t\n\t\t\t\t\n\t\t\t\t\n\t\t\t\t\n\t\t\t<\/div>\n\t\t\t\t\n\t\t\t\t\n\t\t\t<\/div><div class=\"et_pb_with_border et_d4_element et_pb_section et_pb_section_1 et_pb_with_background  et_pb_css_mix_blend_mode et_section_regular et_block_section\" >\n\t\t\t\t\n\t\t\t\t\n\t\t\t\t\n\t\t\t\t\n\t\t\t\t\n\t\t\t\t\n\t\t\t\t<div class=\"et_pb_with_border et_d4_element et_pb_row et_pb_row_1 et_pb_equal_columns et_pb_gutters1  et_pb_css_mix_blend_mode et_block_row\">\n\t\t\t\t<div class=\"et_pb_with_border et_pb_column_1_3 et_d4_element et_pb_column et_pb_column_1 et_clickable  et_pb_css_mix_blend_mode et_block_column\">\n\t\t\t\t\n\t\t\t\t\n\t\t\t\t\n\t\t\t\t\n\t\t\t\t<div class=\"et_pb_module et_d4_element et_pb_image et_pb_image_0\">\n\t\t\t\t\n\t\t\t\t\n\t\t\t\t\n\t\t\t\t\n\t\t\t\t<span class=\"et_pb_image_wrap \"><img loading=\"lazy\" decoding=\"async\" width=\"900\" height=\"550\" src=\"https:\/\/19zoll.com\/wp-content\/uploads\/2021\/12\/stranpressprofil-serie-da.jpg\" alt=\"Ch\u0142odnica cieczy wykonana z wyt\u0142aczanego profilu serii DA - Daub CNC Technik\" title=\"Ch\u0142odnica cieczy wykonana z wyt\u0142aczanego profilu serii DA\" srcset=\"https:\/\/19zoll.com\/wp-content\/uploads\/2021\/12\/stranpressprofil-serie-da.jpg 900w, https:\/\/19zoll.com\/wp-content\/uploads\/2021\/12\/stranpressprofil-serie-da-480x293.jpg 480w\" sizes=\"(min-width: 0px) and (max-width: 480px) 480px, (min-width: 481px) 900px, 100vw\" class=\"wp-image-50401\" \/><\/span>\n\t\t\t<\/div><div class=\"et_pb_module et_d4_element et_pb_text et_pb_text_1  et_pb_text_align_left et_pb_bg_layout_light\">\n\t\t\t\t\n\t\t\t\t\n\t\t\t\t\n\t\t\t\t\n\t\t\t\t<div class=\"et_pb_text_inner\"><h2>Ch\u0142odnica cieczy wykonana z wyt\u0142aczanego profilu serii DA<\/h2><\/div>\n\t\t\t<\/div>\n\t\t\t<\/div><div class=\"et_pb_with_border et_pb_column_1_3 et_d4_element et_pb_column et_pb_column_2 et_clickable  et_pb_css_mix_blend_mode et_block_column\">\n\t\t\t\t\n\t\t\t\t\n\t\t\t\t\n\t\t\t\t\n\t\t\t\t<div class=\"et_pb_module et_d4_element et_pb_image et_pb_image_1\">\n\t\t\t\t\n\t\t\t\t\n\t\t\t\t\n\t\t\t\t\n\t\t\t\t<span class=\"et_pb_image_wrap \"><img loading=\"lazy\" decoding=\"async\" width=\"900\" height=\"550\" src=\"https:\/\/19zoll.com\/wp-content\/uploads\/2021\/12\/kuehlkoerper-serie-da.jpg\" alt=\"Radiatory do ch\u0142odzenia konwekcyjnego wykonane z wyt\u0142aczanych profili - firma Daub\" title=\"Radiator do ch\u0142odzenia konwekcyjnego wykonany z wyt\u0142aczanych profili\" srcset=\"https:\/\/19zoll.com\/wp-content\/uploads\/2021\/12\/kuehlkoerper-serie-da.jpg 900w, https:\/\/19zoll.com\/wp-content\/uploads\/2021\/12\/kuehlkoerper-serie-da-480x293.jpg 480w\" sizes=\"(min-width: 0px) and (max-width: 480px) 480px, (min-width: 481px) 900px, 100vw\" class=\"wp-image-50395\" \/><\/span>\n\t\t\t<\/div><div class=\"et_pb_module et_d4_element et_pb_text et_pb_text_2  et_pb_text_align_left et_pb_bg_layout_light\">\n\t\t\t\t\n\t\t\t\t\n\t\t\t\t\n\t\t\t\t\n\t\t\t\t<div class=\"et_pb_text_inner\"><h2>Radiator serii DA<\/h2><\/div>\n\t\t\t<\/div>\n\t\t\t<\/div><div class=\"et_pb_with_border et_pb_column_1_3 et_d4_element et_pb_column et_pb_column_3 et_clickable  et_pb_css_mix_blend_mode et-last-child et_block_column\">\n\t\t\t\t\n\t\t\t\t\n\t\t\t\t\n\t\t\t\t\n\t\t\t\t<div class=\"et_pb_module et_d4_element et_pb_image et_pb_image_2\">\n\t\t\t\t\n\t\t\t\t\n\t\t\t\t\n\t\t\t\t\n\t\t\t\t<span class=\"et_pb_image_wrap \"><img loading=\"lazy\" decoding=\"async\" width=\"900\" height=\"550\" src=\"https:\/\/19zoll.com\/wp-content\/uploads\/2021\/12\/kuehlkoerpergehaeuse-serie-dsk.png\" alt=\"Obudowa radiatora serii DSK - Daub CNC Technik\" title=\"Obudowa radiatora serii DSK\" srcset=\"https:\/\/19zoll.com\/wp-content\/uploads\/2021\/12\/kuehlkoerpergehaeuse-serie-dsk.png 900w, https:\/\/19zoll.com\/wp-content\/uploads\/2021\/12\/kuehlkoerpergehaeuse-serie-dsk-480x293.png 480w\" sizes=\"(min-width: 0px) and (max-width: 480px) 480px, (min-width: 481px) 900px, 100vw\" class=\"wp-image-50397\" \/><\/span>\n\t\t\t<\/div><div class=\"et_pb_module et_d4_element et_pb_text et_pb_text_3  et_pb_text_align_left et_pb_bg_layout_light\">\n\t\t\t\t\n\t\t\t\t\n\t\t\t\t\n\t\t\t\t\n\t\t\t\t<div class=\"et_pb_text_inner\"><h2>Obudowa radiatora 19\" serii DSK<\/h2><\/div>\n\t\t\t<\/div>\n\t\t\t<\/div>\n\t\t\t\t\n\t\t\t\t\n\t\t\t\t\n\t\t\t\t\n\t\t\t<\/div>\n\t\t\t\t\n\t\t\t\t\n\t\t\t<\/div><div class=\"et_pb_with_border et_d4_element et_pb_section et_pb_section_2 et_pb_with_background  et_pb_css_mix_blend_mode et_section_regular et_block_section\" >\n\t\t\t\t\n\t\t\t\t\n\t\t\t\t\n\t\t\t\t\n\t\t\t\t\n\t\t\t\t\n\t\t\t\t<div class=\"et_pb_with_border et_d4_element et_pb_row et_pb_row_2 et_pb_equal_columns et_pb_gutters1  et_pb_css_mix_blend_mode et_block_row\">\n\t\t\t\t<div class=\"et_pb_with_border et_pb_column_1_3 et_d4_element et_pb_column et_pb_column_4 et_clickable  et_pb_css_mix_blend_mode et_block_column\">\n\t\t\t\t\n\t\t\t\t\n\t\t\t\t\n\t\t\t\t\n\t\t\t\t<div class=\"et_pb_module et_d4_element et_pb_image et_pb_image_3\">\n\t\t\t\t\n\t\t\t\t\n\t\t\t\t\n\t\t\t\t\n\t\t\t\t<span class=\"et_pb_image_wrap \"><img loading=\"lazy\" decoding=\"async\" width=\"900\" height=\"550\" src=\"https:\/\/19zoll.com\/wp-content\/uploads\/2021\/12\/kuehlkoerpergehaeuse-serie-hs.jpg\" alt=\"Obudowa radiatora serii HS - technologia CNC Takachi \/ Daub\" title=\"Obudowa radiatora serii HS\" srcset=\"https:\/\/19zoll.com\/wp-content\/uploads\/2021\/12\/kuehlkoerpergehaeuse-serie-hs.jpg 900w, https:\/\/19zoll.com\/wp-content\/uploads\/2021\/12\/kuehlkoerpergehaeuse-serie-hs-480x293.jpg 480w\" sizes=\"(min-width: 0px) and (max-width: 480px) 480px, (min-width: 481px) 900px, 100vw\" class=\"wp-image-50399\" \/><\/span>\n\t\t\t<\/div><div class=\"et_pb_module et_d4_element et_pb_text et_pb_text_4  et_pb_text_align_left et_pb_bg_layout_light\">\n\t\t\t\t\n\t\t\t\t\n\t\t\t\t\n\t\t\t\t\n\t\t\t\t<div class=\"et_pb_text_inner\"><h2>Obudowa radiatora serii HS<\/h2><\/div>\n\t\t\t<\/div>\n\t\t\t<\/div><div class=\"et_pb_with_border et_pb_column_1_3 et_d4_element et_pb_column et_pb_column_5 et_clickable  et_pb_css_mix_blend_mode et_block_column\">\n\t\t\t\t\n\t\t\t\t\n\t\t\t\t\n\t\t\t\t\n\t\t\t\t<div class=\"et_pb_module et_d4_element et_pb_image et_pb_image_4\">\n\t\t\t\t\n\t\t\t\t\n\t\t\t\t\n\t\t\t\t\n\t\t\t\t<span class=\"et_pb_image_wrap \"><img loading=\"lazy\" decoding=\"async\" width=\"900\" height=\"550\" src=\"https:\/\/19zoll.com\/wp-content\/uploads\/2021\/12\/kuehlkoerpergehaeuse-serie-hy.jpg\" alt=\"Obudowa radiatora serii HY - technologia CNC Takachi \/ Daub\" title=\"Obudowa radiatora serii HY\" srcset=\"https:\/\/19zoll.com\/wp-content\/uploads\/2021\/12\/kuehlkoerpergehaeuse-serie-hy.jpg 900w, https:\/\/19zoll.com\/wp-content\/uploads\/2021\/12\/kuehlkoerpergehaeuse-serie-hy-480x293.jpg 480w\" sizes=\"(min-width: 0px) and (max-width: 480px) 480px, (min-width: 481px) 900px, 100vw\" class=\"wp-image-50400\" \/><\/span>\n\t\t\t<\/div><div class=\"et_pb_module et_d4_element et_pb_text et_pb_text_5  et_pb_text_align_left et_pb_bg_layout_light\">\n\t\t\t\t\n\t\t\t\t\n\t\t\t\t\n\t\t\t\t\n\t\t\t\t<div class=\"et_pb_text_inner\"><h2>Obudowa radiatora serii HY<\/h2><\/div>\n\t\t\t<\/div>\n\t\t\t<\/div><div class=\"et_pb_with_border et_pb_column_1_3 et_d4_element et_pb_column et_pb_column_6 et_clickable  et_pb_css_mix_blend_mode et-last-child et_block_column\">\n\t\t\t\t\n\t\t\t\t\n\t\t\t\t\n\t\t\t\t\n\t\t\t\t<div class=\"et_pb_module et_d4_element et_pb_image et_pb_image_5\">\n\t\t\t\t\n\t\t\t\t\n\t\t\t\t\n\t\t\t\t\n\t\t\t\t<span class=\"et_pb_image_wrap \"><img loading=\"lazy\" decoding=\"async\" width=\"900\" height=\"550\" src=\"https:\/\/19zoll.com\/wp-content\/uploads\/2021\/12\/kuehlkoerpergehaeuse-serie-hit.jpg\" alt=\"Obudowa radiatora serii HIT - Daub CNC Technik GmbH und Co. KG\" title=\"Obudowa radiatora serii HIT\" srcset=\"https:\/\/19zoll.com\/wp-content\/uploads\/2021\/12\/kuehlkoerpergehaeuse-serie-hit.jpg 900w, https:\/\/19zoll.com\/wp-content\/uploads\/2021\/12\/kuehlkoerpergehaeuse-serie-hit-480x293.jpg 480w\" sizes=\"(min-width: 0px) and (max-width: 480px) 480px, (min-width: 481px) 900px, 100vw\" class=\"wp-image-50398\" \/><\/span>\n\t\t\t<\/div><div class=\"et_pb_module et_d4_element et_pb_text et_pb_text_6  et_pb_text_align_left et_pb_bg_layout_light\">\n\t\t\t\t\n\t\t\t\t\n\t\t\t\t\n\t\t\t\t\n\t\t\t\t<div class=\"et_pb_text_inner\"><h2>Obudowa radiatora serii HIT<\/h2><\/div>\n\t\t\t<\/div>\n\t\t\t<\/div>\n\t\t\t\t\n\t\t\t\t\n\t\t\t\t\n\t\t\t\t\n\t\t\t<\/div>\n\t\t\t\t\n\t\t\t\t\n\t\t\t<\/div><div class=\"et_pb_with_border et_d4_element et_pb_section et_pb_section_3 et_pb_with_background  et_pb_css_mix_blend_mode et_section_regular et_block_section\" >\n\t\t\t\t\n\t\t\t\t\n\t\t\t\t\n\t\t\t\t\n\t\t\t\t\n\t\t\t\t\n\t\t\t\t<div class=\"et_pb_with_border et_d4_element et_pb_row et_pb_row_3 et_pb_equal_columns et_pb_gutters1  et_pb_css_mix_blend_mode et_block_row\">\n\t\t\t\t<div class=\"et_pb_with_border et_pb_column_1_3 et_d4_element et_pb_column et_pb_column_7 et_clickable  et_pb_css_mix_blend_mode et_block_column\">\n\t\t\t\t\n\t\t\t\t\n\t\t\t\t\n\t\t\t\t\n\t\t\t\t<div class=\"et_pb_module et_d4_element et_pb_image et_pb_image_6\">\n\t\t\t\t\n\t\t\t\t\n\t\t\t\t\n\t\t\t\t\n\t\t\t\t<span class=\"et_pb_image_wrap \"><img loading=\"lazy\" decoding=\"async\" width=\"900\" height=\"550\" src=\"https:\/\/19zoll.com\/wp-content\/uploads\/2021\/12\/aluminiumgehaeuse-serie-aw.jpg\" alt=\"Obudowa radiatora IP67 serii AW - Takachi \/ Daub CNC Technik\" title=\"Obudowa radiatora IP67 serii AW\" srcset=\"https:\/\/19zoll.com\/wp-content\/uploads\/2021\/12\/aluminiumgehaeuse-serie-aw.jpg 900w, https:\/\/19zoll.com\/wp-content\/uploads\/2021\/12\/aluminiumgehaeuse-serie-aw-480x293.jpg 480w\" sizes=\"(min-width: 0px) and (max-width: 480px) 480px, (min-width: 481px) 900px, 100vw\" class=\"wp-image-50423\" \/><\/span>\n\t\t\t<\/div><div class=\"et_pb_module et_d4_element et_pb_text et_pb_text_7  et_pb_text_align_left et_pb_bg_layout_light\">\n\t\t\t\t\n\t\t\t\t\n\t\t\t\t\n\t\t\t\t\n\t\t\t\t<div class=\"et_pb_text_inner\"><h2>Obudowa radiatora IP67 serii AW, AWA, AWN, AWP<\/h2><\/div>\n\t\t\t<\/div>\n\t\t\t<\/div><div class=\"et_pb_with_border et_pb_column_1_3 et_d4_element et_pb_column et_pb_column_8 et_clickable  et_pb_css_mix_blend_mode et_block_column\">\n\t\t\t\t\n\t\t\t\t\n\t\t\t\t\n\t\t\t\t\n\t\t\t\t<div class=\"et_pb_module et_d4_element et_pb_image et_pb_image_7\">\n\t\t\t\t\n\t\t\t\t\n\t\t\t\t\n\t\t\t\t\n\t\t\t\t<span class=\"et_pb_image_wrap \"><img loading=\"lazy\" decoding=\"async\" width=\"900\" height=\"506\" src=\"https:\/\/19zoll.com\/wp-content\/uploads\/2021\/12\/aluminiumgehaeuse-serie-mgsi.png\" alt=\"Obudowa z \u017ceberkami ch\u0142odz\u0105cymi serii MGSI - Daub CNC Technik\" title=\"Obudowa z \u017ceberkami ch\u0142odz\u0105cymi serii MGSI\" srcset=\"https:\/\/19zoll.com\/wp-content\/uploads\/2021\/12\/aluminiumgehaeuse-serie-mgsi.png 900w, https:\/\/19zoll.com\/wp-content\/uploads\/2021\/12\/aluminiumgehaeuse-serie-mgsi-480x270.png 480w\" sizes=\"(min-width: 0px) and (max-width: 480px) 480px, (min-width: 481px) 900px, 100vw\" class=\"wp-image-50461\" \/><\/span>\n\t\t\t<\/div><div class=\"et_pb_module et_d4_element et_pb_text et_pb_text_8  et_pb_text_align_left et_pb_bg_layout_light\">\n\t\t\t\t\n\t\t\t\t\n\t\t\t\t\n\t\t\t\t\n\t\t\t\t<div class=\"et_pb_text_inner\"><h2>Obudowa z \u017ceberkami ch\u0142odz\u0105cymi serii MGSI<\/h2><\/div>\n\t\t\t<\/div>\n\t\t\t<\/div><div class=\"et_pb_with_border et_pb_column_1_3 et_d4_element et_pb_column et_pb_column_9 et_clickable  et_pb_css_mix_blend_mode et-last-child et_block_column et_pb_column_empty\">\n\t\t\t\t\n\t\t\t\t\n\t\t\t\t\n\t\t\t\t\n\t\t\t\t\n\t\t\t<\/div>\n\t\t\t\t\n\t\t\t\t\n\t\t\t\t\n\t\t\t\t\n\t\t\t<\/div>\n\t\t\t\t\n\t\t\t\t\n\t\t\t<\/div><\/p>\n","protected":false},"excerpt":{"rendered":"","protected":false},"author":1,"featured_media":0,"parent":0,"menu_order":0,"comment_status":"closed","ping_status":"closed","template":"","meta":{"inline_featured_image":false,"_et_pb_use_builder":"on","_et_pb_old_content":"","_et_gb_content_width":"","footnotes":""},"class_list":["post-55224","page","type-page","status-publish","hentry"],"yoast_head":"<!-- This site is optimized with the Yoast SEO plugin v27.4 - https:\/\/yoast.com\/product\/yoast-seo-wordpress\/ -->\n<title>Rozwi\u0105zania ch\u0142odzenia i radiatory firmy Daub<\/title>\n<meta name=\"description\" content=\"Rozwi\u0105zania ch\u0142odz\u0105ce, radiatory, wyt\u0142aczane profilowe ch\u0142odnice cieczy, obudowy radiator\u00f3w, obudowy radiator\u00f3w IP67, profile aluminiowe, radiatory profilowe\" \/>\n<meta name=\"robots\" content=\"index, follow, max-snippet:-1, max-image-preview:large, max-video-preview:-1\" \/>\n<link rel=\"canonical\" href=\"https:\/\/19zoll.com\/pl\/rozwiazania-chlodzace\/\" \/>\n<meta property=\"og:locale\" content=\"pl_PL\" \/>\n<meta property=\"og:type\" content=\"article\" \/>\n<meta property=\"og:title\" content=\"Rozwi\u0105zania ch\u0142odzenia i radiatory firmy Daub\" \/>\n<meta property=\"og:description\" content=\"Rozwi\u0105zania ch\u0142odz\u0105ce, radiatory, wyt\u0142aczane profilowe ch\u0142odnice cieczy, obudowy radiator\u00f3w, obudowy radiator\u00f3w IP67, profile aluminiowe, radiatory profilowe\" \/>\n<meta property=\"og:url\" content=\"https:\/\/19zoll.com\/pl\/rozwiazania-chlodzace\/\" \/>\n<meta property=\"og:site_name\" content=\"Daub CNC\" \/>\n<meta property=\"article:modified_time\" content=\"2025-03-25T13:23:53+00:00\" \/>\n<meta property=\"og:image\" content=\"https:\/\/19zoll.com\/wp-content\/uploads\/2021\/12\/stranpressprofil-serie-da.jpg\" \/>\n<meta name=\"twitter:card\" content=\"summary_large_image\" \/>\n<meta name=\"twitter:title\" content=\"Rozwi\u0105zania ch\u0142odzenia i radiatory firmy Daub\" \/>\n<meta name=\"twitter:description\" content=\"Rozwi\u0105zania ch\u0142odz\u0105ce, radiatory, wyt\u0142aczane profilowe ch\u0142odnice cieczy, obudowy radiator\u00f3w, obudowy radiator\u00f3w IP67, profile aluminiowe, radiatory profilowe\" \/>\n<meta name=\"twitter:image\" content=\"https:\/\/19zoll.com\/wp-content\/uploads\/2021\/12\/stranpressprofil-serie-da.jpg\" \/>\n<meta name=\"twitter:label1\" content=\"Szacowany czas czytania\" \/>\n\t<meta name=\"twitter:data1\" content=\"17 minut\" \/>\n<script type=\"application\/ld+json\" class=\"yoast-schema-graph\">{\"@context\":\"https:\\\/\\\/schema.org\",\"@graph\":[{\"@type\":\"WebPage\",\"@id\":\"https:\\\/\\\/19zoll.com\\\/pl\\\/rozwiazania-chlodzace\\\/\",\"url\":\"https:\\\/\\\/19zoll.com\\\/pl\\\/rozwiazania-chlodzace\\\/\",\"name\":\"Rozwi\u0105zania ch\u0142odzenia i radiatory firmy Daub\",\"isPartOf\":{\"@id\":\"https:\\\/\\\/19zoll.com\\\/#website\"},\"datePublished\":\"2021-12-03T17:26:57+00:00\",\"dateModified\":\"2025-03-25T13:23:53+00:00\",\"description\":\"Rozwi\u0105zania ch\u0142odz\u0105ce, radiatory, wyt\u0142aczane profilowe ch\u0142odnice cieczy, obudowy radiator\u00f3w, obudowy radiator\u00f3w IP67, profile aluminiowe, radiatory profilowe\",\"breadcrumb\":{\"@id\":\"https:\\\/\\\/19zoll.com\\\/pl\\\/rozwiazania-chlodzace\\\/#breadcrumb\"},\"inLanguage\":\"pl-PL\",\"potentialAction\":[{\"@type\":\"ReadAction\",\"target\":[\"https:\\\/\\\/19zoll.com\\\/pl\\\/rozwiazania-chlodzace\\\/\"]}]},{\"@type\":\"BreadcrumbList\",\"@id\":\"https:\\\/\\\/19zoll.com\\\/pl\\\/rozwiazania-chlodzace\\\/#breadcrumb\",\"itemListElement\":[{\"@type\":\"ListItem\",\"position\":1,\"name\":\"Startseite\",\"item\":\"https:\\\/\\\/19zoll.com\\\/pl\\\/strona-glowna\\\/\"},{\"@type\":\"ListItem\",\"position\":2,\"name\":\"Rozwi\u0105zania ch\u0142odz\u0105ce\"}]},{\"@type\":\"WebSite\",\"@id\":\"https:\\\/\\\/19zoll.com\\\/#website\",\"url\":\"https:\\\/\\\/19zoll.com\\\/\",\"name\":\"Daub CNC\",\"description\":\"Ein Webprojekt von IhrMediengestalter\",\"potentialAction\":[{\"@type\":\"SearchAction\",\"target\":{\"@type\":\"EntryPoint\",\"urlTemplate\":\"https:\\\/\\\/19zoll.com\\\/?s={search_term_string}\"},\"query-input\":{\"@type\":\"PropertyValueSpecification\",\"valueRequired\":true,\"valueName\":\"search_term_string\"}}],\"inLanguage\":\"pl-PL\"}]}<\/script>\n<!-- \/ Yoast SEO plugin. -->","yoast_head_json":{"title":"Rozwi\u0105zania ch\u0142odzenia i radiatory firmy Daub","description":"Rozwi\u0105zania ch\u0142odz\u0105ce, radiatory, wyt\u0142aczane profilowe ch\u0142odnice cieczy, obudowy radiator\u00f3w, obudowy radiator\u00f3w IP67, profile aluminiowe, radiatory profilowe","robots":{"index":"index","follow":"follow","max-snippet":"max-snippet:-1","max-image-preview":"max-image-preview:large","max-video-preview":"max-video-preview:-1"},"canonical":"https:\/\/19zoll.com\/pl\/rozwiazania-chlodzace\/","og_locale":"pl_PL","og_type":"article","og_title":"Rozwi\u0105zania ch\u0142odzenia i radiatory firmy Daub","og_description":"Rozwi\u0105zania ch\u0142odz\u0105ce, radiatory, wyt\u0142aczane profilowe ch\u0142odnice cieczy, obudowy radiator\u00f3w, obudowy radiator\u00f3w IP67, profile aluminiowe, radiatory profilowe","og_url":"https:\/\/19zoll.com\/pl\/rozwiazania-chlodzace\/","og_site_name":"Daub CNC","article_modified_time":"2025-03-25T13:23:53+00:00","og_image":[{"url":"https:\/\/19zoll.com\/wp-content\/uploads\/2021\/12\/stranpressprofil-serie-da.jpg","type":"","width":"","height":""}],"twitter_card":"summary_large_image","twitter_title":"Rozwi\u0105zania ch\u0142odzenia i radiatory firmy Daub","twitter_description":"Rozwi\u0105zania ch\u0142odz\u0105ce, radiatory, wyt\u0142aczane profilowe ch\u0142odnice cieczy, obudowy radiator\u00f3w, obudowy radiator\u00f3w IP67, profile aluminiowe, radiatory profilowe","twitter_image":"https:\/\/19zoll.com\/wp-content\/uploads\/2021\/12\/stranpressprofil-serie-da.jpg","twitter_misc":{"Szacowany czas czytania":"17 minut"},"schema":{"@context":"https:\/\/schema.org","@graph":[{"@type":"WebPage","@id":"https:\/\/19zoll.com\/pl\/rozwiazania-chlodzace\/","url":"https:\/\/19zoll.com\/pl\/rozwiazania-chlodzace\/","name":"Rozwi\u0105zania ch\u0142odzenia i radiatory firmy Daub","isPartOf":{"@id":"https:\/\/19zoll.com\/#website"},"datePublished":"2021-12-03T17:26:57+00:00","dateModified":"2025-03-25T13:23:53+00:00","description":"Rozwi\u0105zania ch\u0142odz\u0105ce, radiatory, wyt\u0142aczane profilowe ch\u0142odnice cieczy, obudowy radiator\u00f3w, obudowy radiator\u00f3w IP67, profile aluminiowe, radiatory profilowe","breadcrumb":{"@id":"https:\/\/19zoll.com\/pl\/rozwiazania-chlodzace\/#breadcrumb"},"inLanguage":"pl-PL","potentialAction":[{"@type":"ReadAction","target":["https:\/\/19zoll.com\/pl\/rozwiazania-chlodzace\/"]}]},{"@type":"BreadcrumbList","@id":"https:\/\/19zoll.com\/pl\/rozwiazania-chlodzace\/#breadcrumb","itemListElement":[{"@type":"ListItem","position":1,"name":"Startseite","item":"https:\/\/19zoll.com\/pl\/strona-glowna\/"},{"@type":"ListItem","position":2,"name":"Rozwi\u0105zania ch\u0142odz\u0105ce"}]},{"@type":"WebSite","@id":"https:\/\/19zoll.com\/#website","url":"https:\/\/19zoll.com\/","name":"Daub CNC","description":"Ein Webprojekt von IhrMediengestalter","potentialAction":[{"@type":"SearchAction","target":{"@type":"EntryPoint","urlTemplate":"https:\/\/19zoll.com\/?s={search_term_string}"},"query-input":{"@type":"PropertyValueSpecification","valueRequired":true,"valueName":"search_term_string"}}],"inLanguage":"pl-PL"}]}},"_links":{"self":[{"href":"https:\/\/19zoll.com\/pl\/wp-json\/wp\/v2\/pages\/55224","targetHints":{"allow":["GET"]}}],"collection":[{"href":"https:\/\/19zoll.com\/pl\/wp-json\/wp\/v2\/pages"}],"about":[{"href":"https:\/\/19zoll.com\/pl\/wp-json\/wp\/v2\/types\/page"}],"author":[{"embeddable":true,"href":"https:\/\/19zoll.com\/pl\/wp-json\/wp\/v2\/users\/1"}],"replies":[{"embeddable":true,"href":"https:\/\/19zoll.com\/pl\/wp-json\/wp\/v2\/comments?post=55224"}],"version-history":[{"count":2,"href":"https:\/\/19zoll.com\/pl\/wp-json\/wp\/v2\/pages\/55224\/revisions"}],"predecessor-version":[{"id":55226,"href":"https:\/\/19zoll.com\/pl\/wp-json\/wp\/v2\/pages\/55224\/revisions\/55226"}],"wp:attachment":[{"href":"https:\/\/19zoll.com\/pl\/wp-json\/wp\/v2\/media?parent=55224"}],"curies":[{"name":"wp","href":"https:\/\/api.w.org\/{rel}","templated":true}]}}