{"id":55221,"date":"2021-10-21T15:35:23","date_gmt":"2021-10-21T13:35:23","guid":{"rendered":"https:\/\/19zoll.com\/skontaktuj-sie-z-nami\/"},"modified":"2025-03-25T14:28:49","modified_gmt":"2025-03-25T13:28:49","slug":"skontaktuj-sie-z-nami","status":"publish","type":"page","link":"https:\/\/19zoll.com\/pl\/skontaktuj-sie-z-nami\/","title":{"rendered":"Skontaktuj si\u0119 z nami"},"content":{"rendered":"<p>[et_pb_section fb_built=&#8221;1&#8243; _builder_version=&#8221;4.16.0&#8243; _module_preset=&#8221;default&#8221; background_color=&#8221;#F3F3F3&#8243; border_width_bottom=&#8221;3px&#8221; border_color_bottom=&#8221;#FFFFFF&#8221; locked=&#8221;off&#8221; global_colors_info=&#8221;{}&#8221;][et_pb_row use_custom_gutter=&#8221;on&#8221; make_equal=&#8221;on&#8221; _builder_version=&#8221;4.16&#8243; _module_preset=&#8221;default&#8221; custom_css_main_element=&#8221;align-items: center;&#8221; global_colors_info=&#8221;{}&#8221;][et_pb_column type=&#8221;4_4&#8243; _builder_version=&#8221;4.16&#8243; _module_preset=&#8221;default&#8221; global_colors_info=&#8221;{}&#8221;][et_pb_text _builder_version=&#8221;4.16.0&#8243; _module_preset=&#8221;default&#8221; text_text_color=&#8221;#3B3B3B&#8221; text_font_size=&#8221;15px&#8221; text_line_height=&#8221;1.8em&#8221; header_font=&#8221;|700|||||||&#8221; header_text_color=&#8221;#3B3B3B&#8221; header_line_height=&#8221;1.3em&#8221; global_colors_info=&#8221;{}&#8221;]<\/p>\n<h1><span>Prosimy o kontakt:<\/span><\/h1>\n<p style=\"font-weight: 400;\">Ch\u0119tnie doradzimy we wszystkich aspektach technologii obud\u00f3w, rozwi\u0105za\u0144 ch\u0142odzenia, powlekania powierzchni, przetwarzania i etykietowania. Je\u015bli masz jakiekolwiek pytania dotycz\u0105ce tych temat\u00f3w, wype\u0142nij formularz kontaktowy. Odpowiemy tak szybko, jak to mo\u017cliwe &#8211; dzi\u0119kujemy.  <\/p>\n<p>[\/et_pb_text][\/et_pb_column][\/et_pb_row][\/et_pb_section][et_pb_section fb_built=&#8221;1&#8243; _builder_version=&#8221;4.16.0&#8243; _module_preset=&#8221;default&#8221; background_color=&#8221;#F3F3F3&#8243; border_width_bottom=&#8221;3px&#8221; border_color_bottom=&#8221;#FFFFFF&#8221; global_colors_info=&#8221;{}&#8221;][et_pb_row _builder_version=&#8221;4.16&#8243; _module_preset=&#8221;default&#8221; global_colors_info=&#8221;{}&#8221;][et_pb_column type=&#8221;4_4&#8243; _builder_version=&#8221;4.16&#8243; _module_preset=&#8221;default&#8221; global_colors_info=&#8221;{}&#8221;][et_pb_contact_form email=&#8221;mail@19zoll.com&#8221; _builder_version=&#8221;4.19.4&#8243; _module_preset=&#8221;default&#8221; _unique_id=&#8221;e52fd3b4-95ff-4a03-b376-07559e546d97&#8243; form_field_background_color=&#8221;#FFFFFF&#8221; captcha_font=&#8221;Open Sans||||||||&#8221; form_field_font=&#8221;Open Sans||||||||&#8221; custom_button=&#8221;on&#8221; button_font=&#8221;Open Sans||||||||&#8221; hover_enabled=&#8221;0&#8243; global_colors_info=&#8221;{}&#8221; sticky_enabled=&#8221;0&#8243;][et_pb_contact_field field_id=&#8221;%%Name%%&#8221; field_title=&#8221;Nazwa&#8221; _builder_version=&#8221;4.17.4&#8243; global_colors_info=&#8221;{}&#8221; button_text_size__hover_enabled=&#8221;off&#8221; button_one_text_size__hover_enabled=&#8221;off&#8221; button_two_text_size__hover_enabled=&#8221;off&#8221; button_text_color__hover_enabled=&#8221;off&#8221; button_one_text_color__hover_enabled=&#8221;off&#8221; button_two_text_color__hover_enabled=&#8221;off&#8221; button_border_width__hover_enabled=&#8221;off&#8221; button_one_border_width__hover_enabled=&#8221;off&#8221; button_two_border_width__hover_enabled=&#8221;off&#8221; button_border_color__hover_enabled=&#8221;off&#8221; button_one_border_color__hover_enabled=&#8221;off&#8221; button_two_border_color__hover_enabled=&#8221;off&#8221; button_border_radius__hover_enabled=&#8221;off&#8221; button_one_border_radius__hover_enabled=&#8221;off&#8221; button_two_border_radius__hover_enabled=&#8221;off&#8221; button_letter_spacing__hover_enabled=&#8221;off&#8221; button_one_letter_spacing__hover_enabled=&#8221;off&#8221; button_two_letter_spacing__hover_enabled=&#8221;off&#8221; button_bg_color__hover_enabled=&#8221;off&#8221; button_one_bg_color__hover_enabled=&#8221;off&#8221; button_two_bg_color__hover_enabled=&#8221;off&#8221;][\/et_pb_contact_field][et_pb_contact_field field_id=&#8221;%%Email%%&#8221; field_title=&#8221;Adres e-mail&#8221; field_type=&#8221;email&#8221; _builder_version=&#8221;4.17.4&#8243; global_colors_info=&#8221;{}&#8221; button_text_size__hover_enabled=&#8221;off&#8221; button_one_text_size__hover_enabled=&#8221;off&#8221; button_two_text_size__hover_enabled=&#8221;off&#8221; button_text_color__hover_enabled=&#8221;off&#8221; button_one_text_color__hover_enabled=&#8221;off&#8221; button_two_text_color__hover_enabled=&#8221;off&#8221; button_border_width__hover_enabled=&#8221;off&#8221; button_one_border_width__hover_enabled=&#8221;off&#8221; button_two_border_width__hover_enabled=&#8221;off&#8221; button_border_color__hover_enabled=&#8221;off&#8221; button_one_border_color__hover_enabled=&#8221;off&#8221; button_two_border_color__hover_enabled=&#8221;off&#8221; button_border_radius__hover_enabled=&#8221;off&#8221; button_one_border_radius__hover_enabled=&#8221;off&#8221; button_two_border_radius__hover_enabled=&#8221;off&#8221; button_letter_spacing__hover_enabled=&#8221;off&#8221; button_one_letter_spacing__hover_enabled=&#8221;off&#8221; button_two_letter_spacing__hover_enabled=&#8221;off&#8221; button_bg_color__hover_enabled=&#8221;off&#8221; button_one_bg_color__hover_enabled=&#8221;off&#8221; button_two_bg_color__hover_enabled=&#8221;off&#8221;][\/et_pb_contact_field][et_pb_contact_field field_id=&#8221;%%Message%%&#8221; field_title=&#8221;Wiadomo\u015b\u0107&#8221; field_type=&#8221;text&#8221; fullwidth_field=&#8221;on&#8221; _builder_version=&#8221;4.17.4&#8243; global_colors_info=&#8221;{}&#8221; button_text_size__hover_enabled=&#8221;off&#8221; button_one_text_size__hover_enabled=&#8221;off&#8221; button_two_text_size__hover_enabled=&#8221;off&#8221; button_text_color__hover_enabled=&#8221;off&#8221; button_one_text_color__hover_enabled=&#8221;off&#8221; button_two_text_color__hover_enabled=&#8221;off&#8221; button_border_width__hover_enabled=&#8221;off&#8221; button_one_border_width__hover_enabled=&#8221;off&#8221; button_two_border_width__hover_enabled=&#8221;off&#8221; button_border_color__hover_enabled=&#8221;off&#8221; button_one_border_color__hover_enabled=&#8221;off&#8221; button_two_border_color__hover_enabled=&#8221;off&#8221; button_border_radius__hover_enabled=&#8221;off&#8221; button_one_border_radius__hover_enabled=&#8221;off&#8221; button_two_border_radius__hover_enabled=&#8221;off&#8221; button_letter_spacing__hover_enabled=&#8221;off&#8221; button_one_letter_spacing__hover_enabled=&#8221;off&#8221; button_two_letter_spacing__hover_enabled=&#8221;off&#8221; button_bg_color__hover_enabled=&#8221;off&#8221; button_one_bg_color__hover_enabled=&#8221;off&#8221; button_two_bg_color__hover_enabled=&#8221;off&#8221;][\/et_pb_contact_field][\/et_pb_contact_form][\/et_pb_column][\/et_pb_row][\/et_pb_section]<\/p>\n","protected":false},"excerpt":{"rendered":"<p>Prosimy o kontakt: Ch\u0119tnie doradzimy we wszystkich aspektach technologii obud\u00f3w, rozwi\u0105za\u0144 ch\u0142odzenia, powlekania powierzchni, przetwarzania i etykietowania. Je\u015bli masz jakiekolwiek pytania dotycz\u0105ce tych temat\u00f3w, wype\u0142nij formularz kontaktowy. Odpowiemy tak szybko, jak to mo\u017cliwe &#8211; dzi\u0119kujemy.<\/p>\n","protected":false},"author":1,"featured_media":0,"parent":0,"menu_order":0,"comment_status":"closed","ping_status":"closed","template":"","meta":{"_et_pb_use_builder":"on","_et_pb_old_content":"","_et_gb_content_width":"","inline_featured_image":false,"footnotes":""},"class_list":["post-55221","page","type-page","status-publish","hentry"],"yoast_head":"<!-- This site is optimized with the Yoast SEO plugin v27.3 - https:\/\/yoast.com\/product\/yoast-seo-wordpress\/ -->\n<title>Skontaktuj si\u0119 z nami - Daub CNC Technik GmbH und Co KG<\/title>\n<meta name=\"description\" content=\"Kontakt, doradztwo, wsparcie, obudowy aluminiowe, obudowy z tworzyw sztucznych, radiatory, obr\u00f3bka skrawaniem, napisy, anodowanie, sitodruk i druk cyfrowy\" \/>\n<meta name=\"robots\" content=\"index, follow, max-snippet:-1, max-image-preview:large, max-video-preview:-1\" \/>\n<link rel=\"canonical\" href=\"https:\/\/19zoll.com\/pl\/skontaktuj-sie-z-nami\/\" \/>\n<meta property=\"og:locale\" content=\"pl_PL\" \/>\n<meta property=\"og:type\" content=\"article\" \/>\n<meta property=\"og:title\" content=\"Skontaktuj si\u0119 z nami - Daub CNC Technik GmbH und Co KG\" \/>\n<meta property=\"og:description\" content=\"Kontakt, doradztwo, wsparcie, obudowy aluminiowe, obudowy z tworzyw sztucznych, radiatory, obr\u00f3bka skrawaniem, napisy, anodowanie, sitodruk i druk cyfrowy\" \/>\n<meta property=\"og:url\" content=\"https:\/\/19zoll.com\/pl\/skontaktuj-sie-z-nami\/\" \/>\n<meta property=\"og:site_name\" content=\"Daub CNC\" \/>\n<meta property=\"article:modified_time\" content=\"2025-03-25T13:28:49+00:00\" \/>\n<meta property=\"og:image\" content=\"https:\/\/19zoll.com\/wp-content\/uploads\/2022\/04\/daub-logo-png.png\" \/>\n<meta name=\"twitter:card\" content=\"summary_large_image\" \/>\n<meta name=\"twitter:title\" content=\"Skontaktuj si\u0119 z nami - Daub CNC Technik GmbH und Co KG\" \/>\n<meta name=\"twitter:description\" content=\"Kontakt, doradztwo, wsparcie, obudowy aluminiowe, obudowy z tworzyw sztucznych, radiatory, obr\u00f3bka skrawaniem, napisy, anodowanie, sitodruk i druk cyfrowy\" \/>\n<meta name=\"twitter:image\" content=\"https:\/\/19zoll.com\/wp-content\/uploads\/2022\/04\/daub-logo-png.png\" \/>\n<meta name=\"twitter:label1\" content=\"Szacowany czas czytania\" \/>\n\t<meta name=\"twitter:data1\" content=\"4 minuty\" \/>\n<script type=\"application\/ld+json\" class=\"yoast-schema-graph\">{\"@context\":\"https:\\\/\\\/schema.org\",\"@graph\":[{\"@type\":\"WebPage\",\"@id\":\"https:\\\/\\\/19zoll.com\\\/pl\\\/skontaktuj-sie-z-nami\\\/\",\"url\":\"https:\\\/\\\/19zoll.com\\\/pl\\\/skontaktuj-sie-z-nami\\\/\",\"name\":\"Skontaktuj si\u0119 z nami - Daub CNC Technik GmbH und Co KG\",\"isPartOf\":{\"@id\":\"https:\\\/\\\/19zoll.com\\\/#website\"},\"datePublished\":\"2021-10-21T13:35:23+00:00\",\"dateModified\":\"2025-03-25T13:28:49+00:00\",\"description\":\"Kontakt, doradztwo, wsparcie, obudowy aluminiowe, obudowy z tworzyw sztucznych, radiatory, obr\u00f3bka skrawaniem, napisy, anodowanie, sitodruk i druk cyfrowy\",\"breadcrumb\":{\"@id\":\"https:\\\/\\\/19zoll.com\\\/pl\\\/skontaktuj-sie-z-nami\\\/#breadcrumb\"},\"inLanguage\":\"pl-PL\",\"potentialAction\":[{\"@type\":\"ReadAction\",\"target\":[\"https:\\\/\\\/19zoll.com\\\/pl\\\/skontaktuj-sie-z-nami\\\/\"]}]},{\"@type\":\"BreadcrumbList\",\"@id\":\"https:\\\/\\\/19zoll.com\\\/pl\\\/skontaktuj-sie-z-nami\\\/#breadcrumb\",\"itemListElement\":[{\"@type\":\"ListItem\",\"position\":1,\"name\":\"Startseite\",\"item\":\"https:\\\/\\\/19zoll.com\\\/pl\\\/strona-glowna\\\/\"},{\"@type\":\"ListItem\",\"position\":2,\"name\":\"Skontaktuj si\u0119 z nami\"}]},{\"@type\":\"WebSite\",\"@id\":\"https:\\\/\\\/19zoll.com\\\/#website\",\"url\":\"https:\\\/\\\/19zoll.com\\\/\",\"name\":\"Daub CNC\",\"description\":\"Ein Webprojekt von IhrMediengestalter\",\"potentialAction\":[{\"@type\":\"SearchAction\",\"target\":{\"@type\":\"EntryPoint\",\"urlTemplate\":\"https:\\\/\\\/19zoll.com\\\/?s={search_term_string}\"},\"query-input\":{\"@type\":\"PropertyValueSpecification\",\"valueRequired\":true,\"valueName\":\"search_term_string\"}}],\"inLanguage\":\"pl-PL\"}]}<\/script>\n<!-- \/ Yoast SEO plugin. -->","yoast_head_json":{"title":"Skontaktuj si\u0119 z nami - Daub CNC Technik GmbH und Co KG","description":"Kontakt, doradztwo, wsparcie, obudowy aluminiowe, obudowy z tworzyw sztucznych, radiatory, obr\u00f3bka skrawaniem, napisy, anodowanie, sitodruk i druk cyfrowy","robots":{"index":"index","follow":"follow","max-snippet":"max-snippet:-1","max-image-preview":"max-image-preview:large","max-video-preview":"max-video-preview:-1"},"canonical":"https:\/\/19zoll.com\/pl\/skontaktuj-sie-z-nami\/","og_locale":"pl_PL","og_type":"article","og_title":"Skontaktuj si\u0119 z nami - Daub CNC Technik GmbH und Co KG","og_description":"Kontakt, doradztwo, wsparcie, obudowy aluminiowe, obudowy z tworzyw sztucznych, radiatory, obr\u00f3bka skrawaniem, napisy, anodowanie, sitodruk i druk cyfrowy","og_url":"https:\/\/19zoll.com\/pl\/skontaktuj-sie-z-nami\/","og_site_name":"Daub CNC","article_modified_time":"2025-03-25T13:28:49+00:00","og_image":[{"url":"https:\/\/19zoll.com\/wp-content\/uploads\/2022\/04\/daub-logo-png.png","type":"","width":"","height":""}],"twitter_card":"summary_large_image","twitter_title":"Skontaktuj si\u0119 z nami - Daub CNC Technik GmbH und Co KG","twitter_description":"Kontakt, doradztwo, wsparcie, obudowy aluminiowe, obudowy z tworzyw sztucznych, radiatory, obr\u00f3bka skrawaniem, napisy, anodowanie, sitodruk i druk cyfrowy","twitter_image":"https:\/\/19zoll.com\/wp-content\/uploads\/2022\/04\/daub-logo-png.png","twitter_misc":{"Szacowany czas czytania":"4 minuty"},"schema":{"@context":"https:\/\/schema.org","@graph":[{"@type":"WebPage","@id":"https:\/\/19zoll.com\/pl\/skontaktuj-sie-z-nami\/","url":"https:\/\/19zoll.com\/pl\/skontaktuj-sie-z-nami\/","name":"Skontaktuj si\u0119 z nami - Daub CNC Technik GmbH und Co KG","isPartOf":{"@id":"https:\/\/19zoll.com\/#website"},"datePublished":"2021-10-21T13:35:23+00:00","dateModified":"2025-03-25T13:28:49+00:00","description":"Kontakt, doradztwo, wsparcie, obudowy aluminiowe, obudowy z tworzyw sztucznych, radiatory, obr\u00f3bka skrawaniem, napisy, anodowanie, sitodruk i druk cyfrowy","breadcrumb":{"@id":"https:\/\/19zoll.com\/pl\/skontaktuj-sie-z-nami\/#breadcrumb"},"inLanguage":"pl-PL","potentialAction":[{"@type":"ReadAction","target":["https:\/\/19zoll.com\/pl\/skontaktuj-sie-z-nami\/"]}]},{"@type":"BreadcrumbList","@id":"https:\/\/19zoll.com\/pl\/skontaktuj-sie-z-nami\/#breadcrumb","itemListElement":[{"@type":"ListItem","position":1,"name":"Startseite","item":"https:\/\/19zoll.com\/pl\/strona-glowna\/"},{"@type":"ListItem","position":2,"name":"Skontaktuj si\u0119 z nami"}]},{"@type":"WebSite","@id":"https:\/\/19zoll.com\/#website","url":"https:\/\/19zoll.com\/","name":"Daub CNC","description":"Ein Webprojekt von IhrMediengestalter","potentialAction":[{"@type":"SearchAction","target":{"@type":"EntryPoint","urlTemplate":"https:\/\/19zoll.com\/?s={search_term_string}"},"query-input":{"@type":"PropertyValueSpecification","valueRequired":true,"valueName":"search_term_string"}}],"inLanguage":"pl-PL"}]}},"_links":{"self":[{"href":"https:\/\/19zoll.com\/pl\/wp-json\/wp\/v2\/pages\/55221","targetHints":{"allow":["GET"]}}],"collection":[{"href":"https:\/\/19zoll.com\/pl\/wp-json\/wp\/v2\/pages"}],"about":[{"href":"https:\/\/19zoll.com\/pl\/wp-json\/wp\/v2\/types\/page"}],"author":[{"embeddable":true,"href":"https:\/\/19zoll.com\/pl\/wp-json\/wp\/v2\/users\/1"}],"replies":[{"embeddable":true,"href":"https:\/\/19zoll.com\/pl\/wp-json\/wp\/v2\/comments?post=55221"}],"version-history":[{"count":12,"href":"https:\/\/19zoll.com\/pl\/wp-json\/wp\/v2\/pages\/55221\/revisions"}],"predecessor-version":[{"id":58313,"href":"https:\/\/19zoll.com\/pl\/wp-json\/wp\/v2\/pages\/55221\/revisions\/58313"}],"wp:attachment":[{"href":"https:\/\/19zoll.com\/pl\/wp-json\/wp\/v2\/media?parent=55221"}],"curies":[{"name":"wp","href":"https:\/\/api.w.org\/{rel}","templated":true}]}}