{"id":55218,"date":"2022-05-09T14:38:52","date_gmt":"2022-05-09T12:38:52","guid":{"rendered":"https:\/\/19zoll.com\/nadruk\/"},"modified":"2024-12-06T03:34:21","modified_gmt":"2024-12-06T02:34:21","slug":"nadruk","status":"publish","type":"page","link":"https:\/\/19zoll.com\/pl\/nadruk\/","title":{"rendered":"Nadruk"},"content":{"rendered":"<div class=\"et_d4_element et_pb_section et_pb_section_0  et_pb_css_mix_blend_mode et_section_regular et_block_section\" >\n\t\t\t\t\n\t\t\t\t\n\t\t\t\t\n\t\t\t\t\n\t\t\t\t\n\t\t\t\t\n\t\t\t\t<div class=\"et_d4_element et_pb_row et_pb_row_0  et_pb_css_mix_blend_mode et_block_row\">\n\t\t\t\t<div class=\"et_d4_element et_pb_column_4_4 et_pb_column et_pb_column_0  et_pb_css_mix_blend_mode et-last-child et_block_column\">\n\t\t\t\t\n\t\t\t\t\n\t\t\t\t\n\t\t\t\t\n\t\t\t\t<div class=\"et_pb_module et_d4_element et_pb_text et_pb_text_0  et_pb_text_align_left et_pb_bg_layout_light\">\n\t\t\t\t\n\t\t\t\t\n\t\t\t\t\n\t\t\t\t\n\t\t\t\t<div class=\"et_pb_text_inner\"><h1>Nadruk<\/h1>\n<h2>Informacje zgodnie z \u00a7 5 TMG<\/h2>\n<p> Daub CNC Technik GmbH und Co KG Am Dassenborn 20 57482 Wenden<\/p>\n<p> Rejestr handlowy: HRA6369 S\u0105d rejestrowy: S\u0105d lokalny w Siegen<\/p>\n<p><strong>Reprezentowany przez:<\/strong><\/p>\n<p> Daub CNC Technik Verwaltungs GmbH Am Dassenborn 20 57482 Wenden<\/p>\n<p>Reprezentowany przez:<\/p>\n<p> Detlev Daub Dipl.-Ing. Volker Kaluza, MBA<\/p>\n<p> Rejestr handlowy: HRB 5492 S\u0105d rejestrowy: S\u0105d lokalny w Siegen<\/p>\n<h2>Skontaktuj si\u0119 z nami<\/h2>\n<p> Telefon: + 49 (0)2762 407194-0 Faks: + 49 (0)2762 407194-99 E-mail: mail@19zoll.com<\/p>\n<h2>Identyfikator podatkowy sprzeda\u017cy<\/h2>\n<p> Numer identyfikacji podatkowej zgodnie z \u00a7 27 a ustawy o podatku od sprzeda\u017cy: DE217500901<\/p>\n<h2>Rozstrzyganie spor\u00f3w w UE<\/h2>\n<p>Komisja Europejska udost\u0119pnia platform\u0119 internetowego rozstrzygania spor\u00f3w (OS): <a href=\"https:\/\/ec.europa.eu\/consumers\/odr\/\" target=\"_blank\" rel=\"noopener noreferrer\">https:\/\/ec.europa.eu\/consumers\/odr\/.<\/a><br \/> Nasz adres e-mail mo\u017cna znale\u017a\u0107 w powy\u017cszej nocie prawnej.<\/p>\n<h2>Rozstrzyganie spor\u00f3w konsumenckich\/uniwersalne centrum arbitra\u017cowe<\/h2>\n<p>Nie jeste\u015bmy sk\u0142onni ani zobowi\u0105zani do udzia\u0142u w post\u0119powaniu rozstrzygaj\u0105cym spory przed komisj\u0105 arbitra\u017cow\u0105 ds. konsument\u00f3w.<\/p><\/div>\n\t\t\t<\/div>\n\t\t\t<\/div>\n\t\t\t\t\n\t\t\t\t\n\t\t\t\t\n\t\t\t\t\n\t\t\t<\/div>\n\t\t\t\t\n\t\t\t\t\n\t\t\t<\/div>\n","protected":false},"excerpt":{"rendered":"","protected":false},"author":1,"featured_media":0,"parent":0,"menu_order":0,"comment_status":"closed","ping_status":"closed","template":"","meta":{"inline_featured_image":false,"_et_pb_use_builder":"on","_et_pb_old_content":"","_et_gb_content_width":"","footnotes":""},"class_list":["post-55218","page","type-page","status-publish","hentry"],"yoast_head":"<!-- This site is optimized with the Yoast SEO plugin v27.5 - https:\/\/yoast.com\/product\/yoast-seo-wordpress\/ -->\n<title>Nadruk - Daub CNC<\/title>\n<meta name=\"robots\" content=\"index, follow, max-snippet:-1, max-image-preview:large, max-video-preview:-1\" \/>\n<link rel=\"canonical\" href=\"https:\/\/19zoll.com\/pl\/nadruk\/\" \/>\n<meta property=\"og:locale\" content=\"pl_PL\" \/>\n<meta property=\"og:type\" content=\"article\" \/>\n<meta property=\"og:title\" content=\"Nadruk - Daub CNC\" \/>\n<meta property=\"og:url\" content=\"https:\/\/19zoll.com\/pl\/nadruk\/\" \/>\n<meta property=\"og:site_name\" content=\"Daub CNC\" \/>\n<meta property=\"article:modified_time\" content=\"2024-12-06T02:34:21+00:00\" \/>\n<meta name=\"twitter:card\" content=\"summary_large_image\" \/>\n<meta name=\"twitter:label1\" content=\"Szacowany czas czytania\" \/>\n\t<meta name=\"twitter:data1\" content=\"1 minuta\" \/>\n<script type=\"application\/ld+json\" class=\"yoast-schema-graph\">{\"@context\":\"https:\\\/\\\/schema.org\",\"@graph\":[{\"@type\":\"WebPage\",\"@id\":\"https:\\\/\\\/19zoll.com\\\/pl\\\/nadruk\\\/\",\"url\":\"https:\\\/\\\/19zoll.com\\\/pl\\\/nadruk\\\/\",\"name\":\"Nadruk - Daub CNC\",\"isPartOf\":{\"@id\":\"https:\\\/\\\/19zoll.com\\\/#website\"},\"datePublished\":\"2022-05-09T12:38:52+00:00\",\"dateModified\":\"2024-12-06T02:34:21+00:00\",\"breadcrumb\":{\"@id\":\"https:\\\/\\\/19zoll.com\\\/pl\\\/nadruk\\\/#breadcrumb\"},\"inLanguage\":\"pl-PL\",\"potentialAction\":[{\"@type\":\"ReadAction\",\"target\":[\"https:\\\/\\\/19zoll.com\\\/pl\\\/nadruk\\\/\"]}]},{\"@type\":\"BreadcrumbList\",\"@id\":\"https:\\\/\\\/19zoll.com\\\/pl\\\/nadruk\\\/#breadcrumb\",\"itemListElement\":[{\"@type\":\"ListItem\",\"position\":1,\"name\":\"Startseite\",\"item\":\"https:\\\/\\\/19zoll.com\\\/pl\\\/strona-glowna\\\/\"},{\"@type\":\"ListItem\",\"position\":2,\"name\":\"Nadruk\"}]},{\"@type\":\"WebSite\",\"@id\":\"https:\\\/\\\/19zoll.com\\\/#website\",\"url\":\"https:\\\/\\\/19zoll.com\\\/\",\"name\":\"Daub CNC\",\"description\":\"Ein Webprojekt von IhrMediengestalter\",\"potentialAction\":[{\"@type\":\"SearchAction\",\"target\":{\"@type\":\"EntryPoint\",\"urlTemplate\":\"https:\\\/\\\/19zoll.com\\\/?s={search_term_string}\"},\"query-input\":{\"@type\":\"PropertyValueSpecification\",\"valueRequired\":true,\"valueName\":\"search_term_string\"}}],\"inLanguage\":\"pl-PL\"}]}<\/script>\n<!-- \/ Yoast SEO plugin. -->","yoast_head_json":{"title":"Nadruk - Daub CNC","robots":{"index":"index","follow":"follow","max-snippet":"max-snippet:-1","max-image-preview":"max-image-preview:large","max-video-preview":"max-video-preview:-1"},"canonical":"https:\/\/19zoll.com\/pl\/nadruk\/","og_locale":"pl_PL","og_type":"article","og_title":"Nadruk - Daub CNC","og_url":"https:\/\/19zoll.com\/pl\/nadruk\/","og_site_name":"Daub CNC","article_modified_time":"2024-12-06T02:34:21+00:00","twitter_card":"summary_large_image","twitter_misc":{"Szacowany czas czytania":"1 minuta"},"schema":{"@context":"https:\/\/schema.org","@graph":[{"@type":"WebPage","@id":"https:\/\/19zoll.com\/pl\/nadruk\/","url":"https:\/\/19zoll.com\/pl\/nadruk\/","name":"Nadruk - Daub CNC","isPartOf":{"@id":"https:\/\/19zoll.com\/#website"},"datePublished":"2022-05-09T12:38:52+00:00","dateModified":"2024-12-06T02:34:21+00:00","breadcrumb":{"@id":"https:\/\/19zoll.com\/pl\/nadruk\/#breadcrumb"},"inLanguage":"pl-PL","potentialAction":[{"@type":"ReadAction","target":["https:\/\/19zoll.com\/pl\/nadruk\/"]}]},{"@type":"BreadcrumbList","@id":"https:\/\/19zoll.com\/pl\/nadruk\/#breadcrumb","itemListElement":[{"@type":"ListItem","position":1,"name":"Startseite","item":"https:\/\/19zoll.com\/pl\/strona-glowna\/"},{"@type":"ListItem","position":2,"name":"Nadruk"}]},{"@type":"WebSite","@id":"https:\/\/19zoll.com\/#website","url":"https:\/\/19zoll.com\/","name":"Daub CNC","description":"Ein Webprojekt von IhrMediengestalter","potentialAction":[{"@type":"SearchAction","target":{"@type":"EntryPoint","urlTemplate":"https:\/\/19zoll.com\/?s={search_term_string}"},"query-input":{"@type":"PropertyValueSpecification","valueRequired":true,"valueName":"search_term_string"}}],"inLanguage":"pl-PL"}]}},"_links":{"self":[{"href":"https:\/\/19zoll.com\/pl\/wp-json\/wp\/v2\/pages\/55218","targetHints":{"allow":["GET"]}}],"collection":[{"href":"https:\/\/19zoll.com\/pl\/wp-json\/wp\/v2\/pages"}],"about":[{"href":"https:\/\/19zoll.com\/pl\/wp-json\/wp\/v2\/types\/page"}],"author":[{"embeddable":true,"href":"https:\/\/19zoll.com\/pl\/wp-json\/wp\/v2\/users\/1"}],"replies":[{"embeddable":true,"href":"https:\/\/19zoll.com\/pl\/wp-json\/wp\/v2\/comments?post=55218"}],"version-history":[{"count":2,"href":"https:\/\/19zoll.com\/pl\/wp-json\/wp\/v2\/pages\/55218\/revisions"}],"predecessor-version":[{"id":55220,"href":"https:\/\/19zoll.com\/pl\/wp-json\/wp\/v2\/pages\/55218\/revisions\/55220"}],"wp:attachment":[{"href":"https:\/\/19zoll.com\/pl\/wp-json\/wp\/v2\/media?parent=55218"}],"curies":[{"name":"wp","href":"https:\/\/api.w.org\/{rel}","templated":true}]}}