{"id":55212,"date":"2021-10-21T15:40:36","date_gmt":"2021-10-21T13:40:36","guid":{"rendered":"https:\/\/19zoll.com\/historia\/"},"modified":"2025-03-25T14:29:00","modified_gmt":"2025-03-25T13:29:00","slug":"historia","status":"publish","type":"page","link":"https:\/\/19zoll.com\/pl\/historia\/","title":{"rendered":"Historia"},"content":{"rendered":"<p>[et_pb_section fb_built=&#8221;1&#8243; _builder_version=&#8221;4.16.0&#8243; _module_preset=&#8221;default&#8221; background_color=&#8221;#F3F3F3&#8243; border_width_bottom=&#8221;3px&#8221; border_color_bottom=&#8221;#FFFFFF&#8221; locked=&#8221;off&#8221; global_colors_info=&#8221;{}&#8221;][et_pb_row use_custom_gutter=&#8221;on&#8221; make_equal=&#8221;on&#8221; _builder_version=&#8221;4.16&#8243; _module_preset=&#8221;default&#8221; custom_css_main_element=&#8221;align-items: center;&#8221; global_colors_info=&#8221;{}&#8221;][et_pb_column type=&#8221;4_4&#8243; _builder_version=&#8221;4.16&#8243; _module_preset=&#8221;default&#8221; global_colors_info=&#8221;{}&#8221;][et_pb_text _builder_version=&#8221;4.16.0&#8243; _module_preset=&#8221;default&#8221; text_text_color=&#8221;#3B3B3B&#8221; text_font_size=&#8221;15px&#8221; text_line_height=&#8221;1.8em&#8221; header_font=&#8221;|700|||||||&#8221; header_text_color=&#8221;#3B3B3B&#8221; header_line_height=&#8221;1.3em&#8221; global_colors_info=&#8221;{}&#8221;]<\/p>\n<h1><span>Technologia Daub CNC w Wenden<\/span><\/h1>\n<p style=\"font-weight: 400;\">Za\u0142o\u017cona w 1997 roku przez Detleva Dauba, jednoosobowa firma Daub CNC Technik pocz\u0105tkowo oferowa\u0142a jedynie obr\u00f3bk\u0119 blach CNC dla lokalnych klient\u00f3w.<\/p>\n<p style=\"font-weight: 400;\">DAUB CNC Technik jest dynamicznie rozwijaj\u0105c\u0105 si\u0119 firm\u0105 z ponadprzeci\u0119tnymi zyskami i jest uznawana za najlepszego dostawc\u0119 i punkt odniesienia dla niestandardowych rozwi\u0105za\u0144 w zakresie obud\u00f3w do ochrony zespo\u0142\u00f3w elektronicznych.<\/p>\n<p style=\"font-weight: 400;\">\n<p style=\"font-weight: 400;\">Mamy dobr\u0105 pozycj\u0119 w Europie dzi\u0119ki naszej ukierunkowanej internacjonalizacji i posiadamy szeroki i g\u0142\u0119boki portfel klient\u00f3w kapita\u0142owych.<\/p>\n<p style=\"font-weight: 400;\">Posiadamy gam\u0119 produkt\u00f3w istotnych dla klienta\/rynku, kt\u00f3ra umacnia nasz\u0105 pozycj\u0119 czo\u0142owego rafinatora standardowych produkt\u00f3w od lidera technologii.<\/p>\n<p style=\"font-weight: 400;\">Jako kluczowy dystrybutor produkt\u00f3w Takachi w DACH i Europie P\u00f3\u0142nocno-Zachodniej, oferujemy jasno skonstruowane portfolio produkt\u00f3w dla niestandardowych rozwi\u0105za\u0144 ze standardowego asortymentu. Jeste\u015bmy punktem odniesienia dla cyfrowej dystrybucji obud\u00f3w elektronicznych z szerok\u0105 gam\u0105 produkt\u00f3w i us\u0142ug &#8211; ekonomicznych, zautomatyzowanych i zr\u00f3wnowa\u017conych. Jako silna marka z jasn\u0105 obietnic\u0105 marki, jeste\u015bmy rozpoznawani za nasz\u0105 wydajno\u015b\u0107 dostaw.  <\/p>\n<p style=\"font-weight: 400;\">\n<p style=\"font-weight: 400;\">Dzi\u0119ki konsekwentnemu stosowaniu ustrukturyzowanych i przejrzystych proces\u00f3w lean oraz wykorzystaniu CRM w SAP Business One, wspieramy nasz\u0105 wiod\u0105c\u0105 jako\u015b\u0107 i mamy zautomatyzowan\u0105 i nieproporcjonalnie dochodow\u0105 firm\u0119 opart\u0105 na KPI.<\/p>\n<p style=\"font-weight: 400;\">\n<p style=\"font-weight: 400;\">Dzi\u0119ki inteligentnej ekspansji naszej integracji pionowej i planowaniu produkcji w oparciu o KPI, skracamy nasze czasy przepustowo\u015bci i stale usprawniamy nasze procesy produkcyjne.<\/p>\n<p style=\"font-weight: 400;\">\n<p style=\"font-weight: 400;\">Jeste\u015bmy liderami technologicznymi w zakresie materia\u0142\u00f3w, format\u00f3w, funkcji, dotyku, wzornictwa, w\u0142a\u015bciwo\u015bci i wzorc\u00f3w w zakresie wykorzystania najnowocze\u015bniejszych technologii w prezentacji, produkcji i konfiguracji produkt\u00f3w (rzeczywisto\u015b\u0107 rozszerzona, automatyzacja i indywidualizacja).<\/p>\n<p style=\"font-weight: 400;\">Wykorzystujemy partnerstwo technologiczne i si\u0142\u0119 innowacji naszego partnera Takachi Electronics Enclosures, aby rozszerzy\u0107 nasze w\u0142asne mo\u017cliwo\u015bci innowacyjne oraz aktywnie i skutecznie wprowadza\u0107 na rynek nasze w\u0142asne indywidualne rozwi\u0105zania.<\/p>\n<p style=\"font-weight: 400;\">\n<p style=\"font-weight: 400;\">Jeste\u015bmy uznanym partnerem w zakresie udoskonalania produkt\u00f3w Takachi w Europie.<\/p>\n<p style=\"font-weight: 400;\">\n<p style=\"font-weight: 400;\">Nasza silna marka zapewnia, \u017ce wszyscy zaanga\u017cowani identyfikuj\u0105 si\u0119 z celami firmy i ich realizacj\u0105 oraz charakteryzuje nasz\u0105 kultur\u0119 zarz\u0105dzania i kultur\u0119 korporacyjn\u0105 oraz jej zr\u00f3wnowa\u017cony dalszy rozw\u00f3j.<\/p>\n<p style=\"font-weight: 400;\">\n<p style=\"font-weight: 400;\">Nasza silna marka pracodawcy pozwala nam sukcesywnie przyci\u0105ga\u0107 i zatrzymywa\u0107 wysoko wykwalifikowanych pracownik\u00f3w.<\/p>\n<p style=\"font-weight: 400;\">\n<p style=\"font-weight: 400;\">Nowy zak\u0142ad powlekania powierzchni jest obecnie tworzony w nowej lokalizacji na terenie przemys\u0142owym Olpe H\u00fcppcherhammer. Dzi\u0119ki firmie Daub &#8211; Oberfl\u00e4chentechnik mo\u017cemy anodowa\u0107 i pasywowa\u0107 nasze w\u0142asne produkty, a tak\u017ce produkty aluminiowe jako us\u0142ug\u0119. <\/p>\n<p style=\"font-weight: 400;\">\n<p style=\"font-weight: 400;\">Uruchomimy r\u00f3wnie\u017c nowy magazyn, dzi\u0119ki czemu b\u0119dziemy mogli dostarcza\u0107 szerok\u0105 gam\u0119 standardowych obud\u00f3w bezpo\u015brednio do naszych klient\u00f3w.<\/p>\n<p style=\"font-weight: 400;\">\n<p style=\"font-weight: 400;\">Przekonaj si\u0119 o specjalistycznej wiedzy i wszechstronno\u015bci &#8211; zapraszamy do obejrzenia produkt\u00f3w Daub w salonie wystawowym w Wenden i zapoznania si\u0119 z nowoczesn\u0105 produkcj\u0105.<\/p>\n<p>[\/et_pb_text][\/et_pb_column][\/et_pb_row][\/et_pb_section]<\/p>\n","protected":false},"excerpt":{"rendered":"<p>Technologia Daub CNC w Wenden Za\u0142o\u017cona w 1997 roku przez Detleva Dauba, jednoosobowa firma Daub CNC Technik pocz\u0105tkowo oferowa\u0142a jedynie obr\u00f3bk\u0119 blach CNC dla lokalnych klient\u00f3w. DAUB CNC Technik jest dynamicznie rozwijaj\u0105c\u0105 si\u0119 firm\u0105 z ponadprzeci\u0119tnymi zyskami i jest uznawana za najlepszego dostawc\u0119 i punkt odniesienia dla niestandardowych rozwi\u0105za\u0144 w zakresie obud\u00f3w do ochrony zespo\u0142\u00f3w [&hellip;]<\/p>\n","protected":false},"author":1,"featured_media":0,"parent":0,"menu_order":0,"comment_status":"closed","ping_status":"closed","template":"","meta":{"_et_pb_use_builder":"on","_et_pb_old_content":"","_et_gb_content_width":"","inline_featured_image":false,"footnotes":""},"class_list":["post-55212","page","type-page","status-publish","hentry"],"yoast_head":"<!-- This site is optimized with the Yoast SEO plugin v27.3 - https:\/\/yoast.com\/product\/yoast-seo-wordpress\/ -->\n<title>Historia Daub CNC Technik GmbH and Co. KG<\/title>\n<meta name=\"description\" content=\"Obr\u00f3bka blach CNC, frezarki, obudowy aluminiowe, powlekanie powierzchni, drukowanie, anodowanie, pasywacja, sitodruk, druk cyfrowy\" \/>\n<meta name=\"robots\" content=\"index, follow, max-snippet:-1, max-image-preview:large, max-video-preview:-1\" \/>\n<link rel=\"canonical\" href=\"https:\/\/19zoll.com\/pl\/historia\/\" \/>\n<meta property=\"og:locale\" content=\"pl_PL\" \/>\n<meta property=\"og:type\" content=\"article\" \/>\n<meta property=\"og:title\" content=\"Historia Daub CNC Technik GmbH and Co. KG\" \/>\n<meta property=\"og:description\" content=\"Obr\u00f3bka blach CNC, frezarki, obudowy aluminiowe, powlekanie powierzchni, drukowanie, anodowanie, pasywacja, sitodruk, druk cyfrowy\" \/>\n<meta property=\"og:url\" content=\"https:\/\/19zoll.com\/pl\/historia\/\" \/>\n<meta property=\"og:site_name\" content=\"Daub CNC\" \/>\n<meta property=\"article:modified_time\" content=\"2025-03-25T13:29:00+00:00\" \/>\n<meta property=\"og:image\" content=\"https:\/\/19zoll.com\/wp-content\/uploads\/2022\/04\/daub-logo-png.png\" \/>\n<meta name=\"twitter:card\" content=\"summary_large_image\" \/>\n<meta name=\"twitter:title\" content=\"Historia Daub CNC Technik GmbH and Co. KG\" \/>\n<meta name=\"twitter:description\" content=\"Obr\u00f3bka blach CNC, frezarki, obudowy aluminiowe, powlekanie powierzchni, drukowanie, anodowanie, pasywacja, sitodruk, druk cyfrowy\" \/>\n<meta name=\"twitter:image\" content=\"https:\/\/19zoll.com\/wp-content\/uploads\/2022\/04\/daub-logo-png.png\" \/>\n<meta name=\"twitter:label1\" content=\"Szacowany czas czytania\" \/>\n\t<meta name=\"twitter:data1\" content=\"3 minuty\" \/>\n<script type=\"application\/ld+json\" class=\"yoast-schema-graph\">{\"@context\":\"https:\\\/\\\/schema.org\",\"@graph\":[{\"@type\":\"WebPage\",\"@id\":\"https:\\\/\\\/19zoll.com\\\/pl\\\/historia\\\/\",\"url\":\"https:\\\/\\\/19zoll.com\\\/pl\\\/historia\\\/\",\"name\":\"Historia Daub CNC Technik GmbH and Co. KG\",\"isPartOf\":{\"@id\":\"https:\\\/\\\/19zoll.com\\\/#website\"},\"datePublished\":\"2021-10-21T13:40:36+00:00\",\"dateModified\":\"2025-03-25T13:29:00+00:00\",\"description\":\"Obr\u00f3bka blach CNC, frezarki, obudowy aluminiowe, powlekanie powierzchni, drukowanie, anodowanie, pasywacja, sitodruk, druk cyfrowy\",\"breadcrumb\":{\"@id\":\"https:\\\/\\\/19zoll.com\\\/pl\\\/historia\\\/#breadcrumb\"},\"inLanguage\":\"pl-PL\",\"potentialAction\":[{\"@type\":\"ReadAction\",\"target\":[\"https:\\\/\\\/19zoll.com\\\/pl\\\/historia\\\/\"]}]},{\"@type\":\"BreadcrumbList\",\"@id\":\"https:\\\/\\\/19zoll.com\\\/pl\\\/historia\\\/#breadcrumb\",\"itemListElement\":[{\"@type\":\"ListItem\",\"position\":1,\"name\":\"Startseite\",\"item\":\"https:\\\/\\\/19zoll.com\\\/pl\\\/strona-glowna\\\/\"},{\"@type\":\"ListItem\",\"position\":2,\"name\":\"Historia\"}]},{\"@type\":\"WebSite\",\"@id\":\"https:\\\/\\\/19zoll.com\\\/#website\",\"url\":\"https:\\\/\\\/19zoll.com\\\/\",\"name\":\"Daub CNC\",\"description\":\"Ein Webprojekt von IhrMediengestalter\",\"potentialAction\":[{\"@type\":\"SearchAction\",\"target\":{\"@type\":\"EntryPoint\",\"urlTemplate\":\"https:\\\/\\\/19zoll.com\\\/?s={search_term_string}\"},\"query-input\":{\"@type\":\"PropertyValueSpecification\",\"valueRequired\":true,\"valueName\":\"search_term_string\"}}],\"inLanguage\":\"pl-PL\"}]}<\/script>\n<!-- \/ Yoast SEO plugin. -->","yoast_head_json":{"title":"Historia Daub CNC Technik GmbH and Co. KG","description":"Obr\u00f3bka blach CNC, frezarki, obudowy aluminiowe, powlekanie powierzchni, drukowanie, anodowanie, pasywacja, sitodruk, druk cyfrowy","robots":{"index":"index","follow":"follow","max-snippet":"max-snippet:-1","max-image-preview":"max-image-preview:large","max-video-preview":"max-video-preview:-1"},"canonical":"https:\/\/19zoll.com\/pl\/historia\/","og_locale":"pl_PL","og_type":"article","og_title":"Historia Daub CNC Technik GmbH and Co. KG","og_description":"Obr\u00f3bka blach CNC, frezarki, obudowy aluminiowe, powlekanie powierzchni, drukowanie, anodowanie, pasywacja, sitodruk, druk cyfrowy","og_url":"https:\/\/19zoll.com\/pl\/historia\/","og_site_name":"Daub CNC","article_modified_time":"2025-03-25T13:29:00+00:00","og_image":[{"url":"https:\/\/19zoll.com\/wp-content\/uploads\/2022\/04\/daub-logo-png.png","type":"","width":"","height":""}],"twitter_card":"summary_large_image","twitter_title":"Historia Daub CNC Technik GmbH and Co. KG","twitter_description":"Obr\u00f3bka blach CNC, frezarki, obudowy aluminiowe, powlekanie powierzchni, drukowanie, anodowanie, pasywacja, sitodruk, druk cyfrowy","twitter_image":"https:\/\/19zoll.com\/wp-content\/uploads\/2022\/04\/daub-logo-png.png","twitter_misc":{"Szacowany czas czytania":"3 minuty"},"schema":{"@context":"https:\/\/schema.org","@graph":[{"@type":"WebPage","@id":"https:\/\/19zoll.com\/pl\/historia\/","url":"https:\/\/19zoll.com\/pl\/historia\/","name":"Historia Daub CNC Technik GmbH and Co. KG","isPartOf":{"@id":"https:\/\/19zoll.com\/#website"},"datePublished":"2021-10-21T13:40:36+00:00","dateModified":"2025-03-25T13:29:00+00:00","description":"Obr\u00f3bka blach CNC, frezarki, obudowy aluminiowe, powlekanie powierzchni, drukowanie, anodowanie, pasywacja, sitodruk, druk cyfrowy","breadcrumb":{"@id":"https:\/\/19zoll.com\/pl\/historia\/#breadcrumb"},"inLanguage":"pl-PL","potentialAction":[{"@type":"ReadAction","target":["https:\/\/19zoll.com\/pl\/historia\/"]}]},{"@type":"BreadcrumbList","@id":"https:\/\/19zoll.com\/pl\/historia\/#breadcrumb","itemListElement":[{"@type":"ListItem","position":1,"name":"Startseite","item":"https:\/\/19zoll.com\/pl\/strona-glowna\/"},{"@type":"ListItem","position":2,"name":"Historia"}]},{"@type":"WebSite","@id":"https:\/\/19zoll.com\/#website","url":"https:\/\/19zoll.com\/","name":"Daub CNC","description":"Ein Webprojekt von IhrMediengestalter","potentialAction":[{"@type":"SearchAction","target":{"@type":"EntryPoint","urlTemplate":"https:\/\/19zoll.com\/?s={search_term_string}"},"query-input":{"@type":"PropertyValueSpecification","valueRequired":true,"valueName":"search_term_string"}}],"inLanguage":"pl-PL"}]}},"_links":{"self":[{"href":"https:\/\/19zoll.com\/pl\/wp-json\/wp\/v2\/pages\/55212","targetHints":{"allow":["GET"]}}],"collection":[{"href":"https:\/\/19zoll.com\/pl\/wp-json\/wp\/v2\/pages"}],"about":[{"href":"https:\/\/19zoll.com\/pl\/wp-json\/wp\/v2\/types\/page"}],"author":[{"embeddable":true,"href":"https:\/\/19zoll.com\/pl\/wp-json\/wp\/v2\/users\/1"}],"replies":[{"embeddable":true,"href":"https:\/\/19zoll.com\/pl\/wp-json\/wp\/v2\/comments?post=55212"}],"version-history":[{"count":6,"href":"https:\/\/19zoll.com\/pl\/wp-json\/wp\/v2\/pages\/55212\/revisions"}],"predecessor-version":[{"id":58356,"href":"https:\/\/19zoll.com\/pl\/wp-json\/wp\/v2\/pages\/55212\/revisions\/58356"}],"wp:attachment":[{"href":"https:\/\/19zoll.com\/pl\/wp-json\/wp\/v2\/media?parent=55212"}],"curies":[{"name":"wp","href":"https:\/\/api.w.org\/{rel}","templated":true}]}}