{"id":55201,"date":"2021-12-03T18:27:10","date_gmt":"2021-12-03T17:27:10","guid":{"rendered":"https:\/\/19zoll.com\/panele-przednie\/"},"modified":"2025-03-25T14:26:01","modified_gmt":"2025-03-25T13:26:01","slug":"panele-przednie","status":"publish","type":"page","link":"https:\/\/19zoll.com\/pl\/panele-przednie\/","title":{"rendered":"Panele przednie"},"content":{"rendered":"<p>[et_pb_section fb_built=&#8221;1&#8243; _builder_version=&#8221;4.16&#8243; _module_preset=&#8221;default&#8221; background_color=&#8221;#F3F3F3&#8243; global_colors_info=&#8221;{}&#8221;][et_pb_row _builder_version=&#8221;4.16&#8243; _module_preset=&#8221;default&#8221; global_colors_info=&#8221;{}&#8221;][et_pb_column type=&#8221;4_4&#8243; _builder_version=&#8221;4.16&#8243; _module_preset=&#8221;default&#8221; global_colors_info=&#8221;{}&#8221;][et_pb_text _builder_version=&#8221;4.16&#8243; _module_preset=&#8221;default&#8221; text_text_color=&#8221;#3B3B3B&#8221; text_font_size=&#8221;15px&#8221; text_line_height=&#8221;1.8em&#8221; link_text_color=&#8221;#1F7BC3&#8243; header_font=&#8221;|700|||||||&#8221; header_text_color=&#8221;#3B3B3B&#8221; header_line_height=&#8221;1.3em&#8221; header_2_font_size=&#8221;30px&#8221; header_2_line_height=&#8221;1.3em&#8221; global_colors_info=&#8221;{}&#8221;]<\/p>\n<div id=\"c76\" class=\"csc-default csc-space-before-30 csc-space-after-50\">\n<div class=\"csc-header csc-header-n1\">\n<h1 class=\"csc-firstHeader\">Panele przednie i cz\u0119\u015bciowe panele przednie<\/h1>\n<\/div>\n<p class=\"bodytext\">Daub CNC produkuje szerok\u0105 gam\u0119 paneli przednich w najwy\u017cszej jako\u015bci &#8211; elastycznie i ekonomicznie, zgodnie z wymaganiami klienta. Zar\u00f3wno ma\u0142e, jak i du\u017ce ilo\u015bci mog\u0105 by\u0107 dostosowane do potrzeb klienta. Produkty s\u0105 dost\u0119pne w kr\u00f3tkim czasie, charakteryzuj\u0105 si\u0119 wysok\u0105 jako\u015bci\u0105, a jednocze\u015bnie s\u0105 op\u0142acalne.  <\/p>\n<p class=\"bodytext\">19-calowe panele przednie i cz\u0119\u015bciowe panele przednie s\u0105 wykonane z aluminium i maj\u0105 zgodne z EMC tylne boki o dobrych w\u0142a\u015bciwo\u015bciach t\u0142umi\u0105cych, kt\u00f3re przewodz\u0105 pr\u0105d. Umo\u017cliwia to bezpieczne po\u0142\u0105czenie elektryczne z obudow\u0105 i p\u0142ytk\u0105 drukowan\u0105. Aby zapewni\u0107 atrakcyjny wygl\u0105d, powierzchnie 19-calowych paneli przednich i cz\u0119\u015bciowych paneli przednich s\u0105 anodowane na naturalny matowy kolor, a wszystkie wewn\u0119trzne i zewn\u0119trzne kontury s\u0105 frezowane CNC. Firma Daub oferuje r\u00f3wnie\u017c ca\u0142kowicie dziurkowane panele przednie i niestandardowe perforacje specjalne.   <\/p>\n<p><strong>Sitodruk, druk cyfrowy, grawerowanie laserowe, monta\u017c<\/strong><\/p>\n<p class=\"bodytext\">Ko\u0144cowy sitodruk lub druk cyfrowy jest mo\u017cliwy w jednym lub kilku kolorach i mo\u017ce by\u0107 wykonany zgodnie z Twoimi pomys\u0142ami przy u\u017cyciu powtarzalnego szablonu lub bezpo\u015brednio z aplikacji graficznej. Mamy r\u00f3wnie\u017c mo\u017cliwo\u015b\u0107 znakowania ciemnych anodowanych powierzchni za pomoc\u0105 systemu laserowego. <\/p>\n<p class=\"bodytext\">19-calowe panele przednie i cz\u0119\u015bciowe panele przednie Daub mog\u0105 by\u0107 wyposa\u017cone w r\u00f3\u017cne opcje monta\u017cu. Standardowo, cz\u0119\u015bciowe panele przednie s\u0105 wyposa\u017cone w otwory DD 6,00 x 3,20 mm, w kt\u00f3re mo\u017cna wcisn\u0105\u0107 standardowe plastikowe lub metalowe nyple. Alternatywnie, Daub oferuje gwintowane nakr\u0119tki M 2.5, w kt\u00f3re wkr\u0119cane s\u0105 tzw. \u015bruby szyjkowe. \u015aruby i inne elementy mocuj\u0105ce mo\u017cna r\u00f3wnie\u017c wcisn\u0105\u0107 w tyln\u0105 cz\u0119\u015b\u0107 19-calowych paneli przednich, tak aby nie by\u0142y widoczne z przodu.   <\/p>\n<\/div>\n<p>[\/et_pb_text][\/et_pb_column][\/et_pb_row][\/et_pb_section][et_pb_section fb_built=&#8221;1&#8243; _builder_version=&#8221;4.16&#8243; _module_preset=&#8221;default&#8221; background_color=&#8221;#F3F3F3&#8243; width=&#8221;100vw&#8221; max_width=&#8221;100vw&#8221; custom_margin=&#8221;0px||0px||true|true&#8221; custom_padding=&#8221;0px||0px||false|false&#8221; border_color_top=&#8221;#FFFFFF&#8221; border_color_bottom=&#8221;#FFFFFF&#8221; border_style_bottom=&#8221;none&#8221; global_colors_info=&#8221;{}&#8221;][et_pb_row column_structure=&#8221;1_3,1_3,1_3&#8243; use_custom_gutter=&#8221;on&#8221; gutter_width=&#8221;1&#8243; make_equal=&#8221;on&#8221; _builder_version=&#8221;4.16&#8243; _module_preset=&#8221;default&#8221; width=&#8221;100vw&#8221; max_width=&#8221;100vw&#8221; custom_margin=&#8221;0px||0px||true|false&#8221; custom_padding=&#8221;0px||0px||false|false&#8221; border_width_top=&#8221;3px&#8221; border_color_top=&#8221;#FFFFFF&#8221; border_width_bottom=&#8221;3px&#8221; border_color_bottom=&#8221;#FFFFFF&#8221; global_colors_info=&#8221;{}&#8221;][et_pb_column type=&#8221;1_3&#8243; _builder_version=&#8221;4.16&#8243; _dynamic_attributes=&#8221;link_option_url&#8221; _module_preset=&#8221;default&#8221; transform_scale_tablet=&#8221;&#8221; transform_scale_phone=&#8221;&#8221; transform_scale_last_edited=&#8221;on|desktop&#8221; transform_translate_tablet=&#8221;&#8221; transform_translate_phone=&#8221;&#8221; transform_translate_last_edited=&#8221;on|desktop&#8221; transform_rotate_tablet=&#8221;&#8221; transform_rotate_phone=&#8221;&#8221; transform_rotate_last_edited=&#8221;on|desktop&#8221; transform_skew_tablet=&#8221;&#8221; transform_skew_phone=&#8221;&#8221; transform_skew_last_edited=&#8221;on|desktop&#8221; transform_origin_tablet=&#8221;&#8221; transform_origin_phone=&#8221;&#8221; transform_origin_last_edited=&#8221;on|desktop&#8221; transform_styles_last_edited=&#8221;on|desktop&#8221; custom_padding=&#8221;0px|2%|0px|2%|false|true&#8221; custom_padding_tablet=&#8221;|5%||5%|false|true&#8221; custom_padding_phone=&#8221;|10%||10%|false|true&#8221; custom_padding_last_edited=&#8221;on|phone&#8221; link_option_url=&#8221;@ET-DC@eyJkeW5hbWljIjp0cnVlLCJjb250ZW50IjoicG9zdF9saW5rX3VybF9wYWdlIiwic2V0dGluZ3MiOnsicG9zdF9pZCI6IjUwNzUzIn19@&#8221; transform_styles_tablet=&#8221;&#8221; transform_styles_phone=&#8221;&#8221; border_color_top=&#8221;#FFFFFF&#8221; border_width_right=&#8221;3px&#8221; border_color_right=&#8221;#FFFFFF&#8221; border_color_bottom=&#8221;#FFFFFF&#8221; border_style_bottom=&#8221;none&#8221; global_colors_info=&#8221;{}&#8221; transform_styles__hover_enabled=&#8221;on|hover&#8221; transform_scale__hover_enabled=&#8221;on|hover&#8221; transform_translate__hover_enabled=&#8221;on|desktop&#8221; transform_rotate__hover_enabled=&#8221;on|desktop&#8221; transform_skew__hover_enabled=&#8221;on|desktop&#8221; transform_origin__hover_enabled=&#8221;on|desktop&#8221;][et_pb_image src=&#8221;https:\/\/19zoll.com\/wp-content\/uploads\/2021\/12\/frontplatte-serie-fp.jpg&#8221; alt=&#8221;Panele przednie, 19-calowe panele przednie i cz\u0119\u015bciowe panele przednie od Daub&#8221; title_text=&#8221;Panele przednie serii FP&#8221; _builder_version=&#8221;4.17.3&#8243; _module_preset=&#8221;default&#8221; global_colors_info=&#8221;{}&#8221;][\/et_pb_image][et_pb_text _builder_version=&#8221;4.16&#8243; _module_preset=&#8221;default&#8221; header_font_size=&#8221;28px&#8221; header_2_text_align=&#8221;center&#8221; header_2_text_color=&#8221;#3B3B3B&#8221; header_2_line_height=&#8221;1.2em&#8221; custom_margin=&#8221;||7%||false|false&#8221; locked=&#8221;off&#8221; global_colors_info=&#8221;{}&#8221;]<\/p>\n<h2>19-calowe panele przednie serii FP<\/h2>\n<p>[\/et_pb_text][\/et_pb_column][et_pb_column type=&#8221;1_3&#8243; _builder_version=&#8221;4.16&#8243; _dynamic_attributes=&#8221;link_option_url&#8221; _module_preset=&#8221;default&#8221; transform_scale_tablet=&#8221;&#8221; transform_scale_phone=&#8221;&#8221; transform_scale_last_edited=&#8221;on|desktop&#8221; transform_translate_tablet=&#8221;&#8221; transform_translate_phone=&#8221;&#8221; transform_translate_last_edited=&#8221;on|desktop&#8221; transform_rotate_tablet=&#8221;&#8221; transform_rotate_phone=&#8221;&#8221; transform_rotate_last_edited=&#8221;on|desktop&#8221; transform_skew_tablet=&#8221;&#8221; transform_skew_phone=&#8221;&#8221; transform_skew_last_edited=&#8221;on|desktop&#8221; transform_origin_tablet=&#8221;&#8221; transform_origin_phone=&#8221;&#8221; transform_origin_last_edited=&#8221;on|desktop&#8221; transform_styles_last_edited=&#8221;on|desktop&#8221; custom_padding=&#8221;0px|2%|0px|2%|false|true&#8221; custom_padding_tablet=&#8221;|5%||5%|false|true&#8221; custom_padding_phone=&#8221;|10%||10%|false|true&#8221; custom_padding_last_edited=&#8221;on|phone&#8221; link_option_url=&#8221;@ET-DC@eyJkeW5hbWljIjp0cnVlLCJjb250ZW50IjoicG9zdF9saW5rX3VybF9wYWdlIiwic2V0dGluZ3MiOnsicG9zdF9pZCI6IjUwNzU4In19@&#8221; transform_styles_tablet=&#8221;&#8221; transform_styles_phone=&#8221;&#8221; border_color_top=&#8221;#FFFFFF&#8221; border_width_right=&#8221;3px&#8221; border_color_right=&#8221;#FFFFFF&#8221; border_width_bottom=&#8221;3px&#8221; border_color_bottom=&#8221;#FFFFFF&#8221; border_style_bottom=&#8221;none&#8221; border_color_left=&#8221;#FFFFFF&#8221; border_radii_tablet=&#8221;&#8221; border_radii_phone=&#8221;&#8221; border_radii_last_edited=&#8221;on|phone&#8221; border_width_all_tablet=&#8221;&#8221; border_width_all_phone=&#8221;&#8221; border_width_all_last_edited=&#8221;on|tablet&#8221; border_width_top_tablet=&#8221;3px&#8221; border_width_top_phone=&#8221;3px&#8221; border_width_top_last_edited=&#8221;on|phone&#8221; border_width_right_tablet=&#8221;0px&#8221; border_width_right_phone=&#8221;0px&#8221; border_width_right_last_edited=&#8221;on|desktop&#8221; border_width_bottom_tablet=&#8221;3px&#8221; border_width_bottom_phone=&#8221;3px&#8221; border_width_bottom_last_edited=&#8221;on|phone&#8221; border_width_left_tablet=&#8221;0px&#8221; border_width_left_phone=&#8221;0px&#8221; border_width_left_last_edited=&#8221;on|phone&#8221; global_colors_info=&#8221;{}&#8221; transform_styles__hover_enabled=&#8221;on|hover&#8221; transform_scale__hover_enabled=&#8221;on|hover&#8221; transform_translate__hover_enabled=&#8221;on|desktop&#8221; transform_rotate__hover_enabled=&#8221;on|desktop&#8221; transform_skew__hover_enabled=&#8221;on|desktop&#8221; transform_origin__hover_enabled=&#8221;on|desktop&#8221;][et_pb_image src=&#8221;https:\/\/19zoll.com\/wp-content\/uploads\/2021\/12\/frontplatte-serie-tfp-fp.jpg&#8221; alt=&#8221;Panele przednie, 19-calowe panele przednie i cz\u0119\u015bciowe panele przednie od Daub&#8221; title_text=&#8221;Panele przednie serii TFP\/FP&#8221; _builder_version=&#8221;4.17.3&#8243; _module_preset=&#8221;default&#8221; global_colors_info=&#8221;{}&#8221;][\/et_pb_image][et_pb_text _builder_version=&#8221;4.16&#8243; _module_preset=&#8221;default&#8221; header_font_size=&#8221;28px&#8221; header_2_text_align=&#8221;center&#8221; header_2_text_color=&#8221;#3B3B3B&#8221; header_2_line_height=&#8221;1.2em&#8221; custom_margin=&#8221;||7%||false|false&#8221; locked=&#8221;off&#8221; global_colors_info=&#8221;{}&#8221;]<\/p>\n<h2>Niestandardowe panele przednie serii TFP, FP<\/h2>\n<p>[\/et_pb_text][\/et_pb_column][et_pb_column type=&#8221;1_3&#8243; _builder_version=&#8221;4.16&#8243; _dynamic_attributes=&#8221;link_option_url&#8221; _module_preset=&#8221;default&#8221; transform_scale_tablet=&#8221;&#8221; transform_scale_phone=&#8221;&#8221; transform_scale_last_edited=&#8221;on|desktop&#8221; transform_translate_tablet=&#8221;&#8221; transform_translate_phone=&#8221;&#8221; transform_translate_last_edited=&#8221;on|desktop&#8221; transform_rotate_tablet=&#8221;&#8221; transform_rotate_phone=&#8221;&#8221; transform_rotate_last_edited=&#8221;on|desktop&#8221; transform_skew_tablet=&#8221;&#8221; transform_skew_phone=&#8221;&#8221; transform_skew_last_edited=&#8221;on|desktop&#8221; transform_origin_tablet=&#8221;&#8221; transform_origin_phone=&#8221;&#8221; transform_origin_last_edited=&#8221;on|desktop&#8221; transform_styles_last_edited=&#8221;on|desktop&#8221; custom_padding=&#8221;0px|2%|0px|2%|false|true&#8221; custom_padding_tablet=&#8221;|5%||5%|false|true&#8221; custom_padding_phone=&#8221;|10%||10%|false|true&#8221; custom_padding_last_edited=&#8221;on|desktop&#8221; link_option_url=&#8221;@ET-DC@eyJkeW5hbWljIjp0cnVlLCJjb250ZW50IjoicG9zdF9saW5rX3VybF9wYWdlIiwic2V0dGluZ3MiOnsicG9zdF9pZCI6IjUwNzY0In19@&#8221; transform_styles_tablet=&#8221;&#8221; transform_styles_phone=&#8221;&#8221; border_color_top=&#8221;#FFFFFF&#8221; border_color_bottom=&#8221;#FFFFFF&#8221; border_style_bottom=&#8221;none&#8221; border_width_all_tablet=&#8221;&#8221; border_width_all_phone=&#8221;&#8221; border_width_all_last_edited=&#8221;on|tablet&#8221; border_width_top_tablet=&#8221;3px&#8221; border_width_top_phone=&#8221;3px&#8221; border_width_top_last_edited=&#8221;on|desktop&#8221; border_color_top_tablet=&#8221;#FFFFFF&#8221; border_color_top_phone=&#8221;#FFFFFF&#8221; border_color_top_last_edited=&#8221;on|desktop&#8221; global_colors_info=&#8221;{}&#8221; transform_styles__hover_enabled=&#8221;on|hover&#8221; transform_scale__hover_enabled=&#8221;on|hover&#8221; transform_translate__hover_enabled=&#8221;on|desktop&#8221; transform_rotate__hover_enabled=&#8221;on|desktop&#8221; transform_skew__hover_enabled=&#8221;on|desktop&#8221; transform_origin__hover_enabled=&#8221;on|desktop&#8221;][et_pb_image src=&#8221;https:\/\/19zoll.com\/wp-content\/uploads\/2021\/12\/frontplatte-serie-tfp.jpg&#8221; alt=&#8221;Panele przednie, 19-calowe panele przednie i cz\u0119\u015bciowe panele przednie od Daub&#8221; title_text=&#8221;Panele przednie serii FP&#8221; _builder_version=&#8221;4.17.3&#8243; _module_preset=&#8221;default&#8221; global_colors_info=&#8221;{}&#8221;][\/et_pb_image][et_pb_text _builder_version=&#8221;4.16&#8243; _module_preset=&#8221;default&#8221; header_font_size=&#8221;28px&#8221; header_2_text_align=&#8221;center&#8221; header_2_text_color=&#8221;#3B3B3B&#8221; header_2_line_height=&#8221;1.2em&#8221; custom_margin=&#8221;||7%||false|false&#8221; locked=&#8221;off&#8221; global_colors_info=&#8221;{}&#8221;]<\/p>\n<h2>Cz\u0119\u015bciowe panele przednie serii TFP<\/h2>\n<p>[\/et_pb_text][\/et_pb_column][\/et_pb_row][\/et_pb_section]<\/p>\n","protected":false},"excerpt":{"rendered":"<p>Panele przednie i cz\u0119\u015bciowe panele przednie Daub CNC produkuje szerok\u0105 gam\u0119 paneli przednich w najwy\u017cszej jako\u015bci &#8211; elastycznie i ekonomicznie, zgodnie z wymaganiami klienta. Zar\u00f3wno ma\u0142e, jak i du\u017ce ilo\u015bci mog\u0105 by\u0107 dostosowane do potrzeb klienta. Produkty s\u0105 dost\u0119pne w kr\u00f3tkim czasie, charakteryzuj\u0105 si\u0119 wysok\u0105 jako\u015bci\u0105, a jednocze\u015bnie s\u0105 op\u0142acalne. 19-calowe panele przednie i cz\u0119\u015bciowe [&hellip;]<\/p>\n","protected":false},"author":1,"featured_media":0,"parent":0,"menu_order":0,"comment_status":"closed","ping_status":"closed","template":"","meta":{"_et_pb_use_builder":"on","_et_pb_old_content":"","_et_gb_content_width":"","inline_featured_image":false,"footnotes":""},"class_list":["post-55201","page","type-page","status-publish","hentry"],"yoast_head":"<!-- This site is optimized with the Yoast SEO plugin v27.3 - https:\/\/yoast.com\/product\/yoast-seo-wordpress\/ -->\n<title>Panele przednie, 19-calowe panele przednie i cz\u0119\u015bciowe panele przednie od Daub<\/title>\n<meta name=\"description\" content=\"Panele przednie, cz\u0119\u015bciowe panele przednie, obrabiane panele przednie, indywidualne panele przednie, aluminiowe panele przednie, cz\u0119\u015bci specjalne wykonane z aluminium, panele czo\u0142owe\" \/>\n<meta name=\"robots\" content=\"index, follow, max-snippet:-1, max-image-preview:large, max-video-preview:-1\" \/>\n<link rel=\"canonical\" href=\"https:\/\/19zoll.com\/pl\/panele-przednie\/\" \/>\n<meta property=\"og:locale\" content=\"pl_PL\" \/>\n<meta property=\"og:type\" content=\"article\" \/>\n<meta property=\"og:title\" content=\"Panele przednie, 19-calowe panele przednie i cz\u0119\u015bciowe panele przednie od Daub\" \/>\n<meta property=\"og:description\" content=\"Panele przednie, cz\u0119\u015bciowe panele przednie, obrabiane panele przednie, indywidualne panele przednie, aluminiowe panele przednie, cz\u0119\u015bci specjalne wykonane z aluminium, panele czo\u0142owe\" \/>\n<meta property=\"og:url\" content=\"https:\/\/19zoll.com\/pl\/panele-przednie\/\" \/>\n<meta property=\"og:site_name\" content=\"Daub CNC\" \/>\n<meta property=\"article:modified_time\" content=\"2025-03-25T13:26:01+00:00\" \/>\n<meta property=\"og:image\" content=\"https:\/\/19zoll.com\/wp-content\/uploads\/2021\/12\/frontplatten-1.jpg\" \/>\n<meta name=\"twitter:card\" content=\"summary_large_image\" \/>\n<meta name=\"twitter:title\" content=\"Panele przednie, 19-calowe panele przednie i cz\u0119\u015bciowe panele przednie od Daub\" \/>\n<meta name=\"twitter:description\" content=\"Panele przednie, cz\u0119\u015bciowe panele przednie, obrabiane panele przednie, indywidualne panele przednie, aluminiowe panele przednie, cz\u0119\u015bci specjalne wykonane z aluminium, panele czo\u0142owe\" \/>\n<meta name=\"twitter:image\" content=\"https:\/\/19zoll.com\/wp-content\/uploads\/2021\/12\/frontplatten-1.jpg\" \/>\n<meta name=\"twitter:label1\" content=\"Szacowany czas czytania\" \/>\n\t<meta name=\"twitter:data1\" content=\"7 minut\" \/>\n<script type=\"application\/ld+json\" class=\"yoast-schema-graph\">{\"@context\":\"https:\\\/\\\/schema.org\",\"@graph\":[{\"@type\":\"WebPage\",\"@id\":\"https:\\\/\\\/19zoll.com\\\/pl\\\/panele-przednie\\\/\",\"url\":\"https:\\\/\\\/19zoll.com\\\/pl\\\/panele-przednie\\\/\",\"name\":\"Panele przednie, 19-calowe panele przednie i cz\u0119\u015bciowe panele przednie od Daub\",\"isPartOf\":{\"@id\":\"https:\\\/\\\/19zoll.com\\\/#website\"},\"datePublished\":\"2021-12-03T17:27:10+00:00\",\"dateModified\":\"2025-03-25T13:26:01+00:00\",\"description\":\"Panele przednie, cz\u0119\u015bciowe panele przednie, obrabiane panele przednie, indywidualne panele przednie, aluminiowe panele przednie, cz\u0119\u015bci specjalne wykonane z aluminium, panele czo\u0142owe\",\"breadcrumb\":{\"@id\":\"https:\\\/\\\/19zoll.com\\\/pl\\\/panele-przednie\\\/#breadcrumb\"},\"inLanguage\":\"pl-PL\",\"potentialAction\":[{\"@type\":\"ReadAction\",\"target\":[\"https:\\\/\\\/19zoll.com\\\/pl\\\/panele-przednie\\\/\"]}]},{\"@type\":\"BreadcrumbList\",\"@id\":\"https:\\\/\\\/19zoll.com\\\/pl\\\/panele-przednie\\\/#breadcrumb\",\"itemListElement\":[{\"@type\":\"ListItem\",\"position\":1,\"name\":\"Startseite\",\"item\":\"https:\\\/\\\/19zoll.com\\\/pl\\\/strona-glowna\\\/\"},{\"@type\":\"ListItem\",\"position\":2,\"name\":\"Panele przednie\"}]},{\"@type\":\"WebSite\",\"@id\":\"https:\\\/\\\/19zoll.com\\\/#website\",\"url\":\"https:\\\/\\\/19zoll.com\\\/\",\"name\":\"Daub CNC\",\"description\":\"Ein Webprojekt von IhrMediengestalter\",\"potentialAction\":[{\"@type\":\"SearchAction\",\"target\":{\"@type\":\"EntryPoint\",\"urlTemplate\":\"https:\\\/\\\/19zoll.com\\\/?s={search_term_string}\"},\"query-input\":{\"@type\":\"PropertyValueSpecification\",\"valueRequired\":true,\"valueName\":\"search_term_string\"}}],\"inLanguage\":\"pl-PL\"}]}<\/script>\n<!-- \/ Yoast SEO plugin. -->","yoast_head_json":{"title":"Panele przednie, 19-calowe panele przednie i cz\u0119\u015bciowe panele przednie od Daub","description":"Panele przednie, cz\u0119\u015bciowe panele przednie, obrabiane panele przednie, indywidualne panele przednie, aluminiowe panele przednie, cz\u0119\u015bci specjalne wykonane z aluminium, panele czo\u0142owe","robots":{"index":"index","follow":"follow","max-snippet":"max-snippet:-1","max-image-preview":"max-image-preview:large","max-video-preview":"max-video-preview:-1"},"canonical":"https:\/\/19zoll.com\/pl\/panele-przednie\/","og_locale":"pl_PL","og_type":"article","og_title":"Panele przednie, 19-calowe panele przednie i cz\u0119\u015bciowe panele przednie od Daub","og_description":"Panele przednie, cz\u0119\u015bciowe panele przednie, obrabiane panele przednie, indywidualne panele przednie, aluminiowe panele przednie, cz\u0119\u015bci specjalne wykonane z aluminium, panele czo\u0142owe","og_url":"https:\/\/19zoll.com\/pl\/panele-przednie\/","og_site_name":"Daub CNC","article_modified_time":"2025-03-25T13:26:01+00:00","og_image":[{"url":"https:\/\/19zoll.com\/wp-content\/uploads\/2021\/12\/frontplatten-1.jpg","type":"","width":"","height":""}],"twitter_card":"summary_large_image","twitter_title":"Panele przednie, 19-calowe panele przednie i cz\u0119\u015bciowe panele przednie od Daub","twitter_description":"Panele przednie, cz\u0119\u015bciowe panele przednie, obrabiane panele przednie, indywidualne panele przednie, aluminiowe panele przednie, cz\u0119\u015bci specjalne wykonane z aluminium, panele czo\u0142owe","twitter_image":"https:\/\/19zoll.com\/wp-content\/uploads\/2021\/12\/frontplatten-1.jpg","twitter_misc":{"Szacowany czas czytania":"7 minut"},"schema":{"@context":"https:\/\/schema.org","@graph":[{"@type":"WebPage","@id":"https:\/\/19zoll.com\/pl\/panele-przednie\/","url":"https:\/\/19zoll.com\/pl\/panele-przednie\/","name":"Panele przednie, 19-calowe panele przednie i cz\u0119\u015bciowe panele przednie od Daub","isPartOf":{"@id":"https:\/\/19zoll.com\/#website"},"datePublished":"2021-12-03T17:27:10+00:00","dateModified":"2025-03-25T13:26:01+00:00","description":"Panele przednie, cz\u0119\u015bciowe panele przednie, obrabiane panele przednie, indywidualne panele przednie, aluminiowe panele przednie, cz\u0119\u015bci specjalne wykonane z aluminium, panele czo\u0142owe","breadcrumb":{"@id":"https:\/\/19zoll.com\/pl\/panele-przednie\/#breadcrumb"},"inLanguage":"pl-PL","potentialAction":[{"@type":"ReadAction","target":["https:\/\/19zoll.com\/pl\/panele-przednie\/"]}]},{"@type":"BreadcrumbList","@id":"https:\/\/19zoll.com\/pl\/panele-przednie\/#breadcrumb","itemListElement":[{"@type":"ListItem","position":1,"name":"Startseite","item":"https:\/\/19zoll.com\/pl\/strona-glowna\/"},{"@type":"ListItem","position":2,"name":"Panele przednie"}]},{"@type":"WebSite","@id":"https:\/\/19zoll.com\/#website","url":"https:\/\/19zoll.com\/","name":"Daub CNC","description":"Ein Webprojekt von IhrMediengestalter","potentialAction":[{"@type":"SearchAction","target":{"@type":"EntryPoint","urlTemplate":"https:\/\/19zoll.com\/?s={search_term_string}"},"query-input":{"@type":"PropertyValueSpecification","valueRequired":true,"valueName":"search_term_string"}}],"inLanguage":"pl-PL"}]}},"_links":{"self":[{"href":"https:\/\/19zoll.com\/pl\/wp-json\/wp\/v2\/pages\/55201","targetHints":{"allow":["GET"]}}],"collection":[{"href":"https:\/\/19zoll.com\/pl\/wp-json\/wp\/v2\/pages"}],"about":[{"href":"https:\/\/19zoll.com\/pl\/wp-json\/wp\/v2\/types\/page"}],"author":[{"embeddable":true,"href":"https:\/\/19zoll.com\/pl\/wp-json\/wp\/v2\/users\/1"}],"replies":[{"embeddable":true,"href":"https:\/\/19zoll.com\/pl\/wp-json\/wp\/v2\/comments?post=55201"}],"version-history":[{"count":8,"href":"https:\/\/19zoll.com\/pl\/wp-json\/wp\/v2\/pages\/55201\/revisions"}],"predecessor-version":[{"id":57853,"href":"https:\/\/19zoll.com\/pl\/wp-json\/wp\/v2\/pages\/55201\/revisions\/57853"}],"wp:attachment":[{"href":"https:\/\/19zoll.com\/pl\/wp-json\/wp\/v2\/media?parent=55201"}],"curies":[{"name":"wp","href":"https:\/\/api.w.org\/{rel}","templated":true}]}}