{"id":55198,"date":"2021-12-03T17:39:26","date_gmt":"2021-12-03T16:39:26","guid":{"rendered":"https:\/\/19zoll.com\/przetwarzanie\/"},"modified":"2025-03-25T14:24:26","modified_gmt":"2025-03-25T13:24:26","slug":"przetwarzanie","status":"publish","type":"page","link":"https:\/\/19zoll.com\/pl\/przetwarzanie\/","title":{"rendered":"Przetwarzanie"},"content":{"rendered":"<div class=\"et_pb_with_border et_d4_element et_pb_section et_pb_section_0 et_pb_with_background  et_pb_css_mix_blend_mode et_section_regular et_block_section\" >\n\t\t\t\t\n\t\t\t\t\n\t\t\t\t\n\t\t\t\t\n\t\t\t\t\n\t\t\t\t\n\t\t\t\t<div class=\"et_d4_element et_pb_row et_pb_row_0  et_pb_css_mix_blend_mode et_block_row\">\n\t\t\t\t<div class=\"et_d4_element et_pb_column_4_4 et_pb_column et_pb_column_0  et_pb_css_mix_blend_mode et-last-child et_block_column\">\n\t\t\t\t\n\t\t\t\t\n\t\t\t\t\n\t\t\t\t\n\t\t\t\t<div class=\"et_pb_module et_d4_element et_pb_text et_pb_text_0  et_pb_text_align_left et_pb_bg_layout_light\">\n\t\t\t\t\n\t\t\t\t\n\t\t\t\t\n\t\t\t\t\n\t\t\t\t<div class=\"et_pb_text_inner\"><div id=\"c76\" class=\"csc-default csc-space-before-30 csc-space-after-50\">\n<div class=\"csc-header csc-header-n1\">\n<h1 class=\"csc-firstHeader\">Produkcja na zam\u00f3wienie, indywidualne przetwarzanie i etykietowanie<\/h1>\n<\/div>\n<p class=\"bodytext\">Potrzebujesz indywidualnie obrobionych obud\u00f3w ze standardowego programu Daub CNC? Dzi\u0119ki naszym rozleg\u0142ym zapasom magazynowym, prefabrykowane komponenty mog\u0105 by\u0107 szczeg\u00f3lnie szybko dostosowane do Twoich wymaga\u0144. Us\u0142uga ta jest dost\u0119pna dla wielu produkt\u00f3w.  <\/p>\n<\/div><\/div>\n\t\t\t<\/div><div class=\"et_pb_module et_d4_element et_pb_text et_pb_text_1  et_pb_text_align_left et_pb_bg_layout_light\">\n\t\t\t\t\n\t\t\t\t\n\t\t\t\t\n\t\t\t\t\n\t\t\t\t<div class=\"et_pb_text_inner\"><div id=\"c76\" class=\"csc-default csc-space-before-30 csc-space-after-50\">\n<p class=\"bodytext\"><span>Twoje zapytanie jest w dobrych r\u0119kach. Daub CNC oferuje szerok\u0105 gam\u0119 standardowych produkt\u00f3w, ale tak\u017ce umo\u017cliwia dostosowanie produkt\u00f3w do indywidualnych wymaga\u0144 klienta. Niezmiennie wysoka jako\u015b\u0107 i niezawodno\u015b\u0107 s\u0105 zawsze na pierwszym miejscu w produkcji. Dzi\u0119ki specjalnym metodom produkcji mo\u017cna realizowa\u0107 zar\u00f3wno mniejsze, jak i wi\u0119ksze ilo\u015bci. Daub CNC produkuje panele przednie wykonane z profili aluminiowych, cz\u0119\u015bciowe panele przednie, 19-calowe obudowy wykonane z blachy stalowej i stali nierdzewnej, 19-calowe obudowy wykonane z profili aluminiowych, frezowane obudowy wykonane z litego materia\u0142u. Jednak w\u0142asne zak\u0142ady produkcyjne firmy produkuj\u0105 r\u00f3wnie\u017c obudowy wed\u0142ug rysunk\u00f3w klienta oraz niestandardowe obudowy wykonane z profili i blachy. Rozwi\u0105zania ch\u0142odzenia oferowane przez Daub CNC obejmuj\u0105 ch\u0142odnice cieczy, wyt\u0142aczane radiatory i kompletne rozwi\u0105zania obud\u00f3w do ch\u0142odzenia zespo\u0142\u00f3w elektronicznych przez konwekcj\u0119.      <\/span><\/p>\n<p class=\"bodytext\"><span><\/span><\/p>\n<p class=\"bodytext\"><span>Wystarczy skontaktowa\u0107 si\u0119 z nami - ch\u0119tnie udzielimy dalszych informacji.<\/span><\/p>\n<\/div><\/div>\n\t\t\t<\/div><div class=\"et_pb_button_module_wrapper et_pb_button_0_wrapper et_pb_button_alignment_left et_pb_module \">\n\t\t\t\t<a class=\"et_pb_button et_d4_element et_pb_button_0 et_pb_bg_layout_light et_block_module\" href=\"https:\/\/19zoll.com\/pl\/skontaktuj-sie-z-nami\/\">Skontaktuj si\u0119 teraz<\/a>\n\t\t\t<\/div>\n\t\t\t<\/div>\n\t\t\t\t\n\t\t\t\t\n\t\t\t\t\n\t\t\t\t\n\t\t\t<\/div>\n\t\t\t\t\n\t\t\t\t\n\t\t\t<\/div>\n","protected":false},"excerpt":{"rendered":"","protected":false},"author":1,"featured_media":0,"parent":0,"menu_order":0,"comment_status":"closed","ping_status":"closed","template":"","meta":{"inline_featured_image":false,"_et_pb_use_builder":"on","_et_pb_old_content":"","_et_gb_content_width":"","footnotes":""},"class_list":["post-55198","page","type-page","status-publish","hentry"],"yoast_head":"<!-- This site is optimized with the Yoast SEO plugin v27.4 - https:\/\/yoast.com\/product\/yoast-seo-wordpress\/ -->\n<title>\u2714 obr\u00f3bka CNC, \u2714 frezowanie CNC, \u2714 produkcja kontraktowa CNC od Daub<\/title>\n<meta name=\"description\" content=\"Produkcja kontraktowa CNC, powlekanie powierzchni, anodowanie, pasywacja, obr\u00f3bka obud\u00f3w i paneli przednich, obr\u00f3bka metali, cz\u0119\u015bci frezowane\" \/>\n<meta name=\"robots\" content=\"index, follow, max-snippet:-1, max-image-preview:large, max-video-preview:-1\" \/>\n<link rel=\"canonical\" href=\"https:\/\/19zoll.com\/pl\/przetwarzanie\/\" \/>\n<meta property=\"og:locale\" content=\"pl_PL\" \/>\n<meta property=\"og:type\" content=\"article\" \/>\n<meta property=\"og:title\" content=\"\u2714 obr\u00f3bka CNC, \u2714 frezowanie CNC, \u2714 produkcja kontraktowa CNC od Daub\" \/>\n<meta property=\"og:description\" content=\"Produkcja kontraktowa CNC, powlekanie powierzchni, anodowanie, pasywacja, obr\u00f3bka obud\u00f3w i paneli przednich, obr\u00f3bka metali, cz\u0119\u015bci frezowane\" \/>\n<meta property=\"og:url\" content=\"https:\/\/19zoll.com\/pl\/przetwarzanie\/\" \/>\n<meta property=\"og:site_name\" content=\"Daub CNC\" \/>\n<meta property=\"article:modified_time\" content=\"2025-03-25T13:24:26+00:00\" \/>\n<meta property=\"og:image\" content=\"https:\/\/19zoll.com\/wp-content\/uploads\/2021\/12\/serie-pg-startseite-300x300.png\" \/>\n<meta name=\"twitter:card\" content=\"summary_large_image\" \/>\n<meta name=\"twitter:title\" content=\"\u2714 obr\u00f3bka CNC, \u2714 frezowanie CNC, \u2714 produkcja kontraktowa CNC od Daub\" \/>\n<meta name=\"twitter:description\" content=\"Produkcja kontraktowa CNC, powlekanie powierzchni, anodowanie, pasywacja, obr\u00f3bka obud\u00f3w i paneli przednich, obr\u00f3bka metali, cz\u0119\u015bci frezowane\" \/>\n<meta name=\"twitter:image\" content=\"https:\/\/19zoll.com\/wp-content\/uploads\/2021\/12\/serie-pg-startseite.png\" \/>\n<meta name=\"twitter:label1\" content=\"Szacowany czas czytania\" \/>\n\t<meta name=\"twitter:data1\" content=\"3 minuty\" \/>\n<script type=\"application\/ld+json\" class=\"yoast-schema-graph\">{\"@context\":\"https:\\\/\\\/schema.org\",\"@graph\":[{\"@type\":\"WebPage\",\"@id\":\"https:\\\/\\\/19zoll.com\\\/pl\\\/przetwarzanie\\\/\",\"url\":\"https:\\\/\\\/19zoll.com\\\/pl\\\/przetwarzanie\\\/\",\"name\":\"\u2714 obr\u00f3bka CNC, \u2714 frezowanie CNC, \u2714 produkcja kontraktowa CNC od Daub\",\"isPartOf\":{\"@id\":\"https:\\\/\\\/19zoll.com\\\/#website\"},\"datePublished\":\"2021-12-03T16:39:26+00:00\",\"dateModified\":\"2025-03-25T13:24:26+00:00\",\"description\":\"Produkcja kontraktowa CNC, powlekanie powierzchni, anodowanie, pasywacja, obr\u00f3bka obud\u00f3w i paneli przednich, obr\u00f3bka metali, cz\u0119\u015bci frezowane\",\"breadcrumb\":{\"@id\":\"https:\\\/\\\/19zoll.com\\\/pl\\\/przetwarzanie\\\/#breadcrumb\"},\"inLanguage\":\"pl-PL\",\"potentialAction\":[{\"@type\":\"ReadAction\",\"target\":[\"https:\\\/\\\/19zoll.com\\\/pl\\\/przetwarzanie\\\/\"]}]},{\"@type\":\"BreadcrumbList\",\"@id\":\"https:\\\/\\\/19zoll.com\\\/pl\\\/przetwarzanie\\\/#breadcrumb\",\"itemListElement\":[{\"@type\":\"ListItem\",\"position\":1,\"name\":\"Startseite\",\"item\":\"https:\\\/\\\/19zoll.com\\\/pl\\\/strona-glowna\\\/\"},{\"@type\":\"ListItem\",\"position\":2,\"name\":\"Przetwarzanie\"}]},{\"@type\":\"WebSite\",\"@id\":\"https:\\\/\\\/19zoll.com\\\/#website\",\"url\":\"https:\\\/\\\/19zoll.com\\\/\",\"name\":\"Daub CNC\",\"description\":\"Ein Webprojekt von IhrMediengestalter\",\"potentialAction\":[{\"@type\":\"SearchAction\",\"target\":{\"@type\":\"EntryPoint\",\"urlTemplate\":\"https:\\\/\\\/19zoll.com\\\/?s={search_term_string}\"},\"query-input\":{\"@type\":\"PropertyValueSpecification\",\"valueRequired\":true,\"valueName\":\"search_term_string\"}}],\"inLanguage\":\"pl-PL\"}]}<\/script>\n<!-- \/ Yoast SEO plugin. -->","yoast_head_json":{"title":"\u2714 obr\u00f3bka CNC, \u2714 frezowanie CNC, \u2714 produkcja kontraktowa CNC od Daub","description":"Produkcja kontraktowa CNC, powlekanie powierzchni, anodowanie, pasywacja, obr\u00f3bka obud\u00f3w i paneli przednich, obr\u00f3bka metali, cz\u0119\u015bci frezowane","robots":{"index":"index","follow":"follow","max-snippet":"max-snippet:-1","max-image-preview":"max-image-preview:large","max-video-preview":"max-video-preview:-1"},"canonical":"https:\/\/19zoll.com\/pl\/przetwarzanie\/","og_locale":"pl_PL","og_type":"article","og_title":"\u2714 obr\u00f3bka CNC, \u2714 frezowanie CNC, \u2714 produkcja kontraktowa CNC od Daub","og_description":"Produkcja kontraktowa CNC, powlekanie powierzchni, anodowanie, pasywacja, obr\u00f3bka obud\u00f3w i paneli przednich, obr\u00f3bka metali, cz\u0119\u015bci frezowane","og_url":"https:\/\/19zoll.com\/pl\/przetwarzanie\/","og_site_name":"Daub CNC","article_modified_time":"2025-03-25T13:24:26+00:00","og_image":[{"url":"https:\/\/19zoll.com\/wp-content\/uploads\/2021\/12\/serie-pg-startseite-300x300.png","type":"","width":"","height":""}],"twitter_card":"summary_large_image","twitter_title":"\u2714 obr\u00f3bka CNC, \u2714 frezowanie CNC, \u2714 produkcja kontraktowa CNC od Daub","twitter_description":"Produkcja kontraktowa CNC, powlekanie powierzchni, anodowanie, pasywacja, obr\u00f3bka obud\u00f3w i paneli przednich, obr\u00f3bka metali, cz\u0119\u015bci frezowane","twitter_image":"https:\/\/19zoll.com\/wp-content\/uploads\/2021\/12\/serie-pg-startseite.png","twitter_misc":{"Szacowany czas czytania":"3 minuty"},"schema":{"@context":"https:\/\/schema.org","@graph":[{"@type":"WebPage","@id":"https:\/\/19zoll.com\/pl\/przetwarzanie\/","url":"https:\/\/19zoll.com\/pl\/przetwarzanie\/","name":"\u2714 obr\u00f3bka CNC, \u2714 frezowanie CNC, \u2714 produkcja kontraktowa CNC od Daub","isPartOf":{"@id":"https:\/\/19zoll.com\/#website"},"datePublished":"2021-12-03T16:39:26+00:00","dateModified":"2025-03-25T13:24:26+00:00","description":"Produkcja kontraktowa CNC, powlekanie powierzchni, anodowanie, pasywacja, obr\u00f3bka obud\u00f3w i paneli przednich, obr\u00f3bka metali, cz\u0119\u015bci frezowane","breadcrumb":{"@id":"https:\/\/19zoll.com\/pl\/przetwarzanie\/#breadcrumb"},"inLanguage":"pl-PL","potentialAction":[{"@type":"ReadAction","target":["https:\/\/19zoll.com\/pl\/przetwarzanie\/"]}]},{"@type":"BreadcrumbList","@id":"https:\/\/19zoll.com\/pl\/przetwarzanie\/#breadcrumb","itemListElement":[{"@type":"ListItem","position":1,"name":"Startseite","item":"https:\/\/19zoll.com\/pl\/strona-glowna\/"},{"@type":"ListItem","position":2,"name":"Przetwarzanie"}]},{"@type":"WebSite","@id":"https:\/\/19zoll.com\/#website","url":"https:\/\/19zoll.com\/","name":"Daub CNC","description":"Ein Webprojekt von IhrMediengestalter","potentialAction":[{"@type":"SearchAction","target":{"@type":"EntryPoint","urlTemplate":"https:\/\/19zoll.com\/?s={search_term_string}"},"query-input":{"@type":"PropertyValueSpecification","valueRequired":true,"valueName":"search_term_string"}}],"inLanguage":"pl-PL"}]}},"_links":{"self":[{"href":"https:\/\/19zoll.com\/pl\/wp-json\/wp\/v2\/pages\/55198","targetHints":{"allow":["GET"]}}],"collection":[{"href":"https:\/\/19zoll.com\/pl\/wp-json\/wp\/v2\/pages"}],"about":[{"href":"https:\/\/19zoll.com\/pl\/wp-json\/wp\/v2\/types\/page"}],"author":[{"embeddable":true,"href":"https:\/\/19zoll.com\/pl\/wp-json\/wp\/v2\/users\/1"}],"replies":[{"embeddable":true,"href":"https:\/\/19zoll.com\/pl\/wp-json\/wp\/v2\/comments?post=55198"}],"version-history":[{"count":8,"href":"https:\/\/19zoll.com\/pl\/wp-json\/wp\/v2\/pages\/55198\/revisions"}],"predecessor-version":[{"id":57461,"href":"https:\/\/19zoll.com\/pl\/wp-json\/wp\/v2\/pages\/55198\/revisions\/57461"}],"wp:attachment":[{"href":"https:\/\/19zoll.com\/pl\/wp-json\/wp\/v2\/media?parent=55198"}],"curies":[{"name":"wp","href":"https:\/\/api.w.org\/{rel}","templated":true}]}}