{"id":55195,"date":"2021-10-21T15:45:22","date_gmt":"2021-10-21T13:45:22","guid":{"rendered":"https:\/\/19zoll.com\/osoba-do-kontaktu\/"},"modified":"2025-03-25T14:28:58","modified_gmt":"2025-03-25T13:28:58","slug":"osoba-do-kontaktu","status":"publish","type":"page","link":"https:\/\/19zoll.com\/pl\/osoba-do-kontaktu\/","title":{"rendered":"Osoba do kontaktu"},"content":{"rendered":"<div class=\"et_pb_with_border et_d4_element et_pb_section et_pb_section_0 et_pb_with_background  et_pb_css_mix_blend_mode et_section_regular et_block_section\" >\n\t\t\t\t\n\t\t\t\t\n\t\t\t\t\n\t\t\t\t\n\t\t\t\t\n\t\t\t\t\n\t\t\t\t<div class=\"et_d4_element et_pb_row et_pb_row_0 et_pb_gutters2  et_pb_css_mix_blend_mode et_block_row\">\n\t\t\t\t<div class=\"et_d4_element et_pb_column_1_3 et_pb_column et_pb_column_0  et_pb_css_mix_blend_mode et_block_column\">\n\t\t\t\t\n\t\t\t\t\n\t\t\t\t\n\t\t\t\t\n\t\t\t\t<div class=\"et_pb_module et_d4_element et_pb_team_member et_pb_team_member_0 clearfix  et_pb_bg_layout_light\">\n\t\t\t\t\n\t\t\t\t\n\t\t\t\t\n\t\t\t\t\n\t\t\t\t<div class=\"et_pb_team_member_image et-waypoint et_pb_animation_off  et_pb_css_mix_blend_mode\"><img loading=\"lazy\" decoding=\"async\" width=\"450\" height=\"600\" src=\"https:\/\/19zoll.com\/wp-content\/uploads\/2023\/10\/detlev-daub-kontakt.jpg\" alt=\"Detlev Daub\" srcset=\"https:\/\/19zoll.com\/wp-content\/uploads\/2023\/10\/detlev-daub-kontakt.jpg 450w, https:\/\/19zoll.com\/wp-content\/uploads\/2023\/10\/detlev-daub-kontakt-225x300.jpg 225w\" sizes=\"(max-width: 450px) 100vw, 450px\" class=\"wp-image-53399\" \/><\/div>\n\t\t\t\t<div class=\"et_pb_team_member_description\">\n\t\t\t\t\t<h4 class=\"et_pb_module_header\">Detlev Daub<\/h4>\n\t\t\t\t\t<p class=\"et_pb_member_position\">Dyrektor zarz\u0105dzaj\u0105cy<\/p>\n\t\t\t\t\t<div><p><span>E-mail: <\/span><a title=\"Otwiera okno wysy\u0142ania wiadomo\u015bci e-mail\" class=\"mail\">dd(at)19zoll.com<\/a><br \/><span>Telefon: +49 2762 407194-0<\/span><br \/><span>Faks: +49 2762 407194-99<\/span><\/p><\/div>\n\t\t\t\t\t\n\t\t\t\t<\/div>\n\t\t\t<\/div>\n\t\t\t<\/div><div class=\"et_d4_element et_pb_column_1_3 et_pb_column et_pb_column_1  et_pb_css_mix_blend_mode et_block_column\">\n\t\t\t\t\n\t\t\t\t\n\t\t\t\t\n\t\t\t\t\n\t\t\t\t<div class=\"et_pb_module et_d4_element et_pb_team_member et_pb_team_member_1 clearfix  et_pb_bg_layout_light\">\n\t\t\t\t\n\t\t\t\t\n\t\t\t\t\n\t\t\t\t\n\t\t\t\t<div class=\"et_pb_team_member_image et-waypoint et_pb_animation_off  et_pb_css_mix_blend_mode\"><img loading=\"lazy\" decoding=\"async\" width=\"450\" height=\"600\" src=\"https:\/\/19zoll.com\/wp-content\/uploads\/2023\/10\/volker-kaluza-kontakt.jpg\" alt=\"Dipl.-Ing. Volker Kaluza, MBA\" srcset=\"https:\/\/19zoll.com\/wp-content\/uploads\/2023\/10\/volker-kaluza-kontakt.jpg 450w, https:\/\/19zoll.com\/wp-content\/uploads\/2023\/10\/volker-kaluza-kontakt-225x300.jpg 225w\" sizes=\"(max-width: 450px) 100vw, 450px\" class=\"wp-image-53401\" \/><\/div>\n\t\t\t\t<div class=\"et_pb_team_member_description\">\n\t\t\t\t\t<h4 class=\"et_pb_module_header\">Dipl.-Ing. Volker Kaluza, MBA<\/h4>\n\t\t\t\t\t<p class=\"et_pb_member_position\">Dyrektor zarz\u0105dzaj\u0105cy \/ zarz\u0105dzanie sprzeda\u017c\u0105<\/p>\n\t\t\t\t\t<div><p><span>E-mail: <\/span><a title=\"Otwiera okno wysy\u0142ania wiadomo\u015bci e-mail\" class=\"mail\">vk(at)19zoll.com<\/a><br \/><span>Telefon: +49 2762 407194-38<\/span><br \/><span>Faks: +49 2762 407194-99<\/span><\/p><\/div>\n\t\t\t\t\t\n\t\t\t\t<\/div>\n\t\t\t<\/div>\n\t\t\t<\/div><div class=\"et_d4_element et_pb_column_1_3 et_pb_column et_pb_column_2  et_pb_css_mix_blend_mode et-last-child et_block_column\">\n\t\t\t\t\n\t\t\t\t\n\t\t\t\t\n\t\t\t\t\n\t\t\t\t<div class=\"et_pb_module et_d4_element et_pb_team_member et_pb_team_member_2 clearfix  et_pb_bg_layout_light\">\n\t\t\t\t\n\t\t\t\t\n\t\t\t\t\n\t\t\t\t\n\t\t\t\t<div class=\"et_pb_team_member_image et-waypoint et_pb_animation_off  et_pb_css_mix_blend_mode\"><img loading=\"lazy\" decoding=\"async\" width=\"450\" height=\"600\" src=\"https:\/\/19zoll.com\/wp-content\/uploads\/2023\/10\/artur-hildebrandt-kontakt.jpg\" alt=\"Artur Hildebrandt\" srcset=\"https:\/\/19zoll.com\/wp-content\/uploads\/2023\/10\/artur-hildebrandt-kontakt.jpg 450w, https:\/\/19zoll.com\/wp-content\/uploads\/2023\/10\/artur-hildebrandt-kontakt-225x300.jpg 225w\" sizes=\"(max-width: 450px) 100vw, 450px\" class=\"wp-image-53403\" \/><\/div>\n\t\t\t\t<div class=\"et_pb_team_member_description\">\n\t\t\t\t\t<h4 class=\"et_pb_module_header\">Artur Hildebrandt<\/h4>\n\t\t\t\t\t<p class=\"et_pb_member_position\">Zarz\u0105dzanie<\/p>\n\t\t\t\t\t<div><p><span>E-mail: <\/span><a title=\"Otwiera okno wysy\u0142ania wiadomo\u015bci e-mail\" class=\"mail\">ah(at)19zoll.com<\/a><br \/><span>Telefon: +49 2762 407194-27<\/span><br \/><span>Faks: +49 2762 407194-99<\/span><\/p><\/div>\n\t\t\t\t\t\n\t\t\t\t<\/div>\n\t\t\t<\/div>\n\t\t\t<\/div>\n\t\t\t\t\n\t\t\t\t\n\t\t\t\t\n\t\t\t\t\n\t\t\t<\/div><div class=\"et_d4_element et_pb_row et_pb_row_1 et_pb_gutters2  et_pb_css_mix_blend_mode et_block_row\">\n\t\t\t\t<div class=\"et_d4_element et_pb_column_1_3 et_pb_column et_pb_column_3  et_pb_css_mix_blend_mode et_block_column\">\n\t\t\t\t\n\t\t\t\t\n\t\t\t\t\n\t\t\t\t\n\t\t\t\t<div class=\"et_pb_module et_d4_element et_pb_team_member et_pb_team_member_3 clearfix  et_pb_bg_layout_light\">\n\t\t\t\t\n\t\t\t\t\n\t\t\t\t\n\t\t\t\t\n\t\t\t\t<div class=\"et_pb_team_member_image et-waypoint et_pb_animation_off  et_pb_css_mix_blend_mode\"><img loading=\"lazy\" decoding=\"async\" width=\"450\" height=\"600\" src=\"https:\/\/19zoll.com\/wp-content\/uploads\/2023\/10\/carina-becker-kontakt.jpg\" alt=\"Carina Becker\" srcset=\"https:\/\/19zoll.com\/wp-content\/uploads\/2023\/10\/carina-becker-kontakt.jpg 450w, https:\/\/19zoll.com\/wp-content\/uploads\/2023\/10\/carina-becker-kontakt-225x300.jpg 225w\" sizes=\"(max-width: 450px) 100vw, 450px\" class=\"wp-image-53410\" \/><\/div>\n\t\t\t\t<div class=\"et_pb_team_member_description\">\n\t\t\t\t\t<h4 class=\"et_pb_module_header\">Carina Becker<\/h4>\n\t\t\t\t\t<p class=\"et_pb_member_position\">Sprzeda\u017c wewn\u0119trzna<\/p>\n\t\t\t\t\t<div><p><span>E-mail: <\/span><a title=\"Otwiera okno wysy\u0142ania wiadomo\u015bci e-mail\" class=\"mail\">cb(at)19zoll.com<\/a><br \/><span>Telefon: +49 2762 407194-35<\/span><br \/><span>Faks: +49 2762 407194-99<\/span><\/p><\/div>\n\t\t\t\t\t\n\t\t\t\t<\/div>\n\t\t\t<\/div>\n\t\t\t<\/div><div class=\"et_d4_element et_pb_column_1_3 et_pb_column et_pb_column_4  et_pb_css_mix_blend_mode et_block_column\">\n\t\t\t\t\n\t\t\t\t\n\t\t\t\t\n\t\t\t\t\n\t\t\t\t<div class=\"et_pb_module et_d4_element et_pb_team_member et_pb_team_member_4 clearfix  et_pb_bg_layout_light\">\n\t\t\t\t\n\t\t\t\t\n\t\t\t\t\n\t\t\t\t\n\t\t\t\t<div class=\"et_pb_team_member_image et-waypoint et_pb_animation_off  et_pb_css_mix_blend_mode\"><img loading=\"lazy\" decoding=\"async\" width=\"450\" height=\"600\" src=\"https:\/\/19zoll.com\/wp-content\/uploads\/2023\/10\/laura-pichowiak-kontakt.jpg\" alt=\"Laura Pichowiack\" srcset=\"https:\/\/19zoll.com\/wp-content\/uploads\/2023\/10\/laura-pichowiak-kontakt.jpg 450w, https:\/\/19zoll.com\/wp-content\/uploads\/2023\/10\/laura-pichowiak-kontakt-225x300.jpg 225w\" sizes=\"(max-width: 450px) 100vw, 450px\" class=\"wp-image-53406\" \/><\/div>\n\t\t\t\t<div class=\"et_pb_team_member_description\">\n\t\t\t\t\t<h4 class=\"et_pb_module_header\">Laura Pichowiack<\/h4>\n\t\t\t\t\t<p class=\"et_pb_member_position\">Sprzeda\u017c wewn\u0119trzna<\/p>\n\t\t\t\t\t<div><p><span>E-mail: <\/span><a title=\"Otwiera okno wysy\u0142ania wiadomo\u015bci e-mail\">lpi(at)19zoll.com<\/a><br \/><span>Telefon: +49 2762 407194-34<\/span><br \/><span>Faks: +49 2762 407194-99<\/span><\/p><\/div>\n\t\t\t\t\t\n\t\t\t\t<\/div>\n\t\t\t<\/div>\n\t\t\t<\/div><div class=\"et_d4_element et_pb_column_1_3 et_pb_column et_pb_column_5  et_pb_css_mix_blend_mode et-last-child et_block_column\">\n\t\t\t\t\n\t\t\t\t\n\t\t\t\t\n\t\t\t\t\n\t\t\t\t<div class=\"et_pb_module et_d4_element et_pb_team_member et_pb_team_member_5 clearfix  et_pb_bg_layout_light\">\n\t\t\t\t\n\t\t\t\t\n\t\t\t\t\n\t\t\t\t\n\t\t\t\t<div class=\"et_pb_team_member_image et-waypoint et_pb_animation_off  et_pb_css_mix_blend_mode\"><img loading=\"lazy\" decoding=\"async\" width=\"450\" height=\"600\" src=\"https:\/\/19zoll.com\/wp-content\/uploads\/2023\/10\/berndette-flehmer-kontakt.jpg\" alt=\"Bernadette Flehmer\" srcset=\"https:\/\/19zoll.com\/wp-content\/uploads\/2023\/10\/berndette-flehmer-kontakt.jpg 450w, https:\/\/19zoll.com\/wp-content\/uploads\/2023\/10\/berndette-flehmer-kontakt-225x300.jpg 225w\" sizes=\"(max-width: 450px) 100vw, 450px\" class=\"wp-image-53408\" \/><\/div>\n\t\t\t\t<div class=\"et_pb_team_member_description\">\n\t\t\t\t\t<h4 class=\"et_pb_module_header\">Bernadette Flehmer<\/h4>\n\t\t\t\t\t<p class=\"et_pb_member_position\">Zakupy<\/p>\n\t\t\t\t\t<div><p><span>E-Mail: <\/span><a title=\"Otwiera okno wysy\u0142ania wiadomo\u015bci e-mail\" class=\"mail\">bf(at)19zoll.com<\/a><br \/><span>Telefon: +49 2762 407194-21<\/span><br \/><span>Faks: +49 2762 407194-99<\/span><\/p><\/div>\n\t\t\t\t\t\n\t\t\t\t<\/div>\n\t\t\t<\/div>\n\t\t\t<\/div>\n\t\t\t\t\n\t\t\t\t\n\t\t\t\t\n\t\t\t\t\n\t\t\t<\/div><div class=\"et_d4_element et_pb_row et_pb_row_2 et_pb_gutters2  et_pb_css_mix_blend_mode et_block_row\">\n\t\t\t\t<div class=\"et_d4_element et_pb_column_1_3 et_pb_column et_pb_column_6  et_pb_css_mix_blend_mode et_block_column\">\n\t\t\t\t\n\t\t\t\t\n\t\t\t\t\n\t\t\t\t\n\t\t\t\t<div class=\"et_pb_module et_d4_element et_pb_team_member et_pb_team_member_6 clearfix  et_pb_bg_layout_light\">\n\t\t\t\t\n\t\t\t\t\n\t\t\t\t\n\t\t\t\t\n\t\t\t\t<div class=\"et_pb_team_member_image et-waypoint et_pb_animation_off  et_pb_css_mix_blend_mode\"><img loading=\"lazy\" decoding=\"async\" width=\"450\" height=\"600\" src=\"https:\/\/19zoll.com\/wp-content\/uploads\/2023\/10\/sven-kneuper-kontakt.jpg\" alt=\"Sven Kneuper\" srcset=\"https:\/\/19zoll.com\/wp-content\/uploads\/2023\/10\/sven-kneuper-kontakt.jpg 450w, https:\/\/19zoll.com\/wp-content\/uploads\/2023\/10\/sven-kneuper-kontakt-225x300.jpg 225w\" sizes=\"(max-width: 450px) 100vw, 450px\" class=\"wp-image-53416\" \/><\/div>\n\t\t\t\t<div class=\"et_pb_team_member_description\">\n\t\t\t\t\t<h4 class=\"et_pb_module_header\">Sven Kneuper<\/h4>\n\t\t\t\t\t<p class=\"et_pb_member_position\">Zarz\u0105dzanie jako\u015bci\u0105<\/p>\n\t\t\t\t\t<div><p><span>E-mail: <\/span><a title=\"Otwiera okno wysy\u0142ania wiadomo\u015bci e-mail\" class=\"mail\">sk(at)19zoll.com<\/a><br \/><span>Telefon: +49 2762 407194-23<\/span><br \/><span>Faks: +49 2762 407194-99<\/span><\/p><\/div>\n\t\t\t\t\t\n\t\t\t\t<\/div>\n\t\t\t<\/div>\n\t\t\t<\/div><div class=\"et_d4_element et_pb_column_1_3 et_pb_column et_pb_column_7  et_pb_css_mix_blend_mode et_block_column\">\n\t\t\t\t\n\t\t\t\t\n\t\t\t\t\n\t\t\t\t\n\t\t\t\t<div class=\"et_pb_module et_d4_element et_pb_team_member et_pb_team_member_7 clearfix  et_pb_bg_layout_light\">\n\t\t\t\t\n\t\t\t\t\n\t\t\t\t\n\t\t\t\t\n\t\t\t\t<div class=\"et_pb_team_member_image et-waypoint et_pb_animation_off  et_pb_css_mix_blend_mode\"><img loading=\"lazy\" decoding=\"async\" width=\"450\" height=\"600\" src=\"https:\/\/19zoll.com\/wp-content\/uploads\/2023\/10\/heiko-katz-kontakt.jpg\" alt=\"Heiko Katz\" srcset=\"https:\/\/19zoll.com\/wp-content\/uploads\/2023\/10\/heiko-katz-kontakt.jpg 450w, https:\/\/19zoll.com\/wp-content\/uploads\/2023\/10\/heiko-katz-kontakt-225x300.jpg 225w\" sizes=\"(max-width: 450px) 100vw, 450px\" class=\"wp-image-53418\" \/><\/div>\n\t\t\t\t<div class=\"et_pb_team_member_description\">\n\t\t\t\t\t<h4 class=\"et_pb_module_header\">Heiko Katz<\/h4>\n\t\t\t\t\t<p class=\"et_pb_member_position\">Zarz\u0105dzanie produkcj\u0105<\/p>\n\t\t\t\t\t<div><p><span>E-Mail: <\/span><a title=\"Otwiera okno wysy\u0142ania wiadomo\u015bci e-mail\" class=\"mail\">hk(at)19zoll.com<\/a><br \/><span>Telefon: +49 2762 407194-22<\/span><br \/><span>Faks: +49 2762 407194-99<\/span><\/p><\/div>\n\t\t\t\t\t\n\t\t\t\t<\/div>\n\t\t\t<\/div>\n\t\t\t<\/div><div class=\"et_d4_element et_pb_column_1_3 et_pb_column et_pb_column_8  et_pb_css_mix_blend_mode et-last-child et_block_column\">\n\t\t\t\t\n\t\t\t\t\n\t\t\t\t\n\t\t\t\t\n\t\t\t\t<div class=\"et_pb_module et_d4_element et_pb_team_member et_pb_team_member_8 clearfix  et_pb_bg_layout_light\">\n\t\t\t\t\n\t\t\t\t\n\t\t\t\t\n\t\t\t\t\n\t\t\t\t<div class=\"et_pb_team_member_image et-waypoint et_pb_animation_off  et_pb_css_mix_blend_mode\"><img loading=\"lazy\" decoding=\"async\" width=\"450\" height=\"600\" src=\"https:\/\/19zoll.com\/wp-content\/uploads\/2023\/10\/mario-galic-kontakt.jpg\" alt=\"Mario Galic\" srcset=\"https:\/\/19zoll.com\/wp-content\/uploads\/2023\/10\/mario-galic-kontakt.jpg 450w, https:\/\/19zoll.com\/wp-content\/uploads\/2023\/10\/mario-galic-kontakt-225x300.jpg 225w\" sizes=\"(max-width: 450px) 100vw, 450px\" class=\"wp-image-53414\" \/><\/div>\n\t\t\t\t<div class=\"et_pb_team_member_description\">\n\t\t\t\t\t<h4 class=\"et_pb_module_header\">Mario Galic<\/h4>\n\t\t\t\t\t<p class=\"et_pb_member_position\">Sprzeda\u017c techniczna<\/p>\n\t\t\t\t\t<div><p><span>E-Mail: <\/span><a title=\"Otwiera okno wysy\u0142ania wiadomo\u015bci e-mail\" class=\"mail\">mg(at)19zoll.com<\/a><br \/><span>Telefon: +49 2762 407194-33<\/span><br \/><span>Faks: +49 2762 407194-99<\/span><\/p><\/div>\n\t\t\t\t\t\n\t\t\t\t<\/div>\n\t\t\t<\/div>\n\t\t\t<\/div>\n\t\t\t\t\n\t\t\t\t\n\t\t\t\t\n\t\t\t\t\n\t\t\t<\/div><div class=\"et_d4_element et_pb_row et_pb_row_3 et_pb_gutters2  et_pb_css_mix_blend_mode et_block_row\">\n\t\t\t\t<div class=\"et_d4_element et_pb_column_1_3 et_pb_column et_pb_column_9  et_pb_css_mix_blend_mode et_block_column\">\n\t\t\t\t\n\t\t\t\t\n\t\t\t\t\n\t\t\t\t\n\t\t\t\t<div class=\"et_pb_module et_d4_element et_pb_team_member et_pb_team_member_9 clearfix  et_pb_bg_layout_light\">\n\t\t\t\t\n\t\t\t\t\n\t\t\t\t\n\t\t\t\t\n\t\t\t\t<div class=\"et_pb_team_member_image et-waypoint et_pb_animation_off  et_pb_css_mix_blend_mode\"><img loading=\"lazy\" decoding=\"async\" width=\"450\" height=\"600\" src=\"https:\/\/19zoll.com\/wp-content\/uploads\/2023\/10\/robert-hofmann-kontakt.jpg\" alt=\"Robert Hofmann\" srcset=\"https:\/\/19zoll.com\/wp-content\/uploads\/2023\/10\/robert-hofmann-kontakt.jpg 450w, https:\/\/19zoll.com\/wp-content\/uploads\/2023\/10\/robert-hofmann-kontakt-225x300.jpg 225w\" sizes=\"(max-width: 450px) 100vw, 450px\" class=\"wp-image-53423\" \/><\/div>\n\t\t\t\t<div class=\"et_pb_team_member_description\">\n\t\t\t\t\t<h4 class=\"et_pb_module_header\">Robert Hofmann<\/h4>\n\t\t\t\t\t<p class=\"et_pb_member_position\">Projektowanie CAD \/ automatyzacja<\/p>\n\t\t\t\t\t<div><p><span>E-mail: <\/span><a title=\"Otwiera okno wysy\u0142ania wiadomo\u015bci e-mail\" class=\"mail\">rh(at)19zoll.com<\/a><br \/><span>Telefon: +49 2762 407194-45<\/span><br \/><span>Faks: +49 2762 407194-99<\/span><\/p><\/div>\n\t\t\t\t\t\n\t\t\t\t<\/div>\n\t\t\t<\/div>\n\t\t\t<\/div><div class=\"et_d4_element et_pb_column_1_3 et_pb_column et_pb_column_10  et_pb_css_mix_blend_mode et_block_column\">\n\t\t\t\t\n\t\t\t\t\n\t\t\t\t\n\t\t\t\t\n\t\t\t\t<div class=\"et_pb_module et_d4_element et_pb_team_member et_pb_team_member_10 clearfix  et_pb_bg_layout_light\">\n\t\t\t\t\n\t\t\t\t\n\t\t\t\t\n\t\t\t\t\n\t\t\t\t<div class=\"et_pb_team_member_image et-waypoint et_pb_animation_off  et_pb_css_mix_blend_mode\"><img loading=\"lazy\" decoding=\"async\" width=\"450\" height=\"600\" src=\"https:\/\/19zoll.com\/wp-content\/uploads\/2023\/10\/tanja-winters-kontakt.jpg\" alt=\"Tanja Winters\" srcset=\"https:\/\/19zoll.com\/wp-content\/uploads\/2023\/10\/tanja-winters-kontakt.jpg 450w, https:\/\/19zoll.com\/wp-content\/uploads\/2023\/10\/tanja-winters-kontakt-225x300.jpg 225w\" sizes=\"(max-width: 450px) 100vw, 450px\" class=\"wp-image-53427\" \/><\/div>\n\t\t\t\t<div class=\"et_pb_team_member_description\">\n\t\t\t\t\t<h4 class=\"et_pb_module_header\">Tanja Winters<\/h4>\n\t\t\t\t\t<p class=\"et_pb_member_position\">Przygotowanie do pracy<\/p>\n\t\t\t\t\t<div><p><span>E-mail: <\/span><a title=\"Otwiera okno wysy\u0142ania wiadomo\u015bci e-mail\" class=\"mail\">tw(at)19zoll.com<\/a><br \/><span>Telefon: +49 2762 407194-28<\/span><br \/><span>Faks: +49 2762 407194-99<\/span><\/p><\/div>\n\t\t\t\t\t\n\t\t\t\t<\/div>\n\t\t\t<\/div>\n\t\t\t<\/div><div class=\"et_d4_element et_pb_column_1_3 et_pb_column et_pb_column_11  et_pb_css_mix_blend_mode et-last-child et_block_column et_pb_column_empty\">\n\t\t\t\t\n\t\t\t\t\n\t\t\t\t\n\t\t\t\t\n\t\t\t\t\n\t\t\t<\/div>\n\t\t\t\t\n\t\t\t\t\n\t\t\t\t\n\t\t\t\t\n\t\t\t<\/div>\n\t\t\t\t\n\t\t\t\t\n\t\t\t<\/div>\n","protected":false},"excerpt":{"rendered":"","protected":false},"author":1,"featured_media":0,"parent":0,"menu_order":0,"comment_status":"closed","ping_status":"closed","template":"","meta":{"inline_featured_image":false,"_et_pb_use_builder":"on","_et_pb_old_content":"","_et_gb_content_width":"","footnotes":""},"class_list":["post-55195","page","type-page","status-publish","hentry"],"yoast_head":"<!-- This site is optimized with the Yoast SEO plugin v27.4 - https:\/\/yoast.com\/product\/yoast-seo-wordpress\/ -->\n<title>Kontakt w Daub CNC Technik GmbH und Co KG<\/title>\n<meta name=\"description\" content=\"Zapytania dotycz\u0105ce obud\u00f3w i przetwarzania pustych obud\u00f3w i paneli przednich b\u0119d\u0105 rozpatrywane bezpo\u015brednio przez nas. Tel: +49 (0) 2762 407194-0\" \/>\n<meta name=\"robots\" content=\"index, follow, max-snippet:-1, max-image-preview:large, max-video-preview:-1\" \/>\n<link rel=\"canonical\" href=\"https:\/\/19zoll.com\/pl\/osoba-do-kontaktu\/\" \/>\n<meta property=\"og:locale\" content=\"pl_PL\" \/>\n<meta property=\"og:type\" content=\"article\" \/>\n<meta property=\"og:title\" content=\"Kontakt w Daub CNC Technik GmbH und Co KG\" \/>\n<meta property=\"og:description\" content=\"Zapytania dotycz\u0105ce obud\u00f3w i przetwarzania pustych obud\u00f3w i paneli przednich b\u0119d\u0105 rozpatrywane bezpo\u015brednio przez nas. Tel: +49 (0) 2762 407194-0\" \/>\n<meta property=\"og:url\" content=\"https:\/\/19zoll.com\/pl\/osoba-do-kontaktu\/\" \/>\n<meta property=\"og:site_name\" content=\"Daub CNC\" \/>\n<meta property=\"article:modified_time\" content=\"2025-03-25T13:28:58+00:00\" \/>\n<meta property=\"og:image\" content=\"https:\/\/19zoll.com\/wp-content\/uploads\/2021\/10\/volker-kaluza.jpg\" \/>\n<meta name=\"twitter:card\" content=\"summary_large_image\" \/>\n<meta name=\"twitter:title\" content=\"Kontakt w Daub CNC Technik GmbH und Co KG\" \/>\n<meta name=\"twitter:description\" content=\"Zapytania dotycz\u0105ce obud\u00f3w i przetwarzania pustych obud\u00f3w i paneli przednich b\u0119d\u0105 rozpatrywane bezpo\u015brednio przez nas. Tel: +49 (0) 2762 407194-0\" \/>\n<meta name=\"twitter:image\" content=\"https:\/\/19zoll.com\/wp-content\/uploads\/2021\/10\/volker-kaluza.jpg\" \/>\n<meta name=\"twitter:label1\" content=\"Szacowany czas czytania\" \/>\n\t<meta name=\"twitter:data1\" content=\"17 minut\" \/>\n<script type=\"application\/ld+json\" class=\"yoast-schema-graph\">{\"@context\":\"https:\\\/\\\/schema.org\",\"@graph\":[{\"@type\":\"WebPage\",\"@id\":\"https:\\\/\\\/19zoll.com\\\/pl\\\/osoba-do-kontaktu\\\/\",\"url\":\"https:\\\/\\\/19zoll.com\\\/pl\\\/osoba-do-kontaktu\\\/\",\"name\":\"Kontakt w Daub CNC Technik GmbH und Co KG\",\"isPartOf\":{\"@id\":\"https:\\\/\\\/19zoll.com\\\/#website\"},\"datePublished\":\"2021-10-21T13:45:22+00:00\",\"dateModified\":\"2025-03-25T13:28:58+00:00\",\"description\":\"Zapytania dotycz\u0105ce obud\u00f3w i przetwarzania pustych obud\u00f3w i paneli przednich b\u0119d\u0105 rozpatrywane bezpo\u015brednio przez nas. Tel: +49 (0) 2762 407194-0\",\"breadcrumb\":{\"@id\":\"https:\\\/\\\/19zoll.com\\\/pl\\\/osoba-do-kontaktu\\\/#breadcrumb\"},\"inLanguage\":\"pl-PL\",\"potentialAction\":[{\"@type\":\"ReadAction\",\"target\":[\"https:\\\/\\\/19zoll.com\\\/pl\\\/osoba-do-kontaktu\\\/\"]}]},{\"@type\":\"BreadcrumbList\",\"@id\":\"https:\\\/\\\/19zoll.com\\\/pl\\\/osoba-do-kontaktu\\\/#breadcrumb\",\"itemListElement\":[{\"@type\":\"ListItem\",\"position\":1,\"name\":\"Startseite\",\"item\":\"https:\\\/\\\/19zoll.com\\\/pl\\\/strona-glowna\\\/\"},{\"@type\":\"ListItem\",\"position\":2,\"name\":\"Osoba do kontaktu\"}]},{\"@type\":\"WebSite\",\"@id\":\"https:\\\/\\\/19zoll.com\\\/#website\",\"url\":\"https:\\\/\\\/19zoll.com\\\/\",\"name\":\"Daub CNC\",\"description\":\"Ein Webprojekt von IhrMediengestalter\",\"potentialAction\":[{\"@type\":\"SearchAction\",\"target\":{\"@type\":\"EntryPoint\",\"urlTemplate\":\"https:\\\/\\\/19zoll.com\\\/?s={search_term_string}\"},\"query-input\":{\"@type\":\"PropertyValueSpecification\",\"valueRequired\":true,\"valueName\":\"search_term_string\"}}],\"inLanguage\":\"pl-PL\"}]}<\/script>\n<!-- \/ Yoast SEO plugin. -->","yoast_head_json":{"title":"Kontakt w Daub CNC Technik GmbH und Co KG","description":"Zapytania dotycz\u0105ce obud\u00f3w i przetwarzania pustych obud\u00f3w i paneli przednich b\u0119d\u0105 rozpatrywane bezpo\u015brednio przez nas. Tel: +49 (0) 2762 407194-0","robots":{"index":"index","follow":"follow","max-snippet":"max-snippet:-1","max-image-preview":"max-image-preview:large","max-video-preview":"max-video-preview:-1"},"canonical":"https:\/\/19zoll.com\/pl\/osoba-do-kontaktu\/","og_locale":"pl_PL","og_type":"article","og_title":"Kontakt w Daub CNC Technik GmbH und Co KG","og_description":"Zapytania dotycz\u0105ce obud\u00f3w i przetwarzania pustych obud\u00f3w i paneli przednich b\u0119d\u0105 rozpatrywane bezpo\u015brednio przez nas. Tel: +49 (0) 2762 407194-0","og_url":"https:\/\/19zoll.com\/pl\/osoba-do-kontaktu\/","og_site_name":"Daub CNC","article_modified_time":"2025-03-25T13:28:58+00:00","og_image":[{"url":"https:\/\/19zoll.com\/wp-content\/uploads\/2021\/10\/volker-kaluza.jpg","type":"","width":"","height":""}],"twitter_card":"summary_large_image","twitter_title":"Kontakt w Daub CNC Technik GmbH und Co KG","twitter_description":"Zapytania dotycz\u0105ce obud\u00f3w i przetwarzania pustych obud\u00f3w i paneli przednich b\u0119d\u0105 rozpatrywane bezpo\u015brednio przez nas. Tel: +49 (0) 2762 407194-0","twitter_image":"https:\/\/19zoll.com\/wp-content\/uploads\/2021\/10\/volker-kaluza.jpg","twitter_misc":{"Szacowany czas czytania":"17 minut"},"schema":{"@context":"https:\/\/schema.org","@graph":[{"@type":"WebPage","@id":"https:\/\/19zoll.com\/pl\/osoba-do-kontaktu\/","url":"https:\/\/19zoll.com\/pl\/osoba-do-kontaktu\/","name":"Kontakt w Daub CNC Technik GmbH und Co KG","isPartOf":{"@id":"https:\/\/19zoll.com\/#website"},"datePublished":"2021-10-21T13:45:22+00:00","dateModified":"2025-03-25T13:28:58+00:00","description":"Zapytania dotycz\u0105ce obud\u00f3w i przetwarzania pustych obud\u00f3w i paneli przednich b\u0119d\u0105 rozpatrywane bezpo\u015brednio przez nas. Tel: +49 (0) 2762 407194-0","breadcrumb":{"@id":"https:\/\/19zoll.com\/pl\/osoba-do-kontaktu\/#breadcrumb"},"inLanguage":"pl-PL","potentialAction":[{"@type":"ReadAction","target":["https:\/\/19zoll.com\/pl\/osoba-do-kontaktu\/"]}]},{"@type":"BreadcrumbList","@id":"https:\/\/19zoll.com\/pl\/osoba-do-kontaktu\/#breadcrumb","itemListElement":[{"@type":"ListItem","position":1,"name":"Startseite","item":"https:\/\/19zoll.com\/pl\/strona-glowna\/"},{"@type":"ListItem","position":2,"name":"Osoba do kontaktu"}]},{"@type":"WebSite","@id":"https:\/\/19zoll.com\/#website","url":"https:\/\/19zoll.com\/","name":"Daub CNC","description":"Ein Webprojekt von IhrMediengestalter","potentialAction":[{"@type":"SearchAction","target":{"@type":"EntryPoint","urlTemplate":"https:\/\/19zoll.com\/?s={search_term_string}"},"query-input":{"@type":"PropertyValueSpecification","valueRequired":true,"valueName":"search_term_string"}}],"inLanguage":"pl-PL"}]}},"_links":{"self":[{"href":"https:\/\/19zoll.com\/pl\/wp-json\/wp\/v2\/pages\/55195","targetHints":{"allow":["GET"]}}],"collection":[{"href":"https:\/\/19zoll.com\/pl\/wp-json\/wp\/v2\/pages"}],"about":[{"href":"https:\/\/19zoll.com\/pl\/wp-json\/wp\/v2\/types\/page"}],"author":[{"embeddable":true,"href":"https:\/\/19zoll.com\/pl\/wp-json\/wp\/v2\/users\/1"}],"replies":[{"embeddable":true,"href":"https:\/\/19zoll.com\/pl\/wp-json\/wp\/v2\/comments?post=55195"}],"version-history":[{"count":2,"href":"https:\/\/19zoll.com\/pl\/wp-json\/wp\/v2\/pages\/55195\/revisions"}],"predecessor-version":[{"id":55197,"href":"https:\/\/19zoll.com\/pl\/wp-json\/wp\/v2\/pages\/55195\/revisions\/55197"}],"wp:attachment":[{"href":"https:\/\/19zoll.com\/pl\/wp-json\/wp\/v2\/media?parent=55195"}],"curies":[{"name":"wp","href":"https:\/\/api.w.org\/{rel}","templated":true}]}}