{"id":56325,"date":"2021-12-03T17:58:32","date_gmt":"2021-12-03T16:58:32","guid":{"rendered":"https:\/\/19zoll.com\/notizie\/"},"modified":"2025-11-19T09:55:53","modified_gmt":"2025-11-19T08:55:53","slug":"notizie","status":"publish","type":"page","link":"https:\/\/19zoll.com\/it\/notizie\/","title":{"rendered":"Notizie"},"content":{"rendered":"<p><div class=\"et_pb_with_border et_d4_element et_pb_section et_pb_section_0 et_pb_with_background  et_pb_css_mix_blend_mode et_section_regular et_block_section\" >\n\t\t\t\t\n\t\t\t\t\n\t\t\t\t\n\t\t\t\t\n\t\t\t\t\n\t\t\t\t\n\t\t\t\t<div class=\"et_d4_element et_pb_row et_pb_row_0  et_pb_css_mix_blend_mode et_block_row\">\n\t\t\t\t<div class=\"et_d4_element et_pb_column_4_4 et_pb_column et_pb_column_0  et_pb_css_mix_blend_mode et-last-child et_block_column\">\n\t\t\t\t\n\t\t\t\t\n\t\t\t\t\n\t\t\t\t\n\t\t\t\t<div class=\"et_pb_module et_d4_element et_pb_text et_pb_text_0  et_pb_text_align_left et_pb_bg_layout_light\">\n\t\t\t\t\n\t\t\t\t\n\t\t\t\t\n\t\t\t\t\n\t\t\t\t<div class=\"et_pb_text_inner\"><div id=\"c76\" class=\"csc-default csc-space-before-30 csc-space-after-50\">\n<h2><b><span>Saremo di nuovo l\u00ec nel 2026<\/span>!<\/b><\/h2>\n<p style=\"font-weight: 400;\"><span>Anche il prossimo anno saremo presenti all'Embedded World 2026 di Norimberga. \u00c8 sempre un piacere partecipare a questa fiera stimolante, avere discussioni interessanti e sperimentare tecnologie innovative. <\/span><\/p>\n<p style=\"font-weight: 400;\"><span>I preparativi sono gi\u00e0 in pieno svolgimento: non vediamo l'ora che tu venga a trovarci!<\/span><\/p>\n<\/div><\/div>\n\t\t\t<\/div><div class=\"et_pb_module et_d4_element et_pb_image et_pb_image_0\">\n\t\t\t\t\n\t\t\t\t\n\t\t\t\t\n\t\t\t\t\n\t\t\t\t<span class=\"et_pb_image_wrap \"><img loading=\"lazy\" decoding=\"async\" width=\"600\" height=\"100\" src=\"https:\/\/19zoll.com\/wp-content\/uploads\/2025\/11\/embedded-world-n-signaturbanner-signature-banner-wir-sind-dabei-we-are-part-of-it.jpg\" alt=\"\" title=\"embedded-world-n-signature-banner-signature-banner-we-are-part-of-it\" srcset=\"https:\/\/19zoll.com\/wp-content\/uploads\/2025\/11\/embedded-world-n-signaturbanner-signature-banner-wir-sind-dabei-we-are-part-of-it.jpg 600w, https:\/\/19zoll.com\/wp-content\/uploads\/2025\/11\/embedded-world-n-signaturbanner-signature-banner-wir-sind-dabei-we-are-part-of-it-480x80.jpg 480w\" sizes=\"(min-width: 0px) and (max-width: 480px) 480px, (min-width: 481px) 600px, 100vw\" class=\"wp-image-60933\" \/><\/span>\n\t\t\t<\/div>\n\t\t\t<\/div>\n\t\t\t\t\n\t\t\t\t\n\t\t\t\t\n\t\t\t\t\n\t\t\t<\/div>\n\t\t\t\t\n\t\t\t\t\n\t\t\t<\/div><div class=\"et_pb_with_border et_d4_element et_pb_section et_pb_section_1 et_pb_with_background  et_pb_css_mix_blend_mode et_section_regular et_block_section\" >\n\t\t\t\t\n\t\t\t\t\n\t\t\t\t\n\t\t\t\t\n\t\t\t\t\n\t\t\t\t\n\t\t\t\t<div class=\"et_d4_element et_pb_row et_pb_row_1  et_pb_css_mix_blend_mode et_block_row\">\n\t\t\t\t<div class=\"et_d4_element et_pb_column_3_4 et_pb_column et_pb_column_1  et_pb_css_mix_blend_mode et_block_column\">\n\t\t\t\t\n\t\t\t\t\n\t\t\t\t\n\t\t\t\t\n\t\t\t\t<div class=\"et_pb_module et_d4_element et_pb_text et_pb_text_1  et_pb_text_align_left et_pb_bg_layout_light\">\n\t\t\t\t\n\t\t\t\t\n\t\t\t\t\n\t\t\t\t\n\t\t\t\t<div class=\"et_pb_text_inner\"><div id=\"c76\" class=\"csc-default csc-space-before-30 csc-space-after-50\">\n<h2><b>Addendum a Embedded World 2025 - un successo completo!<\/b><\/h2>\n<p style=\"font-weight: 400;\">L <strong>'Embedded World 2025<\/strong>, che si \u00e8 svolto <strong>dall'11 al 13 marzo<\/strong> a Norimberga, \u00e8 stato ancora una volta il momento clou della comunit\u00e0 embedded! Con <g id=\"gid_2\">32.000 visitatori da oltre 80 paesi<\/g> e quasi <g id=\"gid_3\">1.200 espositori da 46 paesi<\/g>, la fiera ha offerto una piattaforma unica per l'innovazione, il dialogo e il networking. Le conferenze che l'hanno accompagnata hanno attirato altri <strong>1.897 partecipanti da 47 paesi<\/strong>: un forte segnale del crescente interesse per le tecnologie embedded!  <\/p>\n<p style=\"font-weight: 400;\">  Dopo aver <strong>ridisegnato il<\/strong> nostro <strong>stand fieristico<\/strong> l'anno scorso, questa volta ci siamo concentrati su un nuovo look per il nostro team. Abbiamo creato un'atmosfera rilassata con i nostri nuovissimi <strong>maglioni<\/strong>, che hanno riscosso un grande successo! <\/p>\n<p style=\"font-weight: 400;\">  Grazie a tutti i visitatori, partner e colleghi per le entusiasmanti discussioni, le preziose intuizioni e la fiera di successo! Non vediamo l'ora di partecipare all'<strong>Embedded World 2026<\/strong> - Save the Date: <strong>10-12 marzo 2026<\/strong>! <\/p>\n<\/div><\/div>\n\t\t\t<\/div>\n\t\t\t<\/div><div class=\"et_d4_element et_pb_column_1_4 et_pb_column et_pb_column_2  et_pb_css_mix_blend_mode et-last-child et_block_column\">\n\t\t\t\t\n\t\t\t\t\n\t\t\t\t\n\t\t\t\t\n\t\t\t\t<div class=\"et_pb_module et_d4_element et_pb_video et_pb_video_0\">\n\t\t\t\t\n\t\t\t\t\n\t\t\t\t\n\t\t\t\t\n\t\t\t\t<div class=\"et_pb_video_box\">\n\t\t\t\t<video controls>\n\t\t\t\t\t<source type=\"video\/mp4\" src=\"https:\/\/19zoll.com\/wp-content\/uploads\/2025\/03\/collage-embedded-2025.mp4\" \/>\n\t\t\t\t\t\n\t\t\t\t<\/video><\/div>\n\t\t\t\t<div style=\"background-image:url(https:\/\/19zoll.com\/wp-content\/uploads\/2025\/03\/collage-embedded-2025-shot.jpg)\" class=\"et_pb_video_overlay\"><div class=\"et_pb_video_overlay_hover\"><a href=\"#\" class=\"et_pb_video_play\"><\/a><\/div><\/div>\n\t\t\t<\/div>\n\t\t\t<\/div>\n\t\t\t\t\n\t\t\t\t\n\t\t\t\t\n\t\t\t\t\n\t\t\t<\/div>\n\t\t\t\t\n\t\t\t\t\n\t\t\t<\/div><div class=\"et_pb_with_border et_d4_element et_pb_section et_pb_section_2 et_pb_with_background  et_pb_css_mix_blend_mode et_section_regular et_block_section\" >\n\t\t\t\t\n\t\t\t\t\n\t\t\t\t\n\t\t\t\t\n\t\t\t\t\n\t\t\t\t\n\t\t\t\t<div class=\"et_d4_element et_pb_row et_pb_row_2  et_pb_css_mix_blend_mode et_block_row\">\n\t\t\t\t<div class=\"et_d4_element et_pb_column_4_4 et_pb_column et_pb_column_3  et_pb_css_mix_blend_mode et-last-child et_block_column\">\n\t\t\t\t\n\t\t\t\t\n\t\t\t\t\n\t\t\t\t\n\t\t\t\t<div class=\"et_pb_module et_d4_element et_pb_text et_pb_text_2  et_pb_text_align_left et_pb_bg_layout_light\">\n\t\t\t\t\n\t\t\t\t\n\t\t\t\t\n\t\t\t\t\n\t\t\t\t<div class=\"et_pb_text_inner\"><div id=\"c76\" class=\"csc-default csc-space-before-30 csc-space-after-50\">\n<h1><b>Uno sguardo indietro a Electronica 2024 a Monaco di Baviera<\/b><\/h1>\n<p style=\"font-weight: 400;\"><strong>Electronica 2024<\/strong>, che si \u00e8 svolta a Monaco di Baviera dal 12\/11\/2024 al 15\/11\/2024, \u00e8 stata ancora una volta un successo completo e ha sottolineato il suo status di fiera leader mondiale per l'industria elettronica. Oltre 3480 espositori provenienti da diversi paesi hanno presentato i loro ultimi prodotti, tecnologie e innovazioni a un vasto pubblico di operatori del settore. I visitatori hanno avuto la possibilit\u00e0 di ottenere interessanti informazioni sulle tendenze attuali del settore.  <\/p>\n<p style=\"font-weight: 400;\">Argomenti come l'<strong>intelligenza artificiale<\/strong>, l'<strong>elettromobilit\u00e0<\/strong>, l'<strong>IoT<\/strong> e le <strong>soluzioni di elettronica sostenibile<\/strong> sono stati oggetto di particolare attenzione.<\/p>\n<p style=\"font-weight: 400;\">Electronica ha offerto una piattaforma per un intenso dialogo tra aziende, scienza e politica. I numerosi forum e i tavoli di discussione hanno fornito una visione pi\u00f9 approfondita delle sfide e delle opportunit\u00e0 che il settore deve affrontare e hanno promosso importanti collaborazioni. L'atmosfera della fiera \u00e8 stata caratterizzata da ottimismo e spirito innovativo. Per molti partecipanti, Electronica 2024 \u00e8 stato il luogo ideale per fare rete, accedere a nuovi mercati e posizionarsi per il futuro - anche per noi!   <\/p>\n<p style=\"font-weight: 400;\">L'aspetto speciale di questa fiera per noi \u00e8 stato sicuramente lo stand congiunto con il nostro partner giapponese Takachi Enclosures. Abbiamo trascorso una settimana fantastica insieme e siamo riusciti a collaborare molto bene e a rafforzare la nostra partnership! <\/p>\n<p style=\"font-weight: 400;\">Ringraziamo tutti gli espositori, i visitatori e gli organizzatori e non vediamo l'ora di partecipare alla prossima edizione di Electronica!<\/p>\n<\/div><\/div>\n\t\t\t<\/div>\n\t\t\t<\/div>\n\t\t\t\t\n\t\t\t\t\n\t\t\t\t\n\t\t\t\t\n\t\t\t<\/div><div class=\"et_d4_element et_pb_row et_pb_row_3  et_pb_css_mix_blend_mode et_block_row\">\n\t\t\t\t<div class=\"et_d4_element et_pb_column_1_3 et_pb_column et_pb_column_4  et_pb_css_mix_blend_mode et_block_column\">\n\t\t\t\t\n\t\t\t\t\n\t\t\t\t\n\t\t\t\t\n\t\t\t\t<div class=\"et_pb_module et_d4_element et_pb_image et_pb_image_1\">\n\t\t\t\t\n\t\t\t\t\n\t\t\t\t\n\t\t\t\t\n\t\t\t\t<span class=\"et_pb_image_wrap \"><img loading=\"lazy\" decoding=\"async\" width=\"750\" height=\"1000\" src=\"https:\/\/19zoll.com\/wp-content\/uploads\/2024\/11\/electronica-2024-002.jpg\" alt=\"\" title=\"electronica-2024-002\" srcset=\"https:\/\/19zoll.com\/wp-content\/uploads\/2024\/11\/electronica-2024-002.jpg 750w, https:\/\/19zoll.com\/wp-content\/uploads\/2024\/11\/electronica-2024-002-480x640.jpg 480w\" sizes=\"(min-width: 0px) and (max-width: 480px) 480px, (min-width: 481px) 750px, 100vw\" class=\"wp-image-54184\" \/><\/span>\n\t\t\t<\/div>\n\t\t\t<\/div><div class=\"et_d4_element et_pb_column_1_3 et_pb_column et_pb_column_5  et_pb_css_mix_blend_mode et_block_column\">\n\t\t\t\t\n\t\t\t\t\n\t\t\t\t\n\t\t\t\t\n\t\t\t\t<div class=\"et_pb_module et_d4_element et_pb_image et_pb_image_2\">\n\t\t\t\t\n\t\t\t\t\n\t\t\t\t\n\t\t\t\t\n\t\t\t\t<span class=\"et_pb_image_wrap \"><img loading=\"lazy\" decoding=\"async\" width=\"1000\" height=\"750\" src=\"https:\/\/19zoll.com\/wp-content\/uploads\/2024\/11\/electronica-2024-001.jpg\" alt=\"\" title=\"electronica-2024-001\" srcset=\"https:\/\/19zoll.com\/wp-content\/uploads\/2024\/11\/electronica-2024-001.jpg 1000w, https:\/\/19zoll.com\/wp-content\/uploads\/2024\/11\/electronica-2024-001-980x735.jpg 980w, https:\/\/19zoll.com\/wp-content\/uploads\/2024\/11\/electronica-2024-001-480x360.jpg 480w\" sizes=\"(min-width: 0px) and (max-width: 480px) 480px, (min-width: 481px) and (max-width: 980px) 980px, (min-width: 981px) 1000px, 100vw\" class=\"wp-image-54182\" \/><\/span>\n\t\t\t<\/div>\n\t\t\t<\/div><div class=\"et_d4_element et_pb_column_1_3 et_pb_column et_pb_column_6  et_pb_css_mix_blend_mode et-last-child et_block_column\">\n\t\t\t\t\n\t\t\t\t\n\t\t\t\t\n\t\t\t\t\n\t\t\t\t<div class=\"et_pb_module et_d4_element et_pb_image et_pb_image_3\">\n\t\t\t\t\n\t\t\t\t\n\t\t\t\t\n\t\t\t\t\n\t\t\t\t<span class=\"et_pb_image_wrap \"><img loading=\"lazy\" decoding=\"async\" width=\"750\" height=\"1000\" src=\"https:\/\/19zoll.com\/wp-content\/uploads\/2024\/11\/electronica-2024-003.jpg\" alt=\"\" title=\"electronica-2024-003\" srcset=\"https:\/\/19zoll.com\/wp-content\/uploads\/2024\/11\/electronica-2024-003.jpg 750w, https:\/\/19zoll.com\/wp-content\/uploads\/2024\/11\/electronica-2024-003-480x640.jpg 480w\" sizes=\"(min-width: 0px) and (max-width: 480px) 480px, (min-width: 481px) 750px, 100vw\" class=\"wp-image-54186\" \/><\/span>\n\t\t\t<\/div>\n\t\t\t<\/div>\n\t\t\t\t\n\t\t\t\t\n\t\t\t\t\n\t\t\t\t\n\t\t\t<\/div>\n\t\t\t\t\n\t\t\t\t\n\t\t\t<\/div><\/p>\n","protected":false},"excerpt":{"rendered":"","protected":false},"author":1,"featured_media":0,"parent":0,"menu_order":0,"comment_status":"closed","ping_status":"closed","template":"","meta":{"inline_featured_image":false,"_et_pb_use_builder":"on","_et_pb_old_content":"","_et_gb_content_width":"","footnotes":""},"class_list":["post-56325","page","type-page","status-publish","hentry"],"yoast_head":"<!-- This site is optimized with the Yoast SEO plugin v27.4 - https:\/\/yoast.com\/product\/yoast-seo-wordpress\/ -->\n<title>Notizie da Daub CNC Technik GmbH und Co KG<\/title>\n<meta name=\"description\" content=\"News, Takachi, Fiere, Embedded World, Custodie in alluminio, Custodie in plastica, Anodizzazione, Lavorazione ed etichettatura delle custodie\" \/>\n<meta name=\"robots\" content=\"index, follow, max-snippet:-1, max-image-preview:large, max-video-preview:-1\" \/>\n<link rel=\"canonical\" href=\"https:\/\/19zoll.com\/it\/notizie\/\" \/>\n<meta property=\"og:locale\" content=\"it_IT\" \/>\n<meta property=\"og:type\" content=\"article\" \/>\n<meta property=\"og:title\" content=\"Notizie da Daub CNC Technik GmbH und Co KG\" \/>\n<meta property=\"og:description\" content=\"News, Takachi, Fiere, Embedded World, Custodie in alluminio, Custodie in plastica, Anodizzazione, Lavorazione ed etichettatura delle custodie\" \/>\n<meta property=\"og:url\" content=\"https:\/\/19zoll.com\/it\/notizie\/\" \/>\n<meta property=\"og:site_name\" content=\"Daub CNC\" \/>\n<meta property=\"article:modified_time\" content=\"2025-11-19T08:55:53+00:00\" \/>\n<meta name=\"twitter:card\" content=\"summary_large_image\" \/>\n<meta name=\"twitter:title\" content=\"Notizie da Daub CNC Technik GmbH und Co KG\" \/>\n<meta name=\"twitter:description\" content=\"News, Takachi, Fiere, Embedded World, Custodie in alluminio, Custodie in plastica, Anodizzazione, Lavorazione ed etichettatura delle custodie\" \/>\n<meta name=\"twitter:label1\" content=\"Tempo di lettura stimato\" \/>\n\t<meta name=\"twitter:data1\" content=\"5 minuti\" \/>\n<script type=\"application\/ld+json\" class=\"yoast-schema-graph\">{\"@context\":\"https:\\\/\\\/schema.org\",\"@graph\":[{\"@type\":\"WebPage\",\"@id\":\"https:\\\/\\\/19zoll.com\\\/it\\\/notizie\\\/\",\"url\":\"https:\\\/\\\/19zoll.com\\\/it\\\/notizie\\\/\",\"name\":\"Notizie da Daub CNC Technik GmbH und Co KG\",\"isPartOf\":{\"@id\":\"https:\\\/\\\/19zoll.com\\\/#website\"},\"datePublished\":\"2021-12-03T16:58:32+00:00\",\"dateModified\":\"2025-11-19T08:55:53+00:00\",\"description\":\"News, Takachi, Fiere, Embedded World, Custodie in alluminio, Custodie in plastica, Anodizzazione, Lavorazione ed etichettatura delle custodie\",\"breadcrumb\":{\"@id\":\"https:\\\/\\\/19zoll.com\\\/it\\\/notizie\\\/#breadcrumb\"},\"inLanguage\":\"it-IT\",\"potentialAction\":[{\"@type\":\"ReadAction\",\"target\":[\"https:\\\/\\\/19zoll.com\\\/it\\\/notizie\\\/\"]}]},{\"@type\":\"BreadcrumbList\",\"@id\":\"https:\\\/\\\/19zoll.com\\\/it\\\/notizie\\\/#breadcrumb\",\"itemListElement\":[{\"@type\":\"ListItem\",\"position\":1,\"name\":\"Startseite\",\"item\":\"https:\\\/\\\/19zoll.com\\\/it\\\/casa\\\/\"},{\"@type\":\"ListItem\",\"position\":2,\"name\":\"Notizie\"}]},{\"@type\":\"WebSite\",\"@id\":\"https:\\\/\\\/19zoll.com\\\/#website\",\"url\":\"https:\\\/\\\/19zoll.com\\\/\",\"name\":\"Daub CNC\",\"description\":\"Ein Webprojekt von IhrMediengestalter\",\"potentialAction\":[{\"@type\":\"SearchAction\",\"target\":{\"@type\":\"EntryPoint\",\"urlTemplate\":\"https:\\\/\\\/19zoll.com\\\/?s={search_term_string}\"},\"query-input\":{\"@type\":\"PropertyValueSpecification\",\"valueRequired\":true,\"valueName\":\"search_term_string\"}}],\"inLanguage\":\"it-IT\"}]}<\/script>\n<!-- \/ Yoast SEO plugin. -->","yoast_head_json":{"title":"Notizie da Daub CNC Technik GmbH und Co KG","description":"News, Takachi, Fiere, Embedded World, Custodie in alluminio, Custodie in plastica, Anodizzazione, Lavorazione ed etichettatura delle custodie","robots":{"index":"index","follow":"follow","max-snippet":"max-snippet:-1","max-image-preview":"max-image-preview:large","max-video-preview":"max-video-preview:-1"},"canonical":"https:\/\/19zoll.com\/it\/notizie\/","og_locale":"it_IT","og_type":"article","og_title":"Notizie da Daub CNC Technik GmbH und Co KG","og_description":"News, Takachi, Fiere, Embedded World, Custodie in alluminio, Custodie in plastica, Anodizzazione, Lavorazione ed etichettatura delle custodie","og_url":"https:\/\/19zoll.com\/it\/notizie\/","og_site_name":"Daub CNC","article_modified_time":"2025-11-19T08:55:53+00:00","twitter_card":"summary_large_image","twitter_title":"Notizie da Daub CNC Technik GmbH und Co KG","twitter_description":"News, Takachi, Fiere, Embedded World, Custodie in alluminio, Custodie in plastica, Anodizzazione, Lavorazione ed etichettatura delle custodie","twitter_misc":{"Tempo di lettura stimato":"5 minuti"},"schema":{"@context":"https:\/\/schema.org","@graph":[{"@type":"WebPage","@id":"https:\/\/19zoll.com\/it\/notizie\/","url":"https:\/\/19zoll.com\/it\/notizie\/","name":"Notizie da Daub CNC Technik GmbH und Co KG","isPartOf":{"@id":"https:\/\/19zoll.com\/#website"},"datePublished":"2021-12-03T16:58:32+00:00","dateModified":"2025-11-19T08:55:53+00:00","description":"News, Takachi, Fiere, Embedded World, Custodie in alluminio, Custodie in plastica, Anodizzazione, Lavorazione ed etichettatura delle custodie","breadcrumb":{"@id":"https:\/\/19zoll.com\/it\/notizie\/#breadcrumb"},"inLanguage":"it-IT","potentialAction":[{"@type":"ReadAction","target":["https:\/\/19zoll.com\/it\/notizie\/"]}]},{"@type":"BreadcrumbList","@id":"https:\/\/19zoll.com\/it\/notizie\/#breadcrumb","itemListElement":[{"@type":"ListItem","position":1,"name":"Startseite","item":"https:\/\/19zoll.com\/it\/casa\/"},{"@type":"ListItem","position":2,"name":"Notizie"}]},{"@type":"WebSite","@id":"https:\/\/19zoll.com\/#website","url":"https:\/\/19zoll.com\/","name":"Daub CNC","description":"Ein Webprojekt von IhrMediengestalter","potentialAction":[{"@type":"SearchAction","target":{"@type":"EntryPoint","urlTemplate":"https:\/\/19zoll.com\/?s={search_term_string}"},"query-input":{"@type":"PropertyValueSpecification","valueRequired":true,"valueName":"search_term_string"}}],"inLanguage":"it-IT"}]}},"_links":{"self":[{"href":"https:\/\/19zoll.com\/it\/wp-json\/wp\/v2\/pages\/56325","targetHints":{"allow":["GET"]}}],"collection":[{"href":"https:\/\/19zoll.com\/it\/wp-json\/wp\/v2\/pages"}],"about":[{"href":"https:\/\/19zoll.com\/it\/wp-json\/wp\/v2\/types\/page"}],"author":[{"embeddable":true,"href":"https:\/\/19zoll.com\/it\/wp-json\/wp\/v2\/users\/1"}],"replies":[{"embeddable":true,"href":"https:\/\/19zoll.com\/it\/wp-json\/wp\/v2\/comments?post=56325"}],"version-history":[{"count":4,"href":"https:\/\/19zoll.com\/it\/wp-json\/wp\/v2\/pages\/56325\/revisions"}],"predecessor-version":[{"id":60984,"href":"https:\/\/19zoll.com\/it\/wp-json\/wp\/v2\/pages\/56325\/revisions\/60984"}],"wp:attachment":[{"href":"https:\/\/19zoll.com\/it\/wp-json\/wp\/v2\/media?parent=56325"}],"curies":[{"name":"wp","href":"https:\/\/api.w.org\/{rel}","templated":true}]}}