{"id":56276,"date":"2021-10-21T15:40:36","date_gmt":"2021-10-21T13:40:36","guid":{"rendered":"https:\/\/19zoll.com\/la-storia\/"},"modified":"2025-03-25T14:29:00","modified_gmt":"2025-03-25T13:29:00","slug":"la-storia","status":"publish","type":"page","link":"https:\/\/19zoll.com\/it\/la-storia\/","title":{"rendered":"La storia"},"content":{"rendered":"<p>[et_pb_section fb_built=&#8221;1&#8243; _builder_version=&#8221;4.16.0&#8243; _module_preset=&#8221;default&#8221; background_color=&#8221;#F3F3F3&#8243; border_width_bottom=&#8221;3px&#8221; border_color_bottom=&#8221;#FFFFFF&#8221; locked=&#8221;off&#8221; global_colors_info=&#8221;{}&#8221;][et_pb_row use_custom_gutter=&#8221;on&#8221; make_equal=&#8221;on&#8221; _builder_version=&#8221;4.16&#8243; _module_preset=&#8221;default&#8221; custom_css_main_element=&#8221;align-items: center;&#8221; global_colors_info=&#8221;{}&#8221;][et_pb_column type=&#8221;4_4&#8243; _builder_version=&#8221;4.16&#8243; _module_preset=&#8221;default&#8221; global_colors_info=&#8221;{}&#8221;][et_pb_text _builder_version=&#8221;4.16.0&#8243; _module_preset=&#8221;default&#8221; text_text_color=&#8221;#3B3B3B&#8221; text_font_size=&#8221;15px&#8221; text_line_height=&#8221;1.8em&#8221; header_font=&#8221;|700|||||||&#8221; header_text_color=&#8221;#3B3B3B&#8221; header_line_height=&#8221;1.3em&#8221; global_colors_info=&#8221;{}&#8221;]<\/p>\n<h1><span>Tecnologia CNC Daub a Wenden<\/span><\/h1>\n<p style=\"font-weight: 400;\">Fondata nel 1997 da Detlev Daub, l&#8217;allora ditta individuale Daub CNC Technik inizialmente offriva solo lavorazioni di lamiere CNC per clienti locali.<\/p>\n<p style=\"font-weight: 400;\">DAUB CNC Technik \u00e8 un&#8217;azienda in crescita dinamica con rendimenti superiori alla media ed \u00e8 riconosciuta come il miglior fornitore e punto di riferimento per le soluzioni di involucro personalizzate per la protezione degli assemblaggi elettronici.<\/p>\n<p style=\"font-weight: 400;\">\n<p style=\"font-weight: 400;\">Siamo ben posizionati in Europa grazie alla nostra mirata internazionalizzazione e disponiamo di un ampio e profondo portafoglio di clienti azionari.<\/p>\n<p style=\"font-weight: 400;\">Abbiamo una gamma di prodotti rilevanti per i clienti e per il mercato che consolida la nostra posizione di raffinatori di punta di prodotti standard del leader tecnologico.<\/p>\n<p style=\"font-weight: 400;\">In qualit\u00e0 di distributore chiave dei prodotti Takachi nel DACH e nell&#8217;Europa nord-occidentale, offriamo un portafoglio di prodotti chiaramente strutturato per soluzioni personalizzate a partire dalla gamma standard. Siamo il punto di riferimento per la distribuzione digitale di involucri elettronici lavorati con un&#8217;ampia gamma di prodotti e servizi &#8211; economici, automatizzati e sostenibili. Come marchio forte e con una promessa chiara, siamo riconosciuti per le nostre prestazioni di consegna.  <\/p>\n<p style=\"font-weight: 400;\">\n<p style=\"font-weight: 400;\">Grazie all&#8217;applicazione coerente di processi snelli strutturati e trasparenti e all&#8217;uso del CRM in SAP Business One, sosteniamo la nostra leadership qualitativa e abbiamo un&#8217;azienda guidata da KPI, automatizzata e sproporzionatamente redditizia.<\/p>\n<p style=\"font-weight: 400;\">\n<p style=\"font-weight: 400;\">Grazie all&#8217;espansione intelligente della nostra integrazione verticale e alla pianificazione della produzione basata su KPI, stiamo riducendo i tempi di produzione e ottimizzando continuamente i nostri processi produttivi.<\/p>\n<p style=\"font-weight: 400;\">\n<p style=\"font-weight: 400;\">Siamo leader tecnologici per quanto riguarda materiali, formati, funzioni, sensazioni, design, propriet\u00e0 e punto di riferimento nell&#8217;uso di tecnologie all&#8217;avanguardia nella presentazione, produzione e configurazione dei prodotti (realt\u00e0 aumentata, automazione e individualizzazione).<\/p>\n<p style=\"font-weight: 400;\">Utilizziamo la partnership tecnologica e la forza innovativa del nostro partner Takachi Electronics Enclosures per espandere la nostra capacit\u00e0 innovativa e per introdurre attivamente e con successo le nostre soluzioni individuali sul mercato.<\/p>\n<p style=\"font-weight: 400;\">\n<p style=\"font-weight: 400;\">Siamo il partner riconosciuto per il perfezionamento dei prodotti Takachi in Europa.<\/p>\n<p style=\"font-weight: 400;\">\n<p style=\"font-weight: 400;\">Il nostro marchio forte garantisce che tutti i soggetti coinvolti si identifichino con gli obiettivi dell&#8217;azienda e con la loro realizzazione e caratterizza la nostra cultura gestionale e aziendale e il suo ulteriore sviluppo sostenibile.<\/p>\n<p style=\"font-weight: 400;\">\n<p style=\"font-weight: 400;\">Il nostro forte marchio di datore di lavoro ci permette di attrarre e trattenere successivamente dipendenti altamente qualificati e dalle elevate prestazioni.<\/p>\n<p style=\"font-weight: 400;\">\n<p style=\"font-weight: 400;\">Un nuovo impianto di rivestimento superficiale \u00e8 in fase di realizzazione in una nuova sede nella zona industriale di Olpe H\u00fcppcherhammer. Con l&#8217;azienda Daub &#8211; Oberfl\u00e4chentechnik, possiamo anodizzare e passivare i nostri prodotti e quelli in alluminio come servizio. <\/p>\n<p style=\"font-weight: 400;\">\n<p style=\"font-weight: 400;\">Stiamo inoltre allestendo un nuovo magazzino per poter fornire una grande variet\u00e0 di custodie standard in stock direttamente ai nostri clienti.<\/p>\n<p style=\"font-weight: 400;\">\n<p style=\"font-weight: 400;\">Scopri di persona l&#8217;esperienza e la versatilit\u00e0: sei invitato a dare un&#8217;occhiata ai prodotti Daub nello showroom di Wenden e a farti un&#8217;idea della produzione moderna.<\/p>\n<p>[\/et_pb_text][\/et_pb_column][\/et_pb_row][\/et_pb_section]<\/p>\n","protected":false},"excerpt":{"rendered":"<p>Tecnologia CNC Daub a Wenden Fondata nel 1997 da Detlev Daub, l&#8217;allora ditta individuale Daub CNC Technik inizialmente offriva solo lavorazioni di lamiere CNC per clienti locali. DAUB CNC Technik \u00e8 un&#8217;azienda in crescita dinamica con rendimenti superiori alla media ed \u00e8 riconosciuta come il miglior fornitore e punto di riferimento per le soluzioni di [&hellip;]<\/p>\n","protected":false},"author":1,"featured_media":0,"parent":0,"menu_order":0,"comment_status":"closed","ping_status":"closed","template":"","meta":{"_et_pb_use_builder":"on","_et_pb_old_content":"","_et_gb_content_width":"","inline_featured_image":false,"footnotes":""},"class_list":["post-56276","page","type-page","status-publish","hentry"],"yoast_head":"<!-- This site is optimized with the Yoast SEO plugin v27.3 - https:\/\/yoast.com\/product\/yoast-seo-wordpress\/ -->\n<title>Storia di Daub CNC Technik GmbH e Co. KG<\/title>\n<meta name=\"description\" content=\"Lavorazione di lamiere CNC, fresatrici, alloggiamenti in alluminio, rivestimento superficiale, stampa, anodizzazione, passivazione, serigrafia, stampa digitale\" \/>\n<meta name=\"robots\" content=\"index, follow, max-snippet:-1, max-image-preview:large, max-video-preview:-1\" \/>\n<link rel=\"canonical\" href=\"https:\/\/19zoll.com\/it\/la-storia\/\" \/>\n<meta property=\"og:locale\" content=\"it_IT\" \/>\n<meta property=\"og:type\" content=\"article\" \/>\n<meta property=\"og:title\" content=\"Storia di Daub CNC Technik GmbH e Co. KG\" \/>\n<meta property=\"og:description\" content=\"Lavorazione di lamiere CNC, fresatrici, alloggiamenti in alluminio, rivestimento superficiale, stampa, anodizzazione, passivazione, serigrafia, stampa digitale\" \/>\n<meta property=\"og:url\" content=\"https:\/\/19zoll.com\/it\/la-storia\/\" \/>\n<meta property=\"og:site_name\" content=\"Daub CNC\" \/>\n<meta property=\"article:modified_time\" content=\"2025-03-25T13:29:00+00:00\" \/>\n<meta property=\"og:image\" content=\"https:\/\/19zoll.com\/wp-content\/uploads\/2022\/04\/daub-logo-png.png\" \/>\n<meta name=\"twitter:card\" content=\"summary_large_image\" \/>\n<meta name=\"twitter:title\" content=\"Storia di Daub CNC Technik GmbH e Co. KG\" \/>\n<meta name=\"twitter:description\" content=\"Lavorazione di lamiere CNC, fresatrici, alloggiamenti in alluminio, rivestimento superficiale, stampa, anodizzazione, passivazione, serigrafia, stampa digitale\" \/>\n<meta name=\"twitter:image\" content=\"https:\/\/19zoll.com\/wp-content\/uploads\/2022\/04\/daub-logo-png.png\" \/>\n<meta name=\"twitter:label1\" content=\"Tempo di lettura stimato\" \/>\n\t<meta name=\"twitter:data1\" content=\"3 minuti\" \/>\n<script type=\"application\/ld+json\" class=\"yoast-schema-graph\">{\"@context\":\"https:\\\/\\\/schema.org\",\"@graph\":[{\"@type\":\"WebPage\",\"@id\":\"https:\\\/\\\/19zoll.com\\\/it\\\/la-storia\\\/\",\"url\":\"https:\\\/\\\/19zoll.com\\\/it\\\/la-storia\\\/\",\"name\":\"Storia di Daub CNC Technik GmbH e Co. KG\",\"isPartOf\":{\"@id\":\"https:\\\/\\\/19zoll.com\\\/#website\"},\"datePublished\":\"2021-10-21T13:40:36+00:00\",\"dateModified\":\"2025-03-25T13:29:00+00:00\",\"description\":\"Lavorazione di lamiere CNC, fresatrici, alloggiamenti in alluminio, rivestimento superficiale, stampa, anodizzazione, passivazione, serigrafia, stampa digitale\",\"breadcrumb\":{\"@id\":\"https:\\\/\\\/19zoll.com\\\/it\\\/la-storia\\\/#breadcrumb\"},\"inLanguage\":\"it-IT\",\"potentialAction\":[{\"@type\":\"ReadAction\",\"target\":[\"https:\\\/\\\/19zoll.com\\\/it\\\/la-storia\\\/\"]}]},{\"@type\":\"BreadcrumbList\",\"@id\":\"https:\\\/\\\/19zoll.com\\\/it\\\/la-storia\\\/#breadcrumb\",\"itemListElement\":[{\"@type\":\"ListItem\",\"position\":1,\"name\":\"Startseite\",\"item\":\"https:\\\/\\\/19zoll.com\\\/it\\\/casa\\\/\"},{\"@type\":\"ListItem\",\"position\":2,\"name\":\"La storia\"}]},{\"@type\":\"WebSite\",\"@id\":\"https:\\\/\\\/19zoll.com\\\/#website\",\"url\":\"https:\\\/\\\/19zoll.com\\\/\",\"name\":\"Daub CNC\",\"description\":\"Ein Webprojekt von IhrMediengestalter\",\"potentialAction\":[{\"@type\":\"SearchAction\",\"target\":{\"@type\":\"EntryPoint\",\"urlTemplate\":\"https:\\\/\\\/19zoll.com\\\/?s={search_term_string}\"},\"query-input\":{\"@type\":\"PropertyValueSpecification\",\"valueRequired\":true,\"valueName\":\"search_term_string\"}}],\"inLanguage\":\"it-IT\"}]}<\/script>\n<!-- \/ Yoast SEO plugin. -->","yoast_head_json":{"title":"Storia di Daub CNC Technik GmbH e Co. KG","description":"Lavorazione di lamiere CNC, fresatrici, alloggiamenti in alluminio, rivestimento superficiale, stampa, anodizzazione, passivazione, serigrafia, stampa digitale","robots":{"index":"index","follow":"follow","max-snippet":"max-snippet:-1","max-image-preview":"max-image-preview:large","max-video-preview":"max-video-preview:-1"},"canonical":"https:\/\/19zoll.com\/it\/la-storia\/","og_locale":"it_IT","og_type":"article","og_title":"Storia di Daub CNC Technik GmbH e Co. KG","og_description":"Lavorazione di lamiere CNC, fresatrici, alloggiamenti in alluminio, rivestimento superficiale, stampa, anodizzazione, passivazione, serigrafia, stampa digitale","og_url":"https:\/\/19zoll.com\/it\/la-storia\/","og_site_name":"Daub CNC","article_modified_time":"2025-03-25T13:29:00+00:00","og_image":[{"url":"https:\/\/19zoll.com\/wp-content\/uploads\/2022\/04\/daub-logo-png.png","type":"","width":"","height":""}],"twitter_card":"summary_large_image","twitter_title":"Storia di Daub CNC Technik GmbH e Co. KG","twitter_description":"Lavorazione di lamiere CNC, fresatrici, alloggiamenti in alluminio, rivestimento superficiale, stampa, anodizzazione, passivazione, serigrafia, stampa digitale","twitter_image":"https:\/\/19zoll.com\/wp-content\/uploads\/2022\/04\/daub-logo-png.png","twitter_misc":{"Tempo di lettura stimato":"3 minuti"},"schema":{"@context":"https:\/\/schema.org","@graph":[{"@type":"WebPage","@id":"https:\/\/19zoll.com\/it\/la-storia\/","url":"https:\/\/19zoll.com\/it\/la-storia\/","name":"Storia di Daub CNC Technik GmbH e Co. KG","isPartOf":{"@id":"https:\/\/19zoll.com\/#website"},"datePublished":"2021-10-21T13:40:36+00:00","dateModified":"2025-03-25T13:29:00+00:00","description":"Lavorazione di lamiere CNC, fresatrici, alloggiamenti in alluminio, rivestimento superficiale, stampa, anodizzazione, passivazione, serigrafia, stampa digitale","breadcrumb":{"@id":"https:\/\/19zoll.com\/it\/la-storia\/#breadcrumb"},"inLanguage":"it-IT","potentialAction":[{"@type":"ReadAction","target":["https:\/\/19zoll.com\/it\/la-storia\/"]}]},{"@type":"BreadcrumbList","@id":"https:\/\/19zoll.com\/it\/la-storia\/#breadcrumb","itemListElement":[{"@type":"ListItem","position":1,"name":"Startseite","item":"https:\/\/19zoll.com\/it\/casa\/"},{"@type":"ListItem","position":2,"name":"La storia"}]},{"@type":"WebSite","@id":"https:\/\/19zoll.com\/#website","url":"https:\/\/19zoll.com\/","name":"Daub CNC","description":"Ein Webprojekt von IhrMediengestalter","potentialAction":[{"@type":"SearchAction","target":{"@type":"EntryPoint","urlTemplate":"https:\/\/19zoll.com\/?s={search_term_string}"},"query-input":{"@type":"PropertyValueSpecification","valueRequired":true,"valueName":"search_term_string"}}],"inLanguage":"it-IT"}]}},"_links":{"self":[{"href":"https:\/\/19zoll.com\/it\/wp-json\/wp\/v2\/pages\/56276","targetHints":{"allow":["GET"]}}],"collection":[{"href":"https:\/\/19zoll.com\/it\/wp-json\/wp\/v2\/pages"}],"about":[{"href":"https:\/\/19zoll.com\/it\/wp-json\/wp\/v2\/types\/page"}],"author":[{"embeddable":true,"href":"https:\/\/19zoll.com\/it\/wp-json\/wp\/v2\/users\/1"}],"replies":[{"embeddable":true,"href":"https:\/\/19zoll.com\/it\/wp-json\/wp\/v2\/comments?post=56276"}],"version-history":[{"count":12,"href":"https:\/\/19zoll.com\/it\/wp-json\/wp\/v2\/pages\/56276\/revisions"}],"predecessor-version":[{"id":58357,"href":"https:\/\/19zoll.com\/it\/wp-json\/wp\/v2\/pages\/56276\/revisions\/58357"}],"wp:attachment":[{"href":"https:\/\/19zoll.com\/it\/wp-json\/wp\/v2\/media?parent=56276"}],"curies":[{"name":"wp","href":"https:\/\/api.w.org\/{rel}","templated":true}]}}