{"id":56231,"date":"2021-12-03T18:27:10","date_gmt":"2021-12-03T17:27:10","guid":{"rendered":"https:\/\/19zoll.com\/pannelli-frontali\/"},"modified":"2025-03-25T14:26:01","modified_gmt":"2025-03-25T13:26:01","slug":"pannelli-frontali","status":"publish","type":"page","link":"https:\/\/19zoll.com\/it\/pannelli-frontali\/","title":{"rendered":"Pannelli frontali"},"content":{"rendered":"<p><div class=\"et_d4_element et_pb_section et_pb_section_0 et_pb_with_background  et_pb_css_mix_blend_mode et_section_regular et_block_section\" >\n\t\t\t\t\n\t\t\t\t\n\t\t\t\t\n\t\t\t\t\n\t\t\t\t\n\t\t\t\t\n\t\t\t\t<div class=\"et_d4_element et_pb_row et_pb_row_0  et_pb_css_mix_blend_mode et_block_row\">\n\t\t\t\t<div class=\"et_d4_element et_pb_column_4_4 et_pb_column et_pb_column_0  et_pb_css_mix_blend_mode et-last-child et_block_column\">\n\t\t\t\t\n\t\t\t\t\n\t\t\t\t\n\t\t\t\t\n\t\t\t\t<div class=\"et_pb_module et_d4_element et_pb_text et_pb_text_0  et_pb_text_align_left et_pb_bg_layout_light\">\n\t\t\t\t\n\t\t\t\t\n\t\t\t\t\n\t\t\t\t\n\t\t\t\t<div class=\"et_pb_text_inner\"><div id=\"c76\" class=\"csc-default csc-space-before-30 csc-space-after-50\">\n<div class=\"csc-header csc-header-n1\">\n<h1 class=\"csc-firstHeader\">Pannelli frontali e pannelli frontali parziali<\/h1>\n<\/div>\n<p class=\"bodytext\">Daub CNC produce un'ampia gamma di pannelli frontali di altissima qualit\u00e0, in modo flessibile ed economico, in base alle tue esigenze. La produzione pu\u00f2 essere personalizzata sia in piccole che in grandi quantit\u00e0. I prodotti sono disponibili in tempi brevi, sono di alta qualit\u00e0 e allo stesso tempo convenienti.  <\/p>\n<p class=\"bodytext\">I pannelli frontali da 19 pollici e i pannelli frontali parziali sono realizzati in alluminio e hanno lati posteriori conformi alla normativa EMC con buone propriet\u00e0 di attenuazione che conducono l'elettricit\u00e0. Ci\u00f2 consente una connessione elettrica sicura allo chassis e al PCB. Per un aspetto gradevole, le superfici dei pannelli frontali da 19 pollici e dei pannelli frontali parziali sono anodizzate in un colore naturale opaco e tutti i contorni interni ed esterni sono fresati a CNC. Daub offre anche pannelli frontali completamente forati e perforazioni speciali personalizzate.   <\/p>\n<p><strong>Serigrafia, stampa digitale, incisione laser, montaggio<\/strong><\/p>\n<p class=\"bodytext\">La serigrafia o la stampa digitale finale \u00e8 possibile in uno o pi\u00f9 colori e pu\u00f2 essere realizzata secondo le tue idee utilizzando un modello riproducibile o direttamente dalla tua applicazione grafica. Abbiamo anche la possibilit\u00e0 di marcare le superfici anodizzate scure con un sistema laser. <\/p>\n<p class=\"bodytext\">I pannelli frontali da 19 pollici e i pannelli frontali parziali di Daub possono essere dotati di diverse opzioni di montaggio. Come standard, i pannelli frontali parziali sono dotati di fori DD da 6,00 x 3,20 mm in cui possono essere inseriti nippli standard in plastica o metallo. In alternativa, Daub offre dadi filettati M 2,5 in cui avvitare le cosiddette viti a colletto. Anche i bulloni e gli altri elementi di fissaggio possono essere inseriti nella parte posteriore dei pannelli frontali da 19\" in modo da non essere visibili sul davanti.   <\/p>\n<\/div><\/div>\n\t\t\t<\/div>\n\t\t\t<\/div>\n\t\t\t\t\n\t\t\t\t\n\t\t\t\t\n\t\t\t\t\n\t\t\t<\/div>\n\t\t\t\t\n\t\t\t\t\n\t\t\t<\/div><div class=\"et_pb_with_border et_d4_element et_pb_section et_pb_section_1 et_pb_with_background  et_pb_css_mix_blend_mode et_section_regular et_block_section\" >\n\t\t\t\t\n\t\t\t\t\n\t\t\t\t\n\t\t\t\t\n\t\t\t\t\n\t\t\t\t\n\t\t\t\t<div class=\"et_pb_with_border et_d4_element et_pb_row et_pb_row_1 et_pb_equal_columns et_pb_gutters1  et_pb_css_mix_blend_mode et_block_row\">\n\t\t\t\t<div class=\"et_pb_with_border et_pb_column_1_3 et_d4_element et_pb_column et_pb_column_1 et_clickable  et_pb_css_mix_blend_mode et_block_column\">\n\t\t\t\t\n\t\t\t\t\n\t\t\t\t\n\t\t\t\t\n\t\t\t\t<div class=\"et_pb_module et_d4_element et_pb_image et_pb_image_0\">\n\t\t\t\t\n\t\t\t\t\n\t\t\t\t\n\t\t\t\t\n\t\t\t\t<span class=\"et_pb_image_wrap \"><img loading=\"lazy\" decoding=\"async\" width=\"900\" height=\"550\" src=\"https:\/\/19zoll.com\/wp-content\/uploads\/2021\/12\/frontplatte-serie-fp.jpg\" alt=\"Pannelli frontali, pannelli frontali da 19 pollici e pannelli frontali parziali di Daub\" title=\"Pannelli frontali serie FP\" srcset=\"https:\/\/19zoll.com\/wp-content\/uploads\/2021\/12\/frontplatte-serie-fp.jpg 900w, https:\/\/19zoll.com\/wp-content\/uploads\/2021\/12\/frontplatte-serie-fp-480x293.jpg 480w\" sizes=\"(min-width: 0px) and (max-width: 480px) 480px, (min-width: 481px) 900px, 100vw\" class=\"wp-image-50391\" \/><\/span>\n\t\t\t<\/div><div class=\"et_pb_module et_d4_element et_pb_text et_pb_text_1  et_pb_text_align_left et_pb_bg_layout_light\">\n\t\t\t\t\n\t\t\t\t\n\t\t\t\t\n\t\t\t\t\n\t\t\t\t<div class=\"et_pb_text_inner\"><h2>Pannelli frontali da 19 pollici serie FP<\/h2><\/div>\n\t\t\t<\/div>\n\t\t\t<\/div><div class=\"et_pb_with_border et_pb_column_1_3 et_d4_element et_pb_column et_pb_column_2 et_clickable  et_pb_css_mix_blend_mode et_block_column\">\n\t\t\t\t\n\t\t\t\t\n\t\t\t\t\n\t\t\t\t\n\t\t\t\t<div class=\"et_pb_module et_d4_element et_pb_image et_pb_image_1\">\n\t\t\t\t\n\t\t\t\t\n\t\t\t\t\n\t\t\t\t\n\t\t\t\t<span class=\"et_pb_image_wrap \"><img loading=\"lazy\" decoding=\"async\" width=\"900\" height=\"550\" src=\"https:\/\/19zoll.com\/wp-content\/uploads\/2021\/12\/frontplatte-serie-tfp-fp.jpg\" alt=\"Pannelli frontali, pannelli frontali da 19 pollici e pannelli frontali parziali di Daub\" title=\"Pannelli frontali serie TFP\/FP\" srcset=\"https:\/\/19zoll.com\/wp-content\/uploads\/2021\/12\/frontplatte-serie-tfp-fp.jpg 900w, https:\/\/19zoll.com\/wp-content\/uploads\/2021\/12\/frontplatte-serie-tfp-fp-480x293.jpg 480w\" sizes=\"(min-width: 0px) and (max-width: 480px) 480px, (min-width: 481px) 900px, 100vw\" class=\"wp-image-50392\" \/><\/span>\n\t\t\t<\/div><div class=\"et_pb_module et_d4_element et_pb_text et_pb_text_2  et_pb_text_align_left et_pb_bg_layout_light\">\n\t\t\t\t\n\t\t\t\t\n\t\t\t\t\n\t\t\t\t\n\t\t\t\t<div class=\"et_pb_text_inner\"><h2>Pannelli frontali personalizzati serie TFP, FP<\/h2><\/div>\n\t\t\t<\/div>\n\t\t\t<\/div><div class=\"et_pb_with_border et_pb_column_1_3 et_d4_element et_pb_column et_pb_column_3 et_clickable  et_pb_css_mix_blend_mode et-last-child et_block_column\">\n\t\t\t\t\n\t\t\t\t\n\t\t\t\t\n\t\t\t\t\n\t\t\t\t<div class=\"et_pb_module et_d4_element et_pb_image et_pb_image_2\">\n\t\t\t\t\n\t\t\t\t\n\t\t\t\t\n\t\t\t\t\n\t\t\t\t<span class=\"et_pb_image_wrap \"><img loading=\"lazy\" decoding=\"async\" width=\"900\" height=\"550\" src=\"https:\/\/19zoll.com\/wp-content\/uploads\/2021\/12\/frontplatte-serie-tfp.jpg\" alt=\"Pannelli frontali, pannelli frontali da 19 pollici e pannelli frontali parziali di Daub\" title=\"Pannelli frontali serie FP\" srcset=\"https:\/\/19zoll.com\/wp-content\/uploads\/2021\/12\/frontplatte-serie-tfp.jpg 900w, https:\/\/19zoll.com\/wp-content\/uploads\/2021\/12\/frontplatte-serie-tfp-480x293.jpg 480w\" sizes=\"(min-width: 0px) and (max-width: 480px) 480px, (min-width: 481px) 900px, 100vw\" class=\"wp-image-50393\" \/><\/span>\n\t\t\t<\/div><div class=\"et_pb_module et_d4_element et_pb_text et_pb_text_3  et_pb_text_align_left et_pb_bg_layout_light\">\n\t\t\t\t\n\t\t\t\t\n\t\t\t\t\n\t\t\t\t\n\t\t\t\t<div class=\"et_pb_text_inner\"><h2>Pannelli frontali parziali serie TFP<\/h2><\/div>\n\t\t\t<\/div>\n\t\t\t<\/div>\n\t\t\t\t\n\t\t\t\t\n\t\t\t\t\n\t\t\t\t\n\t\t\t<\/div>\n\t\t\t\t\n\t\t\t\t\n\t\t\t<\/div><\/p>\n","protected":false},"excerpt":{"rendered":"","protected":false},"author":1,"featured_media":0,"parent":0,"menu_order":0,"comment_status":"closed","ping_status":"closed","template":"","meta":{"inline_featured_image":false,"_et_pb_use_builder":"on","_et_pb_old_content":"","_et_gb_content_width":"","footnotes":""},"class_list":["post-56231","page","type-page","status-publish","hentry"],"yoast_head":"<!-- This site is optimized with the Yoast SEO plugin v27.4 - https:\/\/yoast.com\/product\/yoast-seo-wordpress\/ -->\n<title>Pannelli frontali, pannelli frontali da 19 pollici e pannelli frontali parziali di Daub<\/title>\n<meta name=\"description\" content=\"Pannelli frontali, pannelli frontali parziali, pannelli frontali lavorati, pannelli frontali singoli, pannelli frontali in alluminio, parti speciali in alluminio, pannelli a fascia\" \/>\n<meta name=\"robots\" content=\"index, follow, max-snippet:-1, max-image-preview:large, max-video-preview:-1\" \/>\n<link rel=\"canonical\" href=\"https:\/\/19zoll.com\/it\/pannelli-frontali\/\" \/>\n<meta property=\"og:locale\" content=\"it_IT\" \/>\n<meta property=\"og:type\" content=\"article\" \/>\n<meta property=\"og:title\" content=\"Pannelli frontali, pannelli frontali da 19 pollici e pannelli frontali parziali di Daub\" \/>\n<meta property=\"og:description\" content=\"Pannelli frontali, pannelli frontali parziali, pannelli frontali lavorati, pannelli frontali singoli, pannelli frontali in alluminio, parti speciali in alluminio, pannelli a fascia\" \/>\n<meta property=\"og:url\" content=\"https:\/\/19zoll.com\/it\/pannelli-frontali\/\" \/>\n<meta property=\"og:site_name\" content=\"Daub CNC\" \/>\n<meta property=\"article:modified_time\" content=\"2025-03-25T13:26:01+00:00\" \/>\n<meta property=\"og:image\" content=\"https:\/\/19zoll.com\/wp-content\/uploads\/2021\/12\/frontplatten-1.jpg\" \/>\n<meta name=\"twitter:card\" content=\"summary_large_image\" \/>\n<meta name=\"twitter:title\" content=\"Pannelli frontali, pannelli frontali da 19 pollici e pannelli frontali parziali di Daub\" \/>\n<meta name=\"twitter:description\" content=\"Pannelli frontali, pannelli frontali parziali, pannelli frontali lavorati, pannelli frontali singoli, pannelli frontali in alluminio, parti speciali in alluminio, pannelli a fascia\" \/>\n<meta name=\"twitter:image\" content=\"https:\/\/19zoll.com\/wp-content\/uploads\/2021\/12\/frontplatten-1.jpg\" \/>\n<meta name=\"twitter:label1\" content=\"Tempo di lettura stimato\" \/>\n\t<meta name=\"twitter:data1\" content=\"7 minuti\" \/>\n<script type=\"application\/ld+json\" class=\"yoast-schema-graph\">{\"@context\":\"https:\\\/\\\/schema.org\",\"@graph\":[{\"@type\":\"WebPage\",\"@id\":\"https:\\\/\\\/19zoll.com\\\/it\\\/pannelli-frontali\\\/\",\"url\":\"https:\\\/\\\/19zoll.com\\\/it\\\/pannelli-frontali\\\/\",\"name\":\"Pannelli frontali, pannelli frontali da 19 pollici e pannelli frontali parziali di Daub\",\"isPartOf\":{\"@id\":\"https:\\\/\\\/19zoll.com\\\/#website\"},\"datePublished\":\"2021-12-03T17:27:10+00:00\",\"dateModified\":\"2025-03-25T13:26:01+00:00\",\"description\":\"Pannelli frontali, pannelli frontali parziali, pannelli frontali lavorati, pannelli frontali singoli, pannelli frontali in alluminio, parti speciali in alluminio, pannelli a fascia\",\"breadcrumb\":{\"@id\":\"https:\\\/\\\/19zoll.com\\\/it\\\/pannelli-frontali\\\/#breadcrumb\"},\"inLanguage\":\"it-IT\",\"potentialAction\":[{\"@type\":\"ReadAction\",\"target\":[\"https:\\\/\\\/19zoll.com\\\/it\\\/pannelli-frontali\\\/\"]}]},{\"@type\":\"BreadcrumbList\",\"@id\":\"https:\\\/\\\/19zoll.com\\\/it\\\/pannelli-frontali\\\/#breadcrumb\",\"itemListElement\":[{\"@type\":\"ListItem\",\"position\":1,\"name\":\"Startseite\",\"item\":\"https:\\\/\\\/19zoll.com\\\/it\\\/casa\\\/\"},{\"@type\":\"ListItem\",\"position\":2,\"name\":\"Pannelli frontali\"}]},{\"@type\":\"WebSite\",\"@id\":\"https:\\\/\\\/19zoll.com\\\/#website\",\"url\":\"https:\\\/\\\/19zoll.com\\\/\",\"name\":\"Daub CNC\",\"description\":\"Ein Webprojekt von IhrMediengestalter\",\"potentialAction\":[{\"@type\":\"SearchAction\",\"target\":{\"@type\":\"EntryPoint\",\"urlTemplate\":\"https:\\\/\\\/19zoll.com\\\/?s={search_term_string}\"},\"query-input\":{\"@type\":\"PropertyValueSpecification\",\"valueRequired\":true,\"valueName\":\"search_term_string\"}}],\"inLanguage\":\"it-IT\"}]}<\/script>\n<!-- \/ Yoast SEO plugin. -->","yoast_head_json":{"title":"Pannelli frontali, pannelli frontali da 19 pollici e pannelli frontali parziali di Daub","description":"Pannelli frontali, pannelli frontali parziali, pannelli frontali lavorati, pannelli frontali singoli, pannelli frontali in alluminio, parti speciali in alluminio, pannelli a fascia","robots":{"index":"index","follow":"follow","max-snippet":"max-snippet:-1","max-image-preview":"max-image-preview:large","max-video-preview":"max-video-preview:-1"},"canonical":"https:\/\/19zoll.com\/it\/pannelli-frontali\/","og_locale":"it_IT","og_type":"article","og_title":"Pannelli frontali, pannelli frontali da 19 pollici e pannelli frontali parziali di Daub","og_description":"Pannelli frontali, pannelli frontali parziali, pannelli frontali lavorati, pannelli frontali singoli, pannelli frontali in alluminio, parti speciali in alluminio, pannelli a fascia","og_url":"https:\/\/19zoll.com\/it\/pannelli-frontali\/","og_site_name":"Daub CNC","article_modified_time":"2025-03-25T13:26:01+00:00","og_image":[{"url":"https:\/\/19zoll.com\/wp-content\/uploads\/2021\/12\/frontplatten-1.jpg","type":"","width":"","height":""}],"twitter_card":"summary_large_image","twitter_title":"Pannelli frontali, pannelli frontali da 19 pollici e pannelli frontali parziali di Daub","twitter_description":"Pannelli frontali, pannelli frontali parziali, pannelli frontali lavorati, pannelli frontali singoli, pannelli frontali in alluminio, parti speciali in alluminio, pannelli a fascia","twitter_image":"https:\/\/19zoll.com\/wp-content\/uploads\/2021\/12\/frontplatten-1.jpg","twitter_misc":{"Tempo di lettura stimato":"7 minuti"},"schema":{"@context":"https:\/\/schema.org","@graph":[{"@type":"WebPage","@id":"https:\/\/19zoll.com\/it\/pannelli-frontali\/","url":"https:\/\/19zoll.com\/it\/pannelli-frontali\/","name":"Pannelli frontali, pannelli frontali da 19 pollici e pannelli frontali parziali di Daub","isPartOf":{"@id":"https:\/\/19zoll.com\/#website"},"datePublished":"2021-12-03T17:27:10+00:00","dateModified":"2025-03-25T13:26:01+00:00","description":"Pannelli frontali, pannelli frontali parziali, pannelli frontali lavorati, pannelli frontali singoli, pannelli frontali in alluminio, parti speciali in alluminio, pannelli a fascia","breadcrumb":{"@id":"https:\/\/19zoll.com\/it\/pannelli-frontali\/#breadcrumb"},"inLanguage":"it-IT","potentialAction":[{"@type":"ReadAction","target":["https:\/\/19zoll.com\/it\/pannelli-frontali\/"]}]},{"@type":"BreadcrumbList","@id":"https:\/\/19zoll.com\/it\/pannelli-frontali\/#breadcrumb","itemListElement":[{"@type":"ListItem","position":1,"name":"Startseite","item":"https:\/\/19zoll.com\/it\/casa\/"},{"@type":"ListItem","position":2,"name":"Pannelli frontali"}]},{"@type":"WebSite","@id":"https:\/\/19zoll.com\/#website","url":"https:\/\/19zoll.com\/","name":"Daub CNC","description":"Ein Webprojekt von IhrMediengestalter","potentialAction":[{"@type":"SearchAction","target":{"@type":"EntryPoint","urlTemplate":"https:\/\/19zoll.com\/?s={search_term_string}"},"query-input":{"@type":"PropertyValueSpecification","valueRequired":true,"valueName":"search_term_string"}}],"inLanguage":"it-IT"}]}},"_links":{"self":[{"href":"https:\/\/19zoll.com\/it\/wp-json\/wp\/v2\/pages\/56231","targetHints":{"allow":["GET"]}}],"collection":[{"href":"https:\/\/19zoll.com\/it\/wp-json\/wp\/v2\/pages"}],"about":[{"href":"https:\/\/19zoll.com\/it\/wp-json\/wp\/v2\/types\/page"}],"author":[{"embeddable":true,"href":"https:\/\/19zoll.com\/it\/wp-json\/wp\/v2\/users\/1"}],"replies":[{"embeddable":true,"href":"https:\/\/19zoll.com\/it\/wp-json\/wp\/v2\/comments?post=56231"}],"version-history":[{"count":3,"href":"https:\/\/19zoll.com\/it\/wp-json\/wp\/v2\/pages\/56231\/revisions"}],"predecessor-version":[{"id":57854,"href":"https:\/\/19zoll.com\/it\/wp-json\/wp\/v2\/pages\/56231\/revisions\/57854"}],"wp:attachment":[{"href":"https:\/\/19zoll.com\/it\/wp-json\/wp\/v2\/media?parent=56231"}],"curies":[{"name":"wp","href":"https:\/\/api.w.org\/{rel}","templated":true}]}}