{"id":56192,"date":"2021-12-03T17:39:26","date_gmt":"2021-12-03T16:39:26","guid":{"rendered":"https:\/\/19zoll.com\/elaborazione\/"},"modified":"2025-03-25T14:24:26","modified_gmt":"2025-03-25T13:24:26","slug":"elaborazione","status":"publish","type":"page","link":"https:\/\/19zoll.com\/it\/elaborazione\/","title":{"rendered":"Elaborazione"},"content":{"rendered":"<div class=\"et_pb_with_border et_d4_element et_pb_section et_pb_section_0 et_pb_with_background  et_pb_css_mix_blend_mode et_section_regular et_block_section\" >\n\t\t\t\t\n\t\t\t\t\n\t\t\t\t\n\t\t\t\t\n\t\t\t\t\n\t\t\t\t\n\t\t\t\t<div class=\"et_d4_element et_pb_row et_pb_row_0  et_pb_css_mix_blend_mode et_block_row\">\n\t\t\t\t<div class=\"et_d4_element et_pb_column_4_4 et_pb_column et_pb_column_0  et_pb_css_mix_blend_mode et-last-child et_block_column\">\n\t\t\t\t\n\t\t\t\t\n\t\t\t\t\n\t\t\t\t\n\t\t\t\t<div class=\"et_pb_module et_d4_element et_pb_text et_pb_text_0  et_pb_text_align_left et_pb_bg_layout_light\">\n\t\t\t\t\n\t\t\t\t\n\t\t\t\t\n\t\t\t\t\n\t\t\t\t<div class=\"et_pb_text_inner\"><div id=\"c76\" class=\"csc-default csc-space-before-30 csc-space-after-50\">\n<div class=\"csc-header csc-header-n1\">\n<h1 class=\"csc-firstHeader\">Produzione personalizzata, lavorazione ed etichettatura individuale<\/h1>\n<\/div>\n<p class=\"bodytext\">Hai bisogno di alloggiamenti lavorati singolarmente dal programma standard di Daub CNC? Grazie al nostro ampio magazzino, i componenti prefabbricati possono essere personalizzati in base alle tue esigenze in modo particolarmente rapido. Questo servizio \u00e8 disponibile per molti prodotti.  <\/p>\n<\/div><\/div>\n\t\t\t<\/div><div class=\"et_pb_module et_d4_element et_pb_text et_pb_text_1  et_pb_text_align_left et_pb_bg_layout_light\">\n\t\t\t\t\n\t\t\t\t\n\t\t\t\t\n\t\t\t\t\n\t\t\t\t<div class=\"et_pb_text_inner\"><div id=\"c76\" class=\"csc-default csc-space-before-30 csc-space-after-50\">\n<p class=\"bodytext\"><span>La tua richiesta \u00e8 in buone mani con noi. Daub CNC offre un'ampia gamma di prodotti standard, ma consente anche di realizzare prodotti personalizzati per soddisfare le esigenze individuali dei clienti. L'alta qualit\u00e0 e l'affidabilit\u00e0 sono sempre in primo piano nella produzione. Con l'aiuto di metodi di produzione speciali, \u00e8 possibile realizzare sia piccole che grandi quantit\u00e0. Daub CNC produce pannelli frontali in profili di alluminio, pannelli frontali parziali, armadi da 19 pollici in lamiera d'acciaio e acciaio inox, armadi da 19 pollici in profili di alluminio, armadi fresati in materiale solido. Tuttavia, gli impianti di produzione dell'azienda producono anche involucri su disegno del cliente e involucri non standardizzati realizzati con profili e lamiere. Le soluzioni di raffreddamento offerte da Daub CNC includono raffreddatori a liquido, dissipatori di calore estrusi e soluzioni complete per il raffreddamento di gruppi elettronici per convezione.      <\/span><\/p>\n<p class=\"bodytext\"><span><\/span><\/p>\n<p class=\"bodytext\"><span>Basta contattarci: saremo lieti di fornirti ulteriori informazioni.<\/span><\/p>\n<\/div><\/div>\n\t\t\t<\/div><div class=\"et_pb_button_module_wrapper et_pb_button_0_wrapper et_pb_button_alignment_left et_pb_module \">\n\t\t\t\t<a class=\"et_pb_button et_d4_element et_pb_button_0 et_pb_bg_layout_light et_block_module\" href=\"https:\/\/19zoll.com\/it\/contattaci\/\">Mettiti in contatto con noi<\/a>\n\t\t\t<\/div>\n\t\t\t<\/div>\n\t\t\t\t\n\t\t\t\t\n\t\t\t\t\n\t\t\t\t\n\t\t\t<\/div>\n\t\t\t\t\n\t\t\t\t\n\t\t\t<\/div>\n","protected":false},"excerpt":{"rendered":"","protected":false},"author":1,"featured_media":0,"parent":0,"menu_order":0,"comment_status":"closed","ping_status":"closed","template":"","meta":{"inline_featured_image":false,"_et_pb_use_builder":"on","_et_pb_old_content":"","_et_gb_content_width":"","footnotes":""},"class_list":["post-56192","page","type-page","status-publish","hentry"],"yoast_head":"<!-- This site is optimized with the Yoast SEO plugin v27.4 - https:\/\/yoast.com\/product\/yoast-seo-wordpress\/ -->\n<title>Lavorazione CNC, fresatura CNC, produzione a contratto CNC da Daub<\/title>\n<meta name=\"description\" content=\"Produzione conto terzi CNC, rivestimento superficiale, anodizzazione, passivazione, lavorazione di alloggiamenti e pannelli frontali, lavorazione dei metalli, parti fresate\" \/>\n<meta name=\"robots\" content=\"index, follow, max-snippet:-1, max-image-preview:large, max-video-preview:-1\" \/>\n<link rel=\"canonical\" href=\"https:\/\/19zoll.com\/it\/elaborazione\/\" \/>\n<meta property=\"og:locale\" content=\"it_IT\" \/>\n<meta property=\"og:type\" content=\"article\" \/>\n<meta property=\"og:title\" content=\"Lavorazione CNC, fresatura CNC, produzione a contratto CNC da Daub\" \/>\n<meta property=\"og:description\" content=\"Produzione conto terzi CNC, rivestimento superficiale, anodizzazione, passivazione, lavorazione di alloggiamenti e pannelli frontali, lavorazione dei metalli, parti fresate\" \/>\n<meta property=\"og:url\" content=\"https:\/\/19zoll.com\/it\/elaborazione\/\" \/>\n<meta property=\"og:site_name\" content=\"Daub CNC\" \/>\n<meta property=\"article:modified_time\" content=\"2025-03-25T13:24:26+00:00\" \/>\n<meta property=\"og:image\" content=\"https:\/\/19zoll.com\/wp-content\/uploads\/2021\/12\/serie-pg-startseite-300x300.png\" \/>\n<meta name=\"twitter:card\" content=\"summary_large_image\" \/>\n<meta name=\"twitter:title\" content=\"Lavorazione CNC, fresatura CNC, produzione a contratto CNC da Daub\" \/>\n<meta name=\"twitter:description\" content=\"Produzione conto terzi CNC, rivestimento superficiale, anodizzazione, passivazione, lavorazione di alloggiamenti e pannelli frontali, lavorazione dei metalli, parti fresate\" \/>\n<meta name=\"twitter:image\" content=\"https:\/\/19zoll.com\/wp-content\/uploads\/2021\/12\/serie-pg-startseite.png\" \/>\n<meta name=\"twitter:label1\" content=\"Tempo di lettura stimato\" \/>\n\t<meta name=\"twitter:data1\" content=\"3 minuti\" \/>\n<script type=\"application\/ld+json\" class=\"yoast-schema-graph\">{\"@context\":\"https:\\\/\\\/schema.org\",\"@graph\":[{\"@type\":\"WebPage\",\"@id\":\"https:\\\/\\\/19zoll.com\\\/it\\\/elaborazione\\\/\",\"url\":\"https:\\\/\\\/19zoll.com\\\/it\\\/elaborazione\\\/\",\"name\":\"Lavorazione CNC, fresatura CNC, produzione a contratto CNC da Daub\",\"isPartOf\":{\"@id\":\"https:\\\/\\\/19zoll.com\\\/#website\"},\"datePublished\":\"2021-12-03T16:39:26+00:00\",\"dateModified\":\"2025-03-25T13:24:26+00:00\",\"description\":\"Produzione conto terzi CNC, rivestimento superficiale, anodizzazione, passivazione, lavorazione di alloggiamenti e pannelli frontali, lavorazione dei metalli, parti fresate\",\"breadcrumb\":{\"@id\":\"https:\\\/\\\/19zoll.com\\\/it\\\/elaborazione\\\/#breadcrumb\"},\"inLanguage\":\"it-IT\",\"potentialAction\":[{\"@type\":\"ReadAction\",\"target\":[\"https:\\\/\\\/19zoll.com\\\/it\\\/elaborazione\\\/\"]}]},{\"@type\":\"BreadcrumbList\",\"@id\":\"https:\\\/\\\/19zoll.com\\\/it\\\/elaborazione\\\/#breadcrumb\",\"itemListElement\":[{\"@type\":\"ListItem\",\"position\":1,\"name\":\"Startseite\",\"item\":\"https:\\\/\\\/19zoll.com\\\/it\\\/casa\\\/\"},{\"@type\":\"ListItem\",\"position\":2,\"name\":\"Elaborazione\"}]},{\"@type\":\"WebSite\",\"@id\":\"https:\\\/\\\/19zoll.com\\\/#website\",\"url\":\"https:\\\/\\\/19zoll.com\\\/\",\"name\":\"Daub CNC\",\"description\":\"Ein Webprojekt von IhrMediengestalter\",\"potentialAction\":[{\"@type\":\"SearchAction\",\"target\":{\"@type\":\"EntryPoint\",\"urlTemplate\":\"https:\\\/\\\/19zoll.com\\\/?s={search_term_string}\"},\"query-input\":{\"@type\":\"PropertyValueSpecification\",\"valueRequired\":true,\"valueName\":\"search_term_string\"}}],\"inLanguage\":\"it-IT\"}]}<\/script>\n<!-- \/ Yoast SEO plugin. -->","yoast_head_json":{"title":"Lavorazione CNC, fresatura CNC, produzione a contratto CNC da Daub","description":"Produzione conto terzi CNC, rivestimento superficiale, anodizzazione, passivazione, lavorazione di alloggiamenti e pannelli frontali, lavorazione dei metalli, parti fresate","robots":{"index":"index","follow":"follow","max-snippet":"max-snippet:-1","max-image-preview":"max-image-preview:large","max-video-preview":"max-video-preview:-1"},"canonical":"https:\/\/19zoll.com\/it\/elaborazione\/","og_locale":"it_IT","og_type":"article","og_title":"Lavorazione CNC, fresatura CNC, produzione a contratto CNC da Daub","og_description":"Produzione conto terzi CNC, rivestimento superficiale, anodizzazione, passivazione, lavorazione di alloggiamenti e pannelli frontali, lavorazione dei metalli, parti fresate","og_url":"https:\/\/19zoll.com\/it\/elaborazione\/","og_site_name":"Daub CNC","article_modified_time":"2025-03-25T13:24:26+00:00","og_image":[{"url":"https:\/\/19zoll.com\/wp-content\/uploads\/2021\/12\/serie-pg-startseite-300x300.png","type":"","width":"","height":""}],"twitter_card":"summary_large_image","twitter_title":"Lavorazione CNC, fresatura CNC, produzione a contratto CNC da Daub","twitter_description":"Produzione conto terzi CNC, rivestimento superficiale, anodizzazione, passivazione, lavorazione di alloggiamenti e pannelli frontali, lavorazione dei metalli, parti fresate","twitter_image":"https:\/\/19zoll.com\/wp-content\/uploads\/2021\/12\/serie-pg-startseite.png","twitter_misc":{"Tempo di lettura stimato":"3 minuti"},"schema":{"@context":"https:\/\/schema.org","@graph":[{"@type":"WebPage","@id":"https:\/\/19zoll.com\/it\/elaborazione\/","url":"https:\/\/19zoll.com\/it\/elaborazione\/","name":"Lavorazione CNC, fresatura CNC, produzione a contratto CNC da Daub","isPartOf":{"@id":"https:\/\/19zoll.com\/#website"},"datePublished":"2021-12-03T16:39:26+00:00","dateModified":"2025-03-25T13:24:26+00:00","description":"Produzione conto terzi CNC, rivestimento superficiale, anodizzazione, passivazione, lavorazione di alloggiamenti e pannelli frontali, lavorazione dei metalli, parti fresate","breadcrumb":{"@id":"https:\/\/19zoll.com\/it\/elaborazione\/#breadcrumb"},"inLanguage":"it-IT","potentialAction":[{"@type":"ReadAction","target":["https:\/\/19zoll.com\/it\/elaborazione\/"]}]},{"@type":"BreadcrumbList","@id":"https:\/\/19zoll.com\/it\/elaborazione\/#breadcrumb","itemListElement":[{"@type":"ListItem","position":1,"name":"Startseite","item":"https:\/\/19zoll.com\/it\/casa\/"},{"@type":"ListItem","position":2,"name":"Elaborazione"}]},{"@type":"WebSite","@id":"https:\/\/19zoll.com\/#website","url":"https:\/\/19zoll.com\/","name":"Daub CNC","description":"Ein Webprojekt von IhrMediengestalter","potentialAction":[{"@type":"SearchAction","target":{"@type":"EntryPoint","urlTemplate":"https:\/\/19zoll.com\/?s={search_term_string}"},"query-input":{"@type":"PropertyValueSpecification","valueRequired":true,"valueName":"search_term_string"}}],"inLanguage":"it-IT"}]}},"_links":{"self":[{"href":"https:\/\/19zoll.com\/it\/wp-json\/wp\/v2\/pages\/56192","targetHints":{"allow":["GET"]}}],"collection":[{"href":"https:\/\/19zoll.com\/it\/wp-json\/wp\/v2\/pages"}],"about":[{"href":"https:\/\/19zoll.com\/it\/wp-json\/wp\/v2\/types\/page"}],"author":[{"embeddable":true,"href":"https:\/\/19zoll.com\/it\/wp-json\/wp\/v2\/users\/1"}],"replies":[{"embeddable":true,"href":"https:\/\/19zoll.com\/it\/wp-json\/wp\/v2\/comments?post=56192"}],"version-history":[{"count":12,"href":"https:\/\/19zoll.com\/it\/wp-json\/wp\/v2\/pages\/56192\/revisions"}],"predecessor-version":[{"id":57462,"href":"https:\/\/19zoll.com\/it\/wp-json\/wp\/v2\/pages\/56192\/revisions\/57462"}],"wp:attachment":[{"href":"https:\/\/19zoll.com\/it\/wp-json\/wp\/v2\/media?parent=56192"}],"curies":[{"name":"wp","href":"https:\/\/api.w.org\/{rel}","templated":true}]}}