{"id":55733,"date":"2023-04-12T13:39:48","date_gmt":"2023-04-12T11:39:48","guid":{"rendered":"https:\/\/19zoll.com\/produzione-a-contratto\/"},"modified":"2025-03-25T14:34:12","modified_gmt":"2025-03-25T13:34:12","slug":"produzione-a-contratto","status":"publish","type":"page","link":"https:\/\/19zoll.com\/it\/produzione-a-contratto\/","title":{"rendered":"Produzione a contratto"},"content":{"rendered":"<p>[et_pb_section fb_built=&#8221;1&#8243; _builder_version=&#8221;4.16.0&#8243; _module_preset=&#8221;default&#8221; background_color=&#8221;#F3F3F3&#8243; border_width_bottom=&#8221;3px&#8221; border_color_bottom=&#8221;#FFFFFF&#8221; locked=&#8221;off&#8221; global_colors_info=&#8221;{}&#8221;][et_pb_row use_custom_gutter=&#8221;on&#8221; make_equal=&#8221;on&#8221; _builder_version=&#8221;4.16&#8243; _module_preset=&#8221;default&#8221; custom_css_main_element=&#8221;align-items: center;&#8221; global_colors_info=&#8221;{}&#8221;][et_pb_column type=&#8221;4_4&#8243; _builder_version=&#8221;4.16&#8243; _module_preset=&#8221;default&#8221; global_colors_info=&#8221;{}&#8221;][et_pb_text _builder_version=&#8221;4.20.4&#8243; _module_preset=&#8221;default&#8221; text_text_color=&#8221;#3B3B3B&#8221; text_font_size=&#8221;15px&#8221; text_line_height=&#8221;1.8em&#8221; header_font=&#8221;|700|||||||&#8221; header_text_color=&#8221;#3B3B3B&#8221; header_line_height=&#8221;1.3em&#8221; global_colors_info=&#8221;{}&#8221;]<\/p>\n<h1><span>Produzione a contratto<\/span><\/h1>\n<p class=\"p1\"><span class=\"s1\">Ti offriamo i nostri macchinari come banco di lavoro esteso. Daub CNC Technik produce pezzi in alluminio e plastica in modo semplice e veloce.  Siamo specializzati nella produzione di pezzi singoli fino a grandi serie, da profili estrusi con una lunghezza massima di 6000 mm e pannelli in lamiera fino a 2000 x 3000 mm. <\/span><\/p>\n<p class=\"p2\"><span class=\"s1\"><\/span><\/p>\n<p class=\"p1\"><span class=\"s1\">La fresatura HSC (taglio ad alta velocit\u00e0) sulle nostre fresatrici a portale a 3 assi, con una velocit\u00e0 possibile di 60.000 giri al minuto, ci permette di ottenere una lavorazione economica della massima qualit\u00e0. Con questa forma di lavorazione \u00e8 possibile realizzare anche i contorni o le incisioni pi\u00f9 piccole. Utilizziamo costantemente le tecnologie pi\u00f9 recenti con i nostri sistemi CAD per la preparazione dei dati e CAM per la programmazione. La tecnologia di serraggio a vuoto ci permette di produrre intricate lavorazioni della lamiera come tasche fresate, svasature, smussi, raggi e filettature senza deformare o modificare la struttura del materiale di base.   <\/span><\/p>\n<p class=\"p2\"><span class=\"s1\"><\/span><\/p>\n<p class=\"p1\"><span class=\"s1\">Il nostro ampio magazzino di alluminio ci permette di reagire rapidamente e di realizzare i tuoi prodotti.<\/span><\/p>\n<p class=\"p2\"><span class=\"s1\"><\/span><\/p>\n<p class=\"p1\"><span class=\"s1\">Puoi anche fornirci il materiale con le tue specifiche individuali per la lavorazione.<\/span><\/p>\n<p class=\"p2\"><span class=\"s1\"><\/span><\/p>\n<p class=\"p1\"><span class=\"s1\">Siamo il tuo interlocutore per la produzione in conto terzi di parti in lamiera fresata, dai prototipi alla produzione in serie.<\/span><\/p>\n<p class=\"p2\"><span class=\"s1\"><\/span><\/p>\n<p class=\"p1\"><span class=\"s1\">Per la produzione abbiamo bisogno di dati DXF 2D o di dati 3D a gradini.<\/span><\/p>\n<p>&nbsp;<\/p>\n<p>[\/et_pb_text][\/et_pb_column][\/et_pb_row][\/et_pb_section][et_pb_section fb_built=&#8221;1&#8243; _builder_version=&#8221;4.16.0&#8243; _module_preset=&#8221;default&#8221; background_color=&#8221;#F3F3F3&#8243; border_width_bottom=&#8221;3px&#8221; border_color_bottom=&#8221;#FFFFFF&#8221; locked=&#8221;off&#8221; global_colors_info=&#8221;{}&#8221;][et_pb_row use_custom_gutter=&#8221;on&#8221; make_equal=&#8221;on&#8221; _builder_version=&#8221;4.16&#8243; _module_preset=&#8221;default&#8221; custom_css_main_element=&#8221;align-items: center;&#8221; global_colors_info=&#8221;{}&#8221;][et_pb_column type=&#8221;4_4&#8243; _builder_version=&#8221;4.16&#8243; _module_preset=&#8221;default&#8221; global_colors_info=&#8221;{}&#8221;][et_pb_text _builder_version=&#8221;4.20.4&#8243; _module_preset=&#8221;default&#8221; text_text_color=&#8221;#3B3B3B&#8221; text_font_size=&#8221;15px&#8221; text_line_height=&#8221;1.8em&#8221; header_font=&#8221;|700|||||||&#8221; header_text_color=&#8221;#3B3B3B&#8221; header_line_height=&#8221;1.3em&#8221; global_colors_info=&#8221;{}&#8221;]<\/p>\n<h1><span>Opzioni di produzione<\/span><\/h1>\n<p class=\"p1\"><span class=\"s1\"><b>Stampa serigrafica<\/b><\/span><\/p>\n<p class=\"p1\"><span class=\"s1\">Stampiamo in serigrafia secondo le tue specifiche nei colori RAL, Pantone o HKS.<\/span><\/p>\n<p class=\"p2\"><span class=\"s1\"><\/span><\/p>\n<p class=\"p1\"><span class=\"s1\">La nostra moderna stampante serigrafica ESC, in combinazione con inchiostri di alta qualit\u00e0, garantisce una qualit\u00e0 di stampa ottimale su un&#8217;area massima di 700&#215;600 mm. <\/span><\/p>\n<p class=\"p2\"><span class=\"s1\"><\/span><\/p>\n<p class=\"p1\"><span class=\"s1\">Vantaggi della stampa serigrafica<\/span><\/p>\n<p class=\"p1\"><span class=\"s1\"><span class=\"Apple-tab-span\"> <\/span>&#8211; Alta opacit\u00e0<\/span><\/p>\n<p class=\"p1\"><span class=\"s1\"><span class=\"Apple-tab-span\"> <\/span>&#8211; Risultati di stampa durevoli ed estremamente resistenti<\/span><\/p>\n<p class=\"p1\"><span class=\"s1\"><span class=\"Apple-tab-span\"> <\/span>&#8211; Predestinato a tirature elevate <\/span><\/p>\n<p class=\"p1\"><span class=\"s1\"><span class=\"Apple-tab-span\"> <\/span>&#8211; Elevata brillantezza dei colori<\/span><\/p>\n<p class=\"p1\"><span class=\"s1\"><span class=\"Apple-tab-span\"> <\/span>&#8211; Adatto a colori chiari su sfondi scuri <\/span><\/p>\n<p class=\"p2\"><span class=\"s1\"><\/span><\/p>\n<p class=\"p1\"><span class=\"s1\">La serigrafia \u00e8 un processo di stampa in cui l&#8217;inchiostro viene stampato attraverso un retino tessile a maglie fini sul materiale da stampare utilizzando una spatola di gomma. Le aperture delle maglie del tessuto sono sigillate a tenuta di colore da uno stencil nelle aree a tenuta di colore del tessuto in cui non deve essere stampato alcun colore. <\/span><\/p>\n<p class=\"p2\"><span class=\"s1\"><\/span><\/p>\n<p class=\"p1\"><span class=\"s1\"><b>Stampa digitale<\/b><\/span><\/p>\n<p class=\"p1\"><span class=\"s1\">A differenza della serigrafia, la stampa digitale non richiede un modulo di stampa fisso. La stampa digitale, nota anche come NIP (non-impact printing) o DDP (direct digital printing), \u00e8 un processo di stampa economico e che fa risparmiare tempo. Le piccole tirature possono essere realizzate con modelli di stampa direttamente dal computer senza ulteriori passaggi intermedi.    <\/span><\/p>\n<p class=\"p2\"><span class=\"s1\"><\/span><\/p>\n<p class=\"p1\"><span class=\"s1\"><b>Etichettatura laser<\/b><\/span><\/p>\n<p class=\"p1\"><span class=\"s1\">Possibilit\u00e0 di design illimitate con l&#8217;etichettatura laser. Un processo particolarmente veloce, flessibile e resistente all&#8217;abrasione per la progettazione di superfici personalizzate sull&#8217;alluminio senza costi aggiuntivi di utensili, additivi e solventi. <\/span><\/p>\n<p class=\"p2\"><span class=\"s1\"><\/span><\/p>\n<p class=\"p1\"><span class=\"s1\"><b>Tecnologia press-fit con connettori a pressione<\/b><\/span><\/p>\n<p class=\"p1\"><span class=\"s1\">Gli elementi di fissaggio a pressione vengono inseriti nei fori centrali del pezzo. Il materiale scorre attraverso la formatura a freddo in un sottosquadro nell&#8217;area del gambo dell&#8217;elemento di fissaggio. Una dentatura o una speciale forma della testa impediscono all&#8217;elemento di fissaggio di torcersi.    <\/span><\/p>\n<p class=\"p2\"><span class=\"s1\"><\/span><\/p>\n<p class=\"p1\"><span class=\"s1\">Garantiscono punti di montaggio robusti e forze di spinta e torsione elevate senza danneggiare il materiale o causare rigonfiamenti nell&#8217;area dei bordi. Gli elementi di fissaggio sono a filo con il retro del materiale.   <\/span><\/p>\n<p class=\"p1\"><span class=\"s1\">Le connessioni a pressione sono affidabili, durevoli ed economiche.<\/span><\/p>\n<p class=\"p2\"><span class=\"s1\"><\/span><\/p>\n<p class=\"p1\"><span class=\"s1\"><b>Passivazione dell&#8217;alluminio<\/b><\/span><\/p>\n<p class=\"p1\"><span class=\"s1\">Offriamo ai nostri clienti la passivazione di pannelli e profili in alluminio. Lo strato di cromato prodotto offre una protezione ottimale dalla corrosione e costituisce una buona base adesiva per ulteriori rivestimenti.   <\/span><\/p>\n<p class=\"p2\"><span class=\"s1\"><\/span><\/p>\n<p class=\"p1\"><span class=\"s1\">Questo rivestimento offre una protezione ottimale dalla corrosione e funge anche da base adesiva per adesivi, vernici e rivestimenti in polvere durante le successive lavorazioni. Inoltre, presenta una bassa resistenza elettrica superficiale, che consente di ottenere una bassa resistenza al contatto. Per ottenere una superficie uniforme, le lastre di alluminio vengono preventivamente sgrassate e decapate.  <\/span><\/p>\n<p class=\"p2\"><span class=\"s1\"><\/span><\/p>\n<p class=\"p1\"><span class=\"s1\"><b>Sabbiatura\/ sabbiatura di vetro<\/b><\/span><\/p>\n<p class=\"p1\"><span class=\"s1\">Il principio della granigliatura \u00e8 simile a quello della sabbiatura. Grazie alla forma rotonda del mezzo di sabbiatura, la superficie \u00e8 meno ruvida e ha un aspetto setoso, lucido e omogeneo. Le strisce di disegno sui profili estrusi sono completamente nascoste.    <\/span><\/p>\n<p class=\"p2\"><span class=\"s1\"><\/span><\/p>\n<p class=\"p1\"><span class=\"s1\">L&#8217;effetto effettivo della sabbiatura con perle di vetro \u00e8 creato dall'&#8221;impatto&#8221; delle perle sulla superficie. Grazie alla forma sferica, l&#8217;abrasione della superficie \u00e8 minima o nulla. Allo stesso tempo, la superficie si ispessisce e si indurisce, fornendo un pre-trattamento ottimale per l&#8217;anodizzazione.  <\/span><\/p>\n<p>[\/et_pb_text][\/et_pb_column][\/et_pb_row][\/et_pb_section][et_pb_section fb_built=&#8221;1&#8243; _builder_version=&#8221;4.16.0&#8243; _module_preset=&#8221;default&#8221; background_color=&#8221;#F3F3F3&#8243; border_width_bottom=&#8221;3px&#8221; border_color_bottom=&#8221;#FFFFFF&#8221; locked=&#8221;off&#8221; global_colors_info=&#8221;{}&#8221;][et_pb_row use_custom_gutter=&#8221;on&#8221; make_equal=&#8221;on&#8221; _builder_version=&#8221;4.16&#8243; _module_preset=&#8221;default&#8221; custom_css_main_element=&#8221;align-items: center;&#8221; global_colors_info=&#8221;{}&#8221;][et_pb_column type=&#8221;4_4&#8243; _builder_version=&#8221;4.16&#8243; _module_preset=&#8221;default&#8221; global_colors_info=&#8221;{}&#8221;][et_pb_gallery gallery_ids=&#8221;53193,53195,53197,53207,53211,53201,53203,53213,53205,53209,53219,53217&#8243; posts_number=&#8221;12&#8243; show_title_and_caption=&#8221;off&#8221; show_pagination=&#8221;off&#8221; _builder_version=&#8221;4.20.4&#8243; _module_preset=&#8221;default&#8221; global_colors_info=&#8221;{}&#8221;][\/et_pb_gallery][\/et_pb_column][\/et_pb_row][\/et_pb_section]<\/p>\n","protected":false},"excerpt":{"rendered":"<p>Produzione a contratto Ti offriamo i nostri macchinari come banco di lavoro esteso. Daub CNC Technik produce pezzi in alluminio e plastica in modo semplice e veloce. Siamo specializzati nella produzione di pezzi singoli fino a grandi serie, da profili estrusi con una lunghezza massima di 6000 mm e pannelli in lamiera fino a 2000 [&hellip;]<\/p>\n","protected":false},"author":1,"featured_media":0,"parent":0,"menu_order":0,"comment_status":"closed","ping_status":"closed","template":"","meta":{"_et_pb_use_builder":"on","_et_pb_old_content":"","_et_gb_content_width":"","inline_featured_image":false,"footnotes":""},"class_list":["post-55733","page","type-page","status-publish","hentry"],"yoast_head":"<!-- This site is optimized with the Yoast SEO plugin v27.4 - https:\/\/yoast.com\/product\/yoast-seo-wordpress\/ -->\n<title>Produzione a contratto Daub Tecnologia CNC<\/title>\n<meta name=\"description\" content=\"Fresatura, rivestimento superficiale, serigrafia, stampa digitale, lavorazione, marcatura laser, sabbiatura, passivazione, anodizzazione, press-fitting\" \/>\n<meta name=\"robots\" content=\"index, follow, max-snippet:-1, max-image-preview:large, max-video-preview:-1\" \/>\n<link rel=\"canonical\" href=\"https:\/\/19zoll.com\/it\/produzione-a-contratto\/\" \/>\n<meta property=\"og:locale\" content=\"it_IT\" \/>\n<meta property=\"og:type\" content=\"article\" \/>\n<meta property=\"og:title\" content=\"Produzione a contratto Daub Tecnologia CNC\" \/>\n<meta property=\"og:description\" content=\"Fresatura, rivestimento superficiale, serigrafia, stampa digitale, lavorazione, marcatura laser, sabbiatura, passivazione, anodizzazione, press-fitting\" \/>\n<meta property=\"og:url\" content=\"https:\/\/19zoll.com\/it\/produzione-a-contratto\/\" \/>\n<meta property=\"og:site_name\" content=\"Daub CNC\" \/>\n<meta property=\"article:modified_time\" content=\"2025-03-25T13:34:12+00:00\" \/>\n<meta property=\"og:image\" content=\"https:\/\/19zoll.com\/wp-content\/uploads\/2023\/04\/lohnfertigung-003.jpg\" \/>\n<meta name=\"twitter:card\" content=\"summary_large_image\" \/>\n<meta name=\"twitter:title\" content=\"Produzione a contratto Daub Tecnologia CNC\" \/>\n<meta name=\"twitter:description\" content=\"Fresatura, rivestimento superficiale, serigrafia, stampa digitale, lavorazione, marcatura laser, sabbiatura, passivazione, anodizzazione, press-fitting\" \/>\n<meta name=\"twitter:image\" content=\"https:\/\/19zoll.com\/wp-content\/uploads\/2023\/04\/lohnfertigung-003.jpg\" \/>\n<meta name=\"twitter:label1\" content=\"Tempo di lettura stimato\" \/>\n\t<meta name=\"twitter:data1\" content=\"5 minuti\" \/>\n<script type=\"application\/ld+json\" class=\"yoast-schema-graph\">{\"@context\":\"https:\\\/\\\/schema.org\",\"@graph\":[{\"@type\":\"WebPage\",\"@id\":\"https:\\\/\\\/19zoll.com\\\/it\\\/produzione-a-contratto\\\/\",\"url\":\"https:\\\/\\\/19zoll.com\\\/it\\\/produzione-a-contratto\\\/\",\"name\":\"Produzione a contratto Daub Tecnologia CNC\",\"isPartOf\":{\"@id\":\"https:\\\/\\\/19zoll.com\\\/#website\"},\"datePublished\":\"2023-04-12T11:39:48+00:00\",\"dateModified\":\"2025-03-25T13:34:12+00:00\",\"description\":\"Fresatura, rivestimento superficiale, serigrafia, stampa digitale, lavorazione, marcatura laser, sabbiatura, passivazione, anodizzazione, press-fitting\",\"breadcrumb\":{\"@id\":\"https:\\\/\\\/19zoll.com\\\/it\\\/produzione-a-contratto\\\/#breadcrumb\"},\"inLanguage\":\"it-IT\",\"potentialAction\":[{\"@type\":\"ReadAction\",\"target\":[\"https:\\\/\\\/19zoll.com\\\/it\\\/produzione-a-contratto\\\/\"]}]},{\"@type\":\"BreadcrumbList\",\"@id\":\"https:\\\/\\\/19zoll.com\\\/it\\\/produzione-a-contratto\\\/#breadcrumb\",\"itemListElement\":[{\"@type\":\"ListItem\",\"position\":1,\"name\":\"Startseite\",\"item\":\"https:\\\/\\\/19zoll.com\\\/it\\\/casa\\\/\"},{\"@type\":\"ListItem\",\"position\":2,\"name\":\"Produzione a contratto\"}]},{\"@type\":\"WebSite\",\"@id\":\"https:\\\/\\\/19zoll.com\\\/#website\",\"url\":\"https:\\\/\\\/19zoll.com\\\/\",\"name\":\"Daub CNC\",\"description\":\"Ein Webprojekt von IhrMediengestalter\",\"potentialAction\":[{\"@type\":\"SearchAction\",\"target\":{\"@type\":\"EntryPoint\",\"urlTemplate\":\"https:\\\/\\\/19zoll.com\\\/?s={search_term_string}\"},\"query-input\":{\"@type\":\"PropertyValueSpecification\",\"valueRequired\":true,\"valueName\":\"search_term_string\"}}],\"inLanguage\":\"it-IT\"}]}<\/script>\n<!-- \/ Yoast SEO plugin. -->","yoast_head_json":{"title":"Produzione a contratto Daub Tecnologia CNC","description":"Fresatura, rivestimento superficiale, serigrafia, stampa digitale, lavorazione, marcatura laser, sabbiatura, passivazione, anodizzazione, press-fitting","robots":{"index":"index","follow":"follow","max-snippet":"max-snippet:-1","max-image-preview":"max-image-preview:large","max-video-preview":"max-video-preview:-1"},"canonical":"https:\/\/19zoll.com\/it\/produzione-a-contratto\/","og_locale":"it_IT","og_type":"article","og_title":"Produzione a contratto Daub Tecnologia CNC","og_description":"Fresatura, rivestimento superficiale, serigrafia, stampa digitale, lavorazione, marcatura laser, sabbiatura, passivazione, anodizzazione, press-fitting","og_url":"https:\/\/19zoll.com\/it\/produzione-a-contratto\/","og_site_name":"Daub CNC","article_modified_time":"2025-03-25T13:34:12+00:00","og_image":[{"url":"https:\/\/19zoll.com\/wp-content\/uploads\/2023\/04\/lohnfertigung-003.jpg","type":"","width":"","height":""}],"twitter_card":"summary_large_image","twitter_title":"Produzione a contratto Daub Tecnologia CNC","twitter_description":"Fresatura, rivestimento superficiale, serigrafia, stampa digitale, lavorazione, marcatura laser, sabbiatura, passivazione, anodizzazione, press-fitting","twitter_image":"https:\/\/19zoll.com\/wp-content\/uploads\/2023\/04\/lohnfertigung-003.jpg","twitter_misc":{"Tempo di lettura stimato":"5 minuti"},"schema":{"@context":"https:\/\/schema.org","@graph":[{"@type":"WebPage","@id":"https:\/\/19zoll.com\/it\/produzione-a-contratto\/","url":"https:\/\/19zoll.com\/it\/produzione-a-contratto\/","name":"Produzione a contratto Daub Tecnologia CNC","isPartOf":{"@id":"https:\/\/19zoll.com\/#website"},"datePublished":"2023-04-12T11:39:48+00:00","dateModified":"2025-03-25T13:34:12+00:00","description":"Fresatura, rivestimento superficiale, serigrafia, stampa digitale, lavorazione, marcatura laser, sabbiatura, passivazione, anodizzazione, press-fitting","breadcrumb":{"@id":"https:\/\/19zoll.com\/it\/produzione-a-contratto\/#breadcrumb"},"inLanguage":"it-IT","potentialAction":[{"@type":"ReadAction","target":["https:\/\/19zoll.com\/it\/produzione-a-contratto\/"]}]},{"@type":"BreadcrumbList","@id":"https:\/\/19zoll.com\/it\/produzione-a-contratto\/#breadcrumb","itemListElement":[{"@type":"ListItem","position":1,"name":"Startseite","item":"https:\/\/19zoll.com\/it\/casa\/"},{"@type":"ListItem","position":2,"name":"Produzione a contratto"}]},{"@type":"WebSite","@id":"https:\/\/19zoll.com\/#website","url":"https:\/\/19zoll.com\/","name":"Daub CNC","description":"Ein Webprojekt von IhrMediengestalter","potentialAction":[{"@type":"SearchAction","target":{"@type":"EntryPoint","urlTemplate":"https:\/\/19zoll.com\/?s={search_term_string}"},"query-input":{"@type":"PropertyValueSpecification","valueRequired":true,"valueName":"search_term_string"}}],"inLanguage":"it-IT"}]}},"_links":{"self":[{"href":"https:\/\/19zoll.com\/it\/wp-json\/wp\/v2\/pages\/55733","targetHints":{"allow":["GET"]}}],"collection":[{"href":"https:\/\/19zoll.com\/it\/wp-json\/wp\/v2\/pages"}],"about":[{"href":"https:\/\/19zoll.com\/it\/wp-json\/wp\/v2\/types\/page"}],"author":[{"embeddable":true,"href":"https:\/\/19zoll.com\/it\/wp-json\/wp\/v2\/users\/1"}],"replies":[{"embeddable":true,"href":"https:\/\/19zoll.com\/it\/wp-json\/wp\/v2\/comments?post=55733"}],"version-history":[{"count":11,"href":"https:\/\/19zoll.com\/it\/wp-json\/wp\/v2\/pages\/55733\/revisions"}],"predecessor-version":[{"id":58653,"href":"https:\/\/19zoll.com\/it\/wp-json\/wp\/v2\/pages\/55733\/revisions\/58653"}],"wp:attachment":[{"href":"https:\/\/19zoll.com\/it\/wp-json\/wp\/v2\/media?parent=55733"}],"curies":[{"name":"wp","href":"https:\/\/api.w.org\/{rel}","templated":true}]}}