{"id":56329,"date":"2021-12-03T17:58:32","date_gmt":"2021-12-03T16:58:32","guid":{"rendered":"https:\/\/19zoll.com\/actualites\/"},"modified":"2025-11-19T09:55:53","modified_gmt":"2025-11-19T08:55:53","slug":"actualites","status":"publish","type":"page","link":"https:\/\/19zoll.com\/fr\/actualites\/","title":{"rendered":"Actualit\u00e9s"},"content":{"rendered":"<p>[et_pb_section fb_built=\u00a0\u00bb1&Prime; _builder_version=\u00a0\u00bb4.27.4&Prime; _module_preset=\u00a0\u00bbdefault\u00a0\u00bb background_color=\u00a0\u00bb#F3F3F3&Prime; hover_enabled=\u00a0\u00bb0&Prime; border_width_bottom=\u00a0\u00bb3px\u00a0\u00bb border_color_bottom=\u00a0\u00bb#FFFFFF\u00a0\u00bb global_colors_info=\u00a0\u00bb{}\u00a0\u00bb sticky_enabled=\u00a0\u00bb0&Prime;][et_pb_row _builder_version=\u00a0\u00bb4.27.4&Prime; _module_preset=\u00a0\u00bbdefault\u00a0\u00bb hover_enabled=\u00a0\u00bb0&Prime; global_colors_info=\u00a0\u00bb{}\u00a0\u00bb sticky_enabled=\u00a0\u00bb0&Prime;][et_pb_column type=\u00a0\u00bb4_4&Prime; _builder_version=\u00a0\u00bb4.16&Prime; _module_preset=\u00a0\u00bbdefault\u00a0\u00bb global_colors_info=\u00a0\u00bb{}\u00a0\u00bb][et_pb_text _builder_version=\u00a0\u00bb4.27.4&Prime; _module_preset=\u00a0\u00bbdefault\u00a0\u00bb text_text_color=\u00a0\u00bb#3B3B3B\u00a0\u00bb text_font_size=\u00a0\u00bb15px\u00a0\u00bb text_line_height=\u00a0\u00bb1.8em\u00a0\u00bb link_text_color=\u00a0\u00bb#1F7BC3&Prime; header_font=\u00a0\u00bb|700|||||||\u00a0\u00bb header_text_color=\u00a0\u00bb#3B3B3B\u00a0\u00bb header_line_height=\u00a0\u00bb1.3em\u00a0\u00bb hover_enabled=\u00a0\u00bb0&Prime; global_colors_info=\u00a0\u00bb{}\u00a0\u00bb sticky_enabled=\u00a0\u00bb0&Prime;]<\/p>\n<div id=\"c76\" class=\"csc-default csc-space-before-30 csc-space-after-50\">\n<h2><b><span>Nous serons de retour en 2026<\/span>!<\/b><\/h2>\n<p style=\"font-weight: 400;\"><span>L&rsquo;ann\u00e9e prochaine, nous serons \u00e0 nouveau pr\u00e9sents en tant qu&rsquo;exposants au salon embedded world 2026 \u00e0 Nuremberg. C&rsquo;est \u00e0 chaque fois un plaisir de faire partie de ce salon inspirant, d&rsquo;avoir des discussions passionnantes et de d\u00e9couvrir des technologies innovantes. <\/span><\/p>\n<p style=\"font-weight: 400;\"><span>Les pr\u00e9paratifs battent d\u00e9j\u00e0 leur plein &#8211; nous nous r\u00e9jouissons d\u00e9j\u00e0 de votre visite !<\/span><\/p>\n<\/div>\n<p>[\/et_pb_text][et_pb_image src=\u00a0\u00bbhttps:\/\/19zoll.com\/wp-content\/uploads\/2025\/11\/embedded-world-n-signaturbanner-signature-banner-wir-sind-dabei-we-are-part-of-it.jpg\u00a0\u00bb _builder_version=\u00a0\u00bb4.27.4&Prime; _module_preset=\u00a0\u00bbdefault\u00a0\u00bb title_text=\u00a0\u00bbembedded-world-n-signature-banni\u00e8re-signature-nous-sommes-en-marche-nous-sommes-part-de-it\u00a0\u00bb hover_enabled=\u00a0\u00bb0&Prime; sticky_enabled=\u00a0\u00bb0&Prime;][\/et_pb_image][\/et_pb_column][\/et_pb_row][\/et_pb_section][et_pb_section fb_built=\u00a0\u00bb1&Prime; _builder_version=\u00a0\u00bb4.27.4&Prime; _module_preset=\u00a0\u00bbdefault\u00a0\u00bb background_color=\u00a0\u00bb#F3F3F3&Prime; hover_enabled=\u00a0\u00bb0&Prime; border_width_bottom=\u00a0\u00bb3px\u00a0\u00bb border_color_bottom=\u00a0\u00bb#FFFFFF\u00a0\u00bb global_colors_info=\u00a0\u00bb{}\u00a0\u00bb sticky_enabled=\u00a0\u00bb0&Prime; locked=\u00a0\u00bboff\u00a0\u00bb][et_pb_row column_structure=\u00a0\u00bb3_4,1_4&Prime; _builder_version=\u00a0\u00bb4.16&Prime; _module_preset=\u00a0\u00bbdefault\u00a0\u00bb global_colors_info=\u00a0\u00bb{}\u00a0\u00bb][et_pb_column type=\u00a0\u00bb3_4&Prime; _builder_version=\u00a0\u00bb4.16&Prime; _module_preset=\u00a0\u00bbdefault\u00a0\u00bb global_colors_info=\u00a0\u00bb{}\u00a0\u00bb][et_pb_text _builder_version=\u00a0\u00bb4.27.4&Prime; _module_preset=\u00a0\u00bbdefault\u00a0\u00bb text_text_color=\u00a0\u00bb#3B3B3B\u00a0\u00bb text_font_size=\u00a0\u00bb15px\u00a0\u00bb text_line_height=\u00a0\u00bb1.8em\u00a0\u00bb link_text_color=\u00a0\u00bb#1F7BC3&Prime; header_font=\u00a0\u00bb|700|||||||\u00a0\u00bb header_text_color=\u00a0\u00bb#3B3B3B\u00a0\u00bb header_line_height=\u00a0\u00bb1.3em\u00a0\u00bb global_colors_info=\u00a0\u00bb{}\u00a0\u00bb]<\/p>\n<div id=\"c76\" class=\"csc-default csc-space-before-30 csc-space-after-50\">\n<h2><b>Suppl\u00e9ment \u00e0 Embedded World 2025 &#8211; un succ\u00e8s total !<\/b><\/h2>\n<p style=\"font-weight: 400;\"><strong>Embedded World 2025<\/strong>, qui s&rsquo;est tenu \u00e0 Nuremberg du <strong>11 au 13 mars<\/strong>, a \u00e9t\u00e9 une fois de plus le point fort de la communaut\u00e9 de l&#8217;embarqu\u00e9 ! Avec <strong>32.000 visiteurs de plus de 80 pays<\/strong> et pr\u00e8s de <strong>1.200 exposants de 46 pays<\/strong>, le salon a offert une plate-forme unique pour l&rsquo;innovation, l&rsquo;\u00e9change et le r\u00e9seautage. Les conf\u00e9rences qui l&rsquo;accompagnaient ont en outre attir\u00e9 <strong>1.897 participants de 47 pays<\/strong> &#8211; un signe fort de l&rsquo;int\u00e9r\u00eat croissant pour les technologies embarqu\u00e9es !  <\/p>\n<p style=\"font-weight: 400;\">  Apr\u00e8s avoir <strong>r\u00e9am\u00e9nag\u00e9<\/strong> notre <strong>stand<\/strong> l&rsquo;ann\u00e9e derni\u00e8re, nous nous sommes concentr\u00e9s cette fois-ci sur un nouveau look pour notre \u00e9quipe. Avec nos tout nouveaux <strong>pulls<\/strong>, nous avons cr\u00e9\u00e9 une atmosph\u00e8re d\u00e9contract\u00e9e &#8211; et cela a \u00e9t\u00e9 tr\u00e8s bien accueilli ! <\/p>\n<p style=\"font-weight: 400;\">  Merci \u00e0 tous les visiteurs, partenaires et coll\u00e8gues pour ces discussions passionnantes, ces pr\u00e9cieux aper\u00e7us et ce salon enti\u00e8rement r\u00e9ussi ! Nous attendons avec impatience <strong>Embedded World 2026<\/strong> &#8211; Save the date : <strong>10-12 mars 2026<\/strong>! <\/p>\n<\/div>\n<p>[\/et_pb_text][\/et_pb_column][et_pb_column type=\u00a0\u00bb1_4&Prime; _builder_version=\u00a0\u00bb4.16&Prime; _module_preset=\u00a0\u00bbdefault\u00a0\u00bb global_colors_info=\u00a0\u00bb{}\u00a0\u00bb][et_pb_video src=\u00a0\u00bbhttps:\/\/19zoll.com\/wp-content\/uploads\/2025\/03\/collage-embedded-2025.mp4&Prime; image_src=\u00a0\u00bbhttps:\/\/19zoll.com\/wp-content\/uploads\/2025\/03\/collage-embedded-2025-shot.jpg\u00a0\u00bb _builder_version=\u00a0\u00bb4.27.4&Prime; _module_preset=\u00a0\u00bbdefault\u00a0\u00bb global_colors_info=\u00a0\u00bb{}\u00a0\u00bb][\/et_pb_video][\/et_pb_column][\/et_pb_row][\/et_pb_section][et_pb_section fb_built=\u00a0\u00bb1&Prime; _builder_version=\u00a0\u00bb4.16&Prime; _module_preset=\u00a0\u00bbdefault\u00a0\u00bb background_color=\u00a0\u00bb#F3F3F3&Prime; border_width_bottom=\u00a0\u00bb3px\u00a0\u00bb border_color_bottom=\u00a0\u00bb#FFFFFF\u00a0\u00bb global_colors_info=\u00a0\u00bb{}\u00a0\u00bb][et_pb_row _builder_version=\u00a0\u00bb4.16&Prime; _module_preset=\u00a0\u00bbdefault\u00a0\u00bb global_colors_info=\u00a0\u00bb{}\u00a0\u00bb][et_pb_column type=\u00a0\u00bb4_4&Prime; _builder_version=\u00a0\u00bb4.16&Prime; _module_preset=\u00a0\u00bbdefault\u00a0\u00bb global_colors_info=\u00a0\u00bb{}\u00a0\u00bb][et_pb_text _builder_version=\u00a0\u00bb4.27.3&Prime; _module_preset=\u00a0\u00bbdefault\u00a0\u00bb text_text_color=\u00a0\u00bb#3B3B3B\u00a0\u00bb text_font_size=\u00a0\u00bb15px\u00a0\u00bb text_line_height=\u00a0\u00bb1.8em\u00a0\u00bb link_text_color=\u00a0\u00bb#1F7BC3&Prime; header_font=\u00a0\u00bb|700|||||||\u00a0\u00bb header_text_color=\u00a0\u00bb#3B3B3B\u00a0\u00bb header_line_height=\u00a0\u00bb1.3em\u00a0\u00bb global_colors_info=\u00a0\u00bb{}\u00a0\u00bb]<\/p>\n<div id=\"c76\" class=\"csc-default csc-space-before-30 csc-space-after-50\">\n<h1><b>Retour sur l&rsquo;Electronica 2024 \u00e0 Munich<\/b><\/h1>\n<p style=\"font-weight: 400;\"><strong>Electronica 2024<\/strong>, qui s&rsquo;est tenu \u00e0 Munich du 12\/11\/2024 au 15\/11\/2024, a de nouveau \u00e9t\u00e9 un grand succ\u00e8s et a confirm\u00e9 son statut de salon leader mondial de l&rsquo;industrie \u00e9lectronique. Plus de 3480 exposants de diff\u00e9rents pays ont pr\u00e9sent\u00e9 leurs derniers produits, technologies et innovations \u00e0 un large public de professionnels. Les visiteurs ont pu avoir un aper\u00e7u passionnant des tendances actuelles de l&rsquo;industrie.  <\/p>\n<p style=\"font-weight: 400;\">Des th\u00e8mes tels que <strong>l&rsquo;intelligence artificielle<\/strong>, <strong>l&rsquo;\u00e9lectromobilit\u00e9<\/strong>, l&rsquo;<strong>IoT<\/strong> et <strong>les solutions \u00e9lectroniques durables<\/strong> ont \u00e9t\u00e9 particuli\u00e8rement mis en avant.<\/p>\n<p style=\"font-weight: 400;\">Electronica a offert une plate-forme d&rsquo;\u00e9changes intensifs entre les entreprises, la science et la politique. Les nombreux forums et tables rondes ont permis de mieux comprendre les d\u00e9fis et les opportunit\u00e9s du secteur et ont favoris\u00e9 d&rsquo;importants partenariats. L&rsquo;ambiance du salon \u00e9tait marqu\u00e9e par l&rsquo;optimisme et l&rsquo;esprit d&rsquo;innovation. Pour de nombreux participants, Electronica 2024 \u00e9tait l&rsquo;endroit id\u00e9al pour se mettre en r\u00e9seau, conqu\u00e9rir de nouveaux march\u00e9s et se positionner pour l&rsquo;avenir &#8211; c&rsquo;est aussi notre cas !   <\/p>\n<p style=\"font-weight: 400;\">La particularit\u00e9 de cette participation au salon a \u00e9t\u00e9 pour nous le stand commun avec notre partenaire japonais Takachi Enclosures. Nous avons pass\u00e9 une semaine formidable ensemble et avons pu travailler en bonne intelligence et renforcer notre partenariat ! <\/p>\n<p style=\"font-weight: 400;\">Nous remercions tous les exposants, les visiteurs et les organisateurs et attendons avec impatience la prochaine \u00e9dition d&rsquo;Electronica !<\/p>\n<\/div>\n<p>[\/et_pb_text][\/et_pb_column][\/et_pb_row][et_pb_row column_structure=\u00a0\u00bb1_3,1_3,1_3&Prime; _builder_version=\u00a0\u00bb4.27.3&Prime; _module_preset=\u00a0\u00bbdefault\u00a0\u00bb global_colors_info=\u00a0\u00bb{}\u00a0\u00bb][et_pb_column type=\u00a0\u00bb1_3&Prime; _builder_version=\u00a0\u00bb4.27.3&Prime; _module_preset=\u00a0\u00bbdefault\u00a0\u00bb global_colors_info=\u00a0\u00bb{}\u00a0\u00bb][et_pb_image src=\u00a0\u00bbhttps:\/\/19zoll.com\/wp-content\/uploads\/2024\/11\/electronica-2024-002.jpg\u00a0\u00bb title_text=\u00a0\u00bbelectronica-2024-002&Prime; _builder_version=\u00a0\u00bb4.27.3&Prime; _module_preset=\u00a0\u00bbdefault\u00a0\u00bb global_colors_info=\u00a0\u00bb{}\u00a0\u00bb][\/et_pb_image][\/et_pb_column][et_pb_column type=\u00a0\u00bb1_3&Prime; _builder_version=\u00a0\u00bb4.27.3&Prime; _module_preset=\u00a0\u00bbdefault\u00a0\u00bb global_colors_info=\u00a0\u00bb{}\u00a0\u00bb][et_pb_image src=\u00a0\u00bbhttps:\/\/19zoll.com\/wp-content\/uploads\/2024\/11\/electronica-2024-001.jpg\u00a0\u00bb title_text=\u00a0\u00bbelectronica-2024-001&Prime; _builder_version=\u00a0\u00bb4.27.3&Prime; _module_preset=\u00a0\u00bbdefault\u00a0\u00bb global_colors_info=\u00a0\u00bb{}\u00a0\u00bb][\/et_pb_image][\/et_pb_column][et_pb_column type=\u00a0\u00bb1_3&Prime; _builder_version=\u00a0\u00bb4.27.3&Prime; _module_preset=\u00a0\u00bbdefault\u00a0\u00bb global_colors_info=\u00a0\u00bb{}\u00a0\u00bb][et_pb_image src=\u00a0\u00bbhttps:\/\/19zoll.com\/wp-content\/uploads\/2024\/11\/electronica-2024-003.jpg\u00a0\u00bb title_text=\u00a0\u00bbelectronica-2024-003&Prime; _builder_version=\u00a0\u00bb4.27.3&Prime; _module_preset=\u00a0\u00bbdefault\u00a0\u00bb global_colors_info=\u00a0\u00bb{}\u00a0\u00bb][\/et_pb_image][\/et_pb_column][\/et_pb_row][\/et_pb_section]<\/p>\n","protected":false},"excerpt":{"rendered":"<p>Nous serons de retour en 2026! L&rsquo;ann\u00e9e prochaine, nous serons \u00e0 nouveau pr\u00e9sents en tant qu&rsquo;exposants au salon embedded world 2026 \u00e0 Nuremberg. C&rsquo;est \u00e0 chaque fois un plaisir de faire partie de ce salon inspirant, d&rsquo;avoir des discussions passionnantes et de d\u00e9couvrir des technologies innovantes. Les pr\u00e9paratifs battent d\u00e9j\u00e0 leur plein &#8211; nous nous [&hellip;]<\/p>\n","protected":false},"author":1,"featured_media":0,"parent":0,"menu_order":0,"comment_status":"closed","ping_status":"closed","template":"","meta":{"_et_pb_use_builder":"on","_et_pb_old_content":"","_et_gb_content_width":"","inline_featured_image":false,"footnotes":""},"class_list":["post-56329","page","type-page","status-publish","hentry"],"yoast_head":"<!-- This site is optimized with the Yoast SEO plugin v27.3 - https:\/\/yoast.com\/product\/yoast-seo-wordpress\/ -->\n<title>Actualit\u00e9s de la soci\u00e9t\u00e9 Daub CNC Technik GmbH und Co. KG<\/title>\n<meta name=\"description\" content=\"Nouveaut\u00e9s, Takachi, Salons, Embedded World, Bo\u00eetiers en aluminium, Bo\u00eetiers en plastique, Anodisation, Usinage et marquage des bo\u00eetiers\" \/>\n<meta name=\"robots\" content=\"index, follow, max-snippet:-1, max-image-preview:large, max-video-preview:-1\" \/>\n<link rel=\"canonical\" href=\"https:\/\/19zoll.com\/fr\/actualites\/\" \/>\n<meta property=\"og:locale\" content=\"fr_FR\" \/>\n<meta property=\"og:type\" content=\"article\" \/>\n<meta property=\"og:title\" content=\"Actualit\u00e9s de la soci\u00e9t\u00e9 Daub CNC Technik GmbH und Co. KG\" \/>\n<meta property=\"og:description\" content=\"Nouveaut\u00e9s, Takachi, Salons, Embedded World, Bo\u00eetiers en aluminium, Bo\u00eetiers en plastique, Anodisation, Usinage et marquage des bo\u00eetiers\" \/>\n<meta property=\"og:url\" content=\"https:\/\/19zoll.com\/fr\/actualites\/\" \/>\n<meta property=\"og:site_name\" content=\"Daub CNC\" \/>\n<meta property=\"article:modified_time\" content=\"2025-11-19T08:55:53+00:00\" \/>\n<meta name=\"twitter:card\" content=\"summary_large_image\" \/>\n<meta name=\"twitter:title\" content=\"Actualit\u00e9s de la soci\u00e9t\u00e9 Daub CNC Technik GmbH und Co. KG\" \/>\n<meta name=\"twitter:description\" content=\"Nouveaut\u00e9s, Takachi, Salons, Embedded World, Bo\u00eetiers en aluminium, Bo\u00eetiers en plastique, Anodisation, Usinage et marquage des bo\u00eetiers\" \/>\n<meta name=\"twitter:label1\" content=\"Dur\u00e9e de lecture estim\u00e9e\" \/>\n\t<meta name=\"twitter:data1\" content=\"5 minutes\" \/>\n<script type=\"application\/ld+json\" class=\"yoast-schema-graph\">{\"@context\":\"https:\\\/\\\/schema.org\",\"@graph\":[{\"@type\":\"WebPage\",\"@id\":\"https:\\\/\\\/19zoll.com\\\/fr\\\/actualites\\\/\",\"url\":\"https:\\\/\\\/19zoll.com\\\/fr\\\/actualites\\\/\",\"name\":\"Actualit\u00e9s de la soci\u00e9t\u00e9 Daub CNC Technik GmbH und Co. KG\",\"isPartOf\":{\"@id\":\"https:\\\/\\\/19zoll.com\\\/#website\"},\"datePublished\":\"2021-12-03T16:58:32+00:00\",\"dateModified\":\"2025-11-19T08:55:53+00:00\",\"description\":\"Nouveaut\u00e9s, Takachi, Salons, Embedded World, Bo\u00eetiers en aluminium, Bo\u00eetiers en plastique, Anodisation, Usinage et marquage des bo\u00eetiers\",\"breadcrumb\":{\"@id\":\"https:\\\/\\\/19zoll.com\\\/fr\\\/actualites\\\/#breadcrumb\"},\"inLanguage\":\"fr-FR\",\"potentialAction\":[{\"@type\":\"ReadAction\",\"target\":[\"https:\\\/\\\/19zoll.com\\\/fr\\\/actualites\\\/\"]}]},{\"@type\":\"BreadcrumbList\",\"@id\":\"https:\\\/\\\/19zoll.com\\\/fr\\\/actualites\\\/#breadcrumb\",\"itemListElement\":[{\"@type\":\"ListItem\",\"position\":1,\"name\":\"Startseite\",\"item\":\"https:\\\/\\\/19zoll.com\\\/fr\\\/accueil\\\/\"},{\"@type\":\"ListItem\",\"position\":2,\"name\":\"Actualit\u00e9s\"}]},{\"@type\":\"WebSite\",\"@id\":\"https:\\\/\\\/19zoll.com\\\/#website\",\"url\":\"https:\\\/\\\/19zoll.com\\\/\",\"name\":\"Daub CNC\",\"description\":\"Ein Webprojekt von IhrMediengestalter\",\"potentialAction\":[{\"@type\":\"SearchAction\",\"target\":{\"@type\":\"EntryPoint\",\"urlTemplate\":\"https:\\\/\\\/19zoll.com\\\/?s={search_term_string}\"},\"query-input\":{\"@type\":\"PropertyValueSpecification\",\"valueRequired\":true,\"valueName\":\"search_term_string\"}}],\"inLanguage\":\"fr-FR\"}]}<\/script>\n<!-- \/ Yoast SEO plugin. -->","yoast_head_json":{"title":"Actualit\u00e9s de la soci\u00e9t\u00e9 Daub CNC Technik GmbH und Co. KG","description":"Nouveaut\u00e9s, Takachi, Salons, Embedded World, Bo\u00eetiers en aluminium, Bo\u00eetiers en plastique, Anodisation, Usinage et marquage des bo\u00eetiers","robots":{"index":"index","follow":"follow","max-snippet":"max-snippet:-1","max-image-preview":"max-image-preview:large","max-video-preview":"max-video-preview:-1"},"canonical":"https:\/\/19zoll.com\/fr\/actualites\/","og_locale":"fr_FR","og_type":"article","og_title":"Actualit\u00e9s de la soci\u00e9t\u00e9 Daub CNC Technik GmbH und Co. KG","og_description":"Nouveaut\u00e9s, Takachi, Salons, Embedded World, Bo\u00eetiers en aluminium, Bo\u00eetiers en plastique, Anodisation, Usinage et marquage des bo\u00eetiers","og_url":"https:\/\/19zoll.com\/fr\/actualites\/","og_site_name":"Daub CNC","article_modified_time":"2025-11-19T08:55:53+00:00","twitter_card":"summary_large_image","twitter_title":"Actualit\u00e9s de la soci\u00e9t\u00e9 Daub CNC Technik GmbH und Co. KG","twitter_description":"Nouveaut\u00e9s, Takachi, Salons, Embedded World, Bo\u00eetiers en aluminium, Bo\u00eetiers en plastique, Anodisation, Usinage et marquage des bo\u00eetiers","twitter_misc":{"Dur\u00e9e de lecture estim\u00e9e":"5 minutes"},"schema":{"@context":"https:\/\/schema.org","@graph":[{"@type":"WebPage","@id":"https:\/\/19zoll.com\/fr\/actualites\/","url":"https:\/\/19zoll.com\/fr\/actualites\/","name":"Actualit\u00e9s de la soci\u00e9t\u00e9 Daub CNC Technik GmbH und Co. KG","isPartOf":{"@id":"https:\/\/19zoll.com\/#website"},"datePublished":"2021-12-03T16:58:32+00:00","dateModified":"2025-11-19T08:55:53+00:00","description":"Nouveaut\u00e9s, Takachi, Salons, Embedded World, Bo\u00eetiers en aluminium, Bo\u00eetiers en plastique, Anodisation, Usinage et marquage des bo\u00eetiers","breadcrumb":{"@id":"https:\/\/19zoll.com\/fr\/actualites\/#breadcrumb"},"inLanguage":"fr-FR","potentialAction":[{"@type":"ReadAction","target":["https:\/\/19zoll.com\/fr\/actualites\/"]}]},{"@type":"BreadcrumbList","@id":"https:\/\/19zoll.com\/fr\/actualites\/#breadcrumb","itemListElement":[{"@type":"ListItem","position":1,"name":"Startseite","item":"https:\/\/19zoll.com\/fr\/accueil\/"},{"@type":"ListItem","position":2,"name":"Actualit\u00e9s"}]},{"@type":"WebSite","@id":"https:\/\/19zoll.com\/#website","url":"https:\/\/19zoll.com\/","name":"Daub CNC","description":"Ein Webprojekt von IhrMediengestalter","potentialAction":[{"@type":"SearchAction","target":{"@type":"EntryPoint","urlTemplate":"https:\/\/19zoll.com\/?s={search_term_string}"},"query-input":{"@type":"PropertyValueSpecification","valueRequired":true,"valueName":"search_term_string"}}],"inLanguage":"fr-FR"}]}},"_links":{"self":[{"href":"https:\/\/19zoll.com\/fr\/wp-json\/wp\/v2\/pages\/56329","targetHints":{"allow":["GET"]}}],"collection":[{"href":"https:\/\/19zoll.com\/fr\/wp-json\/wp\/v2\/pages"}],"about":[{"href":"https:\/\/19zoll.com\/fr\/wp-json\/wp\/v2\/types\/page"}],"author":[{"embeddable":true,"href":"https:\/\/19zoll.com\/fr\/wp-json\/wp\/v2\/users\/1"}],"replies":[{"embeddable":true,"href":"https:\/\/19zoll.com\/fr\/wp-json\/wp\/v2\/comments?post=56329"}],"version-history":[{"count":9,"href":"https:\/\/19zoll.com\/fr\/wp-json\/wp\/v2\/pages\/56329\/revisions"}],"predecessor-version":[{"id":60980,"href":"https:\/\/19zoll.com\/fr\/wp-json\/wp\/v2\/pages\/56329\/revisions\/60980"}],"wp:attachment":[{"href":"https:\/\/19zoll.com\/fr\/wp-json\/wp\/v2\/media?parent=56329"}],"curies":[{"name":"wp","href":"https:\/\/api.w.org\/{rel}","templated":true}]}}