{"id":56282,"date":"2021-10-21T15:40:36","date_gmt":"2021-10-21T13:40:36","guid":{"rendered":"https:\/\/19zoll.com\/histoire\/"},"modified":"2025-03-25T14:28:58","modified_gmt":"2025-03-25T13:28:58","slug":"histoire","status":"publish","type":"page","link":"https:\/\/19zoll.com\/fr\/histoire\/","title":{"rendered":"Histoire"},"content":{"rendered":"<p>[et_pb_section fb_built=\u00a0\u00bb1&Prime; _builder_version=\u00a0\u00bb4.16.0&Prime; _module_preset=\u00a0\u00bbdefault\u00a0\u00bb background_color=\u00a0\u00bb#F3F3F3&Prime; border_width_bottom=\u00a0\u00bb3px\u00a0\u00bb border_color_bottom=\u00a0\u00bb#FFFFFF\u00a0\u00bb locked=\u00a0\u00bboff\u00a0\u00bb global_colors_info=\u00a0\u00bb{}\u00a0\u00bb][et_pb_row use_custom_gutter=\u00a0\u00bbon\u00a0\u00bb make_equal=\u00a0\u00bbon\u00a0\u00bb _builder_version=\u00a0\u00bb4.16&Prime; _module_preset=\u00a0\u00bbdefault\u00a0\u00bb custom_css_main_element=\u00a0\u00bbalign-items: center;\u00a0\u00bb global_colors_info=\u00a0\u00bb{}\u00a0\u00bb][et_pb_column type=\u00a0\u00bb4_4&Prime; _builder_version=\u00a0\u00bb4.16&Prime; _module_preset=\u00a0\u00bbdefault\u00a0\u00bb global_colors_info=\u00a0\u00bb{}\u00a0\u00bb][et_pb_text _builder_version=\u00a0\u00bb4.16.0&Prime; _module_preset=\u00a0\u00bbdefault\u00a0\u00bb text_text_color=\u00a0\u00bb#3B3B3B\u00a0\u00bb text_font_size=\u00a0\u00bb15px\u00a0\u00bb text_line_height=\u00a0\u00bb1.8em\u00a0\u00bb header_font=\u00a0\u00bb|700|||||||\u00a0\u00bb header_text_color=\u00a0\u00bb#3B3B3B\u00a0\u00bb header_line_height=\u00a0\u00bb1.3em\u00a0\u00bb global_colors_info=\u00a0\u00bb{}\u00a0\u00bb]<\/p>\n<h1><span>Daub CNC Technik \u00e0 Wenden<\/span><\/h1>\n<p style=\"font-weight: 400;\">Fond\u00e9e en 1997 par Detlev Daub, l&rsquo;entreprise Daub CNC Technik, qui ne comptait alors qu&rsquo;un seul employ\u00e9, ne proposait au d\u00e9part que des services d&rsquo;usinage de t\u00f4les CNC \u00e0 des clients locaux.<\/p>\n<p style=\"font-weight: 400;\">DAUB CNC Technik est une entreprise \u00e0 la croissance dynamique avec un rendement sup\u00e9rieur \u00e0 la moyenne et reconnue comme le meilleur fournisseur et donc la r\u00e9f\u00e9rence en mati\u00e8re de solutions de bo\u00eetiers personnalis\u00e9s pour la protection des cartes \u00e9lectroniques.<\/p>\n<p style=\"font-weight: 400;\">\n<p style=\"font-weight: 400;\">Gr\u00e2ce \u00e0 une internationalisation cibl\u00e9e, nous sommes bien implant\u00e9s en Europe et disposons d&rsquo;un portefeuille de clients large et profond en mati\u00e8re de fonds propres.<\/p>\n<p style=\"font-weight: 400;\">Nous disposons d&rsquo;une gamme de produits pertinents pour le client\/march\u00e9, ce qui consolide notre position d&rsquo;ennoblisseur de pointe pour les produits standard du leader technologique.<\/p>\n<p style=\"font-weight: 400;\">En tant que distributeur cl\u00e9 des produits Takachi en Allemagne et dans le nord-ouest de l&rsquo;Europe, nous proposons un portefeuille de produits clairement structur\u00e9 pour des solutions personnalis\u00e9es \u00e0 partir de la gamme standard. Nous sommes la r\u00e9f\u00e9rence pour la distribution num\u00e9rique de bo\u00eetiers \u00e9lectroniques usin\u00e9s avec une grande vari\u00e9t\u00e9 de produits et de services &#8211; \u00e9conomiques, automatis\u00e9s, durables. En tant que marque forte avec une promesse de marque claire, nous sommes reconnus pour notre performance de livraison.  <\/p>\n<p style=\"font-weight: 400;\">\n<p style=\"font-weight: 400;\">Gr\u00e2ce \u00e0 l&rsquo;application syst\u00e9matique de processus Lean structur\u00e9s et transparents et \u00e0 l&rsquo;utilisation du CRM dans SAP Business One, nous renfor\u00e7ons notre leadership en mati\u00e8re de qualit\u00e9 et disposons d&rsquo;une entreprise pilot\u00e9e par des indicateurs, automatis\u00e9e et \u00e0 la rentabilit\u00e9 disproportionn\u00e9e.<\/p>\n<p style=\"font-weight: 400;\">\n<p style=\"font-weight: 400;\">Gr\u00e2ce \u00e0 l&rsquo;extension intelligente de notre profondeur de valeur ajout\u00e9e ainsi qu&rsquo;\u00e0 notre planification de la production bas\u00e9e sur des indicateurs, nous r\u00e9duisons nos d\u00e9lais d&rsquo;ex\u00e9cution et rationalisons continuellement nos processus de production.<\/p>\n<p style=\"font-weight: 400;\">\n<p style=\"font-weight: 400;\">Nous sommes des leaders technologiques en mati\u00e8re de mat\u00e9riaux, de formats, de fonctions, de toucher, de design, de caract\u00e9ristiques et des r\u00e9f\u00e9rences dans l&rsquo;utilisation des technologies de pointe pour la repr\u00e9sentation, la fabrication et la configuration des produits (r\u00e9alit\u00e9 augment\u00e9e, automatisation et personnalisation).<\/p>\n<p style=\"font-weight: 400;\">Nous utilisons le partenariat technologique et la force d&rsquo;innovation de notre partenaire Takachi Electronics Enclosures pour d\u00e9velopper notre propre capacit\u00e9 d&rsquo;innovation et lancer activement et avec succ\u00e8s nos propres solutions individuelles sur le march\u00e9.<\/p>\n<p style=\"font-weight: 400;\">\n<p style=\"font-weight: 400;\">Nous sommes le partenaire de performance reconnu pour la finition des produits Takachi en Europe.<\/p>\n<p style=\"font-weight: 400;\">\n<p style=\"font-weight: 400;\">Notre marque forte assure l&rsquo;identification de toutes les parties prenantes avec les objectifs de l&rsquo;entreprise et leur mise en \u0153uvre, et fa\u00e7onne notre culture de gestion et d&rsquo;entreprise ainsi que son d\u00e9veloppement durable.<\/p>\n<p style=\"font-weight: 400;\">\n<p style=\"font-weight: 400;\">Gr\u00e2ce \u00e0 notre marque employeur forte, nous parvenons \u00e0 attirer et \u00e0 fid\u00e9liser successivement des collaborateurs performants et hautement qualifi\u00e9s.<\/p>\n<p style=\"font-weight: 400;\">\n<p style=\"font-weight: 400;\">Actuellement, nous mettons en place un nouveau traitement de surface sur un nouveau site dans le parc industriel d&rsquo;Olpe H\u00fcppcherhammer. Avec l&rsquo;entreprise Daub &#8211; Oberfl\u00e4chentechnik, nous pouvons anodiser et passiver nos propres produits mais aussi des produits en aluminium en prestation de service. <\/p>\n<p style=\"font-weight: 400;\">\n<p style=\"font-weight: 400;\">De plus, nous allons construire un nouvel entrep\u00f4t afin de pouvoir livrer directement \u00e0 nos clients une grande vari\u00e9t\u00e9 de bo\u00eetiers standard en stock.<\/p>\n<p style=\"font-weight: 400;\">\n<p style=\"font-weight: 400;\">Laissez-vous convaincre par notre comp\u00e9tence et notre polyvalence &#8211; vous pouvez volontiers venir voir les produits Daub dans notre salle d&rsquo;exposition \u00e0 Wenden et avoir un aper\u00e7u de la fabrication moderne.<\/p>\n<p>[\/et_pb_text][\/et_pb_column][\/et_pb_row][\/et_pb_section]<\/p>\n","protected":false},"excerpt":{"rendered":"<p>Daub CNC Technik \u00e0 Wenden Fond\u00e9e en 1997 par Detlev Daub, l&rsquo;entreprise Daub CNC Technik, qui ne comptait alors qu&rsquo;un seul employ\u00e9, ne proposait au d\u00e9part que des services d&rsquo;usinage de t\u00f4les CNC \u00e0 des clients locaux. DAUB CNC Technik est une entreprise \u00e0 la croissance dynamique avec un rendement sup\u00e9rieur \u00e0 la moyenne et [&hellip;]<\/p>\n","protected":false},"author":1,"featured_media":0,"parent":0,"menu_order":0,"comment_status":"closed","ping_status":"closed","template":"","meta":{"_et_pb_use_builder":"on","_et_pb_old_content":"","_et_gb_content_width":"","inline_featured_image":false,"footnotes":""},"class_list":["post-56282","page","type-page","status-publish","hentry"],"yoast_head":"<!-- This site is optimized with the Yoast SEO plugin v27.4 - https:\/\/yoast.com\/product\/yoast-seo-wordpress\/ -->\n<title>Histoire de Daub CNC Technik GmbH et Co. KG<\/title>\n<meta name=\"description\" content=\"T\u00f4lerie CNC, fraiseuses, bo\u00eetiers en aluminium, rev\u00eatement de surface, impression, anodisation, passivation, s\u00e9rigraphie, impression num\u00e9rique\" \/>\n<meta name=\"robots\" content=\"index, follow, max-snippet:-1, max-image-preview:large, max-video-preview:-1\" \/>\n<link rel=\"canonical\" href=\"https:\/\/19zoll.com\/fr\/histoire\/\" \/>\n<meta property=\"og:locale\" content=\"fr_FR\" \/>\n<meta property=\"og:type\" content=\"article\" \/>\n<meta property=\"og:title\" content=\"Histoire de Daub CNC Technik GmbH et Co. KG\" \/>\n<meta property=\"og:description\" content=\"T\u00f4lerie CNC, fraiseuses, bo\u00eetiers en aluminium, rev\u00eatement de surface, impression, anodisation, passivation, s\u00e9rigraphie, impression num\u00e9rique\" \/>\n<meta property=\"og:url\" content=\"https:\/\/19zoll.com\/fr\/histoire\/\" \/>\n<meta property=\"og:site_name\" content=\"Daub CNC\" \/>\n<meta property=\"article:modified_time\" content=\"2025-03-25T13:28:58+00:00\" \/>\n<meta property=\"og:image\" content=\"https:\/\/19zoll.com\/wp-content\/uploads\/2022\/04\/daub-logo-png.png\" \/>\n<meta name=\"twitter:card\" content=\"summary_large_image\" \/>\n<meta name=\"twitter:title\" content=\"Histoire de Daub CNC Technik GmbH et Co. KG\" \/>\n<meta name=\"twitter:description\" content=\"T\u00f4lerie CNC, fraiseuses, bo\u00eetiers en aluminium, rev\u00eatement de surface, impression, anodisation, passivation, s\u00e9rigraphie, impression num\u00e9rique\" \/>\n<meta name=\"twitter:image\" content=\"https:\/\/19zoll.com\/wp-content\/uploads\/2022\/04\/daub-logo-png.png\" \/>\n<meta name=\"twitter:label1\" content=\"Dur\u00e9e de lecture estim\u00e9e\" \/>\n\t<meta name=\"twitter:data1\" content=\"3 minutes\" \/>\n<script type=\"application\/ld+json\" class=\"yoast-schema-graph\">{\"@context\":\"https:\\\/\\\/schema.org\",\"@graph\":[{\"@type\":\"WebPage\",\"@id\":\"https:\\\/\\\/19zoll.com\\\/fr\\\/histoire\\\/\",\"url\":\"https:\\\/\\\/19zoll.com\\\/fr\\\/histoire\\\/\",\"name\":\"Histoire de Daub CNC Technik GmbH et Co. KG\",\"isPartOf\":{\"@id\":\"https:\\\/\\\/19zoll.com\\\/#website\"},\"datePublished\":\"2021-10-21T13:40:36+00:00\",\"dateModified\":\"2025-03-25T13:28:58+00:00\",\"description\":\"T\u00f4lerie CNC, fraiseuses, bo\u00eetiers en aluminium, rev\u00eatement de surface, impression, anodisation, passivation, s\u00e9rigraphie, impression num\u00e9rique\",\"breadcrumb\":{\"@id\":\"https:\\\/\\\/19zoll.com\\\/fr\\\/histoire\\\/#breadcrumb\"},\"inLanguage\":\"fr-FR\",\"potentialAction\":[{\"@type\":\"ReadAction\",\"target\":[\"https:\\\/\\\/19zoll.com\\\/fr\\\/histoire\\\/\"]}]},{\"@type\":\"BreadcrumbList\",\"@id\":\"https:\\\/\\\/19zoll.com\\\/fr\\\/histoire\\\/#breadcrumb\",\"itemListElement\":[{\"@type\":\"ListItem\",\"position\":1,\"name\":\"Startseite\",\"item\":\"https:\\\/\\\/19zoll.com\\\/fr\\\/accueil\\\/\"},{\"@type\":\"ListItem\",\"position\":2,\"name\":\"Histoire\"}]},{\"@type\":\"WebSite\",\"@id\":\"https:\\\/\\\/19zoll.com\\\/#website\",\"url\":\"https:\\\/\\\/19zoll.com\\\/\",\"name\":\"Daub CNC\",\"description\":\"Ein Webprojekt von IhrMediengestalter\",\"potentialAction\":[{\"@type\":\"SearchAction\",\"target\":{\"@type\":\"EntryPoint\",\"urlTemplate\":\"https:\\\/\\\/19zoll.com\\\/?s={search_term_string}\"},\"query-input\":{\"@type\":\"PropertyValueSpecification\",\"valueRequired\":true,\"valueName\":\"search_term_string\"}}],\"inLanguage\":\"fr-FR\"}]}<\/script>\n<!-- \/ Yoast SEO plugin. -->","yoast_head_json":{"title":"Histoire de Daub CNC Technik GmbH et Co. KG","description":"T\u00f4lerie CNC, fraiseuses, bo\u00eetiers en aluminium, rev\u00eatement de surface, impression, anodisation, passivation, s\u00e9rigraphie, impression num\u00e9rique","robots":{"index":"index","follow":"follow","max-snippet":"max-snippet:-1","max-image-preview":"max-image-preview:large","max-video-preview":"max-video-preview:-1"},"canonical":"https:\/\/19zoll.com\/fr\/histoire\/","og_locale":"fr_FR","og_type":"article","og_title":"Histoire de Daub CNC Technik GmbH et Co. KG","og_description":"T\u00f4lerie CNC, fraiseuses, bo\u00eetiers en aluminium, rev\u00eatement de surface, impression, anodisation, passivation, s\u00e9rigraphie, impression num\u00e9rique","og_url":"https:\/\/19zoll.com\/fr\/histoire\/","og_site_name":"Daub CNC","article_modified_time":"2025-03-25T13:28:58+00:00","og_image":[{"url":"https:\/\/19zoll.com\/wp-content\/uploads\/2022\/04\/daub-logo-png.png","type":"","width":"","height":""}],"twitter_card":"summary_large_image","twitter_title":"Histoire de Daub CNC Technik GmbH et Co. KG","twitter_description":"T\u00f4lerie CNC, fraiseuses, bo\u00eetiers en aluminium, rev\u00eatement de surface, impression, anodisation, passivation, s\u00e9rigraphie, impression num\u00e9rique","twitter_image":"https:\/\/19zoll.com\/wp-content\/uploads\/2022\/04\/daub-logo-png.png","twitter_misc":{"Dur\u00e9e de lecture estim\u00e9e":"3 minutes"},"schema":{"@context":"https:\/\/schema.org","@graph":[{"@type":"WebPage","@id":"https:\/\/19zoll.com\/fr\/histoire\/","url":"https:\/\/19zoll.com\/fr\/histoire\/","name":"Histoire de Daub CNC Technik GmbH et Co. KG","isPartOf":{"@id":"https:\/\/19zoll.com\/#website"},"datePublished":"2021-10-21T13:40:36+00:00","dateModified":"2025-03-25T13:28:58+00:00","description":"T\u00f4lerie CNC, fraiseuses, bo\u00eetiers en aluminium, rev\u00eatement de surface, impression, anodisation, passivation, s\u00e9rigraphie, impression num\u00e9rique","breadcrumb":{"@id":"https:\/\/19zoll.com\/fr\/histoire\/#breadcrumb"},"inLanguage":"fr-FR","potentialAction":[{"@type":"ReadAction","target":["https:\/\/19zoll.com\/fr\/histoire\/"]}]},{"@type":"BreadcrumbList","@id":"https:\/\/19zoll.com\/fr\/histoire\/#breadcrumb","itemListElement":[{"@type":"ListItem","position":1,"name":"Startseite","item":"https:\/\/19zoll.com\/fr\/accueil\/"},{"@type":"ListItem","position":2,"name":"Histoire"}]},{"@type":"WebSite","@id":"https:\/\/19zoll.com\/#website","url":"https:\/\/19zoll.com\/","name":"Daub CNC","description":"Ein Webprojekt von IhrMediengestalter","potentialAction":[{"@type":"SearchAction","target":{"@type":"EntryPoint","urlTemplate":"https:\/\/19zoll.com\/?s={search_term_string}"},"query-input":{"@type":"PropertyValueSpecification","valueRequired":true,"valueName":"search_term_string"}}],"inLanguage":"fr-FR"}]}},"_links":{"self":[{"href":"https:\/\/19zoll.com\/fr\/wp-json\/wp\/v2\/pages\/56282","targetHints":{"allow":["GET"]}}],"collection":[{"href":"https:\/\/19zoll.com\/fr\/wp-json\/wp\/v2\/pages"}],"about":[{"href":"https:\/\/19zoll.com\/fr\/wp-json\/wp\/v2\/types\/page"}],"author":[{"embeddable":true,"href":"https:\/\/19zoll.com\/fr\/wp-json\/wp\/v2\/users\/1"}],"replies":[{"embeddable":true,"href":"https:\/\/19zoll.com\/fr\/wp-json\/wp\/v2\/comments?post=56282"}],"version-history":[{"count":18,"href":"https:\/\/19zoll.com\/fr\/wp-json\/wp\/v2\/pages\/56282\/revisions"}],"predecessor-version":[{"id":58347,"href":"https:\/\/19zoll.com\/fr\/wp-json\/wp\/v2\/pages\/56282\/revisions\/58347"}],"wp:attachment":[{"href":"https:\/\/19zoll.com\/fr\/wp-json\/wp\/v2\/media?parent=56282"}],"curies":[{"name":"wp","href":"https:\/\/api.w.org\/{rel}","templated":true}]}}