{"id":56220,"date":"2021-12-03T18:26:57","date_gmt":"2021-12-03T17:26:57","guid":{"rendered":"https:\/\/19zoll.com\/solutions-de-refroidissement\/"},"modified":"2025-03-25T14:24:03","modified_gmt":"2025-03-25T13:24:03","slug":"solutions-de-refroidissement","status":"publish","type":"page","link":"https:\/\/19zoll.com\/fr\/solutions-de-refroidissement\/","title":{"rendered":"Solutions de refroidissement"},"content":{"rendered":"<p><div class=\"et_d4_element et_pb_section et_pb_section_0 et_pb_with_background  et_pb_css_mix_blend_mode et_section_regular et_block_section\" >\n\t\t\t\t\n\t\t\t\t\n\t\t\t\t\n\t\t\t\t\n\t\t\t\t\n\t\t\t\t\n\t\t\t\t<div class=\"et_d4_element et_pb_row et_pb_row_0  et_pb_css_mix_blend_mode et_block_row\">\n\t\t\t\t<div class=\"et_d4_element et_pb_column_4_4 et_pb_column et_pb_column_0  et_pb_css_mix_blend_mode et-last-child et_block_column\">\n\t\t\t\t\n\t\t\t\t\n\t\t\t\t\n\t\t\t\t\n\t\t\t\t<div class=\"et_pb_module et_d4_element et_pb_text et_pb_text_0  et_pb_text_align_left et_pb_bg_layout_light\">\n\t\t\t\t\n\t\t\t\t\n\t\t\t\t\n\t\t\t\t\n\t\t\t\t<div class=\"et_pb_text_inner\"><div id=\"c76\" class=\"csc-default csc-space-before-30 csc-space-after-50\">\n<h1 class=\"csc-firstHeader\">Solutions de refroidissement<\/h1>\n<p class=\"bodytext\"><span>Daub produit et vend les solutions de refroidissement les plus efficaces pour la dissipation passive de la chaleur des modules \u00e9lectroniques. La gamme de prestations de l'entreprise comprend l'usinage m\u00e9canique complet des dissipateurs profil\u00e9s, la fabrication de dissipateurs liquides pour les modules de puissance ainsi que la r\u00e9alisation de solutions sp\u00e9ciales adapt\u00e9es aux cas d'application sp\u00e9cifiques des clients. Les solutions de refroidissement de Daub sont fabriqu\u00e9es avec la plus grande pr\u00e9cision et une qualit\u00e9 optimale - pour une satisfaction constante des clients et une fonctionnalit\u00e9 s\u00fbre, quelles que soient les exigences.  <\/span><\/p>\n<\/div><\/div>\n\t\t\t<\/div>\n\t\t\t<\/div>\n\t\t\t\t\n\t\t\t\t\n\t\t\t\t\n\t\t\t\t\n\t\t\t<\/div>\n\t\t\t\t\n\t\t\t\t\n\t\t\t<\/div><div class=\"et_pb_with_border et_d4_element et_pb_section et_pb_section_1 et_pb_with_background  et_pb_css_mix_blend_mode et_section_regular et_block_section\" >\n\t\t\t\t\n\t\t\t\t\n\t\t\t\t\n\t\t\t\t\n\t\t\t\t\n\t\t\t\t\n\t\t\t\t<div class=\"et_pb_with_border et_d4_element et_pb_row et_pb_row_1 et_pb_equal_columns et_pb_gutters1  et_pb_css_mix_blend_mode et_block_row\">\n\t\t\t\t<div class=\"et_pb_with_border et_pb_column_1_3 et_d4_element et_pb_column et_pb_column_1 et_clickable  et_pb_css_mix_blend_mode et_block_column\">\n\t\t\t\t\n\t\t\t\t\n\t\t\t\t\n\t\t\t\t\n\t\t\t\t<div class=\"et_pb_module et_d4_element et_pb_image et_pb_image_0\">\n\t\t\t\t\n\t\t\t\t\n\t\t\t\t\n\t\t\t\t\n\t\t\t\t<span class=\"et_pb_image_wrap \"><img loading=\"lazy\" decoding=\"async\" width=\"900\" height=\"550\" src=\"https:\/\/19zoll.com\/wp-content\/uploads\/2021\/12\/stranpressprofil-serie-da.jpg\" alt=\"Refroidisseurs de liquide en profil\u00e9s extrud\u00e9s s\u00e9rie DA - Daub CNC Technik\" title=\"Refroidisseurs de liquide extrud\u00e9s s\u00e9rie DA\" srcset=\"https:\/\/19zoll.com\/wp-content\/uploads\/2021\/12\/stranpressprofil-serie-da.jpg 900w, https:\/\/19zoll.com\/wp-content\/uploads\/2021\/12\/stranpressprofil-serie-da-480x293.jpg 480w\" sizes=\"(min-width: 0px) and (max-width: 480px) 480px, (min-width: 481px) 900px, 100vw\" class=\"wp-image-50401\" \/><\/span>\n\t\t\t<\/div><div class=\"et_pb_module et_d4_element et_pb_text et_pb_text_1  et_pb_text_align_left et_pb_bg_layout_light\">\n\t\t\t\t\n\t\t\t\t\n\t\t\t\t\n\t\t\t\t\n\t\t\t\t<div class=\"et_pb_text_inner\"><h2>Refroidisseurs de liquide extrud\u00e9s s\u00e9rie DA<\/h2><\/div>\n\t\t\t<\/div>\n\t\t\t<\/div><div class=\"et_pb_with_border et_pb_column_1_3 et_d4_element et_pb_column et_pb_column_2 et_clickable  et_pb_css_mix_blend_mode et_block_column\">\n\t\t\t\t\n\t\t\t\t\n\t\t\t\t\n\t\t\t\t\n\t\t\t\t<div class=\"et_pb_module et_d4_element et_pb_image et_pb_image_1\">\n\t\t\t\t\n\t\t\t\t\n\t\t\t\t\n\t\t\t\t\n\t\t\t\t<span class=\"et_pb_image_wrap \"><img loading=\"lazy\" decoding=\"async\" width=\"900\" height=\"550\" src=\"https:\/\/19zoll.com\/wp-content\/uploads\/2021\/12\/kuehlkoerper-serie-da.jpg\" alt=\"Dissipateurs thermiques pour refroidissement par convection en profil\u00e9s extrud\u00e9s - Soci\u00e9t\u00e9 Daub\" title=\"Dissipateurs thermiques pour refroidissement par convection en profil\u00e9s extrud\u00e9s\" srcset=\"https:\/\/19zoll.com\/wp-content\/uploads\/2021\/12\/kuehlkoerper-serie-da.jpg 900w, https:\/\/19zoll.com\/wp-content\/uploads\/2021\/12\/kuehlkoerper-serie-da-480x293.jpg 480w\" sizes=\"(min-width: 0px) and (max-width: 480px) 480px, (min-width: 481px) 900px, 100vw\" class=\"wp-image-50395\" \/><\/span>\n\t\t\t<\/div><div class=\"et_pb_module et_d4_element et_pb_text et_pb_text_2  et_pb_text_align_left et_pb_bg_layout_light\">\n\t\t\t\t\n\t\t\t\t\n\t\t\t\t\n\t\t\t\t\n\t\t\t\t<div class=\"et_pb_text_inner\"><h2>Dissipateurs thermiques s\u00e9rie DA<\/h2><\/div>\n\t\t\t<\/div>\n\t\t\t<\/div><div class=\"et_pb_with_border et_pb_column_1_3 et_d4_element et_pb_column et_pb_column_3 et_clickable  et_pb_css_mix_blend_mode et-last-child et_block_column\">\n\t\t\t\t\n\t\t\t\t\n\t\t\t\t\n\t\t\t\t\n\t\t\t\t<div class=\"et_pb_module et_d4_element et_pb_image et_pb_image_2\">\n\t\t\t\t\n\t\t\t\t\n\t\t\t\t\n\t\t\t\t\n\t\t\t\t<span class=\"et_pb_image_wrap \"><img loading=\"lazy\" decoding=\"async\" width=\"900\" height=\"550\" src=\"https:\/\/19zoll.com\/wp-content\/uploads\/2021\/12\/kuehlkoerpergehaeuse-serie-dsk.png\" alt=\"Bo\u00eetiers dissipateurs s\u00e9rie DSK - Daub CNC Technik\" title=\"Bo\u00eetiers dissipateurs s\u00e9rie DSK\" srcset=\"https:\/\/19zoll.com\/wp-content\/uploads\/2021\/12\/kuehlkoerpergehaeuse-serie-dsk.png 900w, https:\/\/19zoll.com\/wp-content\/uploads\/2021\/12\/kuehlkoerpergehaeuse-serie-dsk-480x293.png 480w\" sizes=\"(min-width: 0px) and (max-width: 480px) 480px, (min-width: 481px) 900px, 100vw\" class=\"wp-image-50397\" \/><\/span>\n\t\t\t<\/div><div class=\"et_pb_module et_d4_element et_pb_text et_pb_text_3  et_pb_text_align_left et_pb_bg_layout_light\">\n\t\t\t\t\n\t\t\t\t\n\t\t\t\t\n\t\t\t\t\n\t\t\t\t<div class=\"et_pb_text_inner\"><h2>Bo\u00eetiers dissipateurs 19\" s\u00e9rie DSK<\/h2><\/div>\n\t\t\t<\/div>\n\t\t\t<\/div>\n\t\t\t\t\n\t\t\t\t\n\t\t\t\t\n\t\t\t\t\n\t\t\t<\/div>\n\t\t\t\t\n\t\t\t\t\n\t\t\t<\/div><div class=\"et_pb_with_border et_d4_element et_pb_section et_pb_section_2 et_pb_with_background  et_pb_css_mix_blend_mode et_section_regular et_block_section\" >\n\t\t\t\t\n\t\t\t\t\n\t\t\t\t\n\t\t\t\t\n\t\t\t\t\n\t\t\t\t\n\t\t\t\t<div class=\"et_pb_with_border et_d4_element et_pb_row et_pb_row_2 et_pb_equal_columns et_pb_gutters1  et_pb_css_mix_blend_mode et_block_row\">\n\t\t\t\t<div class=\"et_pb_with_border et_pb_column_1_3 et_d4_element et_pb_column et_pb_column_4 et_clickable  et_pb_css_mix_blend_mode et_block_column\">\n\t\t\t\t\n\t\t\t\t\n\t\t\t\t\n\t\t\t\t\n\t\t\t\t<div class=\"et_pb_module et_d4_element et_pb_image et_pb_image_3\">\n\t\t\t\t\n\t\t\t\t\n\t\t\t\t\n\t\t\t\t\n\t\t\t\t<span class=\"et_pb_image_wrap \"><img loading=\"lazy\" decoding=\"async\" width=\"900\" height=\"550\" src=\"https:\/\/19zoll.com\/wp-content\/uploads\/2021\/12\/kuehlkoerpergehaeuse-serie-hs.jpg\" alt=\"Bo\u00eetiers dissipateurs s\u00e9rie HS - Takachi \/ Daub CNC Technik\" title=\"Bo\u00eetiers dissipateurs S\u00e9rie HS\" srcset=\"https:\/\/19zoll.com\/wp-content\/uploads\/2021\/12\/kuehlkoerpergehaeuse-serie-hs.jpg 900w, https:\/\/19zoll.com\/wp-content\/uploads\/2021\/12\/kuehlkoerpergehaeuse-serie-hs-480x293.jpg 480w\" sizes=\"(min-width: 0px) and (max-width: 480px) 480px, (min-width: 481px) 900px, 100vw\" class=\"wp-image-50399\" \/><\/span>\n\t\t\t<\/div><div class=\"et_pb_module et_d4_element et_pb_text et_pb_text_4  et_pb_text_align_left et_pb_bg_layout_light\">\n\t\t\t\t\n\t\t\t\t\n\t\t\t\t\n\t\t\t\t\n\t\t\t\t<div class=\"et_pb_text_inner\"><h2>Bo\u00eetiers dissipateurs thermiques s\u00e9rie HS<\/h2><\/div>\n\t\t\t<\/div>\n\t\t\t<\/div><div class=\"et_pb_with_border et_pb_column_1_3 et_d4_element et_pb_column et_pb_column_5 et_clickable  et_pb_css_mix_blend_mode et_block_column\">\n\t\t\t\t\n\t\t\t\t\n\t\t\t\t\n\t\t\t\t\n\t\t\t\t<div class=\"et_pb_module et_d4_element et_pb_image et_pb_image_4\">\n\t\t\t\t\n\t\t\t\t\n\t\t\t\t\n\t\t\t\t\n\t\t\t\t<span class=\"et_pb_image_wrap \"><img loading=\"lazy\" decoding=\"async\" width=\"900\" height=\"550\" src=\"https:\/\/19zoll.com\/wp-content\/uploads\/2021\/12\/kuehlkoerpergehaeuse-serie-hy.jpg\" alt=\"Bo\u00eetiers dissipateurs s\u00e9rie HY - Takachi \/ Daub CNC Technik\" title=\"Bo\u00eetiers dissipateurs s\u00e9rie HY\" srcset=\"https:\/\/19zoll.com\/wp-content\/uploads\/2021\/12\/kuehlkoerpergehaeuse-serie-hy.jpg 900w, https:\/\/19zoll.com\/wp-content\/uploads\/2021\/12\/kuehlkoerpergehaeuse-serie-hy-480x293.jpg 480w\" sizes=\"(min-width: 0px) and (max-width: 480px) 480px, (min-width: 481px) 900px, 100vw\" class=\"wp-image-50400\" \/><\/span>\n\t\t\t<\/div><div class=\"et_pb_module et_d4_element et_pb_text et_pb_text_5  et_pb_text_align_left et_pb_bg_layout_light\">\n\t\t\t\t\n\t\t\t\t\n\t\t\t\t\n\t\t\t\t\n\t\t\t\t<div class=\"et_pb_text_inner\"><h2>Bo\u00eetiers dissipateurs thermiques s\u00e9rie HY<\/h2><\/div>\n\t\t\t<\/div>\n\t\t\t<\/div><div class=\"et_pb_with_border et_pb_column_1_3 et_d4_element et_pb_column et_pb_column_6 et_clickable  et_pb_css_mix_blend_mode et-last-child et_block_column\">\n\t\t\t\t\n\t\t\t\t\n\t\t\t\t\n\t\t\t\t\n\t\t\t\t<div class=\"et_pb_module et_d4_element et_pb_image et_pb_image_5\">\n\t\t\t\t\n\t\t\t\t\n\t\t\t\t\n\t\t\t\t\n\t\t\t\t<span class=\"et_pb_image_wrap \"><img loading=\"lazy\" decoding=\"async\" width=\"900\" height=\"550\" src=\"https:\/\/19zoll.com\/wp-content\/uploads\/2021\/12\/kuehlkoerpergehaeuse-serie-hit.jpg\" alt=\"Bo\u00eetiers dissipateurs s\u00e9rie HIT - Daub CNC Technik GmbH und Co. KG\" title=\"Bo\u00eetiers dissipateurs s\u00e9rie HIT\" srcset=\"https:\/\/19zoll.com\/wp-content\/uploads\/2021\/12\/kuehlkoerpergehaeuse-serie-hit.jpg 900w, https:\/\/19zoll.com\/wp-content\/uploads\/2021\/12\/kuehlkoerpergehaeuse-serie-hit-480x293.jpg 480w\" sizes=\"(min-width: 0px) and (max-width: 480px) 480px, (min-width: 481px) 900px, 100vw\" class=\"wp-image-50398\" \/><\/span>\n\t\t\t<\/div><div class=\"et_pb_module et_d4_element et_pb_text et_pb_text_6  et_pb_text_align_left et_pb_bg_layout_light\">\n\t\t\t\t\n\t\t\t\t\n\t\t\t\t\n\t\t\t\t\n\t\t\t\t<div class=\"et_pb_text_inner\"><h2>Bo\u00eetiers dissipateurs s\u00e9rie HIT<\/h2><\/div>\n\t\t\t<\/div>\n\t\t\t<\/div>\n\t\t\t\t\n\t\t\t\t\n\t\t\t\t\n\t\t\t\t\n\t\t\t<\/div>\n\t\t\t\t\n\t\t\t\t\n\t\t\t<\/div><div class=\"et_pb_with_border et_d4_element et_pb_section et_pb_section_3 et_pb_with_background  et_pb_css_mix_blend_mode et_section_regular et_block_section\" >\n\t\t\t\t\n\t\t\t\t\n\t\t\t\t\n\t\t\t\t\n\t\t\t\t\n\t\t\t\t\n\t\t\t\t<div class=\"et_pb_with_border et_d4_element et_pb_row et_pb_row_3 et_pb_equal_columns et_pb_gutters1  et_pb_css_mix_blend_mode et_block_row\">\n\t\t\t\t<div class=\"et_pb_with_border et_pb_column_1_3 et_d4_element et_pb_column et_pb_column_7 et_clickable  et_pb_css_mix_blend_mode et_block_column\">\n\t\t\t\t\n\t\t\t\t\n\t\t\t\t\n\t\t\t\t\n\t\t\t\t<div class=\"et_pb_module et_d4_element et_pb_image et_pb_image_6\">\n\t\t\t\t\n\t\t\t\t\n\t\t\t\t\n\t\t\t\t\n\t\t\t\t<span class=\"et_pb_image_wrap \"><img loading=\"lazy\" decoding=\"async\" width=\"900\" height=\"550\" src=\"https:\/\/19zoll.com\/wp-content\/uploads\/2021\/12\/aluminiumgehaeuse-serie-aw.jpg\" alt=\"Bo\u00eetier dissipateur thermique IP67 s\u00e9rie AW - Takachi \/ Daub CNC Technik\" title=\"Bo\u00eetier dissipateur thermique IP67 s\u00e9rie AW\" srcset=\"https:\/\/19zoll.com\/wp-content\/uploads\/2021\/12\/aluminiumgehaeuse-serie-aw.jpg 900w, https:\/\/19zoll.com\/wp-content\/uploads\/2021\/12\/aluminiumgehaeuse-serie-aw-480x293.jpg 480w\" sizes=\"(min-width: 0px) and (max-width: 480px) 480px, (min-width: 481px) 900px, 100vw\" class=\"wp-image-50423\" \/><\/span>\n\t\t\t<\/div><div class=\"et_pb_module et_d4_element et_pb_text et_pb_text_7  et_pb_text_align_left et_pb_bg_layout_light\">\n\t\t\t\t\n\t\t\t\t\n\t\t\t\t\n\t\t\t\t\n\t\t\t\t<div class=\"et_pb_text_inner\"><h2>Bo\u00eetiers dissipateurs thermiques IP67 s\u00e9rie AW, AWA, AWN, AWP<\/h2><\/div>\n\t\t\t<\/div>\n\t\t\t<\/div><div class=\"et_pb_with_border et_pb_column_1_3 et_d4_element et_pb_column et_pb_column_8 et_clickable  et_pb_css_mix_blend_mode et_block_column\">\n\t\t\t\t\n\t\t\t\t\n\t\t\t\t\n\t\t\t\t\n\t\t\t\t<div class=\"et_pb_module et_d4_element et_pb_image et_pb_image_7\">\n\t\t\t\t\n\t\t\t\t\n\t\t\t\t\n\t\t\t\t\n\t\t\t\t<span class=\"et_pb_image_wrap \"><img loading=\"lazy\" decoding=\"async\" width=\"900\" height=\"506\" src=\"https:\/\/19zoll.com\/wp-content\/uploads\/2021\/12\/aluminiumgehaeuse-serie-mgsi.png\" alt=\"Bo\u00eetiers avec ailettes de refroidissement s\u00e9rie MGSI - Daub CNC Technik\" title=\"Bo\u00eetiers avec ailettes de refroidissement s\u00e9rie MGSI\" srcset=\"https:\/\/19zoll.com\/wp-content\/uploads\/2021\/12\/aluminiumgehaeuse-serie-mgsi.png 900w, https:\/\/19zoll.com\/wp-content\/uploads\/2021\/12\/aluminiumgehaeuse-serie-mgsi-480x270.png 480w\" sizes=\"(min-width: 0px) and (max-width: 480px) 480px, (min-width: 481px) 900px, 100vw\" class=\"wp-image-50461\" \/><\/span>\n\t\t\t<\/div><div class=\"et_pb_module et_d4_element et_pb_text et_pb_text_8  et_pb_text_align_left et_pb_bg_layout_light\">\n\t\t\t\t\n\t\t\t\t\n\t\t\t\t\n\t\t\t\t\n\t\t\t\t<div class=\"et_pb_text_inner\"><h2>Bo\u00eetiers avec ailettes de refroidissement s\u00e9rie MGSI<\/h2><\/div>\n\t\t\t<\/div>\n\t\t\t<\/div><div class=\"et_pb_with_border et_pb_column_1_3 et_d4_element et_pb_column et_pb_column_9 et_clickable  et_pb_css_mix_blend_mode et-last-child et_block_column et_pb_column_empty\">\n\t\t\t\t\n\t\t\t\t\n\t\t\t\t\n\t\t\t\t\n\t\t\t\t\n\t\t\t<\/div>\n\t\t\t\t\n\t\t\t\t\n\t\t\t\t\n\t\t\t\t\n\t\t\t<\/div>\n\t\t\t\t\n\t\t\t\t\n\t\t\t<\/div><\/p>\n","protected":false},"excerpt":{"rendered":"","protected":false},"author":1,"featured_media":0,"parent":0,"menu_order":0,"comment_status":"closed","ping_status":"closed","template":"","meta":{"inline_featured_image":false,"_et_pb_use_builder":"on","_et_pb_old_content":"","_et_gb_content_width":"","footnotes":""},"class_list":["post-56220","page","type-page","status-publish","hentry"],"yoast_head":"<!-- This site is optimized with the Yoast SEO plugin v27.5 - https:\/\/yoast.com\/product\/yoast-seo-wordpress\/ -->\n<title>Solutions de refroidissement et dissipateurs thermiques de Daub<\/title>\n<meta name=\"description\" content=\"Solutions de refroidissement, dissipateurs thermiques, refroidisseurs de liquide en profil\u00e9 extrud\u00e9, bo\u00eetiers de dissipateurs thermiques, bo\u00eetiers de dissipateurs thermiques IP67, profil\u00e9 en aluminium, dissipateurs thermiques en profil\u00e9\" \/>\n<meta name=\"robots\" content=\"index, follow, max-snippet:-1, max-image-preview:large, max-video-preview:-1\" \/>\n<link rel=\"canonical\" href=\"https:\/\/19zoll.com\/fr\/solutions-de-refroidissement\/\" \/>\n<meta property=\"og:locale\" content=\"fr_FR\" \/>\n<meta property=\"og:type\" content=\"article\" \/>\n<meta property=\"og:title\" content=\"Solutions de refroidissement et dissipateurs thermiques de Daub\" \/>\n<meta property=\"og:description\" content=\"Solutions de refroidissement, dissipateurs thermiques, refroidisseurs de liquide en profil\u00e9 extrud\u00e9, bo\u00eetiers de dissipateurs thermiques, bo\u00eetiers de dissipateurs thermiques IP67, profil\u00e9 en aluminium, dissipateurs thermiques en profil\u00e9\" \/>\n<meta property=\"og:url\" content=\"https:\/\/19zoll.com\/fr\/solutions-de-refroidissement\/\" \/>\n<meta property=\"og:site_name\" content=\"Daub CNC\" \/>\n<meta property=\"article:modified_time\" content=\"2025-03-25T13:24:03+00:00\" \/>\n<meta property=\"og:image\" content=\"https:\/\/19zoll.com\/wp-content\/uploads\/2021\/12\/stranpressprofil-serie-da.jpg\" \/>\n<meta name=\"twitter:card\" content=\"summary_large_image\" \/>\n<meta name=\"twitter:title\" content=\"Solutions de refroidissement et dissipateurs thermiques de Daub\" \/>\n<meta name=\"twitter:description\" content=\"Solutions de refroidissement, dissipateurs thermiques, refroidisseurs de liquide en profil\u00e9 extrud\u00e9, bo\u00eetiers de dissipateurs thermiques, bo\u00eetiers de dissipateurs thermiques IP67, profil\u00e9 en aluminium, dissipateurs thermiques en profil\u00e9\" \/>\n<meta name=\"twitter:image\" content=\"https:\/\/19zoll.com\/wp-content\/uploads\/2021\/12\/stranpressprofil-serie-da.jpg\" \/>\n<meta name=\"twitter:label1\" content=\"Dur\u00e9e de lecture estim\u00e9e\" \/>\n\t<meta name=\"twitter:data1\" content=\"17 minutes\" \/>\n<script type=\"application\/ld+json\" class=\"yoast-schema-graph\">{\"@context\":\"https:\\\/\\\/schema.org\",\"@graph\":[{\"@type\":\"WebPage\",\"@id\":\"https:\\\/\\\/19zoll.com\\\/fr\\\/solutions-de-refroidissement\\\/\",\"url\":\"https:\\\/\\\/19zoll.com\\\/fr\\\/solutions-de-refroidissement\\\/\",\"name\":\"Solutions de refroidissement et dissipateurs thermiques de Daub\",\"isPartOf\":{\"@id\":\"https:\\\/\\\/19zoll.com\\\/#website\"},\"datePublished\":\"2021-12-03T17:26:57+00:00\",\"dateModified\":\"2025-03-25T13:24:03+00:00\",\"description\":\"Solutions de refroidissement, dissipateurs thermiques, refroidisseurs de liquide en profil\u00e9 extrud\u00e9, bo\u00eetiers de dissipateurs thermiques, bo\u00eetiers de dissipateurs thermiques IP67, profil\u00e9 en aluminium, dissipateurs thermiques en profil\u00e9\",\"breadcrumb\":{\"@id\":\"https:\\\/\\\/19zoll.com\\\/fr\\\/solutions-de-refroidissement\\\/#breadcrumb\"},\"inLanguage\":\"fr-FR\",\"potentialAction\":[{\"@type\":\"ReadAction\",\"target\":[\"https:\\\/\\\/19zoll.com\\\/fr\\\/solutions-de-refroidissement\\\/\"]}]},{\"@type\":\"BreadcrumbList\",\"@id\":\"https:\\\/\\\/19zoll.com\\\/fr\\\/solutions-de-refroidissement\\\/#breadcrumb\",\"itemListElement\":[{\"@type\":\"ListItem\",\"position\":1,\"name\":\"Startseite\",\"item\":\"https:\\\/\\\/19zoll.com\\\/fr\\\/accueil\\\/\"},{\"@type\":\"ListItem\",\"position\":2,\"name\":\"Solutions de refroidissement\"}]},{\"@type\":\"WebSite\",\"@id\":\"https:\\\/\\\/19zoll.com\\\/#website\",\"url\":\"https:\\\/\\\/19zoll.com\\\/\",\"name\":\"Daub CNC\",\"description\":\"Ein Webprojekt von IhrMediengestalter\",\"potentialAction\":[{\"@type\":\"SearchAction\",\"target\":{\"@type\":\"EntryPoint\",\"urlTemplate\":\"https:\\\/\\\/19zoll.com\\\/?s={search_term_string}\"},\"query-input\":{\"@type\":\"PropertyValueSpecification\",\"valueRequired\":true,\"valueName\":\"search_term_string\"}}],\"inLanguage\":\"fr-FR\"}]}<\/script>\n<!-- \/ Yoast SEO plugin. -->","yoast_head_json":{"title":"Solutions de refroidissement et dissipateurs thermiques de Daub","description":"Solutions de refroidissement, dissipateurs thermiques, refroidisseurs de liquide en profil\u00e9 extrud\u00e9, bo\u00eetiers de dissipateurs thermiques, bo\u00eetiers de dissipateurs thermiques IP67, profil\u00e9 en aluminium, dissipateurs thermiques en profil\u00e9","robots":{"index":"index","follow":"follow","max-snippet":"max-snippet:-1","max-image-preview":"max-image-preview:large","max-video-preview":"max-video-preview:-1"},"canonical":"https:\/\/19zoll.com\/fr\/solutions-de-refroidissement\/","og_locale":"fr_FR","og_type":"article","og_title":"Solutions de refroidissement et dissipateurs thermiques de Daub","og_description":"Solutions de refroidissement, dissipateurs thermiques, refroidisseurs de liquide en profil\u00e9 extrud\u00e9, bo\u00eetiers de dissipateurs thermiques, bo\u00eetiers de dissipateurs thermiques IP67, profil\u00e9 en aluminium, dissipateurs thermiques en profil\u00e9","og_url":"https:\/\/19zoll.com\/fr\/solutions-de-refroidissement\/","og_site_name":"Daub CNC","article_modified_time":"2025-03-25T13:24:03+00:00","og_image":[{"url":"https:\/\/19zoll.com\/wp-content\/uploads\/2021\/12\/stranpressprofil-serie-da.jpg","type":"","width":"","height":""}],"twitter_card":"summary_large_image","twitter_title":"Solutions de refroidissement et dissipateurs thermiques de Daub","twitter_description":"Solutions de refroidissement, dissipateurs thermiques, refroidisseurs de liquide en profil\u00e9 extrud\u00e9, bo\u00eetiers de dissipateurs thermiques, bo\u00eetiers de dissipateurs thermiques IP67, profil\u00e9 en aluminium, dissipateurs thermiques en profil\u00e9","twitter_image":"https:\/\/19zoll.com\/wp-content\/uploads\/2021\/12\/stranpressprofil-serie-da.jpg","twitter_misc":{"Dur\u00e9e de lecture estim\u00e9e":"17 minutes"},"schema":{"@context":"https:\/\/schema.org","@graph":[{"@type":"WebPage","@id":"https:\/\/19zoll.com\/fr\/solutions-de-refroidissement\/","url":"https:\/\/19zoll.com\/fr\/solutions-de-refroidissement\/","name":"Solutions de refroidissement et dissipateurs thermiques de Daub","isPartOf":{"@id":"https:\/\/19zoll.com\/#website"},"datePublished":"2021-12-03T17:26:57+00:00","dateModified":"2025-03-25T13:24:03+00:00","description":"Solutions de refroidissement, dissipateurs thermiques, refroidisseurs de liquide en profil\u00e9 extrud\u00e9, bo\u00eetiers de dissipateurs thermiques, bo\u00eetiers de dissipateurs thermiques IP67, profil\u00e9 en aluminium, dissipateurs thermiques en profil\u00e9","breadcrumb":{"@id":"https:\/\/19zoll.com\/fr\/solutions-de-refroidissement\/#breadcrumb"},"inLanguage":"fr-FR","potentialAction":[{"@type":"ReadAction","target":["https:\/\/19zoll.com\/fr\/solutions-de-refroidissement\/"]}]},{"@type":"BreadcrumbList","@id":"https:\/\/19zoll.com\/fr\/solutions-de-refroidissement\/#breadcrumb","itemListElement":[{"@type":"ListItem","position":1,"name":"Startseite","item":"https:\/\/19zoll.com\/fr\/accueil\/"},{"@type":"ListItem","position":2,"name":"Solutions de refroidissement"}]},{"@type":"WebSite","@id":"https:\/\/19zoll.com\/#website","url":"https:\/\/19zoll.com\/","name":"Daub CNC","description":"Ein Webprojekt von IhrMediengestalter","potentialAction":[{"@type":"SearchAction","target":{"@type":"EntryPoint","urlTemplate":"https:\/\/19zoll.com\/?s={search_term_string}"},"query-input":{"@type":"PropertyValueSpecification","valueRequired":true,"valueName":"search_term_string"}}],"inLanguage":"fr-FR"}]}},"_links":{"self":[{"href":"https:\/\/19zoll.com\/fr\/wp-json\/wp\/v2\/pages\/56220","targetHints":{"allow":["GET"]}}],"collection":[{"href":"https:\/\/19zoll.com\/fr\/wp-json\/wp\/v2\/pages"}],"about":[{"href":"https:\/\/19zoll.com\/fr\/wp-json\/wp\/v2\/types\/page"}],"author":[{"embeddable":true,"href":"https:\/\/19zoll.com\/fr\/wp-json\/wp\/v2\/users\/1"}],"replies":[{"embeddable":true,"href":"https:\/\/19zoll.com\/fr\/wp-json\/wp\/v2\/comments?post=56220"}],"version-history":[{"count":11,"href":"https:\/\/19zoll.com\/fr\/wp-json\/wp\/v2\/pages\/56220\/revisions"}],"predecessor-version":[{"id":57403,"href":"https:\/\/19zoll.com\/fr\/wp-json\/wp\/v2\/pages\/56220\/revisions\/57403"}],"wp:attachment":[{"href":"https:\/\/19zoll.com\/fr\/wp-json\/wp\/v2\/media?parent=56220"}],"curies":[{"name":"wp","href":"https:\/\/api.w.org\/{rel}","templated":true}]}}