{"id":56219,"date":"2021-12-03T17:51:53","date_gmt":"2021-12-03T16:51:53","guid":{"rendered":"https:\/\/19zoll.com\/societe\/"},"modified":"2025-03-25T14:24:36","modified_gmt":"2025-03-25T13:24:36","slug":"societe","status":"publish","type":"page","link":"https:\/\/19zoll.com\/fr\/societe\/","title":{"rendered":"Soci\u00e9t\u00e9"},"content":{"rendered":"<p><div class=\"et_pb_with_border et_d4_element et_pb_section et_pb_section_0 et_pb_with_background  et_pb_css_mix_blend_mode et_section_regular et_block_section\" >\n\t\t\t\t\n\t\t\t\t\n\t\t\t\t\n\t\t\t\t\n\t\t\t\t\n\t\t\t\t\n\t\t\t\t<div class=\"et_d4_element et_pb_row et_pb_row_0  et_pb_css_mix_blend_mode et_block_row\">\n\t\t\t\t<div class=\"et_d4_element et_pb_column_4_4 et_pb_column et_pb_column_0  et_pb_css_mix_blend_mode et-last-child et_block_column\">\n\t\t\t\t\n\t\t\t\t\n\t\t\t\t\n\t\t\t\t\n\t\t\t\t<div class=\"et_pb_module et_d4_element et_pb_text et_pb_text_0  et_pb_text_align_left et_pb_bg_layout_light\">\n\t\t\t\t\n\t\t\t\t\n\t\t\t\t\n\t\t\t\t\n\t\t\t\t<div class=\"et_pb_text_inner\"><div id=\"c76\" class=\"csc-default csc-space-before-30 csc-space-after-50\">\n<div class=\"csc-header csc-header-n1\">\n<h1 class=\"csc-firstHeader\">Daub CNC Technik \u00e0 Wenden<\/h1>\n<\/div>\n<p class=\"bodytext\"><span>Fond\u00e9e en 1997 par Detlev Daub, l'entreprise Daub CNC Technik, qui ne comptait alors qu'un seul employ\u00e9, ne proposait au d\u00e9part que des services d'usinage de t\u00f4les CNC \u00e0 des clients locaux. Aujourd'hui, Daub CNC Technik GmbH und Co. KG est synonyme de savoir-faire de production multisectoriel et de qualit\u00e9 de premier ordre pour l'usinage et la production de produits sp\u00e9cifiques aux clients. Le parc de machines du site de production de Wenden compte 12 fraiseuses et un nouveau centre de stockage et de logistique permettra \u00e0 l'avenir de stocker 800 palettes. Pour offrir encore plus de possibilit\u00e9s, 26 employ\u00e9s travaillent en permanence \u00e0 l'\u00e9largissement de la gamme de produits et \u00e0 la pr\u00e9sence de la marque dans toute l'Europe.   Laissez-vous convaincre par notre comp\u00e9tence et notre polyvalence - vous pouvez volontiers venir voir les produits Daub dans notre salle d'exposition \u00e0 Wenden et avoir un aper\u00e7u de la fabrication moderne.<\/span><\/p>\n<\/div><\/div>\n\t\t\t<\/div>\n\t\t\t<\/div>\n\t\t\t\t\n\t\t\t\t\n\t\t\t\t\n\t\t\t\t\n\t\t\t<\/div>\n\t\t\t\t\n\t\t\t\t\n\t\t\t<\/div><div class=\"et_d4_element et_pb_section et_pb_section_1 et_pb_with_background  et_pb_css_mix_blend_mode et_section_regular et_block_section\" >\n\t\t\t\t\n\t\t\t\t\n\t\t\t\t\n\t\t\t\t\n\t\t\t\t\n\t\t\t\t\n\t\t\t\t<div class=\"et_d4_element et_pb_row et_pb_row_1  et_pb_css_mix_blend_mode et_block_row\">\n\t\t\t\t<div class=\"et_d4_element et_pb_column_4_4 et_pb_column et_pb_column_1  et_pb_css_mix_blend_mode et-last-child et_block_column\">\n\t\t\t\t\n\t\t\t\t\n\t\t\t\t\n\t\t\t\t\n\t\t\t\t<div class=\"et_pb_module et_d4_element et_pb_text et_pb_text_1  et_pb_text_align_left et_pb_bg_layout_light\">\n\t\t\t\t\n\t\t\t\t\n\t\t\t\t\n\t\t\t\t\n\t\t\t\t<div class=\"et_pb_text_inner\"><div id=\"c76\" class=\"csc-default csc-space-before-30 csc-space-after-50\">\n<div class=\"csc-header csc-header-n1\">\n<h1 class=\"csc-firstHeader\"><b>Une image vaut mille mots - et un film encore plus !<\/b><\/h1>\n<\/div>\n<p class=\"bodytext\"><span>Laissez-vous inspirer par la qualit\u00e9 et la pr\u00e9cision qui se cachent derri\u00e8re chaque produit et chaque service de Daub CNC Technik.<\/span><\/p>\n<\/div><\/div>\n\t\t\t<\/div><div class=\"et_pb_module et_d4_element et_pb_video et_pb_video_0\">\n\t\t\t\t\n\t\t\t\t\n\t\t\t\t\n\t\t\t\t\n\t\t\t\t<div class=\"et_pb_video_box\">\n\t\t\t\t<video controls>\n\t\t\t\t\t<source type=\"video\/mp4\" src=\"https:\/\/19zoll.com\/wp-content\/uploads\/2024\/03\/Imagefilm-D-1.mp4\" \/>\n\t\t\t\t\t\n\t\t\t\t<\/video><\/div>\n\t\t\t\t\n\t\t\t<\/div>\n\t\t\t<\/div>\n\t\t\t\t\n\t\t\t\t\n\t\t\t\t\n\t\t\t\t\n\t\t\t<\/div>\n\t\t\t\t\n\t\t\t\t\n\t\t\t<\/div><div class=\"et_d4_element et_pb_section et_pb_section_2 et_pb_with_background  et_pb_css_mix_blend_mode et_section_regular et_block_section\" >\n\t\t\t\t\n\t\t\t\t\n\t\t\t\t\n\t\t\t\t\n\t\t\t\t\n\t\t\t\t\n\t\t\t\t<div class=\"et_pb_with_border et_d4_element et_pb_row et_pb_row_2 et_pb_equal_columns et_pb_gutters1  et_pb_css_mix_blend_mode et_block_row\">\n\t\t\t\t<div class=\"et_d4_element et_pb_column_1_3 et_pb_column et_pb_column_2  et_pb_css_mix_blend_mode et_block_column\">\n\t\t\t\t\n\t\t\t\t\n\t\t\t\t\n\t\t\t\t\n\t\t\t\t<div class=\"et_pb_module et_d4_element dsm_icon_list dsm_icon_list_0 et_clickable et_pb_section_video_on_hover\">\n\t\t\t\t\n\t\t\t\t\n\t\t\t\t\n\t\t\t\t\n\t\t\t\t\n\t\t\t\t\n\t\t\t\t<div class=\"et_pb_module_inner\">\n\t\t\t\t\t<ul class=\"dsm_icon_list_items dsm_icon_list_ltr_direction dsm_icon_list_layout_vertical\"><li class=\"et_d4_element dsm_icon_list_child dsm_icon_list_child_0\">\n\t\t\t\t\n\t\t\t\t\n\t\t\t\t\n\t\t\t\t\n\t\t\t\t<span class=\"dsm_icon_list_wrapper\"><span class=\"dsm_icon_list_icon\">\uf1ea<\/span><\/span><span class=\"dsm_icon_list_text\">Actualit\u00e9s<\/span>\n\t\t\t<\/li><\/ul>\n\t\t\t\t<\/div>\n\t\t\t<\/div>\n\t\t\t<\/div><div class=\"et_pb_with_border et_pb_column_1_3 et_d4_element et_pb_column et_pb_column_3  et_pb_css_mix_blend_mode et_block_column\">\n\t\t\t\t\n\t\t\t\t\n\t\t\t\t\n\t\t\t\t\n\t\t\t\t<div class=\"et_pb_module et_d4_element dsm_button dsm_button_0 et_pb_bg_layout_light\">\n\t\t\t\t\n\t\t\t\t\n\t\t\t\t\n\t\t\t\t\n\t\t\t\t\n\t\t\t\t\n\t\t\t\t<div class=\"et_pb_module_inner\">\n\t\t\t\t\t<div class=\"et_pb_button_module_wrappers dsm_button_0_wrapper  et_pb_module\">\n\t\t\t\t\n\t\t\t<\/div>\n\t\t\t\t<\/div>\n\t\t\t<\/div><div class=\"et_pb_module et_d4_element dsm_icon_list dsm_icon_list_1 et_clickable et_pb_section_video_on_hover\">\n\t\t\t\t\n\t\t\t\t\n\t\t\t\t\n\t\t\t\t\n\t\t\t\t\n\t\t\t\t\n\t\t\t\t<div class=\"et_pb_module_inner\">\n\t\t\t\t\t<ul class=\"dsm_icon_list_items dsm_icon_list_ltr_direction dsm_icon_list_layout_vertical\"><li class=\"et_d4_element dsm_icon_list_child dsm_icon_list_child_1\">\n\t\t\t\t\n\t\t\t\t\n\t\t\t\t\n\t\t\t\t\n\t\t\t\t<span class=\"dsm_icon_list_wrapper\"><span class=\"dsm_icon_list_icon\">\uf02d<\/span><\/span><span class=\"dsm_icon_list_text\">Histoire<\/span>\n\t\t\t<\/li><\/ul>\n\t\t\t\t<\/div>\n\t\t\t<\/div>\n\t\t\t<\/div><div class=\"et_d4_element et_pb_column_1_3 et_pb_column et_pb_column_4  et_pb_css_mix_blend_mode et-last-child et_block_column\">\n\t\t\t\t\n\t\t\t\t\n\t\t\t\t\n\t\t\t\t\n\t\t\t\t<div class=\"et_pb_module et_d4_element dsm_icon_list dsm_icon_list_2 et_pb_section_video_on_hover\">\n\t\t\t\t\n\t\t\t\t\n\t\t\t\t\n\t\t\t\t\n\t\t\t\t\n\t\t\t\t\n\t\t\t\t<div class=\"et_pb_module_inner\">\n\t\t\t\t\t<ul class=\"dsm_icon_list_items dsm_icon_list_ltr_direction dsm_icon_list_layout_vertical\"><li class=\"et_d4_element dsm_icon_list_child dsm_icon_list_child_2\">\n\t\t\t\t\n\t\t\t\t\n\t\t\t\t\n\t\t\t\t\n\t\t\t\t<span class=\"dsm_icon_list_wrapper\"><span class=\"dsm_icon_list_icon\">\uf0f0<\/span><\/span><span class=\"dsm_icon_list_text\">Emplois<\/span>\n\t\t\t<\/li><\/ul>\n\t\t\t\t<\/div>\n\t\t\t<\/div>\n\t\t\t<\/div>\n\t\t\t\t\n\t\t\t\t\n\t\t\t\t\n\t\t\t\t\n\t\t\t<\/div>\n\t\t\t\t\n\t\t\t\t\n\t\t\t<\/div><\/p>\n","protected":false},"excerpt":{"rendered":"","protected":false},"author":1,"featured_media":0,"parent":0,"menu_order":0,"comment_status":"closed","ping_status":"closed","template":"","meta":{"inline_featured_image":false,"_et_pb_use_builder":"on","_et_pb_old_content":"","_et_gb_content_width":"","footnotes":""},"class_list":["post-56219","page","type-page","status-publish","hentry"],"yoast_head":"<!-- This site is optimized with the Yoast SEO plugin v27.5 - https:\/\/yoast.com\/product\/yoast-seo-wordpress\/ -->\n<title>Daub CNC Technik GmbH et Co. KG \u00e0 Wenden<\/title>\n<meta name=\"description\" content=\"Detlev Daub, Volker Kaluza, Usinage CNC, Bo\u00eetiers, Usinage de l&#039;aluminium, 19 pouces, Bo\u00eetiers \u00e9lectroniques, Takachi, Anodisation, Pi\u00e8ces frais\u00e9es, Impression\" \/>\n<meta name=\"robots\" content=\"index, follow, max-snippet:-1, max-image-preview:large, max-video-preview:-1\" \/>\n<link rel=\"canonical\" href=\"https:\/\/19zoll.com\/fr\/societe\/\" \/>\n<meta property=\"og:locale\" content=\"fr_FR\" \/>\n<meta property=\"og:type\" content=\"article\" \/>\n<meta property=\"og:title\" content=\"Daub CNC Technik GmbH et Co. KG \u00e0 Wenden\" \/>\n<meta property=\"og:description\" content=\"Detlev Daub, Volker Kaluza, Usinage CNC, Bo\u00eetiers, Usinage de l&#039;aluminium, 19 pouces, Bo\u00eetiers \u00e9lectroniques, Takachi, Anodisation, Pi\u00e8ces frais\u00e9es, Impression\" \/>\n<meta property=\"og:url\" content=\"https:\/\/19zoll.com\/fr\/societe\/\" \/>\n<meta property=\"og:site_name\" content=\"Daub CNC\" \/>\n<meta property=\"article:modified_time\" content=\"2025-03-25T13:24:36+00:00\" \/>\n<meta property=\"og:image\" content=\"https:\/\/19zoll.com\/wp-content\/uploads\/2022\/04\/daub-logo-png.png\" \/>\n<meta name=\"twitter:card\" content=\"summary_large_image\" \/>\n<meta name=\"twitter:title\" content=\"Daub CNC Technik GmbH et Co. KG \u00e0 Wenden\" \/>\n<meta name=\"twitter:description\" content=\"Detlev Daub, Volker Kaluza, Usinage CNC, Bo\u00eetiers, Usinage de l&#039;aluminium, 19 pouces, Bo\u00eetiers \u00e9lectroniques, Takachi, Anodisation, Pi\u00e8ces frais\u00e9es, Impression\" \/>\n<meta name=\"twitter:image\" content=\"https:\/\/19zoll.com\/wp-content\/uploads\/2022\/04\/daub-logo-png.png\" \/>\n<meta name=\"twitter:label1\" content=\"Dur\u00e9e de lecture estim\u00e9e\" \/>\n\t<meta name=\"twitter:data1\" content=\"5 minutes\" \/>\n<script type=\"application\/ld+json\" class=\"yoast-schema-graph\">{\"@context\":\"https:\\\/\\\/schema.org\",\"@graph\":[{\"@type\":\"WebPage\",\"@id\":\"https:\\\/\\\/19zoll.com\\\/fr\\\/societe\\\/\",\"url\":\"https:\\\/\\\/19zoll.com\\\/fr\\\/societe\\\/\",\"name\":\"Daub CNC Technik GmbH et Co. KG \u00e0 Wenden\",\"isPartOf\":{\"@id\":\"https:\\\/\\\/19zoll.com\\\/#website\"},\"datePublished\":\"2021-12-03T16:51:53+00:00\",\"dateModified\":\"2025-03-25T13:24:36+00:00\",\"description\":\"Detlev Daub, Volker Kaluza, Usinage CNC, Bo\u00eetiers, Usinage de l'aluminium, 19 pouces, Bo\u00eetiers \u00e9lectroniques, Takachi, Anodisation, Pi\u00e8ces frais\u00e9es, Impression\",\"breadcrumb\":{\"@id\":\"https:\\\/\\\/19zoll.com\\\/fr\\\/societe\\\/#breadcrumb\"},\"inLanguage\":\"fr-FR\",\"potentialAction\":[{\"@type\":\"ReadAction\",\"target\":[\"https:\\\/\\\/19zoll.com\\\/fr\\\/societe\\\/\"]}]},{\"@type\":\"BreadcrumbList\",\"@id\":\"https:\\\/\\\/19zoll.com\\\/fr\\\/societe\\\/#breadcrumb\",\"itemListElement\":[{\"@type\":\"ListItem\",\"position\":1,\"name\":\"Startseite\",\"item\":\"https:\\\/\\\/19zoll.com\\\/fr\\\/accueil\\\/\"},{\"@type\":\"ListItem\",\"position\":2,\"name\":\"Soci\u00e9t\u00e9\"}]},{\"@type\":\"WebSite\",\"@id\":\"https:\\\/\\\/19zoll.com\\\/#website\",\"url\":\"https:\\\/\\\/19zoll.com\\\/\",\"name\":\"Daub CNC\",\"description\":\"Ein Webprojekt von IhrMediengestalter\",\"potentialAction\":[{\"@type\":\"SearchAction\",\"target\":{\"@type\":\"EntryPoint\",\"urlTemplate\":\"https:\\\/\\\/19zoll.com\\\/?s={search_term_string}\"},\"query-input\":{\"@type\":\"PropertyValueSpecification\",\"valueRequired\":true,\"valueName\":\"search_term_string\"}}],\"inLanguage\":\"fr-FR\"}]}<\/script>\n<!-- \/ Yoast SEO plugin. -->","yoast_head_json":{"title":"Daub CNC Technik GmbH et Co. KG \u00e0 Wenden","description":"Detlev Daub, Volker Kaluza, Usinage CNC, Bo\u00eetiers, Usinage de l'aluminium, 19 pouces, Bo\u00eetiers \u00e9lectroniques, Takachi, Anodisation, Pi\u00e8ces frais\u00e9es, Impression","robots":{"index":"index","follow":"follow","max-snippet":"max-snippet:-1","max-image-preview":"max-image-preview:large","max-video-preview":"max-video-preview:-1"},"canonical":"https:\/\/19zoll.com\/fr\/societe\/","og_locale":"fr_FR","og_type":"article","og_title":"Daub CNC Technik GmbH et Co. KG \u00e0 Wenden","og_description":"Detlev Daub, Volker Kaluza, Usinage CNC, Bo\u00eetiers, Usinage de l'aluminium, 19 pouces, Bo\u00eetiers \u00e9lectroniques, Takachi, Anodisation, Pi\u00e8ces frais\u00e9es, Impression","og_url":"https:\/\/19zoll.com\/fr\/societe\/","og_site_name":"Daub CNC","article_modified_time":"2025-03-25T13:24:36+00:00","og_image":[{"url":"https:\/\/19zoll.com\/wp-content\/uploads\/2022\/04\/daub-logo-png.png","type":"","width":"","height":""}],"twitter_card":"summary_large_image","twitter_title":"Daub CNC Technik GmbH et Co. KG \u00e0 Wenden","twitter_description":"Detlev Daub, Volker Kaluza, Usinage CNC, Bo\u00eetiers, Usinage de l'aluminium, 19 pouces, Bo\u00eetiers \u00e9lectroniques, Takachi, Anodisation, Pi\u00e8ces frais\u00e9es, Impression","twitter_image":"https:\/\/19zoll.com\/wp-content\/uploads\/2022\/04\/daub-logo-png.png","twitter_misc":{"Dur\u00e9e de lecture estim\u00e9e":"5 minutes"},"schema":{"@context":"https:\/\/schema.org","@graph":[{"@type":"WebPage","@id":"https:\/\/19zoll.com\/fr\/societe\/","url":"https:\/\/19zoll.com\/fr\/societe\/","name":"Daub CNC Technik GmbH et Co. KG \u00e0 Wenden","isPartOf":{"@id":"https:\/\/19zoll.com\/#website"},"datePublished":"2021-12-03T16:51:53+00:00","dateModified":"2025-03-25T13:24:36+00:00","description":"Detlev Daub, Volker Kaluza, Usinage CNC, Bo\u00eetiers, Usinage de l'aluminium, 19 pouces, Bo\u00eetiers \u00e9lectroniques, Takachi, Anodisation, Pi\u00e8ces frais\u00e9es, Impression","breadcrumb":{"@id":"https:\/\/19zoll.com\/fr\/societe\/#breadcrumb"},"inLanguage":"fr-FR","potentialAction":[{"@type":"ReadAction","target":["https:\/\/19zoll.com\/fr\/societe\/"]}]},{"@type":"BreadcrumbList","@id":"https:\/\/19zoll.com\/fr\/societe\/#breadcrumb","itemListElement":[{"@type":"ListItem","position":1,"name":"Startseite","item":"https:\/\/19zoll.com\/fr\/accueil\/"},{"@type":"ListItem","position":2,"name":"Soci\u00e9t\u00e9"}]},{"@type":"WebSite","@id":"https:\/\/19zoll.com\/#website","url":"https:\/\/19zoll.com\/","name":"Daub CNC","description":"Ein Webprojekt von IhrMediengestalter","potentialAction":[{"@type":"SearchAction","target":{"@type":"EntryPoint","urlTemplate":"https:\/\/19zoll.com\/?s={search_term_string}"},"query-input":{"@type":"PropertyValueSpecification","valueRequired":true,"valueName":"search_term_string"}}],"inLanguage":"fr-FR"}]}},"_links":{"self":[{"href":"https:\/\/19zoll.com\/fr\/wp-json\/wp\/v2\/pages\/56219","targetHints":{"allow":["GET"]}}],"collection":[{"href":"https:\/\/19zoll.com\/fr\/wp-json\/wp\/v2\/pages"}],"about":[{"href":"https:\/\/19zoll.com\/fr\/wp-json\/wp\/v2\/types\/page"}],"author":[{"embeddable":true,"href":"https:\/\/19zoll.com\/fr\/wp-json\/wp\/v2\/users\/1"}],"replies":[{"embeddable":true,"href":"https:\/\/19zoll.com\/fr\/wp-json\/wp\/v2\/comments?post=56219"}],"version-history":[{"count":9,"href":"https:\/\/19zoll.com\/fr\/wp-json\/wp\/v2\/pages\/56219\/revisions"}],"predecessor-version":[{"id":57515,"href":"https:\/\/19zoll.com\/fr\/wp-json\/wp\/v2\/pages\/56219\/revisions\/57515"}],"wp:attachment":[{"href":"https:\/\/19zoll.com\/fr\/wp-json\/wp\/v2\/media?parent=56219"}],"curies":[{"name":"wp","href":"https:\/\/api.w.org\/{rel}","templated":true}]}}