{"id":56198,"date":"2021-12-03T17:39:26","date_gmt":"2021-12-03T16:39:26","guid":{"rendered":"https:\/\/19zoll.com\/traitement\/"},"modified":"2025-03-25T14:24:27","modified_gmt":"2025-03-25T13:24:27","slug":"traitement","status":"publish","type":"page","link":"https:\/\/19zoll.com\/fr\/traitement\/","title":{"rendered":"Traitement"},"content":{"rendered":"<div class=\"et_pb_with_border et_d4_element et_pb_section et_pb_section_0 et_pb_with_background  et_pb_css_mix_blend_mode et_section_regular et_block_section\" >\n\t\t\t\t\n\t\t\t\t\n\t\t\t\t\n\t\t\t\t\n\t\t\t\t\n\t\t\t\t\n\t\t\t\t<div class=\"et_d4_element et_pb_row et_pb_row_0  et_pb_css_mix_blend_mode et_block_row\">\n\t\t\t\t<div class=\"et_d4_element et_pb_column_4_4 et_pb_column et_pb_column_0  et_pb_css_mix_blend_mode et-last-child et_block_column\">\n\t\t\t\t\n\t\t\t\t\n\t\t\t\t\n\t\t\t\t\n\t\t\t\t<div class=\"et_pb_module et_d4_element et_pb_text et_pb_text_0  et_pb_text_align_left et_pb_bg_layout_light\">\n\t\t\t\t\n\t\t\t\t\n\t\t\t\t\n\t\t\t\t\n\t\t\t\t<div class=\"et_pb_text_inner\"><div id=\"c76\" class=\"csc-default csc-space-before-30 csc-space-after-50\">\n<div class=\"csc-header csc-header-n1\">\n<h1 class=\"csc-firstHeader\">Fabrication sp\u00e9ciale, traitement et marquage personnalis\u00e9s<\/h1>\n<\/div>\n<p class=\"bodytext\">Vous avez besoin de bo\u00eetiers usin\u00e9s individuellement \u00e0 partir du programme CNC standard de Daub ? Gr\u00e2ce \u00e0 un stock important, les composants pr\u00e9fabriqu\u00e9s peuvent \u00eatre adapt\u00e9s particuli\u00e8rement rapidement \u00e0 vos besoins. Ce service est disponible pour de nombreux produits.  <\/p>\n<\/div><\/div>\n\t\t\t<\/div><div class=\"et_pb_module et_d4_element et_pb_text et_pb_text_1  et_pb_text_align_left et_pb_bg_layout_light\">\n\t\t\t\t\n\t\t\t\t\n\t\t\t\t\n\t\t\t\t\n\t\t\t\t<div class=\"et_pb_text_inner\"><div id=\"c76\" class=\"csc-default csc-space-before-30 csc-space-after-50\">\n<p class=\"bodytext\"><span>Avec nous, votre demande est entre de bonnes mains. Daub CNC propose une large gamme de produits standard, mais permet \u00e9galement des fabrications sp\u00e9ciales en fonction des besoins individuels des clients. Une qualit\u00e9 \u00e9lev\u00e9e et une fiabilit\u00e9 constante sont toujours au premier plan de la production. Gr\u00e2ce \u00e0 des m\u00e9thodes de fabrication sp\u00e9ciales, il est possible de r\u00e9aliser aussi bien des petites que des grandes quantit\u00e9s. Daub CNC fabrique des faces avant en profil\u00e9s d'aluminium, des faces avant partielles, des bo\u00eetiers 19 pouces en t\u00f4le d'acier et en acier inoxydable, des bo\u00eetiers 19 pouces en profil\u00e9s d'aluminium, des bo\u00eetiers frais\u00e9s en mat\u00e9riau plein. Mais la production interne permet \u00e9galement de r\u00e9aliser des bo\u00eetiers selon les plans des clients et des bo\u00eetiers non normalis\u00e9s \u00e0 partir de profil\u00e9s et de t\u00f4les. Parmi les solutions de refroidissement propos\u00e9es par Daub CNC, on trouve des refroidisseurs de liquide, des dissipateurs extrud\u00e9s ainsi que des solutions compl\u00e8tes de bo\u00eetiers pour le refroidissement des modules \u00e9lectroniques par convection.      <\/span><\/p>\n<p class=\"bodytext\"><span><\/span><\/p>\n<p class=\"bodytext\"><span>N'h\u00e9sitez pas \u00e0 nous contacter - nous serons ravis de vous fournir de plus amples informations.<\/span><\/p>\n<\/div><\/div>\n\t\t\t<\/div><div class=\"et_pb_button_module_wrapper et_pb_button_0_wrapper et_pb_button_alignment_left et_pb_module \">\n\t\t\t\t<a class=\"et_pb_button et_d4_element et_pb_button_0 et_pb_bg_layout_light et_block_module\" href=\"https:\/\/19zoll.com\/fr\/contact\/\">Contactez-nous maintenant<\/a>\n\t\t\t<\/div>\n\t\t\t<\/div>\n\t\t\t\t\n\t\t\t\t\n\t\t\t\t\n\t\t\t\t\n\t\t\t<\/div>\n\t\t\t\t\n\t\t\t\t\n\t\t\t<\/div>\n","protected":false},"excerpt":{"rendered":"","protected":false},"author":1,"featured_media":0,"parent":0,"menu_order":0,"comment_status":"closed","ping_status":"closed","template":"","meta":{"inline_featured_image":false,"_et_pb_use_builder":"on","_et_pb_old_content":"","_et_gb_content_width":"","footnotes":""},"class_list":["post-56198","page","type-page","status-publish","hentry"],"yoast_head":"<!-- This site is optimized with the Yoast SEO plugin v27.4 - https:\/\/yoast.com\/product\/yoast-seo-wordpress\/ -->\n<title>\u2714 Usinage CNC, \u2714 Fraisage CNC, \u2714 Sous-traitance CNC de Daub<\/title>\n<meta name=\"description\" content=\"Sous-traitance CNC, rev\u00eatement de surface, anodisation, passivation, usinage de bo\u00eetiers et de faces avant, usinage de m\u00e9taux, pi\u00e8ces frais\u00e9es\" \/>\n<meta name=\"robots\" content=\"index, follow, max-snippet:-1, max-image-preview:large, max-video-preview:-1\" \/>\n<link rel=\"canonical\" href=\"https:\/\/19zoll.com\/fr\/traitement\/\" \/>\n<meta property=\"og:locale\" content=\"fr_FR\" \/>\n<meta property=\"og:type\" content=\"article\" \/>\n<meta property=\"og:title\" content=\"\u2714 Usinage CNC, \u2714 Fraisage CNC, \u2714 Sous-traitance CNC de Daub\" \/>\n<meta property=\"og:description\" content=\"Sous-traitance CNC, rev\u00eatement de surface, anodisation, passivation, usinage de bo\u00eetiers et de faces avant, usinage de m\u00e9taux, pi\u00e8ces frais\u00e9es\" \/>\n<meta property=\"og:url\" content=\"https:\/\/19zoll.com\/fr\/traitement\/\" \/>\n<meta property=\"og:site_name\" content=\"Daub CNC\" \/>\n<meta property=\"article:modified_time\" content=\"2025-03-25T13:24:27+00:00\" \/>\n<meta property=\"og:image\" content=\"https:\/\/19zoll.com\/wp-content\/uploads\/2021\/12\/serie-pg-startseite-300x300.png\" \/>\n<meta name=\"twitter:card\" content=\"summary_large_image\" \/>\n<meta name=\"twitter:title\" content=\"\u2714 Usinage CNC, \u2714 Fraisage CNC, \u2714 Sous-traitance CNC de Daub\" \/>\n<meta name=\"twitter:description\" content=\"Sous-traitance CNC, rev\u00eatement de surface, anodisation, passivation, usinage de bo\u00eetiers et de faces avant, usinage de m\u00e9taux, pi\u00e8ces frais\u00e9es\" \/>\n<meta name=\"twitter:image\" content=\"https:\/\/19zoll.com\/wp-content\/uploads\/2021\/12\/serie-pg-startseite.png\" \/>\n<meta name=\"twitter:label1\" content=\"Dur\u00e9e de lecture estim\u00e9e\" \/>\n\t<meta name=\"twitter:data1\" content=\"3 minutes\" \/>\n<script type=\"application\/ld+json\" class=\"yoast-schema-graph\">{\"@context\":\"https:\\\/\\\/schema.org\",\"@graph\":[{\"@type\":\"WebPage\",\"@id\":\"https:\\\/\\\/19zoll.com\\\/fr\\\/traitement\\\/\",\"url\":\"https:\\\/\\\/19zoll.com\\\/fr\\\/traitement\\\/\",\"name\":\"\u2714 Usinage CNC, \u2714 Fraisage CNC, \u2714 Sous-traitance CNC de Daub\",\"isPartOf\":{\"@id\":\"https:\\\/\\\/19zoll.com\\\/#website\"},\"datePublished\":\"2021-12-03T16:39:26+00:00\",\"dateModified\":\"2025-03-25T13:24:27+00:00\",\"description\":\"Sous-traitance CNC, rev\u00eatement de surface, anodisation, passivation, usinage de bo\u00eetiers et de faces avant, usinage de m\u00e9taux, pi\u00e8ces frais\u00e9es\",\"breadcrumb\":{\"@id\":\"https:\\\/\\\/19zoll.com\\\/fr\\\/traitement\\\/#breadcrumb\"},\"inLanguage\":\"fr-FR\",\"potentialAction\":[{\"@type\":\"ReadAction\",\"target\":[\"https:\\\/\\\/19zoll.com\\\/fr\\\/traitement\\\/\"]}]},{\"@type\":\"BreadcrumbList\",\"@id\":\"https:\\\/\\\/19zoll.com\\\/fr\\\/traitement\\\/#breadcrumb\",\"itemListElement\":[{\"@type\":\"ListItem\",\"position\":1,\"name\":\"Startseite\",\"item\":\"https:\\\/\\\/19zoll.com\\\/fr\\\/accueil\\\/\"},{\"@type\":\"ListItem\",\"position\":2,\"name\":\"Traitement\"}]},{\"@type\":\"WebSite\",\"@id\":\"https:\\\/\\\/19zoll.com\\\/#website\",\"url\":\"https:\\\/\\\/19zoll.com\\\/\",\"name\":\"Daub CNC\",\"description\":\"Ein Webprojekt von IhrMediengestalter\",\"potentialAction\":[{\"@type\":\"SearchAction\",\"target\":{\"@type\":\"EntryPoint\",\"urlTemplate\":\"https:\\\/\\\/19zoll.com\\\/?s={search_term_string}\"},\"query-input\":{\"@type\":\"PropertyValueSpecification\",\"valueRequired\":true,\"valueName\":\"search_term_string\"}}],\"inLanguage\":\"fr-FR\"}]}<\/script>\n<!-- \/ Yoast SEO plugin. -->","yoast_head_json":{"title":"\u2714 Usinage CNC, \u2714 Fraisage CNC, \u2714 Sous-traitance CNC de Daub","description":"Sous-traitance CNC, rev\u00eatement de surface, anodisation, passivation, usinage de bo\u00eetiers et de faces avant, usinage de m\u00e9taux, pi\u00e8ces frais\u00e9es","robots":{"index":"index","follow":"follow","max-snippet":"max-snippet:-1","max-image-preview":"max-image-preview:large","max-video-preview":"max-video-preview:-1"},"canonical":"https:\/\/19zoll.com\/fr\/traitement\/","og_locale":"fr_FR","og_type":"article","og_title":"\u2714 Usinage CNC, \u2714 Fraisage CNC, \u2714 Sous-traitance CNC de Daub","og_description":"Sous-traitance CNC, rev\u00eatement de surface, anodisation, passivation, usinage de bo\u00eetiers et de faces avant, usinage de m\u00e9taux, pi\u00e8ces frais\u00e9es","og_url":"https:\/\/19zoll.com\/fr\/traitement\/","og_site_name":"Daub CNC","article_modified_time":"2025-03-25T13:24:27+00:00","og_image":[{"url":"https:\/\/19zoll.com\/wp-content\/uploads\/2021\/12\/serie-pg-startseite-300x300.png","type":"","width":"","height":""}],"twitter_card":"summary_large_image","twitter_title":"\u2714 Usinage CNC, \u2714 Fraisage CNC, \u2714 Sous-traitance CNC de Daub","twitter_description":"Sous-traitance CNC, rev\u00eatement de surface, anodisation, passivation, usinage de bo\u00eetiers et de faces avant, usinage de m\u00e9taux, pi\u00e8ces frais\u00e9es","twitter_image":"https:\/\/19zoll.com\/wp-content\/uploads\/2021\/12\/serie-pg-startseite.png","twitter_misc":{"Dur\u00e9e de lecture estim\u00e9e":"3 minutes"},"schema":{"@context":"https:\/\/schema.org","@graph":[{"@type":"WebPage","@id":"https:\/\/19zoll.com\/fr\/traitement\/","url":"https:\/\/19zoll.com\/fr\/traitement\/","name":"\u2714 Usinage CNC, \u2714 Fraisage CNC, \u2714 Sous-traitance CNC de Daub","isPartOf":{"@id":"https:\/\/19zoll.com\/#website"},"datePublished":"2021-12-03T16:39:26+00:00","dateModified":"2025-03-25T13:24:27+00:00","description":"Sous-traitance CNC, rev\u00eatement de surface, anodisation, passivation, usinage de bo\u00eetiers et de faces avant, usinage de m\u00e9taux, pi\u00e8ces frais\u00e9es","breadcrumb":{"@id":"https:\/\/19zoll.com\/fr\/traitement\/#breadcrumb"},"inLanguage":"fr-FR","potentialAction":[{"@type":"ReadAction","target":["https:\/\/19zoll.com\/fr\/traitement\/"]}]},{"@type":"BreadcrumbList","@id":"https:\/\/19zoll.com\/fr\/traitement\/#breadcrumb","itemListElement":[{"@type":"ListItem","position":1,"name":"Startseite","item":"https:\/\/19zoll.com\/fr\/accueil\/"},{"@type":"ListItem","position":2,"name":"Traitement"}]},{"@type":"WebSite","@id":"https:\/\/19zoll.com\/#website","url":"https:\/\/19zoll.com\/","name":"Daub CNC","description":"Ein Webprojekt von IhrMediengestalter","potentialAction":[{"@type":"SearchAction","target":{"@type":"EntryPoint","urlTemplate":"https:\/\/19zoll.com\/?s={search_term_string}"},"query-input":{"@type":"PropertyValueSpecification","valueRequired":true,"valueName":"search_term_string"}}],"inLanguage":"fr-FR"}]}},"_links":{"self":[{"href":"https:\/\/19zoll.com\/fr\/wp-json\/wp\/v2\/pages\/56198","targetHints":{"allow":["GET"]}}],"collection":[{"href":"https:\/\/19zoll.com\/fr\/wp-json\/wp\/v2\/pages"}],"about":[{"href":"https:\/\/19zoll.com\/fr\/wp-json\/wp\/v2\/types\/page"}],"author":[{"embeddable":true,"href":"https:\/\/19zoll.com\/fr\/wp-json\/wp\/v2\/users\/1"}],"replies":[{"embeddable":true,"href":"https:\/\/19zoll.com\/fr\/wp-json\/wp\/v2\/comments?post=56198"}],"version-history":[{"count":8,"href":"https:\/\/19zoll.com\/fr\/wp-json\/wp\/v2\/pages\/56198\/revisions"}],"predecessor-version":[{"id":57463,"href":"https:\/\/19zoll.com\/fr\/wp-json\/wp\/v2\/pages\/56198\/revisions\/57463"}],"wp:attachment":[{"href":"https:\/\/19zoll.com\/fr\/wp-json\/wp\/v2\/media?parent=56198"}],"curies":[{"name":"wp","href":"https:\/\/api.w.org\/{rel}","templated":true}]}}