{"id":55830,"date":"2022-05-09T14:38:52","date_gmt":"2022-05-09T12:38:52","guid":{"rendered":"https:\/\/19zoll.com\/mentions-legales\/"},"modified":"2024-12-06T04:59:42","modified_gmt":"2024-12-06T03:59:42","slug":"mentions-legales","status":"publish","type":"page","link":"https:\/\/19zoll.com\/fr\/mentions-legales\/","title":{"rendered":"Mentions l\u00e9gales"},"content":{"rendered":"<p>[et_pb_section fb_built=\u00a0\u00bb1&Prime; _builder_version=\u00a0\u00bb4.17.3&Prime; _module_preset=\u00a0\u00bbdefault\u00a0\u00bb global_colors_info=\u00a0\u00bb{}\u00a0\u00bb][et_pb_row _builder_version=\u00a0\u00bb4.17.3&Prime; _module_preset=\u00a0\u00bbdefault\u00a0\u00bb global_colors_info=\u00a0\u00bb{}\u00a0\u00bb][et_pb_column type=\u00a0\u00bb4_4&Prime; _builder_version=\u00a0\u00bb4.17.3&Prime; _module_preset=\u00a0\u00bbdefault\u00a0\u00bb global_colors_info=\u00a0\u00bb{}\u00a0\u00bb][et_pb_text _builder_version=\u00a0\u00bb4.17.3&Prime; _module_preset=\u00a0\u00bbdefault\u00a0\u00bb global_colors_info=\u00a0\u00bb{}\u00a0\u00bb]<\/p>\n<h1>Mentions l\u00e9gales<\/h1>\n<h2>Informations conform\u00e9ment au \u00a7 5 TMG<\/h2>\n<p>Daub CNC Technik GmbH und Co. KG<br \/> Am Dassenborn 20<br \/> 57482 Wenden<\/p>\n<p>Registre du commerce : HRA6369<br \/> Tribunal d&rsquo;enregistrement : Tribunal d&rsquo;instance de Siegen<\/p>\n<p><strong>Repr\u00e9sent\u00e9 par :<\/strong><br \/> Daub CNC Technik Verwaltungs GmbH<br \/> Am Dassenborn 20<br \/> 57482 Wenden<\/p>\n<p>Celle-ci est repr\u00e9sent\u00e9e par :<br \/> Detlev Daub<br \/> Ing\u00e9nieur dipl\u00f4m\u00e9 Volker Kaluza, MBA<\/p>\n<p>Registre du commerce : HRB 5492<br \/> Tribunal d&rsquo;enregistrement : Tribunal d&rsquo;instance de Siegen<\/p>\n<h2>Contact<\/h2>\n<p>T\u00e9l\u00e9phone : + 49 (0)2762 407194-0<br \/> T\u00e9l\u00e9copie : + 49 (0)2762 407194-99<br \/> E-mail : mail@19zoll.com<\/p>\n<h2>Num\u00e9ro d&rsquo;identification de la taxe sur le chiffre d&rsquo;affaires<\/h2>\n<p>Num\u00e9ro d&rsquo;identification de la taxe sur le chiffre d&rsquo;affaires conform\u00e9ment au \u00a7 27 a de la loi sur la taxe sur le chiffre d&rsquo;affaires :<br \/> DE217500901<\/p>\n<h2>R\u00e8glement des litiges de l&rsquo;UE<\/h2>\n<p>La Commission europ\u00e9enne met \u00e0 disposition une plateforme de r\u00e8glement en ligne des litiges (RLL) <a href=\"https:\/\/ec.europa.eu\/consumers\/odr\/\" target=\"_blank\" rel=\"noopener noreferrer\">: https:\/\/ec.europa.eu\/consumers\/odr\/.<\/a><br \/> Vous trouverez notre adresse \u00e9lectronique dans les mentions l\u00e9gales ci-dessus.<\/p>\n<h2>R\u00e8glement des litiges de consommation\/organe universel de conciliation<\/h2>\n<p>Nous ne sommes pas pr\u00eats ou oblig\u00e9s de participer \u00e0 des proc\u00e9dures de r\u00e8glement des litiges devant un organisme de conciliation des consommateurs.<\/p>\n<p>[\/et_pb_text][\/et_pb_column][\/et_pb_row][\/et_pb_section]<\/p>\n","protected":false},"excerpt":{"rendered":"<p>Mentions l\u00e9gales Informations conform\u00e9ment au \u00a7 5 TMG Daub CNC Technik GmbH und Co. KG Am Dassenborn 20 57482 Wenden Registre du commerce : HRA6369 Tribunal d&rsquo;enregistrement : Tribunal d&rsquo;instance de Siegen Repr\u00e9sent\u00e9 par : Daub CNC Technik Verwaltungs GmbH Am Dassenborn 20 57482 Wenden Celle-ci est repr\u00e9sent\u00e9e par : Detlev Daub Ing\u00e9nieur dipl\u00f4m\u00e9 Volker [&hellip;]<\/p>\n","protected":false},"author":1,"featured_media":0,"parent":0,"menu_order":0,"comment_status":"closed","ping_status":"closed","template":"","meta":{"_et_pb_use_builder":"on","_et_pb_old_content":"","_et_gb_content_width":"","inline_featured_image":false,"footnotes":""},"class_list":["post-55830","page","type-page","status-publish","hentry"],"yoast_head":"<!-- This site is optimized with the Yoast SEO plugin v27.4 - https:\/\/yoast.com\/product\/yoast-seo-wordpress\/ -->\n<title>Mentions l\u00e9gales - Daub CNC<\/title>\n<meta name=\"robots\" content=\"index, follow, max-snippet:-1, max-image-preview:large, max-video-preview:-1\" \/>\n<link rel=\"canonical\" href=\"https:\/\/19zoll.com\/fr\/mentions-legales\/\" \/>\n<meta property=\"og:locale\" content=\"fr_FR\" \/>\n<meta property=\"og:type\" content=\"article\" \/>\n<meta property=\"og:title\" content=\"Mentions l\u00e9gales - Daub CNC\" \/>\n<meta property=\"og:description\" content=\"Mentions l\u00e9gales Informations conform\u00e9ment au \u00a7 5 TMG Daub CNC Technik GmbH und Co. KG Am Dassenborn 20 57482 Wenden Registre du commerce : HRA6369 Tribunal d&#039;enregistrement : Tribunal d&#039;instance de Siegen Repr\u00e9sent\u00e9 par : Daub CNC Technik Verwaltungs GmbH Am Dassenborn 20 57482 Wenden Celle-ci est repr\u00e9sent\u00e9e par : Detlev Daub Ing\u00e9nieur dipl\u00f4m\u00e9 Volker [&hellip;]\" \/>\n<meta property=\"og:url\" content=\"https:\/\/19zoll.com\/fr\/mentions-legales\/\" \/>\n<meta property=\"og:site_name\" content=\"Daub CNC\" \/>\n<meta property=\"article:modified_time\" content=\"2024-12-06T03:59:42+00:00\" \/>\n<meta name=\"twitter:card\" content=\"summary_large_image\" \/>\n<meta name=\"twitter:label1\" content=\"Dur\u00e9e de lecture estim\u00e9e\" \/>\n\t<meta name=\"twitter:data1\" content=\"1 minute\" \/>\n<script type=\"application\/ld+json\" class=\"yoast-schema-graph\">{\"@context\":\"https:\\\/\\\/schema.org\",\"@graph\":[{\"@type\":\"WebPage\",\"@id\":\"https:\\\/\\\/19zoll.com\\\/fr\\\/mentions-legales\\\/\",\"url\":\"https:\\\/\\\/19zoll.com\\\/fr\\\/mentions-legales\\\/\",\"name\":\"Mentions l\u00e9gales - Daub CNC\",\"isPartOf\":{\"@id\":\"https:\\\/\\\/19zoll.com\\\/#website\"},\"datePublished\":\"2022-05-09T12:38:52+00:00\",\"dateModified\":\"2024-12-06T03:59:42+00:00\",\"breadcrumb\":{\"@id\":\"https:\\\/\\\/19zoll.com\\\/fr\\\/mentions-legales\\\/#breadcrumb\"},\"inLanguage\":\"fr-FR\",\"potentialAction\":[{\"@type\":\"ReadAction\",\"target\":[\"https:\\\/\\\/19zoll.com\\\/fr\\\/mentions-legales\\\/\"]}]},{\"@type\":\"BreadcrumbList\",\"@id\":\"https:\\\/\\\/19zoll.com\\\/fr\\\/mentions-legales\\\/#breadcrumb\",\"itemListElement\":[{\"@type\":\"ListItem\",\"position\":1,\"name\":\"Startseite\",\"item\":\"https:\\\/\\\/19zoll.com\\\/fr\\\/accueil\\\/\"},{\"@type\":\"ListItem\",\"position\":2,\"name\":\"Mentions l\u00e9gales\"}]},{\"@type\":\"WebSite\",\"@id\":\"https:\\\/\\\/19zoll.com\\\/#website\",\"url\":\"https:\\\/\\\/19zoll.com\\\/\",\"name\":\"Daub CNC\",\"description\":\"Ein Webprojekt von IhrMediengestalter\",\"potentialAction\":[{\"@type\":\"SearchAction\",\"target\":{\"@type\":\"EntryPoint\",\"urlTemplate\":\"https:\\\/\\\/19zoll.com\\\/?s={search_term_string}\"},\"query-input\":{\"@type\":\"PropertyValueSpecification\",\"valueRequired\":true,\"valueName\":\"search_term_string\"}}],\"inLanguage\":\"fr-FR\"}]}<\/script>\n<!-- \/ Yoast SEO plugin. -->","yoast_head_json":{"title":"Mentions l\u00e9gales - Daub CNC","robots":{"index":"index","follow":"follow","max-snippet":"max-snippet:-1","max-image-preview":"max-image-preview:large","max-video-preview":"max-video-preview:-1"},"canonical":"https:\/\/19zoll.com\/fr\/mentions-legales\/","og_locale":"fr_FR","og_type":"article","og_title":"Mentions l\u00e9gales - Daub CNC","og_description":"Mentions l\u00e9gales Informations conform\u00e9ment au \u00a7 5 TMG Daub CNC Technik GmbH und Co. KG Am Dassenborn 20 57482 Wenden Registre du commerce : HRA6369 Tribunal d'enregistrement : Tribunal d'instance de Siegen Repr\u00e9sent\u00e9 par : Daub CNC Technik Verwaltungs GmbH Am Dassenborn 20 57482 Wenden Celle-ci est repr\u00e9sent\u00e9e par : Detlev Daub Ing\u00e9nieur dipl\u00f4m\u00e9 Volker [&hellip;]","og_url":"https:\/\/19zoll.com\/fr\/mentions-legales\/","og_site_name":"Daub CNC","article_modified_time":"2024-12-06T03:59:42+00:00","twitter_card":"summary_large_image","twitter_misc":{"Dur\u00e9e de lecture estim\u00e9e":"1 minute"},"schema":{"@context":"https:\/\/schema.org","@graph":[{"@type":"WebPage","@id":"https:\/\/19zoll.com\/fr\/mentions-legales\/","url":"https:\/\/19zoll.com\/fr\/mentions-legales\/","name":"Mentions l\u00e9gales - Daub CNC","isPartOf":{"@id":"https:\/\/19zoll.com\/#website"},"datePublished":"2022-05-09T12:38:52+00:00","dateModified":"2024-12-06T03:59:42+00:00","breadcrumb":{"@id":"https:\/\/19zoll.com\/fr\/mentions-legales\/#breadcrumb"},"inLanguage":"fr-FR","potentialAction":[{"@type":"ReadAction","target":["https:\/\/19zoll.com\/fr\/mentions-legales\/"]}]},{"@type":"BreadcrumbList","@id":"https:\/\/19zoll.com\/fr\/mentions-legales\/#breadcrumb","itemListElement":[{"@type":"ListItem","position":1,"name":"Startseite","item":"https:\/\/19zoll.com\/fr\/accueil\/"},{"@type":"ListItem","position":2,"name":"Mentions l\u00e9gales"}]},{"@type":"WebSite","@id":"https:\/\/19zoll.com\/#website","url":"https:\/\/19zoll.com\/","name":"Daub CNC","description":"Ein Webprojekt von IhrMediengestalter","potentialAction":[{"@type":"SearchAction","target":{"@type":"EntryPoint","urlTemplate":"https:\/\/19zoll.com\/?s={search_term_string}"},"query-input":{"@type":"PropertyValueSpecification","valueRequired":true,"valueName":"search_term_string"}}],"inLanguage":"fr-FR"}]}},"_links":{"self":[{"href":"https:\/\/19zoll.com\/fr\/wp-json\/wp\/v2\/pages\/55830","targetHints":{"allow":["GET"]}}],"collection":[{"href":"https:\/\/19zoll.com\/fr\/wp-json\/wp\/v2\/pages"}],"about":[{"href":"https:\/\/19zoll.com\/fr\/wp-json\/wp\/v2\/types\/page"}],"author":[{"embeddable":true,"href":"https:\/\/19zoll.com\/fr\/wp-json\/wp\/v2\/users\/1"}],"replies":[{"embeddable":true,"href":"https:\/\/19zoll.com\/fr\/wp-json\/wp\/v2\/comments?post=55830"}],"version-history":[{"count":1,"href":"https:\/\/19zoll.com\/fr\/wp-json\/wp\/v2\/pages\/55830\/revisions"}],"predecessor-version":[{"id":55835,"href":"https:\/\/19zoll.com\/fr\/wp-json\/wp\/v2\/pages\/55830\/revisions\/55835"}],"wp:attachment":[{"href":"https:\/\/19zoll.com\/fr\/wp-json\/wp\/v2\/media?parent=55830"}],"curies":[{"name":"wp","href":"https:\/\/api.w.org\/{rel}","templated":true}]}}