{"id":55745,"date":"2023-04-12T13:39:48","date_gmt":"2023-04-12T11:39:48","guid":{"rendered":"https:\/\/19zoll.com\/fabrication-a-facon\/"},"modified":"2025-03-25T14:34:12","modified_gmt":"2025-03-25T13:34:12","slug":"fabrication-a-facon","status":"publish","type":"page","link":"https:\/\/19zoll.com\/fr\/fabrication-a-facon\/","title":{"rendered":"Fabrication \u00e0 fa\u00e7on"},"content":{"rendered":"<p>[et_pb_section fb_built=\u00a0\u00bb1&Prime; _builder_version=\u00a0\u00bb4.16.0&Prime; _module_preset=\u00a0\u00bbdefault\u00a0\u00bb background_color=\u00a0\u00bb#F3F3F3&Prime; border_width_bottom=\u00a0\u00bb3px\u00a0\u00bb border_color_bottom=\u00a0\u00bb#FFFFFF\u00a0\u00bb locked=\u00a0\u00bboff\u00a0\u00bb global_colors_info=\u00a0\u00bb{}\u00a0\u00bb][et_pb_row use_custom_gutter=\u00a0\u00bbon\u00a0\u00bb make_equal=\u00a0\u00bbon\u00a0\u00bb _builder_version=\u00a0\u00bb4.16&Prime; _module_preset=\u00a0\u00bbdefault\u00a0\u00bb custom_css_main_element=\u00a0\u00bbalign-items: center;\u00a0\u00bb global_colors_info=\u00a0\u00bb{}\u00a0\u00bb][et_pb_column type=\u00a0\u00bb4_4&Prime; _builder_version=\u00a0\u00bb4.16&Prime; _module_preset=\u00a0\u00bbdefault\u00a0\u00bb global_colors_info=\u00a0\u00bb{}\u00a0\u00bb][et_pb_text _builder_version=\u00a0\u00bb4.20.4&Prime; _module_preset=\u00a0\u00bbdefault\u00a0\u00bb text_text_color=\u00a0\u00bb#3B3B3B\u00a0\u00bb text_font_size=\u00a0\u00bb15px\u00a0\u00bb text_line_height=\u00a0\u00bb1.8em\u00a0\u00bb header_font=\u00a0\u00bb|700|||||||\u00a0\u00bb header_text_color=\u00a0\u00bb#3B3B3B\u00a0\u00bb header_line_height=\u00a0\u00bb1.3em\u00a0\u00bb global_colors_info=\u00a0\u00bb{}\u00a0\u00bb]<\/p>\n<h1><span>Fabrication \u00e0 fa\u00e7on<\/span><\/h1>\n<p class=\"p1\"><span class=\"s1\">Nous vous proposons notre parc de machines comme une extension de l&rsquo;\u00e9tabli. Daub CNC Technik fabrique rapidement et facilement des pi\u00e8ces en aluminium et en plastique.  La fabrication de pi\u00e8ces unitaires jusqu&rsquo;aux grandes s\u00e9ries \u00e0 partir de profil\u00e9s extrud\u00e9s d&rsquo;une longueur maximale de 6000 mm et de feuilles de t\u00f4le jusqu&rsquo;\u00e0 2000 x 3000 mm est notre point fort. <\/span><\/p>\n<p class=\"p2\"><span class=\"s1\"><\/span><\/p>\n<p class=\"p1\"><span class=\"s1\">Le fraisage HSC (High-Speed-Cutting) sur nos fraiseuses \u00e0 portique 3 axes avec une vitesse de rotation possible de 60000 tr\/min nous permet un usinage \u00e9conomique de la plus haute qualit\u00e9. Cette forme d&rsquo;usinage permet de r\u00e9aliser les plus petits contours ou gravures. Pour ce faire, nous utilisons syst\u00e9matiquement les technologies les plus r\u00e9centes avec nos syst\u00e8mes de CAO pour la pr\u00e9paration des donn\u00e9es et de FAO pour la programmation. Gr\u00e2ce \u00e0 la technique de serrage sous vide, nous pouvons r\u00e9aliser des usinages de t\u00f4les filigranes tels que des poches de fraisage, des lamages, des chanfreins, des rayons et des filetages sans d\u00e9formation et sans modification de la structure du mat\u00e9riau de base.   <\/span><\/p>\n<p class=\"p2\"><span class=\"s1\"><\/span><\/p>\n<p class=\"p1\"><span class=\"s1\">Notre vaste stock d&rsquo;aluminium nous permet de r\u00e9agir rapidement et de fabriquer vos produits.<\/span><\/p>\n<p class=\"p2\"><span class=\"s1\"><\/span><\/p>\n<p class=\"p1\"><span class=\"s1\">De m\u00eame, vous pouvez nous fournir votre mat\u00e9riel avec vos sp\u00e9cifications individuelles pour le traitement.<\/span><\/p>\n<p class=\"p2\"><span class=\"s1\"><\/span><\/p>\n<p class=\"p1\"><span class=\"s1\">Nous sommes votre interlocuteur pour la sous-traitance de pi\u00e8ces frais\u00e9es en t\u00f4le &#8211; du prototype \u00e0 la s\u00e9rie.<\/span><\/p>\n<p class=\"p2\"><span class=\"s1\"><\/span><\/p>\n<p class=\"p1\"><span class=\"s1\">Pour la fabrication, nous avons besoin de donn\u00e9es 2D DXF ou de donn\u00e9es 3D Step.<\/span><\/p>\n<p>&nbsp;<\/p>\n<p>[\/et_pb_text][\/et_pb_column][\/et_pb_row][\/et_pb_section][et_pb_section fb_built=\u00a0\u00bb1&Prime; _builder_version=\u00a0\u00bb4.16.0&Prime; _module_preset=\u00a0\u00bbdefault\u00a0\u00bb background_color=\u00a0\u00bb#F3F3F3&Prime; border_width_bottom=\u00a0\u00bb3px\u00a0\u00bb border_color_bottom=\u00a0\u00bb#FFFFFF\u00a0\u00bb locked=\u00a0\u00bboff\u00a0\u00bb global_colors_info=\u00a0\u00bb{}\u00a0\u00bb][et_pb_row use_custom_gutter=\u00a0\u00bbon\u00a0\u00bb make_equal=\u00a0\u00bbon\u00a0\u00bb _builder_version=\u00a0\u00bb4.16&Prime; _module_preset=\u00a0\u00bbdefault\u00a0\u00bb custom_css_main_element=\u00a0\u00bbalign-items: center;\u00a0\u00bb global_colors_info=\u00a0\u00bb{}\u00a0\u00bb][et_pb_column type=\u00a0\u00bb4_4&Prime; _builder_version=\u00a0\u00bb4.16&Prime; _module_preset=\u00a0\u00bbdefault\u00a0\u00bb global_colors_info=\u00a0\u00bb{}\u00a0\u00bb][et_pb_text _builder_version=\u00a0\u00bb4.20.4&Prime; _module_preset=\u00a0\u00bbdefault\u00a0\u00bb text_text_color=\u00a0\u00bb#3B3B3B\u00a0\u00bb text_font_size=\u00a0\u00bb15px\u00a0\u00bb text_line_height=\u00a0\u00bb1.8em\u00a0\u00bb header_font=\u00a0\u00bb|700|||||||\u00a0\u00bb header_text_color=\u00a0\u00bb#3B3B3B\u00a0\u00bb header_line_height=\u00a0\u00bb1.3em\u00a0\u00bb global_colors_info=\u00a0\u00bb{}\u00a0\u00bb]<\/p>\n<h1><span>Possibilit\u00e9s de fabrication<\/span><\/h1>\n<p class=\"p1\"><span class=\"s1\"><b>S\u00e9rigraphie<\/b><\/span><\/p>\n<p class=\"p1\"><span class=\"s1\">Nous imprimons en s\u00e9rigraphie selon vos sp\u00e9cifications dans les teintes RAL, Pantone ou HKS.<\/span><\/p>\n<p class=\"p2\"><span class=\"s1\"><\/span><\/p>\n<p class=\"p1\"><span class=\"s1\">Notre s\u00e9rigraphie moderne de la soci\u00e9t\u00e9 ESC, associ\u00e9e \u00e0 des encres de haute qualit\u00e9, garantit une qualit\u00e9 d&rsquo;impression optimale sur une surface maximale de 700&#215;600 mm. <\/span><\/p>\n<p class=\"p2\"><span class=\"s1\"><\/span><\/p>\n<p class=\"p1\"><span class=\"s1\">Avantages de la s\u00e9rigraphie<\/span><\/p>\n<p class=\"p1\"><span class=\"s1\">&#8211;<span class=\"Apple-tab-span\"> <\/span>Un pouvoir couvrant \u00e9lev\u00e9<\/span><\/p>\n<p class=\"p1\"><span class=\"s1\">&#8211;<span class=\"Apple-tab-span\"> <\/span>R\u00e9sultats d&rsquo;impression durables et extr\u00eamement r\u00e9sistants<\/span><\/p>\n<p class=\"p1\"><span class=\"s1\">&#8211;<span class=\"Apple-tab-span\"> <\/span>Pr\u00e9destin\u00e9 aux grands tirages  <\/span><\/p>\n<p class=\"p1\"><span class=\"s1\">&#8211;<span class=\"Apple-tab-span\"> <\/span>Haute brillance des couleurs<\/span><\/p>\n<p class=\"p1\"><span class=\"s1\">&#8211;<span class=\"Apple-tab-span\"> <\/span>convient pour les couleurs claires sur fond sombre  <\/span><\/p>\n<p class=\"p2\"><span class=\"s1\"><\/span><\/p>\n<p class=\"p1\"><span class=\"s1\">La s\u00e9rigraphie est un proc\u00e9d\u00e9 d&rsquo;impression dans lequel l&rsquo;encre est imprim\u00e9e sur le mat\u00e9riau \u00e0 imprimer \u00e0 l&rsquo;aide d&rsquo;une raclette en caoutchouc, \u00e0 travers un \u00e9cran textile \u00e0 mailles fines. Aux endroits du tissu o\u00f9 l&rsquo;encre ne doit pas \u00eatre imprim\u00e9e, les ouvertures de maille du tissu sont ferm\u00e9es par un gabarit afin d&#8217;emp\u00eacher l&rsquo;encre de passer. <\/span><\/p>\n<p class=\"p2\"><span class=\"s1\"><\/span><\/p>\n<p class=\"p1\"><span class=\"s1\"><b>Impression num\u00e9rique<\/b><\/span><\/p>\n<p class=\"p1\"><span class=\"s1\">Contrairement \u00e0 la s\u00e9rigraphie, l&rsquo;impression num\u00e9rique ne n\u00e9cessite pas de forme d&rsquo;impression fixe. L&rsquo;impression num\u00e9rique, \u00e9galement appel\u00e9e NIP (Non Impact Printing) ou DDP (Direct Digital Printing), est un proc\u00e9d\u00e9 d&rsquo;impression peu co\u00fbteux et rapide. Les petits tirages peuvent \u00eatre r\u00e9alis\u00e9s avec des mod\u00e8les d&rsquo;impression directement \u00e0 partir de l&rsquo;ordinateur, sans \u00e9tapes interm\u00e9diaires.    <\/span><\/p>\n<p class=\"p2\"><span class=\"s1\"><\/span><\/p>\n<p class=\"p1\"><span class=\"s1\"><b>Marquage au laser<\/b><\/span><\/p>\n<p class=\"p1\"><span class=\"s1\">Des possibilit\u00e9s de conception illimit\u00e9es avec le marquage laser. Un proc\u00e9d\u00e9 particuli\u00e8rement rapide, flexible et r\u00e9sistant \u00e0 l&rsquo;abrasion pour la conception personnalis\u00e9e de la surface de l&rsquo;aluminium sans frais d&rsquo;outillage suppl\u00e9mentaires, additifs ou solvants. <\/span><\/p>\n<p class=\"p2\"><span class=\"s1\"><\/span><\/p>\n<p class=\"p1\"><span class=\"s1\"><b>Technique d&rsquo;insertion en force avec connecteurs d&rsquo;insertion en force<\/b><\/span><\/p>\n<p class=\"p1\"><span class=\"s1\">Les fixations \u00e0 sertir sont press\u00e9es dans des trous de la pi\u00e8ce \u00e0 usiner. Le mat\u00e9riau s&rsquo;\u00e9coule par d\u00e9formation \u00e0 froid dans une contre-d\u00e9pouille situ\u00e9e dans la zone de la tige de la fixation. Une denture ou une forme de t\u00eate sp\u00e9ciale emp\u00eache la rotation de la fixation.    <\/span><\/p>\n<p class=\"p2\"><span class=\"s1\"><\/span><\/p>\n<p class=\"p1\"><span class=\"s1\">Elles assurent des points de montage solides et des forces d&rsquo;arrachement et de torsion \u00e9lev\u00e9es sans endommager le mat\u00e9riau ni cr\u00e9er de bosses sur les bords. Les fixations affleurent au dos des mat\u00e9riaux.   <\/span><\/p>\n<p class=\"p1\"><span class=\"s1\">Les raccords \u00e0 sertir sont fiables, durables et \u00e9conomiques.<\/span><\/p>\n<p class=\"p2\"><span class=\"s1\"><\/span><\/p>\n<p class=\"p1\"><span class=\"s1\"><b>Passivation de l&rsquo;aluminium<\/b><\/span><\/p>\n<p class=\"p1\"><span class=\"s1\">Nous proposons \u00e0 nos clients la passivation de plaques d&rsquo;aluminium et de profil\u00e9s en pi\u00e8ces. La couche de chromate produite offre une protection optimale contre la corrosion et constitue une bonne base d&rsquo;adh\u00e9rence pour les rev\u00eatements ult\u00e9rieurs.   <\/span><\/p>\n<p class=\"p2\"><span class=\"s1\"><\/span><\/p>\n<p class=\"p1\"><span class=\"s1\">Ce rev\u00eatement offre une protection optimale contre la corrosion et sert \u00e9galement de base d&rsquo;adh\u00e9rence pour les adh\u00e9sifs, les peintures et les rev\u00eatements en poudre lors des traitements ult\u00e9rieurs. De plus, il poss\u00e8de une faible r\u00e9sistance \u00e9lectrique de surface, ce qui permet d&rsquo;obtenir de faibles r\u00e9sistances de contact lors des mises en contact. Pour obtenir une surface uniforme, les plaques d&rsquo;aluminium sont pr\u00e9alablement d\u00e9graiss\u00e9es et d\u00e9cap\u00e9es.  <\/span><\/p>\n<p class=\"p2\"><span class=\"s1\"><\/span><\/p>\n<p class=\"p1\"><span class=\"s1\"><b>sablage\/ sablage aux billes de verre<\/b><\/span><\/p>\n<p class=\"p1\"><span class=\"s1\">Le principe du sablage aux billes de verre est identique \u00e0 celui du sablage. La forme ronde de l&rsquo;abrasif rend la surface moins rugueuse et lui conf\u00e8re un aspect soyeux et homog\u00e8ne. Les bandes d&rsquo;\u00e9tirage des profil\u00e9s extrud\u00e9s sont enti\u00e8rement masqu\u00e9es.    <\/span><\/p>\n<p class=\"p2\"><span class=\"s1\"><\/span><\/p>\n<p class=\"p1\"><span class=\"s1\">L&rsquo;effet r\u00e9el du sablage aux billes de verre est d\u00fb \u00e0 l&rsquo;impact des billes sur la surface. Gr\u00e2ce \u00e0 la forme sph\u00e9rique, il n&rsquo;y a que tr\u00e8s peu ou pas du tout d&rsquo;abrasion sur la surface. En m\u00eame temps, la surface se densifie et se solidifie, offrant un pr\u00e9traitement optimal pour l&rsquo;anodisation.  <\/span><\/p>\n<p>[\/et_pb_text][\/et_pb_column][\/et_pb_row][\/et_pb_section][et_pb_section fb_built=\u00a0\u00bb1&Prime; _builder_version=\u00a0\u00bb4.16.0&Prime; _module_preset=\u00a0\u00bbdefault\u00a0\u00bb background_color=\u00a0\u00bb#F3F3F3&Prime; border_width_bottom=\u00a0\u00bb3px\u00a0\u00bb border_color_bottom=\u00a0\u00bb#FFFFFF\u00a0\u00bb locked=\u00a0\u00bboff\u00a0\u00bb global_colors_info=\u00a0\u00bb{}\u00a0\u00bb][et_pb_row use_custom_gutter=\u00a0\u00bbon\u00a0\u00bb make_equal=\u00a0\u00bbon\u00a0\u00bb _builder_version=\u00a0\u00bb4.16&Prime; _module_preset=\u00a0\u00bbdefault\u00a0\u00bb custom_css_main_element=\u00a0\u00bbalign-items: center;\u00a0\u00bb global_colors_info=\u00a0\u00bb{}\u00a0\u00bb][et_pb_column type=\u00a0\u00bb4_4&Prime; _builder_version=\u00a0\u00bb4.16&Prime; _module_preset=\u00a0\u00bbdefault\u00a0\u00bb global_colors_info=\u00a0\u00bb{}\u00a0\u00bb][et_pb_gallery gallery_ids=\u00a0\u00bb53193,53195,53197,53207,53211,53201,53203,53213,53205,53209,53219,53217&Prime; posts_number=\u00a0\u00bb12&Prime; show_title_and_caption=\u00a0\u00bboff\u00a0\u00bb show_pagination=\u00a0\u00bboff\u00a0\u00bb _builder_version=\u00a0\u00bb4.20.4&Prime; _module_preset=\u00a0\u00bbdefault\u00a0\u00bb global_colors_info=\u00a0\u00bb{}\u00a0\u00bb][\/et_pb_gallery][\/et_pb_column][\/et_pb_row][\/et_pb_section]<\/p>\n","protected":false},"excerpt":{"rendered":"<p>Fabrication \u00e0 fa\u00e7on Nous vous proposons notre parc de machines comme une extension de l&rsquo;\u00e9tabli. Daub CNC Technik fabrique rapidement et facilement des pi\u00e8ces en aluminium et en plastique. La fabrication de pi\u00e8ces unitaires jusqu&rsquo;aux grandes s\u00e9ries \u00e0 partir de profil\u00e9s extrud\u00e9s d&rsquo;une longueur maximale de 6000 mm et de feuilles de t\u00f4le jusqu&rsquo;\u00e0 2000 [&hellip;]<\/p>\n","protected":false},"author":1,"featured_media":0,"parent":0,"menu_order":0,"comment_status":"closed","ping_status":"closed","template":"","meta":{"_et_pb_use_builder":"on","_et_pb_old_content":"","_et_gb_content_width":"","inline_featured_image":false,"footnotes":""},"class_list":["post-55745","page","type-page","status-publish","hentry"],"yoast_head":"<!-- This site is optimized with the Yoast SEO plugin v27.4 - https:\/\/yoast.com\/product\/yoast-seo-wordpress\/ -->\n<title>Sous-traitance Daub CNC Technik<\/title>\n<meta name=\"description\" content=\"Fraisage, rev\u00eatement de surface, s\u00e9rigraphie, impression num\u00e9rique, usinage, marquage laser, sablage, passivation, anodisation, pressage\" \/>\n<meta name=\"robots\" content=\"index, follow, max-snippet:-1, max-image-preview:large, max-video-preview:-1\" \/>\n<link rel=\"canonical\" href=\"https:\/\/19zoll.com\/fr\/fabrication-a-facon\/\" \/>\n<meta property=\"og:locale\" content=\"fr_FR\" \/>\n<meta property=\"og:type\" content=\"article\" \/>\n<meta property=\"og:title\" content=\"Sous-traitance Daub CNC Technik\" \/>\n<meta property=\"og:description\" content=\"Fraisage, rev\u00eatement de surface, s\u00e9rigraphie, impression num\u00e9rique, usinage, marquage laser, sablage, passivation, anodisation, pressage\" \/>\n<meta property=\"og:url\" content=\"https:\/\/19zoll.com\/fr\/fabrication-a-facon\/\" \/>\n<meta property=\"og:site_name\" content=\"Daub CNC\" \/>\n<meta property=\"article:modified_time\" content=\"2025-03-25T13:34:12+00:00\" \/>\n<meta property=\"og:image\" content=\"https:\/\/19zoll.com\/wp-content\/uploads\/2023\/04\/lohnfertigung-003.jpg\" \/>\n<meta name=\"twitter:card\" content=\"summary_large_image\" \/>\n<meta name=\"twitter:title\" content=\"Sous-traitance Daub CNC Technik\" \/>\n<meta name=\"twitter:description\" content=\"Fraisage, rev\u00eatement de surface, s\u00e9rigraphie, impression num\u00e9rique, usinage, marquage laser, sablage, passivation, anodisation, pressage\" \/>\n<meta name=\"twitter:image\" content=\"https:\/\/19zoll.com\/wp-content\/uploads\/2023\/04\/lohnfertigung-003.jpg\" \/>\n<meta name=\"twitter:label1\" content=\"Dur\u00e9e de lecture estim\u00e9e\" \/>\n\t<meta name=\"twitter:data1\" content=\"6 minutes\" \/>\n<script type=\"application\/ld+json\" class=\"yoast-schema-graph\">{\"@context\":\"https:\\\/\\\/schema.org\",\"@graph\":[{\"@type\":\"WebPage\",\"@id\":\"https:\\\/\\\/19zoll.com\\\/fr\\\/fabrication-a-facon\\\/\",\"url\":\"https:\\\/\\\/19zoll.com\\\/fr\\\/fabrication-a-facon\\\/\",\"name\":\"Sous-traitance Daub CNC Technik\",\"isPartOf\":{\"@id\":\"https:\\\/\\\/19zoll.com\\\/#website\"},\"datePublished\":\"2023-04-12T11:39:48+00:00\",\"dateModified\":\"2025-03-25T13:34:12+00:00\",\"description\":\"Fraisage, rev\u00eatement de surface, s\u00e9rigraphie, impression num\u00e9rique, usinage, marquage laser, sablage, passivation, anodisation, pressage\",\"breadcrumb\":{\"@id\":\"https:\\\/\\\/19zoll.com\\\/fr\\\/fabrication-a-facon\\\/#breadcrumb\"},\"inLanguage\":\"fr-FR\",\"potentialAction\":[{\"@type\":\"ReadAction\",\"target\":[\"https:\\\/\\\/19zoll.com\\\/fr\\\/fabrication-a-facon\\\/\"]}]},{\"@type\":\"BreadcrumbList\",\"@id\":\"https:\\\/\\\/19zoll.com\\\/fr\\\/fabrication-a-facon\\\/#breadcrumb\",\"itemListElement\":[{\"@type\":\"ListItem\",\"position\":1,\"name\":\"Startseite\",\"item\":\"https:\\\/\\\/19zoll.com\\\/fr\\\/accueil\\\/\"},{\"@type\":\"ListItem\",\"position\":2,\"name\":\"Fabrication \u00e0 fa\u00e7on\"}]},{\"@type\":\"WebSite\",\"@id\":\"https:\\\/\\\/19zoll.com\\\/#website\",\"url\":\"https:\\\/\\\/19zoll.com\\\/\",\"name\":\"Daub CNC\",\"description\":\"Ein Webprojekt von IhrMediengestalter\",\"potentialAction\":[{\"@type\":\"SearchAction\",\"target\":{\"@type\":\"EntryPoint\",\"urlTemplate\":\"https:\\\/\\\/19zoll.com\\\/?s={search_term_string}\"},\"query-input\":{\"@type\":\"PropertyValueSpecification\",\"valueRequired\":true,\"valueName\":\"search_term_string\"}}],\"inLanguage\":\"fr-FR\"}]}<\/script>\n<!-- \/ Yoast SEO plugin. -->","yoast_head_json":{"title":"Sous-traitance Daub CNC Technik","description":"Fraisage, rev\u00eatement de surface, s\u00e9rigraphie, impression num\u00e9rique, usinage, marquage laser, sablage, passivation, anodisation, pressage","robots":{"index":"index","follow":"follow","max-snippet":"max-snippet:-1","max-image-preview":"max-image-preview:large","max-video-preview":"max-video-preview:-1"},"canonical":"https:\/\/19zoll.com\/fr\/fabrication-a-facon\/","og_locale":"fr_FR","og_type":"article","og_title":"Sous-traitance Daub CNC Technik","og_description":"Fraisage, rev\u00eatement de surface, s\u00e9rigraphie, impression num\u00e9rique, usinage, marquage laser, sablage, passivation, anodisation, pressage","og_url":"https:\/\/19zoll.com\/fr\/fabrication-a-facon\/","og_site_name":"Daub CNC","article_modified_time":"2025-03-25T13:34:12+00:00","og_image":[{"url":"https:\/\/19zoll.com\/wp-content\/uploads\/2023\/04\/lohnfertigung-003.jpg","type":"","width":"","height":""}],"twitter_card":"summary_large_image","twitter_title":"Sous-traitance Daub CNC Technik","twitter_description":"Fraisage, rev\u00eatement de surface, s\u00e9rigraphie, impression num\u00e9rique, usinage, marquage laser, sablage, passivation, anodisation, pressage","twitter_image":"https:\/\/19zoll.com\/wp-content\/uploads\/2023\/04\/lohnfertigung-003.jpg","twitter_misc":{"Dur\u00e9e de lecture estim\u00e9e":"6 minutes"},"schema":{"@context":"https:\/\/schema.org","@graph":[{"@type":"WebPage","@id":"https:\/\/19zoll.com\/fr\/fabrication-a-facon\/","url":"https:\/\/19zoll.com\/fr\/fabrication-a-facon\/","name":"Sous-traitance Daub CNC Technik","isPartOf":{"@id":"https:\/\/19zoll.com\/#website"},"datePublished":"2023-04-12T11:39:48+00:00","dateModified":"2025-03-25T13:34:12+00:00","description":"Fraisage, rev\u00eatement de surface, s\u00e9rigraphie, impression num\u00e9rique, usinage, marquage laser, sablage, passivation, anodisation, pressage","breadcrumb":{"@id":"https:\/\/19zoll.com\/fr\/fabrication-a-facon\/#breadcrumb"},"inLanguage":"fr-FR","potentialAction":[{"@type":"ReadAction","target":["https:\/\/19zoll.com\/fr\/fabrication-a-facon\/"]}]},{"@type":"BreadcrumbList","@id":"https:\/\/19zoll.com\/fr\/fabrication-a-facon\/#breadcrumb","itemListElement":[{"@type":"ListItem","position":1,"name":"Startseite","item":"https:\/\/19zoll.com\/fr\/accueil\/"},{"@type":"ListItem","position":2,"name":"Fabrication \u00e0 fa\u00e7on"}]},{"@type":"WebSite","@id":"https:\/\/19zoll.com\/#website","url":"https:\/\/19zoll.com\/","name":"Daub CNC","description":"Ein Webprojekt von IhrMediengestalter","potentialAction":[{"@type":"SearchAction","target":{"@type":"EntryPoint","urlTemplate":"https:\/\/19zoll.com\/?s={search_term_string}"},"query-input":{"@type":"PropertyValueSpecification","valueRequired":true,"valueName":"search_term_string"}}],"inLanguage":"fr-FR"}]}},"_links":{"self":[{"href":"https:\/\/19zoll.com\/fr\/wp-json\/wp\/v2\/pages\/55745","targetHints":{"allow":["GET"]}}],"collection":[{"href":"https:\/\/19zoll.com\/fr\/wp-json\/wp\/v2\/pages"}],"about":[{"href":"https:\/\/19zoll.com\/fr\/wp-json\/wp\/v2\/types\/page"}],"author":[{"embeddable":true,"href":"https:\/\/19zoll.com\/fr\/wp-json\/wp\/v2\/users\/1"}],"replies":[{"embeddable":true,"href":"https:\/\/19zoll.com\/fr\/wp-json\/wp\/v2\/comments?post=55745"}],"version-history":[{"count":9,"href":"https:\/\/19zoll.com\/fr\/wp-json\/wp\/v2\/pages\/55745\/revisions"}],"predecessor-version":[{"id":58655,"href":"https:\/\/19zoll.com\/fr\/wp-json\/wp\/v2\/pages\/55745\/revisions\/58655"}],"wp:attachment":[{"href":"https:\/\/19zoll.com\/fr\/wp-json\/wp\/v2\/media?parent=55745"}],"curies":[{"name":"wp","href":"https:\/\/api.w.org\/{rel}","templated":true}]}}