{"id":55678,"date":"2022-11-07T13:12:32","date_gmt":"2022-11-07T12:12:32","guid":{"rendered":"https:\/\/19zoll.com\/serie-cex\/"},"modified":"2025-03-25T14:43:27","modified_gmt":"2025-03-25T13:43:27","slug":"serie-cex","status":"publish","type":"page","link":"https:\/\/19zoll.com\/fr\/serie-cex\/","title":{"rendered":"S\u00e9rie CEX"},"content":{"rendered":"<p>[et_pb_section fb_built=\u00a0\u00bb1&Prime; _builder_version=\u00a0\u00bb4.16&Prime; _module_preset=\u00a0\u00bbdefault\u00a0\u00bb background_color=\u00a0\u00bb#F3F3F3&Prime; border_width_bottom=\u00a0\u00bb3px\u00a0\u00bb border_color_bottom=\u00a0\u00bb#FFFFFF\u00a0\u00bb locked=\u00a0\u00bboff\u00a0\u00bb global_colors_info=\u00a0\u00bb{}\u00a0\u00bb][et_pb_row use_custom_gutter=\u00a0\u00bbon\u00a0\u00bb make_equal=\u00a0\u00bbon\u00a0\u00bb _builder_version=\u00a0\u00bb4.16&Prime; _module_preset=\u00a0\u00bbdefault\u00a0\u00bb custom_css_main_element=\u00a0\u00bbalign-items: center;\u00a0\u00bb global_colors_info=\u00a0\u00bb{}\u00a0\u00bb][et_pb_column type=\u00a0\u00bb4_4&Prime; _builder_version=\u00a0\u00bb4.16&Prime; _module_preset=\u00a0\u00bbdefault\u00a0\u00bb global_colors_info=\u00a0\u00bb{}\u00a0\u00bb][et_pb_text _builder_version=\u00a0\u00bb4.18.1&Prime; _module_preset=\u00a0\u00bbdefault\u00a0\u00bb text_text_color=\u00a0\u00bb#3B3B3B\u00a0\u00bb text_font_size=\u00a0\u00bb15px\u00a0\u00bb text_line_height=\u00a0\u00bb1.8em\u00a0\u00bb header_font=\u00a0\u00bbOpen Sans|700|||||||\u00a0\u00bb header_line_height=\u00a0\u00bb1.3em\u00a0\u00bb global_colors_info=\u00a0\u00bb{}\u00a0\u00bb]<\/p>\n<div id=\"c76\" class=\"csc-default csc-space-before-30 csc-space-after-50\">\n<div id=\"c158\" class=\"csc-default\">\n<div class=\"csc-header csc-header-n1\">\n<div id=\"c170\" class=\"csc-default\">\n<div class=\"csc-header csc-header-n1\">\n<div id=\"c45\" class=\"csc-default\">\n<div class=\"csc-header csc-header-n1\">\n<h1 class=\"csc-firstHeader\">Bo\u00eetier design en aluminium s\u00e9rie CEX (sans vis apparentes)<\/h1>\n<\/div>\n<\/div>\n<\/div>\n<\/div>\n<\/div>\n<\/div>\n<\/div>\n<p>[\/et_pb_text][et_pb_code _builder_version=\u00a0\u00bb4.18.1&Prime; _module_preset=\u00a0\u00bbdefault\u00a0\u00bb global_colors_info=\u00a0\u00bb{}\u00a0\u00bb]<\/p>\n<div class=\"sketchfab-embed-wrapper\"> <iframe loading=\"lazy\" title=\"CEX Aluminium Coffret sans vis apparentes\" frameborder=\"0\" allowfullscreen=\"\" mozallowfullscreen=\"true\" webkitallowfullscreen=\"true\" allow=\"autoplay; fullscreen; xr-spatial-tracking\" xr-spatial-tracking=\"\" execution-while-out-of-viewport=\"\" execution-while-not-rendered=\"\" web-share=\"\" width=\"1920\" height=\"600\" src=\"https:\/\/sketchfab.com\/models\/36aa477485b543fdbae6a1f5483e25dc\/embed?autostart=1&amp;transparent=1&amp;ui_infos=0&amp;ui_watermark_link=0&amp;ui_watermark=0\"> <\/iframe> <\/div>\n<p>[\/et_pb_code][et_pb_text module_id=\u00a0\u00bbserie-dsk-info\u00a0\u00bb _builder_version=\u00a0\u00bb4.19.0&Prime; _module_preset=\u00a0\u00bbdefault\u00a0\u00bb text_text_color=\u00a0\u00bb#3B3B3B\u00a0\u00bb text_font_size=\u00a0\u00bb15px\u00a0\u00bb text_line_height=\u00a0\u00bb1.8em\u00a0\u00bb header_font=\u00a0\u00bb|700|||||||\u00a0\u00bb header_line_height=\u00a0\u00bb1.3em\u00a0\u00bb header_2_font=\u00a0\u00bbOpen Sans|700|||||||\u00a0\u00bb header_2_font_size=\u00a0\u00bb20px\u00a0\u00bb header_2_line_height=\u00a0\u00bb1.2em\u00a0\u00bb global_colors_info=\u00a0\u00bb{}\u00a0\u00bb]<\/p>\n<div id=\"c76\" class=\"csc-default csc-space-before-30 csc-space-after-50\">\n<p class=\"p1\">La s\u00e9rie CEX est une toute nouvelle s\u00e9rie de bo\u00eetiers qui impressionne par son design compact sans vis apparentes et sa qualit\u00e9 exceptionnelle.<\/p>\n<p class=\"p1\"><b><\/b><\/p>\n<h2 class=\"p1\"><b>Les points forts en bref :<\/b><\/h2>\n<ul>\n<li>Pas de vis visibles &#8211; seulement quatre vis dans le sol<\/li>\n<li>Possibilit\u00e9 de fixer directement des circuits imprim\u00e9s ou des panneaux de montage<\/li>\n<li>Indice de protection IP40, IP54 avec joints CEM<\/li>\n<li>Kit de joints CEM disponible en option<\/li>\n<li>Panneaux avant et lat\u00e9raux courb\u00e9s en profil\u00e9s extrud\u00e9s,<span class=\"Apple-converted-space\">  <\/span>de haute pr\u00e9cision<\/li>\n<li>Hauteurs de 0,5 U \u00e0 4 U, nombreuses tailles standard disponibles, tailles sp\u00e9ciales disponibles sur demande<\/li>\n<li>Surfaces ext\u00e9rieures anodis\u00e9es, surfaces int\u00e9rieures passiv\u00e9es conductrices sur demande (conformes \u00e0 la directive RoHS)<\/li>\n<li>La conception modulaire permet une grande flexibilit\u00e9 et fonctionnalit\u00e9<\/li>\n<li>Possibilit\u00e9 de personnalisation et d&rsquo;\u00e9tiquetage<\/li>\n<\/ul>\n<\/div>\n<p>[\/et_pb_text][\/et_pb_column][\/et_pb_row][\/et_pb_section][et_pb_section fb_built=\u00a0\u00bb1&Prime; _builder_version=\u00a0\u00bb4.16&Prime; _module_preset=\u00a0\u00bbdefault\u00a0\u00bb background_color=\u00a0\u00bb#F3F3F3&Prime; border_width_bottom=\u00a0\u00bb3px\u00a0\u00bb border_color_bottom=\u00a0\u00bb#FFFFFF\u00a0\u00bb locked=\u00a0\u00bboff\u00a0\u00bb global_colors_info=\u00a0\u00bb{}\u00a0\u00bb][et_pb_row column_structure=\u00a0\u00bb3_4,1_4&Prime; use_custom_gutter=\u00a0\u00bbon\u00a0\u00bb make_equal=\u00a0\u00bbon\u00a0\u00bb _builder_version=\u00a0\u00bb4.16&Prime; _module_preset=\u00a0\u00bbdefault\u00a0\u00bb custom_css_main_element=\u00a0\u00bbalign-items: center;\u00a0\u00bb global_colors_info=\u00a0\u00bb{}\u00a0\u00bb][et_pb_column type=\u00a0\u00bb3_4&Prime; _builder_version=\u00a0\u00bb4.16&Prime; _module_preset=\u00a0\u00bbdefault\u00a0\u00bb global_colors_info=\u00a0\u00bb{}\u00a0\u00bb][et_pb_text _builder_version=\u00a0\u00bb4.27.4&Prime; _module_preset=\u00a0\u00bbdefault\u00a0\u00bb text_text_color=\u00a0\u00bb#3B3B3B\u00a0\u00bb text_font_size=\u00a0\u00bb15px\u00a0\u00bb text_line_height=\u00a0\u00bb1.8em\u00a0\u00bb header_font=\u00a0\u00bb|700|||||||\u00a0\u00bb header_line_height=\u00a0\u00bb1.3em\u00a0\u00bb header_2_font=\u00a0\u00bbOpen Sans|700|||||||\u00a0\u00bb header_2_line_height=\u00a0\u00bb1.2em\u00a0\u00bb hover_enabled=\u00a0\u00bb0&Prime; global_colors_info=\u00a0\u00bb{}\u00a0\u00bb sticky_enabled=\u00a0\u00bb0&Prime;]<\/p>\n<div id=\"c76\" class=\"csc-default csc-space-before-30 csc-space-after-50\">\n<h2><span>Catalogue 2025\/26<\/span><\/h2>\n<div id=\"c170\" class=\"csc-default\">\n<div class=\"csc-header csc-header-n1\">\n<div id=\"c76\" class=\"csc-default csc-space-before-30 csc-space-after-50\">\n<div id=\"c158\" class=\"csc-default\">\n<div class=\"csc-header csc-header-n1\">\n<div id=\"c170\" class=\"csc-default\">\n<div class=\"csc-header csc-header-n1\">\n<div id=\"c45\" class=\"csc-default\">\n<div class=\"csc-header csc-header-n1\">\n<h2 class=\"csc-firstHeader\">Bo\u00eetier design en aluminium Bo\u00eetier s\u00e9rie CEX (sans vis apparentes)<\/h2>\n<\/div>\n<\/div>\n<\/div>\n<\/div>\n<\/div>\n<\/div>\n<\/div>\n<\/div>\n<\/div>\n<\/div>\n<p>[\/et_pb_text][\/et_pb_column][et_pb_column type=\u00a0\u00bb1_4&Prime; _builder_version=\u00a0\u00bb4.16&Prime; _module_preset=\u00a0\u00bbdefault\u00a0\u00bb global_colors_info=\u00a0\u00bb{}\u00a0\u00bb][et_pb_button button_url=\u00a0\u00bbhttps:\/\/19zoll.com\/wp-content\/uploads\/2022\/11\/CEX-Serie-Katalog-2.pdf\u00a0\u00bb url_new_window=\u00a0\u00bbon\u00a0\u00bb button_text=\u00a0\u00bbT\u00e9l\u00e9charger le PDF\u00a0\u00bb button_alignment=\u00a0\u00bbright\u00a0\u00bb _builder_version=\u00a0\u00bb4.19.2&Prime; _module_preset=\u00a0\u00bbdefault\u00a0\u00bb custom_button=\u00a0\u00bbon\u00a0\u00bb button_text_color=\u00a0\u00bb#3B3B3B\u00a0\u00bb global_colors_info=\u00a0\u00bb{}\u00a0\u00bb][\/et_pb_button][\/et_pb_column][\/et_pb_row][et_pb_row use_custom_gutter=\u00a0\u00bbon\u00a0\u00bb make_equal=\u00a0\u00bbon\u00a0\u00bb _builder_version=\u00a0\u00bb4.16&Prime; _module_preset=\u00a0\u00bbdefault\u00a0\u00bb custom_css_main_element=\u00a0\u00bbalign-items: center;\u00a0\u00bb global_colors_info=\u00a0\u00bb{}\u00a0\u00bb][et_pb_column type=\u00a0\u00bb4_4&Prime; _builder_version=\u00a0\u00bb4.16&Prime; _module_preset=\u00a0\u00bbdefault\u00a0\u00bb global_colors_info=\u00a0\u00bb{}\u00a0\u00bb][et_pb_code _builder_version=\u00a0\u00bb4.19.0&Prime; _module_preset=\u00a0\u00bbdefault\u00a0\u00bb global_colors_info=\u00a0\u00bb{}\u00a0\u00bb]<div class=\"real3dflipbook\" id=\"53_69df3bfd7f5f4\" style=\"position:absolute;\" data-flipbook-options=\"{&quot;mode&quot;:&quot;normal&quot;,&quot;viewMode&quot;:&quot;webgl&quot;,&quot;zoomMin&quot;:&quot;0.9&quot;,&quot;zoomStep&quot;:&quot;2&quot;,&quot;zoomReset&quot;:&quot;false&quot;,&quot;doubleClickZoom&quot;:&quot;true&quot;,&quot;singlePageMode&quot;:&quot;false&quot;,&quot;pageFlipDuration&quot;:&quot;1&quot;,&quot;sound&quot;:&quot;true&quot;,&quot;startPage&quot;:&quot;1&quot;,&quot;deeplinking&quot;:{&quot;enabled&quot;:&quot;false&quot;},&quot;responsiveView&quot;:&quot;true&quot;,&quot;responsiveViewTreshold&quot;:&quot;768&quot;,&quot;pageTextureSize&quot;:&quot;2048&quot;,&quot;pageTextureSizeSmall&quot;:&quot;1500&quot;,&quot;pdfTextLayer&quot;:&quot;true&quot;,&quot;linkColor&quot;:&quot;rgba(0, 0, 0, 0)&quot;,&quot;linkColorHover&quot;:&quot;#217bc3&quot;,&quot;cover&quot;:&quot;true&quot;,&quot;backCover&quot;:&quot;true&quot;,&quot;aspectRatio&quot;:&quot;2&quot;,&quot;thumbnailsOnStart&quot;:&quot;false&quot;,&quot;contentOnStart&quot;:&quot;false&quot;,&quot;tableOfContentCloseOnClick&quot;:&quot;true&quot;,&quot;thumbsCloseOnClick&quot;:&quot;true&quot;,&quot;autoplayOnStart&quot;:&quot;false&quot;,&quot;autoplayInterval&quot;:&quot;3000&quot;,&quot;rightToLeft&quot;:&quot;false&quot;,&quot;thumbSize&quot;:&quot;130&quot;,&quot;logoUrlTarget&quot;:&quot;_blank&quot;,&quot;logoCSS&quot;:&quot;position:absolute;left:0;top:0;&quot;,&quot;zIndex&quot;:&quot;auto&quot;,&quot;pdfBrowserViewerIfIE&quot;:&quot;false&quot;,&quot;arrowsAlwaysEnabledForNavigation&quot;:&quot;false&quot;,&quot;arrowsDisabledNotFullscreen&quot;:&quot;true&quot;,&quot;touchSwipeEnabled&quot;:&quot;true&quot;,&quot;rightClickEnabled&quot;:&quot;true&quot;,&quot;access&quot;:&quot;full&quot;,&quot;pageTextureSizeMobileSmall&quot;:&quot;1024&quot;,&quot;singlePageModeIfMobile&quot;:&quot;false&quot;,&quot;pdfBrowserViewerIfMobile&quot;:&quot;false&quot;,&quot;pdfBrowserViewerFullscreen&quot;:&quot;true&quot;,&quot;pdfBrowserViewerFullscreenTarget&quot;:&quot;_blank&quot;,&quot;mobile&quot;:{&quot;contentOnStart&quot;:&quot;false&quot;,&quot;thumbnailsOnStart&quot;:&quot;false&quot;},&quot;btnTocIfMobile&quot;:&quot;true&quot;,&quot;btnThumbsIfMobile&quot;:&quot;true&quot;,&quot;btnShareIfMobile&quot;:&quot;false&quot;,&quot;btnDownloadPagesIfMobile&quot;:&quot;true&quot;,&quot;btnDownloadPdfIfMobile&quot;:&quot;true&quot;,&quot;btnSoundIfMobile&quot;:&quot;false&quot;,&quot;btnExpandIfMobile&quot;:&quot;true&quot;,&quot;btnPrintIfMobile&quot;:&quot;false&quot;,&quot;logoHideOnMobile&quot;:&quot;false&quot;,&quot;lightboxBackground&quot;:&quot;#666666&quot;,&quot;lightboxContainerCSS&quot;:&quot;display:inline-block;padding:10px;&quot;,&quot;lightboxThumbnailHeight&quot;:&quot;300&quot;,&quot;lightboxThumbnailUrlCSS&quot;:&quot;display:block;&quot;,&quot;lightboxThumbnailInfo&quot;:&quot;false&quot;,&quot;lightboxThumbnailInfoCSS&quot;:&quot;top: 0;  width: 100%; height: 100%; font-size: 16px; color: #000; background: rgba(255,255,255,.8);&quot;,&quot;lightboxTextCSS&quot;:&quot;display:block;&quot;,&quot;lightboxTextPosition&quot;:&quot;top&quot;,&quot;lightBoxOpened&quot;:&quot;false&quot;,&quot;lightBoxFullscreen&quot;:&quot;false&quot;,&quot;lightboxCloseOnClick&quot;:&quot;false&quot;,&quot;showTitle&quot;:&quot;false&quot;,&quot;showDate&quot;:&quot;false&quot;,&quot;hideThumbnail&quot;:&quot;false&quot;,&quot;lightboxMarginV&quot;:&quot;0&quot;,&quot;lightboxMarginH&quot;:&quot;0&quot;,&quot;lightboxLinkNewWindow&quot;:&quot;true&quot;,&quot;lights&quot;:&quot;true&quot;,&quot;lightPositionX&quot;:&quot;0&quot;,&quot;lightPositionY&quot;:&quot;150&quot;,&quot;lightPositionZ&quot;:&quot;1400&quot;,&quot;lightIntensity&quot;:&quot;0.6&quot;,&quot;shadows&quot;:&quot;true&quot;,&quot;shadowOpacity&quot;:&quot;0.2&quot;,&quot;pageHardness&quot;:&quot;2&quot;,&quot;coverHardness&quot;:&quot;2&quot;,&quot;pageRoughness&quot;:&quot;1&quot;,&quot;pageMetalness&quot;:&quot;0&quot;,&quot;pageSegmentsW&quot;:&quot;6&quot;,&quot;pageMiddleShadowSize&quot;:&quot;2&quot;,&quot;pageMiddleShadowColorL&quot;:&quot;#999999&quot;,&quot;pageMiddleShadowColorR&quot;:&quot;#777777&quot;,&quot;antialias&quot;:&quot;false&quot;,&quot;pan&quot;:&quot;0&quot;,&quot;tilt&quot;:&quot;0&quot;,&quot;rotateCameraOnMouseDrag&quot;:&quot;true&quot;,&quot;panMax&quot;:&quot;20&quot;,&quot;panMin&quot;:&quot;-20&quot;,&quot;tiltMax&quot;:&quot;0&quot;,&quot;tiltMin&quot;:&quot;-60&quot;,&quot;currentPage&quot;:{&quot;enabled&quot;:&quot;true&quot;,&quot;title&quot;:&quot;Current page&quot;,&quot;vAlign&quot;:&quot;top&quot;,&quot;hAlign&quot;:&quot;left&quot;},&quot;btnFirst&quot;:{&quot;enabled&quot;:&quot;false&quot;,&quot;title&quot;:&quot;First Page&quot;},&quot;btnPrev&quot;:{&quot;enabled&quot;:&quot;true&quot;,&quot;title&quot;:&quot;Previous Page&quot;},&quot;btnNext&quot;:{&quot;enabled&quot;:&quot;true&quot;,&quot;title&quot;:&quot;Next Page&quot;},&quot;btnLast&quot;:{&quot;enabled&quot;:&quot;false&quot;,&quot;title&quot;:&quot;Last Page&quot;},&quot;btnAutoplay&quot;:{&quot;enabled&quot;:&quot;true&quot;,&quot;title&quot;:&quot;Autoplay&quot;},&quot;btnZoomIn&quot;:{&quot;enabled&quot;:&quot;true&quot;,&quot;title&quot;:&quot;Zoom in&quot;},&quot;btnZoomOut&quot;:{&quot;enabled&quot;:&quot;true&quot;,&quot;title&quot;:&quot;Zoom out&quot;},&quot;btnToc&quot;:{&quot;enabled&quot;:&quot;true&quot;,&quot;title&quot;:&quot;Table of Contents&quot;},&quot;btnThumbs&quot;:{&quot;enabled&quot;:&quot;true&quot;,&quot;title&quot;:&quot;Pages&quot;},&quot;btnShare&quot;:{&quot;enabled&quot;:&quot;true&quot;,&quot;title&quot;:&quot;Share&quot;},&quot;btnPrint&quot;:{&quot;enabled&quot;:&quot;true&quot;,&quot;title&quot;:&quot;Print&quot;},&quot;btnDownloadPages&quot;:{&quot;enabled&quot;:&quot;false&quot;,&quot;title&quot;:&quot;Download pages&quot;},&quot;btnDownloadPdf&quot;:{&quot;enabled&quot;:&quot;true&quot;,&quot;title&quot;:&quot;Download PDF&quot;},&quot;btnSound&quot;:{&quot;enabled&quot;:&quot;true&quot;,&quot;title&quot;:&quot;Sound&quot;},&quot;btnExpand&quot;:{&quot;enabled&quot;:&quot;true&quot;,&quot;title&quot;:&quot;Toggle fullscreen&quot;},&quot;btnSelect&quot;:{&quot;enabled&quot;:&quot;true&quot;,&quot;title&quot;:&quot;Select tool&quot;},&quot;btnSearch&quot;:{&quot;enabled&quot;:&quot;false&quot;,&quot;title&quot;:&quot;Search&quot;},&quot;btnBookmark&quot;:{&quot;enabled&quot;:&quot;false&quot;,&quot;title&quot;:&quot;Bookmark&quot;},&quot;whatsapp&quot;:{&quot;enabled&quot;:&quot;true&quot;},&quot;twitter&quot;:{&quot;enabled&quot;:&quot;true&quot;},&quot;facebook&quot;:{&quot;enabled&quot;:&quot;true&quot;},&quot;pinterest&quot;:{&quot;enabled&quot;:&quot;true&quot;},&quot;email&quot;:{&quot;enabled&quot;:&quot;true&quot;},&quot;reddit&quot;:{&quot;enabled&quot;:&quot;false&quot;},&quot;digg&quot;:{&quot;enabled&quot;:&quot;false&quot;},&quot;linkedin&quot;:{&quot;enabled&quot;:&quot;true&quot;},&quot;layout&quot;:&quot;1&quot;,&quot;skin&quot;:&quot;light&quot;,&quot;icons&quot;:&quot;FontAwesome&quot;,&quot;skinBackground&quot;:&quot;#217bc3&quot;,&quot;backgroundColor&quot;:&quot;#f3f3f3&quot;,&quot;backgroundTransparent&quot;:&quot;false&quot;,&quot;menu2Margin&quot;:&quot;0&quot;,&quot;menu2Padding&quot;:&quot;0&quot;,&quot;menu2OverBook&quot;:&quot;true&quot;,&quot;menu2Transparent&quot;:&quot;true&quot;,&quot;menu2Floating&quot;:&quot;false&quot;,&quot;menuMargin&quot;:&quot;0&quot;,&quot;menuPadding&quot;:&quot;0&quot;,&quot;menuOverBook&quot;:&quot;false&quot;,&quot;menuTransparent&quot;:&quot;false&quot;,&quot;menuFloating&quot;:&quot;false&quot;,&quot;hideMenu&quot;:&quot;false&quot;,&quot;btnColor&quot;:&quot;#ffffff&quot;,&quot;btnBackground&quot;:&quot;none&quot;,&quot;btnRadius&quot;:&quot;0&quot;,&quot;btnMargin&quot;:&quot;0&quot;,&quot;btnSize&quot;:&quot;14&quot;,&quot;btnPaddingV&quot;:&quot;10&quot;,&quot;btnPaddingH&quot;:&quot;10&quot;,&quot;sideNavigationButtons&quot;:&quot;true&quot;,&quot;sideBtnColor&quot;:&quot;#fff&quot;,&quot;sideBtnBackground&quot;:&quot;rgba(0,0,0,.3)&quot;,&quot;sideBtnRadius&quot;:&quot;0&quot;,&quot;sideBtnMargin&quot;:&quot;0&quot;,&quot;sideBtnSize&quot;:&quot;30&quot;,&quot;sideBtnPaddingV&quot;:&quot;5&quot;,&quot;sideBtnPaddingH&quot;:&quot;5&quot;,&quot;sideMenuOverBook&quot;:&quot;true&quot;,&quot;sideMenuOverMenu&quot;:&quot;true&quot;,&quot;sideMenuOverMenu2&quot;:&quot;true&quot;,&quot;strings&quot;:{&quot;print&quot;:&quot;Print&quot;,&quot;printLeftPage&quot;:&quot;Print left page&quot;,&quot;printRightPage&quot;:&quot;Print right page&quot;,&quot;printCurrentPage&quot;:&quot;Print current page&quot;,&quot;printAllPages&quot;:&quot;Print all pages&quot;,&quot;download&quot;:&quot;Download&quot;,&quot;downloadLeftPage&quot;:&quot;Download left page&quot;,&quot;downloadRightPage&quot;:&quot;Download right page&quot;,&quot;downloadCurrentPage&quot;:&quot;Download current page&quot;,&quot;downloadAllPages&quot;:&quot;Download all pages&quot;,&quot;bookmarks&quot;:&quot;Bookmarks&quot;,&quot;bookmarkLeftPage&quot;:&quot;Bookmark left page&quot;,&quot;bookmarkRightPage&quot;:&quot;Bookmark right page&quot;,&quot;bookmarkCurrentPage&quot;:&quot;Bookmark current page&quot;,&quot;search&quot;:&quot;Search&quot;,&quot;findInDocument&quot;:&quot;Find in document&quot;,&quot;pagesFoundContaining&quot;:&quot;pages found containing&quot;,&quot;thumbnails&quot;:&quot;Thumbnails&quot;,&quot;tableOfContent&quot;:&quot;Table of Contents&quot;,&quot;share&quot;:&quot;Share&quot;,&quot;pressEscToClose&quot;:&quot;Press ESC to close&quot;},&quot;name&quot;:&quot;Serie CEX&quot;,&quot;post_id&quot;:52786,&quot;pdfUrl&quot;:&quot;https:\\\/\\\/19zoll.com\\\/wp-content\\\/uploads\\\/2022\\\/11\\\/CEX-Serie-Katalog-2.pdf&quot;,&quot;id&quot;:&quot;53&quot;,&quot;bookId&quot;:&quot;53&quot;,&quot;lightboxThumbnailUrl&quot;:&quot;https:\\\/\\\/19zoll.com\\\/wp-content\\\/uploads\\\/real3d-flipbook\\\/flipbook_53\\\/thumb.jpg?1669829355906&quot;,&quot;rootFolder&quot;:&quot;https:\\\/\\\/19zoll.com\\\/wp-content\\\/plugins\\\/real3d-flipbook\\\/&quot;,&quot;version&quot;:&quot;3.32&quot;,&quot;uniqueId&quot;:&quot;53_69df3bfd7f5f4&quot;,&quot;date&quot;:&quot;2022-11-30&quot;}\"><\/div>[\/et_pb_code][\/et_pb_column][\/et_pb_row][\/et_pb_section]<\/p>\n","protected":false},"excerpt":{"rendered":"<p>Bo\u00eetier design en aluminium s\u00e9rie CEX (sans vis apparentes) La s\u00e9rie CEX est une toute nouvelle s\u00e9rie de bo\u00eetiers qui impressionne par son design compact sans vis apparentes et sa qualit\u00e9 exceptionnelle. Les points forts en bref : Pas de vis visibles &#8211; seulement quatre vis dans le sol Possibilit\u00e9 de fixer directement des circuits [&hellip;]<\/p>\n","protected":false},"author":1,"featured_media":0,"parent":0,"menu_order":0,"comment_status":"closed","ping_status":"closed","template":"","meta":{"_et_pb_use_builder":"on","_et_pb_old_content":"","_et_gb_content_width":"","inline_featured_image":false,"footnotes":""},"class_list":["post-55678","page","type-page","status-publish","hentry"],"yoast_head":"<!-- This site is optimized with the Yoast SEO plugin v27.4 - https:\/\/yoast.com\/product\/yoast-seo-wordpress\/ -->\n<title>Bo\u00eetiers design en aluminium s\u00e9rie CEX - Daub CNC Technik<\/title>\n<meta name=\"description\" content=\"Bo\u00eetier en aluminium, ordinateur, bureau, anodis\u00e9, \u00e9lectronique, affichage, CEM, usinage, marquage, int\u00e9gration \u00e9lectronique, bo\u00eetier vide, design\" \/>\n<meta name=\"robots\" content=\"index, follow, max-snippet:-1, max-image-preview:large, max-video-preview:-1\" \/>\n<link rel=\"canonical\" href=\"https:\/\/19zoll.com\/fr\/serie-cex\/\" \/>\n<meta property=\"og:locale\" content=\"fr_FR\" \/>\n<meta property=\"og:type\" content=\"article\" \/>\n<meta property=\"og:title\" content=\"Bo\u00eetiers design en aluminium s\u00e9rie CEX - Daub CNC Technik\" \/>\n<meta property=\"og:description\" content=\"Bo\u00eetier en aluminium, ordinateur, bureau, anodis\u00e9, \u00e9lectronique, affichage, CEM, usinage, marquage, int\u00e9gration \u00e9lectronique, bo\u00eetier vide, design\" \/>\n<meta property=\"og:url\" content=\"https:\/\/19zoll.com\/fr\/serie-cex\/\" \/>\n<meta property=\"og:site_name\" content=\"Daub CNC\" \/>\n<meta property=\"article:modified_time\" content=\"2025-03-25T13:43:27+00:00\" \/>\n<meta property=\"og:image\" content=\"https:\/\/19zoll.com\/wp-content\/uploads\/2021\/12\/aluminiumgehaeuse-serie-itc.png\" \/>\n<meta name=\"twitter:card\" content=\"summary_large_image\" \/>\n<meta name=\"twitter:title\" content=\"Bo\u00eetiers design en aluminium s\u00e9rie CEX - Daub CNC Technik\" \/>\n<meta name=\"twitter:description\" content=\"Bo\u00eetier en aluminium, ordinateur, bureau, anodis\u00e9, \u00e9lectronique, affichage, CEM, usinage, marquage, int\u00e9gration \u00e9lectronique, bo\u00eetier vide, design\" \/>\n<meta name=\"twitter:image\" content=\"https:\/\/19zoll.com\/wp-content\/uploads\/2021\/12\/aluminiumgehaeuse-serie-itc.png\" \/>\n<meta name=\"twitter:label1\" content=\"Dur\u00e9e de lecture estim\u00e9e\" \/>\n\t<meta name=\"twitter:data1\" content=\"3 minutes\" \/>\n<script type=\"application\/ld+json\" class=\"yoast-schema-graph\">{\"@context\":\"https:\\\/\\\/schema.org\",\"@graph\":[{\"@type\":\"WebPage\",\"@id\":\"https:\\\/\\\/19zoll.com\\\/fr\\\/serie-cex\\\/\",\"url\":\"https:\\\/\\\/19zoll.com\\\/fr\\\/serie-cex\\\/\",\"name\":\"Bo\u00eetiers design en aluminium s\u00e9rie CEX - Daub CNC Technik\",\"isPartOf\":{\"@id\":\"https:\\\/\\\/19zoll.com\\\/#website\"},\"datePublished\":\"2022-11-07T12:12:32+00:00\",\"dateModified\":\"2025-03-25T13:43:27+00:00\",\"description\":\"Bo\u00eetier en aluminium, ordinateur, bureau, anodis\u00e9, \u00e9lectronique, affichage, CEM, usinage, marquage, int\u00e9gration \u00e9lectronique, bo\u00eetier vide, design\",\"breadcrumb\":{\"@id\":\"https:\\\/\\\/19zoll.com\\\/fr\\\/serie-cex\\\/#breadcrumb\"},\"inLanguage\":\"fr-FR\",\"potentialAction\":[{\"@type\":\"ReadAction\",\"target\":[\"https:\\\/\\\/19zoll.com\\\/fr\\\/serie-cex\\\/\"]}]},{\"@type\":\"BreadcrumbList\",\"@id\":\"https:\\\/\\\/19zoll.com\\\/fr\\\/serie-cex\\\/#breadcrumb\",\"itemListElement\":[{\"@type\":\"ListItem\",\"position\":1,\"name\":\"Startseite\",\"item\":\"https:\\\/\\\/19zoll.com\\\/fr\\\/accueil\\\/\"},{\"@type\":\"ListItem\",\"position\":2,\"name\":\"S\u00e9rie CEX\"}]},{\"@type\":\"WebSite\",\"@id\":\"https:\\\/\\\/19zoll.com\\\/#website\",\"url\":\"https:\\\/\\\/19zoll.com\\\/\",\"name\":\"Daub CNC\",\"description\":\"Ein Webprojekt von IhrMediengestalter\",\"potentialAction\":[{\"@type\":\"SearchAction\",\"target\":{\"@type\":\"EntryPoint\",\"urlTemplate\":\"https:\\\/\\\/19zoll.com\\\/?s={search_term_string}\"},\"query-input\":{\"@type\":\"PropertyValueSpecification\",\"valueRequired\":true,\"valueName\":\"search_term_string\"}}],\"inLanguage\":\"fr-FR\"}]}<\/script>\n<!-- \/ Yoast SEO plugin. -->","yoast_head_json":{"title":"Bo\u00eetiers design en aluminium s\u00e9rie CEX - Daub CNC Technik","description":"Bo\u00eetier en aluminium, ordinateur, bureau, anodis\u00e9, \u00e9lectronique, affichage, CEM, usinage, marquage, int\u00e9gration \u00e9lectronique, bo\u00eetier vide, design","robots":{"index":"index","follow":"follow","max-snippet":"max-snippet:-1","max-image-preview":"max-image-preview:large","max-video-preview":"max-video-preview:-1"},"canonical":"https:\/\/19zoll.com\/fr\/serie-cex\/","og_locale":"fr_FR","og_type":"article","og_title":"Bo\u00eetiers design en aluminium s\u00e9rie CEX - Daub CNC Technik","og_description":"Bo\u00eetier en aluminium, ordinateur, bureau, anodis\u00e9, \u00e9lectronique, affichage, CEM, usinage, marquage, int\u00e9gration \u00e9lectronique, bo\u00eetier vide, design","og_url":"https:\/\/19zoll.com\/fr\/serie-cex\/","og_site_name":"Daub CNC","article_modified_time":"2025-03-25T13:43:27+00:00","og_image":[{"url":"https:\/\/19zoll.com\/wp-content\/uploads\/2021\/12\/aluminiumgehaeuse-serie-itc.png","type":"","width":"","height":""}],"twitter_card":"summary_large_image","twitter_title":"Bo\u00eetiers design en aluminium s\u00e9rie CEX - Daub CNC Technik","twitter_description":"Bo\u00eetier en aluminium, ordinateur, bureau, anodis\u00e9, \u00e9lectronique, affichage, CEM, usinage, marquage, int\u00e9gration \u00e9lectronique, bo\u00eetier vide, design","twitter_image":"https:\/\/19zoll.com\/wp-content\/uploads\/2021\/12\/aluminiumgehaeuse-serie-itc.png","twitter_misc":{"Dur\u00e9e de lecture estim\u00e9e":"3 minutes"},"schema":{"@context":"https:\/\/schema.org","@graph":[{"@type":"WebPage","@id":"https:\/\/19zoll.com\/fr\/serie-cex\/","url":"https:\/\/19zoll.com\/fr\/serie-cex\/","name":"Bo\u00eetiers design en aluminium s\u00e9rie CEX - Daub CNC Technik","isPartOf":{"@id":"https:\/\/19zoll.com\/#website"},"datePublished":"2022-11-07T12:12:32+00:00","dateModified":"2025-03-25T13:43:27+00:00","description":"Bo\u00eetier en aluminium, ordinateur, bureau, anodis\u00e9, \u00e9lectronique, affichage, CEM, usinage, marquage, int\u00e9gration \u00e9lectronique, bo\u00eetier vide, design","breadcrumb":{"@id":"https:\/\/19zoll.com\/fr\/serie-cex\/#breadcrumb"},"inLanguage":"fr-FR","potentialAction":[{"@type":"ReadAction","target":["https:\/\/19zoll.com\/fr\/serie-cex\/"]}]},{"@type":"BreadcrumbList","@id":"https:\/\/19zoll.com\/fr\/serie-cex\/#breadcrumb","itemListElement":[{"@type":"ListItem","position":1,"name":"Startseite","item":"https:\/\/19zoll.com\/fr\/accueil\/"},{"@type":"ListItem","position":2,"name":"S\u00e9rie CEX"}]},{"@type":"WebSite","@id":"https:\/\/19zoll.com\/#website","url":"https:\/\/19zoll.com\/","name":"Daub CNC","description":"Ein Webprojekt von IhrMediengestalter","potentialAction":[{"@type":"SearchAction","target":{"@type":"EntryPoint","urlTemplate":"https:\/\/19zoll.com\/?s={search_term_string}"},"query-input":{"@type":"PropertyValueSpecification","valueRequired":true,"valueName":"search_term_string"}}],"inLanguage":"fr-FR"}]}},"_links":{"self":[{"href":"https:\/\/19zoll.com\/fr\/wp-json\/wp\/v2\/pages\/55678","targetHints":{"allow":["GET"]}}],"collection":[{"href":"https:\/\/19zoll.com\/fr\/wp-json\/wp\/v2\/pages"}],"about":[{"href":"https:\/\/19zoll.com\/fr\/wp-json\/wp\/v2\/types\/page"}],"author":[{"embeddable":true,"href":"https:\/\/19zoll.com\/fr\/wp-json\/wp\/v2\/users\/1"}],"replies":[{"embeddable":true,"href":"https:\/\/19zoll.com\/fr\/wp-json\/wp\/v2\/comments?post=55678"}],"version-history":[{"count":16,"href":"https:\/\/19zoll.com\/fr\/wp-json\/wp\/v2\/pages\/55678\/revisions"}],"predecessor-version":[{"id":59770,"href":"https:\/\/19zoll.com\/fr\/wp-json\/wp\/v2\/pages\/55678\/revisions\/59770"}],"wp:attachment":[{"href":"https:\/\/19zoll.com\/fr\/wp-json\/wp\/v2\/media?parent=55678"}],"curies":[{"name":"wp","href":"https:\/\/api.w.org\/{rel}","templated":true}]}}