{"id":55498,"date":"2021-12-03T17:51:53","date_gmt":"2021-12-03T16:51:53","guid":{"rendered":"https:\/\/19zoll.com\/la-empresa\/"},"modified":"2025-03-25T14:24:25","modified_gmt":"2025-03-25T13:24:25","slug":"la-empresa","status":"publish","type":"page","link":"https:\/\/19zoll.com\/es\/la-empresa\/","title":{"rendered":"La empresa"},"content":{"rendered":"<p>[et_pb_section fb_built=\u00bb1&#8243; _builder_version=\u00bb4.23.1&#8243; _module_preset=\u00bbdefault\u00bb background_color=\u00bb#F3F3F3&#8243; border_width_bottom=\u00bb3px\u00bb border_color_bottom=\u00bb#FFFFFF\u00bb global_colors_info=\u00bb{}\u00bb][et_pb_row _builder_version=\u00bb4.16&#8243; _module_preset=\u00bbdefault\u00bb global_colors_info=\u00bb{}\u00bb][et_pb_column type=\u00bb4_4&#8243; _builder_version=\u00bb4.16&#8243; _module_preset=\u00bbdefault\u00bb global_colors_info=\u00bb{}\u00bb][et_pb_text _builder_version=\u00bb4.16&#8243; _module_preset=\u00bbdefault\u00bb text_text_color=\u00bb#3B3B3B\u00bb text_font_size=\u00bb15px\u00bb text_line_height=\u00bb1.8em\u00bb header_font=\u00bb|700|||||||\u00bb header_text_color=\u00bb#3B3B3B\u00bb header_line_height=\u00bb1.3em\u00bb global_colors_info=\u00bb{}\u00bb]<\/p>\n<div id=\"c76\" class=\"csc-default csc-space-before-30 csc-space-after-50\">\n<div class=\"csc-header csc-header-n1\">\n<h1 class=\"csc-firstHeader\">Tecnolog\u00eda CNC Daub en Wenden<\/h1>\n<\/div>\n<p class=\"bodytext\"><span>Fundada en 1997 por Detlev Daub, la entonces empresa unipersonal Daub CNC Technik inicialmente s\u00f3lo ofrec\u00eda procesamiento CNC de chapas met\u00e1licas para clientes locales. En la actualidad, Daub CNC Technik GmbH und Co KG es sin\u00f3nimo de experiencia en producci\u00f3n intersectorial y calidad de primera clase en el mecanizado y la producci\u00f3n de productos personalizados. El parque de maquinaria del centro de producci\u00f3n de Wenden cuenta con 12 fresadoras, y un nuevo almac\u00e9n y centro log\u00edstico ofrecer\u00e1 espacio para 800 palets en el futuro. Para ofrecer a\u00fan m\u00e1s posibilidades, 26 empleados trabajan constantemente en la ampliaci\u00f3n de la gama de productos y la presencia de la marca en toda Europa.   Comprueba por ti mismo la experiencia y la versatilidad: te invitamos a que eches un vistazo a los productos Daub en la sala de exposiciones de Wenden y te hagas una idea de la producci\u00f3n moderna.<\/span><\/p>\n<\/div>\n<p>[\/et_pb_text][\/et_pb_column][\/et_pb_row][\/et_pb_section][et_pb_section fb_built=\u00bb1&#8243; _builder_version=\u00bb4.16&#8243; _module_preset=\u00bbdefault\u00bb background_color=\u00bb#F3F3F3&#8243; global_colors_info=\u00bb{}\u00bb][et_pb_row _builder_version=\u00bb4.16&#8243; _module_preset=\u00bbdefault\u00bb global_colors_info=\u00bb{}\u00bb][et_pb_column type=\u00bb4_4&#8243; _builder_version=\u00bb4.16&#8243; _module_preset=\u00bbdefault\u00bb global_colors_info=\u00bb{}\u00bb][et_pb_text _builder_version=\u00bb4.23.1&#8243; _module_preset=\u00bbdefault\u00bb text_text_color=\u00bb#3B3B3B\u00bb text_font_size=\u00bb15px\u00bb text_line_height=\u00bb1.8em\u00bb header_font=\u00bb|700|||||||\u00bb header_text_color=\u00bb#3B3B3B\u00bb header_line_height=\u00bb1.3em\u00bb global_colors_info=\u00bb{}\u00bb]<\/p>\n<div id=\"c76\" class=\"csc-default csc-space-before-30 csc-space-after-50\">\n<div class=\"csc-header csc-header-n1\">\n<h1 class=\"csc-firstHeader\"><b>Una imagen vale m\u00e1s que mil palabras, \u00a1y una pel\u00edcula a\u00fan m\u00e1s!<\/b><\/h1>\n<\/div>\n<p class=\"bodytext\"><span>D\u00e9jate inspirar por la calidad y la precisi\u00f3n que hay detr\u00e1s de cada producto y servicio de Daub CNC Technik.<\/span><\/p>\n<\/div>\n<p>[\/et_pb_text][et_pb_video src=\u00bbhttps:\/\/19zoll.com\/wp-content\/uploads\/2024\/03\/Imagefilm-D-1.mp4&#8243; _builder_version=\u00bb4.24.2&#8243; _module_preset=\u00bbdefault\u00bb global_colors_info=\u00bb{}\u00bb src__hover_enabled=\u00bbon|hover\u00bb src__hover=\u00bbhttps:\/\/19zoll.com\/wp-content\/uploads\/2024\/03\/Imagefilm-D-1.mp4&#8243;][\/et_pb_video][\/et_pb_column][\/et_pb_row][\/et_pb_section][et_pb_section fb_built=\u00bb1&#8243; _builder_version=\u00bb4.16&#8243; _module_preset=\u00bbdefault\u00bb background_color=\u00bb#F3F3F3&#8243; max_width=\u00bb100%\u00bb custom_margin=\u00bb3px||0px||false|true\u00bb custom_padding=\u00bb0px||0px||false|false\u00bb custom_css_main_element=\u00bbdisplay:flex; flex-direction:column;\u00bb global_colors_info=\u00bb{}\u00bb][et_pb_row column_structure=\u00bb1_3,1_3,1_3&#8243; use_custom_gutter=\u00bbon\u00bb gutter_width=\u00bb1&#8243; make_equal=\u00bbon\u00bb _builder_version=\u00bb4.16&#8243; _module_preset=\u00bbdefault\u00bb width=\u00bb100%\u00bb max_width=\u00bb100%\u00bb custom_padding=\u00bb0px||0px||false|false\u00bb border_width_bottom=\u00bb3px\u00bb border_color_bottom=\u00bb#FFFFFF\u00bb global_colors_info=\u00bb{}\u00bb][et_pb_column type=\u00bb1_3&#8243; _builder_version=\u00bb4.16&#8243; _module_preset=\u00bbdefault\u00bb global_colors_info=\u00bb{}\u00bb][dsm_icon_list _builder_version=\u00bb4.16&#8243; _dynamic_attributes=\u00bblink_option_url\u00bb _module_preset=\u00bbdefault\u00bb text_line_height=\u00bb1.3em\u00bb link_option_url=\u00bb@ET-DC@eyJkeW5hbWljIjp0cnVlLCJjb250ZW50IjoicG9zdF9saW5rX3VybF9wYWdlIiwic2V0dGluZ3MiOnsicG9zdF9pZCI6IjQ5OTgyIn19@\u00bb global_colors_info=\u00bb{}\u00bb background__hover_enabled=\u00bbon|hover\u00bb background_color__hover=\u00bb#FFFFFF\u00bb background_enable_color__hover=\u00bbon\u00bb][dsm_icon_list_child text=\u00bbNoticias\u00bb font_icon=\u00bb&#xf1ea;||fa||400&#8243; icon_color=\u00bb#3B3B3B\u00bb icon_padding=\u00bb20px\u00bb icon_font_size=\u00bb100px\u00bb _builder_version=\u00bb4.16&#8243; _module_preset=\u00bbdefault\u00bb text_text_color=\u00bb#3B3B3B\u00bb text_font_size=\u00bb22px\u00bb custom_margin=\u00bb|40px||40px|false|true\u00bb global_colors_info=\u00bb{}\u00bb][\/dsm_icon_list_child][\/dsm_icon_list][\/et_pb_column][et_pb_column type=\u00bb1_3&#8243; _builder_version=\u00bb4.16&#8243; _module_preset=\u00bbdefault\u00bb custom_padding=\u00bb||||true|false\u00bb border_width_right=\u00bb3px\u00bb border_color_right=\u00bb#FFFFFF\u00bb border_width_left=\u00bb3px\u00bb border_color_left=\u00bb#FFFFFF\u00bb global_colors_info=\u00bb{}\u00bb][dsm_button _builder_version=\u00bb4.16&#8243; _module_preset=\u00bbdefault\u00bb global_colors_info=\u00bb{}\u00bb][\/dsm_button][dsm_icon_list _builder_version=\u00bb4.16&#8243; _dynamic_attributes=\u00bblink_option_url\u00bb _module_preset=\u00bbdefault\u00bb text_line_height=\u00bb1.3em\u00bb link_option_url=\u00bb@ET-DC@eyJkeW5hbWljIjp0cnVlLCJjb250ZW50IjoicG9zdF9saW5rX3VybF9wYWdlIiwic2V0dGluZ3MiOnsicG9zdF9pZCI6IjQ5NjYxIn19@\u00bb global_colors_info=\u00bb{}\u00bb background__hover_enabled=\u00bbon|hover\u00bb background_color__hover=\u00bb#FFFFFF\u00bb background_enable_color__hover=\u00bbon\u00bb][dsm_icon_list_child text=\u00bbHistoria\u00bb font_icon=\u00bb&#xf02d;||fa||900&#8243; icon_color=\u00bb#3B3B3B\u00bb icon_padding=\u00bb20px\u00bb icon_font_size=\u00bb100px\u00bb _builder_version=\u00bb4.16&#8243; _module_preset=\u00bbdefault\u00bb text_text_color=\u00bb#3B3B3B\u00bb text_font_size=\u00bb22px\u00bb custom_margin=\u00bb|40px||40px|false|true\u00bb global_colors_info=\u00bb{}\u00bb][\/dsm_icon_list_child][\/dsm_icon_list][\/et_pb_column][et_pb_column type=\u00bb1_3&#8243; _builder_version=\u00bb4.16&#8243; _module_preset=\u00bbdefault\u00bb global_colors_info=\u00bb{}\u00bb][dsm_icon_list _builder_version=\u00bb4.16&#8243; _dynamic_attributes=\u00bblink_option_url\u00bb _module_preset=\u00bbdefault\u00bb text_line_height=\u00bb1.3em\u00bb link_option_url=\u00bb@ET-DC@eyJkeW5hbWljIjp0cnVlLCJjb250ZW50IjoicG9zdF9saW5rX3VybF9wYWdlIiwic2V0dGluZ3MiOnsicG9zdF9pZCI6IjUwMDA0In19@\u00bb global_colors_info=\u00bb{}\u00bb background__hover_enabled=\u00bbon|hover\u00bb background_color__hover=\u00bb#FFFFFF\u00bb background_enable_color__hover=\u00bbon\u00bb][dsm_icon_list_child text=\u00bbEmpleo\u00bb font_icon=\u00bb&#xf0f0;||fa||900&#8243; icon_color=\u00bb#3B3B3B\u00bb icon_padding=\u00bb20px\u00bb icon_font_size=\u00bb100px\u00bb _builder_version=\u00bb4.16&#8243; _module_preset=\u00bbdefault\u00bb text_text_color=\u00bb#3B3B3B\u00bb text_font_size=\u00bb22px\u00bb custom_margin=\u00bb|40px||40px|false|true\u00bb global_colors_info=\u00bb{}\u00bb][\/dsm_icon_list_child][\/dsm_icon_list][\/et_pb_column][\/et_pb_row][\/et_pb_section]<\/p>\n","protected":false},"excerpt":{"rendered":"<p>Tecnolog\u00eda CNC Daub en Wenden Fundada en 1997 por Detlev Daub, la entonces empresa unipersonal Daub CNC Technik inicialmente s\u00f3lo ofrec\u00eda procesamiento CNC de chapas met\u00e1licas para clientes locales. En la actualidad, Daub CNC Technik GmbH und Co KG es sin\u00f3nimo de experiencia en producci\u00f3n intersectorial y calidad de primera clase en el mecanizado y [&hellip;]<\/p>\n","protected":false},"author":1,"featured_media":0,"parent":0,"menu_order":0,"comment_status":"closed","ping_status":"closed","template":"","meta":{"_et_pb_use_builder":"on","_et_pb_old_content":"","_et_gb_content_width":"","inline_featured_image":false,"footnotes":""},"class_list":["post-55498","page","type-page","status-publish","hentry"],"yoast_head":"<!-- This site is optimized with the Yoast SEO plugin v27.3 - https:\/\/yoast.com\/product\/yoast-seo-wordpress\/ -->\n<title>Daub CNC Technik GmbH y Co. KG en Wenden<\/title>\n<meta name=\"description\" content=\"Detlev Daub, Volker Kaluza, mecanizado CNC, carcasa, mecanizado de aluminio, 19 pulgadas, carcasa electr\u00f3nica, Takachi, anodizado, piezas fresadas, impresi\u00f3n\" \/>\n<meta name=\"robots\" content=\"index, follow, max-snippet:-1, max-image-preview:large, max-video-preview:-1\" \/>\n<link rel=\"canonical\" href=\"https:\/\/19zoll.com\/es\/la-empresa\/\" \/>\n<meta property=\"og:locale\" content=\"es_ES\" \/>\n<meta property=\"og:type\" content=\"article\" \/>\n<meta property=\"og:title\" content=\"Daub CNC Technik GmbH y Co. KG en Wenden\" \/>\n<meta property=\"og:description\" content=\"Detlev Daub, Volker Kaluza, mecanizado CNC, carcasa, mecanizado de aluminio, 19 pulgadas, carcasa electr\u00f3nica, Takachi, anodizado, piezas fresadas, impresi\u00f3n\" \/>\n<meta property=\"og:url\" content=\"https:\/\/19zoll.com\/es\/la-empresa\/\" \/>\n<meta property=\"og:site_name\" content=\"Daub CNC\" \/>\n<meta property=\"article:modified_time\" content=\"2025-03-25T13:24:25+00:00\" \/>\n<meta property=\"og:image\" content=\"https:\/\/19zoll.com\/wp-content\/uploads\/2022\/04\/daub-logo-png.png\" \/>\n<meta name=\"twitter:card\" content=\"summary_large_image\" \/>\n<meta name=\"twitter:title\" content=\"Daub CNC Technik GmbH y Co. KG en Wenden\" \/>\n<meta name=\"twitter:description\" content=\"Detlev Daub, Volker Kaluza, mecanizado CNC, carcasa, mecanizado de aluminio, 19 pulgadas, carcasa electr\u00f3nica, Takachi, anodizado, piezas fresadas, impresi\u00f3n\" \/>\n<meta name=\"twitter:image\" content=\"https:\/\/19zoll.com\/wp-content\/uploads\/2022\/04\/daub-logo-png.png\" \/>\n<meta name=\"twitter:label1\" content=\"Tiempo de lectura\" \/>\n\t<meta name=\"twitter:data1\" content=\"5 minutos\" \/>\n<script type=\"application\/ld+json\" class=\"yoast-schema-graph\">{\"@context\":\"https:\\\/\\\/schema.org\",\"@graph\":[{\"@type\":\"WebPage\",\"@id\":\"https:\\\/\\\/19zoll.com\\\/es\\\/la-empresa\\\/\",\"url\":\"https:\\\/\\\/19zoll.com\\\/es\\\/la-empresa\\\/\",\"name\":\"Daub CNC Technik GmbH y Co. KG en Wenden\",\"isPartOf\":{\"@id\":\"https:\\\/\\\/19zoll.com\\\/#website\"},\"datePublished\":\"2021-12-03T16:51:53+00:00\",\"dateModified\":\"2025-03-25T13:24:25+00:00\",\"description\":\"Detlev Daub, Volker Kaluza, mecanizado CNC, carcasa, mecanizado de aluminio, 19 pulgadas, carcasa electr\u00f3nica, Takachi, anodizado, piezas fresadas, impresi\u00f3n\",\"breadcrumb\":{\"@id\":\"https:\\\/\\\/19zoll.com\\\/es\\\/la-empresa\\\/#breadcrumb\"},\"inLanguage\":\"es\",\"potentialAction\":[{\"@type\":\"ReadAction\",\"target\":[\"https:\\\/\\\/19zoll.com\\\/es\\\/la-empresa\\\/\"]}]},{\"@type\":\"BreadcrumbList\",\"@id\":\"https:\\\/\\\/19zoll.com\\\/es\\\/la-empresa\\\/#breadcrumb\",\"itemListElement\":[{\"@type\":\"ListItem\",\"position\":1,\"name\":\"Startseite\",\"item\":\"https:\\\/\\\/19zoll.com\\\/es\\\/inicio\\\/\"},{\"@type\":\"ListItem\",\"position\":2,\"name\":\"La empresa\"}]},{\"@type\":\"WebSite\",\"@id\":\"https:\\\/\\\/19zoll.com\\\/#website\",\"url\":\"https:\\\/\\\/19zoll.com\\\/\",\"name\":\"Daub CNC\",\"description\":\"Ein Webprojekt von IhrMediengestalter\",\"potentialAction\":[{\"@type\":\"SearchAction\",\"target\":{\"@type\":\"EntryPoint\",\"urlTemplate\":\"https:\\\/\\\/19zoll.com\\\/?s={search_term_string}\"},\"query-input\":{\"@type\":\"PropertyValueSpecification\",\"valueRequired\":true,\"valueName\":\"search_term_string\"}}],\"inLanguage\":\"es\"}]}<\/script>\n<!-- \/ Yoast SEO plugin. -->","yoast_head_json":{"title":"Daub CNC Technik GmbH y Co. KG en Wenden","description":"Detlev Daub, Volker Kaluza, mecanizado CNC, carcasa, mecanizado de aluminio, 19 pulgadas, carcasa electr\u00f3nica, Takachi, anodizado, piezas fresadas, impresi\u00f3n","robots":{"index":"index","follow":"follow","max-snippet":"max-snippet:-1","max-image-preview":"max-image-preview:large","max-video-preview":"max-video-preview:-1"},"canonical":"https:\/\/19zoll.com\/es\/la-empresa\/","og_locale":"es_ES","og_type":"article","og_title":"Daub CNC Technik GmbH y Co. KG en Wenden","og_description":"Detlev Daub, Volker Kaluza, mecanizado CNC, carcasa, mecanizado de aluminio, 19 pulgadas, carcasa electr\u00f3nica, Takachi, anodizado, piezas fresadas, impresi\u00f3n","og_url":"https:\/\/19zoll.com\/es\/la-empresa\/","og_site_name":"Daub CNC","article_modified_time":"2025-03-25T13:24:25+00:00","og_image":[{"url":"https:\/\/19zoll.com\/wp-content\/uploads\/2022\/04\/daub-logo-png.png","type":"","width":"","height":""}],"twitter_card":"summary_large_image","twitter_title":"Daub CNC Technik GmbH y Co. KG en Wenden","twitter_description":"Detlev Daub, Volker Kaluza, mecanizado CNC, carcasa, mecanizado de aluminio, 19 pulgadas, carcasa electr\u00f3nica, Takachi, anodizado, piezas fresadas, impresi\u00f3n","twitter_image":"https:\/\/19zoll.com\/wp-content\/uploads\/2022\/04\/daub-logo-png.png","twitter_misc":{"Tiempo de lectura":"5 minutos"},"schema":{"@context":"https:\/\/schema.org","@graph":[{"@type":"WebPage","@id":"https:\/\/19zoll.com\/es\/la-empresa\/","url":"https:\/\/19zoll.com\/es\/la-empresa\/","name":"Daub CNC Technik GmbH y Co. KG en Wenden","isPartOf":{"@id":"https:\/\/19zoll.com\/#website"},"datePublished":"2021-12-03T16:51:53+00:00","dateModified":"2025-03-25T13:24:25+00:00","description":"Detlev Daub, Volker Kaluza, mecanizado CNC, carcasa, mecanizado de aluminio, 19 pulgadas, carcasa electr\u00f3nica, Takachi, anodizado, piezas fresadas, impresi\u00f3n","breadcrumb":{"@id":"https:\/\/19zoll.com\/es\/la-empresa\/#breadcrumb"},"inLanguage":"es","potentialAction":[{"@type":"ReadAction","target":["https:\/\/19zoll.com\/es\/la-empresa\/"]}]},{"@type":"BreadcrumbList","@id":"https:\/\/19zoll.com\/es\/la-empresa\/#breadcrumb","itemListElement":[{"@type":"ListItem","position":1,"name":"Startseite","item":"https:\/\/19zoll.com\/es\/inicio\/"},{"@type":"ListItem","position":2,"name":"La empresa"}]},{"@type":"WebSite","@id":"https:\/\/19zoll.com\/#website","url":"https:\/\/19zoll.com\/","name":"Daub CNC","description":"Ein Webprojekt von IhrMediengestalter","potentialAction":[{"@type":"SearchAction","target":{"@type":"EntryPoint","urlTemplate":"https:\/\/19zoll.com\/?s={search_term_string}"},"query-input":{"@type":"PropertyValueSpecification","valueRequired":true,"valueName":"search_term_string"}}],"inLanguage":"es"}]}},"_links":{"self":[{"href":"https:\/\/19zoll.com\/es\/wp-json\/wp\/v2\/pages\/55498","targetHints":{"allow":["GET"]}}],"collection":[{"href":"https:\/\/19zoll.com\/es\/wp-json\/wp\/v2\/pages"}],"about":[{"href":"https:\/\/19zoll.com\/es\/wp-json\/wp\/v2\/types\/page"}],"author":[{"embeddable":true,"href":"https:\/\/19zoll.com\/es\/wp-json\/wp\/v2\/users\/1"}],"replies":[{"embeddable":true,"href":"https:\/\/19zoll.com\/es\/wp-json\/wp\/v2\/comments?post=55498"}],"version-history":[{"count":9,"href":"https:\/\/19zoll.com\/es\/wp-json\/wp\/v2\/pages\/55498\/revisions"}],"predecessor-version":[{"id":57434,"href":"https:\/\/19zoll.com\/es\/wp-json\/wp\/v2\/pages\/55498\/revisions\/57434"}],"wp:attachment":[{"href":"https:\/\/19zoll.com\/es\/wp-json\/wp\/v2\/media?parent=55498"}],"curies":[{"name":"wp","href":"https:\/\/api.w.org\/{rel}","templated":true}]}}