{"id":54853,"date":"2022-02-14T17:54:02","date_gmt":"2022-02-14T16:54:02","guid":{"rendered":"https:\/\/19zoll.com\/serie-mtc\/"},"modified":"2025-03-25T15:07:11","modified_gmt":"2025-03-25T14:07:11","slug":"serie-mtc","status":"publish","type":"page","link":"https:\/\/19zoll.com\/es\/serie-mtc\/","title":{"rendered":"Serie MTC"},"content":{"rendered":"<p><div class=\"et_pb_with_border et_d4_element et_pb_section et_pb_section_0 et_pb_with_background  et_pb_css_mix_blend_mode et_section_regular et_block_section\" >\n\t\t\t\t\n\t\t\t\t\n\t\t\t\t\n\t\t\t\t\n\t\t\t\t\n\t\t\t\t\n\t\t\t\t<div class=\"et_d4_element et_pb_row et_pb_row_0 et_pb_equal_columns et_pb_gutters3  et_pb_css_mix_blend_mode et_block_row\">\n\t\t\t\t<div class=\"et_d4_element et_pb_column_4_4 et_pb_column et_pb_column_0  et_pb_css_mix_blend_mode et-last-child et_block_column\">\n\t\t\t\t\n\t\t\t\t\n\t\t\t\t\n\t\t\t\t\n\t\t\t\t<div class=\"et_pb_module et_d4_element et_pb_text et_pb_text_0  et_pb_text_align_left et_pb_bg_layout_light\">\n\t\t\t\t\n\t\t\t\t\n\t\t\t\t\n\t\t\t\t\n\t\t\t\t<div class=\"et_pb_text_inner\"><div id=\"c76\" class=\"csc-default csc-space-before-30 csc-space-after-50\">\n<div id=\"c158\" class=\"csc-default\">\n<div class=\"csc-header csc-header-n1\">\n<div id=\"c170\" class=\"csc-default\">\n<div class=\"csc-header csc-header-n1\">\n<div id=\"c290\" class=\"csc-default\">\n<div class=\"csc-header csc-header-n1\">\n<div id=\"c170\" class=\"csc-default\">\n<div class=\"csc-header csc-header-n1\">\n<div id=\"c326\" class=\"csc-default\">\n<div class=\"csc-header csc-header-n1\">\n<h1 class=\"csc-firstHeader\">Carcasa de 19 pulgadas de dise\u00f1o moderno serie MTC<\/h1>\n<\/div>\n<\/div>\n<\/div>\n<\/div>\n<\/div>\n<\/div>\n<\/div>\n<\/div>\n<\/div>\n<\/div>\n<\/div><\/div>\n\t\t\t<\/div><div class=\"et_pb_module et_d4_element et_pb_code et_pb_code_0\">\n\t\t\t\t\n\t\t\t\t\n\t\t\t\t\n\t\t\t\t\n\t\t\t\t<div class=\"et_pb_code_inner\"><div class=\"sketchfab-embed-wrapper\"> <iframe loading=\"lazy\" title=\"Serie de dise\u00f1o de armarios de 19\" MTC48633G\" frameborder=\"0\" allowfullscreen=\"\" mozallowfullscreen=\"true\" webkitallowfullscreen=\"true\" allow=\"autoplay; fullscreen; xr-spatial-tracking\" xr-spatial-tracking=\"\" execution-while-out-of-viewport=\"\" execution-while-not-rendered=\"\" web-share=\"\" width=\"1080\" height=\"600\" src=\"https:\/\/sketchfab.com\/models\/636d72f379034c759d2591ba40a73fc5\/embed?autospin=1&autostart=1&transparent=1&ui_infos=0&ui_watermark_link=0&ui_watermark=0\"> <\/iframe> <\/div><\/div>\n\t\t\t<\/div><div id=\"serie-dsk-info\" class=\"et_pb_module et_d4_element et_pb_text et_pb_text_1  et_pb_text_align_left et_pb_bg_layout_light\">\n\t\t\t\t\n\t\t\t\t\n\t\t\t\t\n\t\t\t\t\n\t\t\t\t<div class=\"et_pb_text_inner\"><div id=\"c76\" class=\"csc-default csc-space-before-30 csc-space-after-50\">\n<p class=\"bodytext\">La serie MTC combina las ventajas de un sistema de montaje de 19 pulgadas con una gran funcionalidad y un dise\u00f1o moderno. Adem\u00e1s del dise\u00f1o, los requisitos m\u00e1s exigentes de compatibilidad electromagn\u00e9tica y facilidad de instalaci\u00f3n estuvieron en primer plano de la construcci\u00f3n. Destaca especialmente la versi\u00f3n 1\/2 U para aplicaciones con una altura de instalaci\u00f3n muy baja. <\/p>\n<h2><b>Ejecuci\u00f3n:<\/b><\/h2>\n<p class=\"bodytext\">Frontal, panel trasero y perfiles laterales de perfiles de aluminio. Tapa de la carcasa de chapa de aluminio de 1,5 mm. Como alternativa, se pueden insertar perfiles adaptadores para posiciones adicionales de la placa de circuito impreso sin sujeci\u00f3n mec\u00e1nica adicional.  <\/p>\n<h2><b>Aplicaci\u00f3n:<\/b><\/h2>\n<p class=\"bodytext\">Adecuado para instalar en armarios de 19 pulgadas. Para la versi\u00f3n de sobremesa, consulta la serie ITC. <\/p>\n<h2><b>Superficie:<\/b><\/h2>\n<p class=\"bodytext\">Las superficies exteriores est\u00e1n anodizadas en un color natural decorativo. Todas las superficies interiores son conductoras de la electricidad, pasivadas incoloras. Otros acabados superficiales bajo pedido.  <\/p>\n<h2><b>Soluciones a medida:<\/b><\/h2>\n<p class=\"bodytext\">Estaremos encantados de ofrecerte el alojamiento, incluido el procesamiento y la impresi\u00f3n. <\/p>\n<\/div><\/div>\n\t\t\t<\/div>\n\t\t\t<\/div>\n\t\t\t\t\n\t\t\t\t\n\t\t\t\t\n\t\t\t\t\n\t\t\t<\/div>\n\t\t\t\t\n\t\t\t\t\n\t\t\t<\/div><div class=\"et_pb_with_border et_d4_element et_pb_section et_pb_section_1 et_pb_with_background  et_pb_css_mix_blend_mode et_section_regular et_block_section\" >\n\t\t\t\t\n\t\t\t\t\n\t\t\t\t\n\t\t\t\t\n\t\t\t\t\n\t\t\t\t\n\t\t\t\t<div class=\"et_d4_element et_pb_row et_pb_row_1 et_pb_equal_columns et_pb_gutters3  et_pb_css_mix_blend_mode et_block_row\">\n\t\t\t\t<div class=\"et_d4_element et_pb_column_3_4 et_pb_column et_pb_column_1  et_pb_css_mix_blend_mode et_block_column\">\n\t\t\t\t\n\t\t\t\t\n\t\t\t\t\n\t\t\t\t\n\t\t\t\t<div class=\"et_pb_module et_d4_element et_pb_text et_pb_text_2  et_pb_text_align_left et_pb_bg_layout_light\">\n\t\t\t\t\n\t\t\t\t\n\t\t\t\t\n\t\t\t\t\n\t\t\t\t<div class=\"et_pb_text_inner\"><div id=\"c76\" class=\"csc-default csc-space-before-30 csc-space-after-50\">\n<h2><span>Cat\u00e1logo 2025\/26<\/span><\/h2>\n<div id=\"c170\" class=\"csc-default\">\n<div class=\"csc-header csc-header-n1\">\n<div id=\"c76\" class=\"csc-default csc-space-before-30 csc-space-after-50\">\n<div id=\"c158\" class=\"csc-default\">\n<div class=\"csc-header csc-header-n1\">\n<div id=\"c170\" class=\"csc-default\">\n<div class=\"csc-header csc-header-n1\">\n<div id=\"c290\" class=\"csc-default\">\n<div class=\"csc-header csc-header-n1\">\n<h2 class=\"csc-firstHeader\">Carcasa de 19 pulgadas de dise\u00f1o moderno serie MTC<\/h2>\n<\/div>\n<\/div>\n<\/div>\n<\/div>\n<\/div>\n<\/div>\n<\/div>\n<\/div>\n<\/div>\n<\/div><\/div>\n\t\t\t<\/div>\n\t\t\t<\/div><div class=\"et_d4_element et_pb_column_1_4 et_pb_column et_pb_column_2  et_pb_css_mix_blend_mode et-last-child et_block_column\">\n\t\t\t\t\n\t\t\t\t\n\t\t\t\t\n\t\t\t\t\n\t\t\t\t<div class=\"et_pb_button_module_wrapper et_pb_button_0_wrapper et_pb_button_alignment_right et_pb_module \">\n\t\t\t\t<a class=\"et_pb_button et_d4_element et_pb_button_0 et_pb_bg_layout_light et_block_module\" href=\"https:\/\/19zoll.com\/wp-content\/uploads\/2022\/02\/MTC-Serie-Katalog.pdf\" target=\"_blank\">Descargar PDF<\/a>\n\t\t\t<\/div>\n\t\t\t<\/div>\n\t\t\t\t\n\t\t\t\t\n\t\t\t\t\n\t\t\t\t\n\t\t\t<\/div><div class=\"et_d4_element et_pb_row et_pb_row_2 et_pb_equal_columns et_pb_gutters3  et_pb_css_mix_blend_mode et_block_row\">\n\t\t\t\t<div class=\"et_d4_element et_pb_column_4_4 et_pb_column et_pb_column_3  et_pb_css_mix_blend_mode et-last-child et_block_column\">\n\t\t\t\t\n\t\t\t\t\n\t\t\t\t\n\t\t\t\t\n\t\t\t\t<div class=\"et_pb_module et_d4_element et_pb_code et_pb_code_1\">\n\t\t\t\t\n\t\t\t\t\n\t\t\t\t\n\t\t\t\t\n\t\t\t\t<div class=\"et_pb_code_inner\"><div class=\"real3dflipbook\" id=\"30_69e7937aed1fa\" style=\"position:absolute;\" data-flipbook-options=\"{&quot;mode&quot;:&quot;normal&quot;,&quot;viewMode&quot;:&quot;webgl&quot;,&quot;zoomMin&quot;:&quot;0.9&quot;,&quot;zoomStep&quot;:&quot;2&quot;,&quot;zoomReset&quot;:&quot;false&quot;,&quot;doubleClickZoom&quot;:&quot;true&quot;,&quot;singlePageMode&quot;:&quot;false&quot;,&quot;pageFlipDuration&quot;:&quot;1&quot;,&quot;sound&quot;:&quot;true&quot;,&quot;startPage&quot;:&quot;1&quot;,&quot;deeplinking&quot;:{&quot;enabled&quot;:&quot;false&quot;},&quot;responsiveView&quot;:&quot;true&quot;,&quot;responsiveViewTreshold&quot;:&quot;768&quot;,&quot;pageTextureSize&quot;:&quot;2048&quot;,&quot;pageTextureSizeSmall&quot;:&quot;1500&quot;,&quot;pdfTextLayer&quot;:&quot;true&quot;,&quot;linkColor&quot;:&quot;rgba(0, 0, 0, 0)&quot;,&quot;linkColorHover&quot;:&quot;#217bc3&quot;,&quot;cover&quot;:&quot;true&quot;,&quot;backCover&quot;:&quot;true&quot;,&quot;aspectRatio&quot;:&quot;2&quot;,&quot;thumbnailsOnStart&quot;:&quot;false&quot;,&quot;contentOnStart&quot;:&quot;false&quot;,&quot;tableOfContentCloseOnClick&quot;:&quot;true&quot;,&quot;thumbsCloseOnClick&quot;:&quot;true&quot;,&quot;autoplayOnStart&quot;:&quot;false&quot;,&quot;autoplayInterval&quot;:&quot;3000&quot;,&quot;rightToLeft&quot;:&quot;false&quot;,&quot;thumbSize&quot;:&quot;130&quot;,&quot;logoUrlTarget&quot;:&quot;_blank&quot;,&quot;logoCSS&quot;:&quot;position:absolute;left:0;top:0;&quot;,&quot;zIndex&quot;:&quot;auto&quot;,&quot;pdfBrowserViewerIfIE&quot;:&quot;false&quot;,&quot;arrowsAlwaysEnabledForNavigation&quot;:&quot;false&quot;,&quot;arrowsDisabledNotFullscreen&quot;:&quot;true&quot;,&quot;touchSwipeEnabled&quot;:&quot;true&quot;,&quot;rightClickEnabled&quot;:&quot;true&quot;,&quot;access&quot;:&quot;full&quot;,&quot;pageTextureSizeMobileSmall&quot;:&quot;1024&quot;,&quot;singlePageModeIfMobile&quot;:&quot;false&quot;,&quot;pdfBrowserViewerIfMobile&quot;:&quot;false&quot;,&quot;pdfBrowserViewerFullscreen&quot;:&quot;true&quot;,&quot;pdfBrowserViewerFullscreenTarget&quot;:&quot;_blank&quot;,&quot;mobile&quot;:{&quot;contentOnStart&quot;:&quot;false&quot;,&quot;thumbnailsOnStart&quot;:&quot;false&quot;},&quot;btnTocIfMobile&quot;:&quot;true&quot;,&quot;btnThumbsIfMobile&quot;:&quot;true&quot;,&quot;btnShareIfMobile&quot;:&quot;false&quot;,&quot;btnDownloadPagesIfMobile&quot;:&quot;true&quot;,&quot;btnDownloadPdfIfMobile&quot;:&quot;true&quot;,&quot;btnSoundIfMobile&quot;:&quot;false&quot;,&quot;btnExpandIfMobile&quot;:&quot;true&quot;,&quot;btnPrintIfMobile&quot;:&quot;false&quot;,&quot;logoHideOnMobile&quot;:&quot;false&quot;,&quot;lightboxBackground&quot;:&quot;#666666&quot;,&quot;lightboxContainerCSS&quot;:&quot;display:inline-block;padding:10px;&quot;,&quot;lightboxThumbnailHeight&quot;:&quot;300&quot;,&quot;lightboxThumbnailUrlCSS&quot;:&quot;display:block;&quot;,&quot;lightboxThumbnailInfo&quot;:&quot;false&quot;,&quot;lightboxThumbnailInfoCSS&quot;:&quot;top: 0;  width: 100%; height: 100%; font-size: 16px; color: #000; background: rgba(255,255,255,.8);&quot;,&quot;lightboxTextCSS&quot;:&quot;display:block;&quot;,&quot;lightboxTextPosition&quot;:&quot;top&quot;,&quot;lightBoxOpened&quot;:&quot;false&quot;,&quot;lightBoxFullscreen&quot;:&quot;false&quot;,&quot;lightboxCloseOnClick&quot;:&quot;false&quot;,&quot;showTitle&quot;:&quot;false&quot;,&quot;showDate&quot;:&quot;false&quot;,&quot;hideThumbnail&quot;:&quot;false&quot;,&quot;lightboxMarginV&quot;:&quot;0&quot;,&quot;lightboxMarginH&quot;:&quot;0&quot;,&quot;lightboxLinkNewWindow&quot;:&quot;true&quot;,&quot;lights&quot;:&quot;true&quot;,&quot;lightPositionX&quot;:&quot;0&quot;,&quot;lightPositionY&quot;:&quot;150&quot;,&quot;lightPositionZ&quot;:&quot;1400&quot;,&quot;lightIntensity&quot;:&quot;0.6&quot;,&quot;shadows&quot;:&quot;true&quot;,&quot;shadowOpacity&quot;:&quot;0.2&quot;,&quot;pageHardness&quot;:&quot;2&quot;,&quot;coverHardness&quot;:&quot;2&quot;,&quot;pageRoughness&quot;:&quot;1&quot;,&quot;pageMetalness&quot;:&quot;0&quot;,&quot;pageSegmentsW&quot;:&quot;6&quot;,&quot;pageMiddleShadowSize&quot;:&quot;2&quot;,&quot;pageMiddleShadowColorL&quot;:&quot;#999999&quot;,&quot;pageMiddleShadowColorR&quot;:&quot;#777777&quot;,&quot;antialias&quot;:&quot;false&quot;,&quot;pan&quot;:&quot;0&quot;,&quot;tilt&quot;:&quot;0&quot;,&quot;rotateCameraOnMouseDrag&quot;:&quot;true&quot;,&quot;panMax&quot;:&quot;20&quot;,&quot;panMin&quot;:&quot;-20&quot;,&quot;tiltMax&quot;:&quot;0&quot;,&quot;tiltMin&quot;:&quot;-60&quot;,&quot;currentPage&quot;:{&quot;enabled&quot;:&quot;true&quot;,&quot;title&quot;:&quot;Current page&quot;,&quot;vAlign&quot;:&quot;top&quot;,&quot;hAlign&quot;:&quot;left&quot;},&quot;btnFirst&quot;:{&quot;enabled&quot;:&quot;false&quot;,&quot;title&quot;:&quot;First Page&quot;},&quot;btnPrev&quot;:{&quot;enabled&quot;:&quot;true&quot;,&quot;title&quot;:&quot;Previous Page&quot;},&quot;btnNext&quot;:{&quot;enabled&quot;:&quot;true&quot;,&quot;title&quot;:&quot;Next Page&quot;},&quot;btnLast&quot;:{&quot;enabled&quot;:&quot;false&quot;,&quot;title&quot;:&quot;Last Page&quot;},&quot;btnAutoplay&quot;:{&quot;enabled&quot;:&quot;true&quot;,&quot;title&quot;:&quot;Autoplay&quot;},&quot;btnZoomIn&quot;:{&quot;enabled&quot;:&quot;true&quot;,&quot;title&quot;:&quot;Zoom in&quot;},&quot;btnZoomOut&quot;:{&quot;enabled&quot;:&quot;true&quot;,&quot;title&quot;:&quot;Zoom out&quot;},&quot;btnToc&quot;:{&quot;enabled&quot;:&quot;true&quot;,&quot;title&quot;:&quot;Table of Contents&quot;},&quot;btnThumbs&quot;:{&quot;enabled&quot;:&quot;true&quot;,&quot;title&quot;:&quot;Pages&quot;},&quot;btnShare&quot;:{&quot;enabled&quot;:&quot;true&quot;,&quot;title&quot;:&quot;Share&quot;},&quot;btnPrint&quot;:{&quot;enabled&quot;:&quot;true&quot;,&quot;title&quot;:&quot;Print&quot;},&quot;btnDownloadPages&quot;:{&quot;enabled&quot;:&quot;false&quot;,&quot;title&quot;:&quot;Download pages&quot;},&quot;btnDownloadPdf&quot;:{&quot;enabled&quot;:&quot;true&quot;,&quot;title&quot;:&quot;Download PDF&quot;},&quot;btnSound&quot;:{&quot;enabled&quot;:&quot;true&quot;,&quot;title&quot;:&quot;Sound&quot;},&quot;btnExpand&quot;:{&quot;enabled&quot;:&quot;true&quot;,&quot;title&quot;:&quot;Toggle fullscreen&quot;},&quot;btnSelect&quot;:{&quot;enabled&quot;:&quot;true&quot;,&quot;title&quot;:&quot;Select tool&quot;},&quot;btnSearch&quot;:{&quot;enabled&quot;:&quot;false&quot;,&quot;title&quot;:&quot;Search&quot;},&quot;btnBookmark&quot;:{&quot;enabled&quot;:&quot;false&quot;,&quot;title&quot;:&quot;Bookmark&quot;},&quot;whatsapp&quot;:{&quot;enabled&quot;:&quot;true&quot;},&quot;twitter&quot;:{&quot;enabled&quot;:&quot;true&quot;},&quot;facebook&quot;:{&quot;enabled&quot;:&quot;true&quot;},&quot;pinterest&quot;:{&quot;enabled&quot;:&quot;true&quot;},&quot;email&quot;:{&quot;enabled&quot;:&quot;true&quot;},&quot;reddit&quot;:{&quot;enabled&quot;:&quot;false&quot;},&quot;digg&quot;:{&quot;enabled&quot;:&quot;false&quot;},&quot;linkedin&quot;:{&quot;enabled&quot;:&quot;true&quot;},&quot;layout&quot;:&quot;1&quot;,&quot;skin&quot;:&quot;light&quot;,&quot;icons&quot;:&quot;FontAwesome&quot;,&quot;skinBackground&quot;:&quot;#217bc3&quot;,&quot;backgroundColor&quot;:&quot;#f3f3f3&quot;,&quot;backgroundTransparent&quot;:&quot;false&quot;,&quot;menu2Margin&quot;:&quot;0&quot;,&quot;menu2Padding&quot;:&quot;0&quot;,&quot;menu2OverBook&quot;:&quot;true&quot;,&quot;menu2Transparent&quot;:&quot;true&quot;,&quot;menu2Floating&quot;:&quot;false&quot;,&quot;menuMargin&quot;:&quot;0&quot;,&quot;menuPadding&quot;:&quot;0&quot;,&quot;menuOverBook&quot;:&quot;false&quot;,&quot;menuTransparent&quot;:&quot;false&quot;,&quot;menuFloating&quot;:&quot;false&quot;,&quot;hideMenu&quot;:&quot;false&quot;,&quot;btnColor&quot;:&quot;#ffffff&quot;,&quot;btnBackground&quot;:&quot;none&quot;,&quot;btnRadius&quot;:&quot;0&quot;,&quot;btnMargin&quot;:&quot;0&quot;,&quot;btnSize&quot;:&quot;14&quot;,&quot;btnPaddingV&quot;:&quot;10&quot;,&quot;btnPaddingH&quot;:&quot;10&quot;,&quot;sideNavigationButtons&quot;:&quot;true&quot;,&quot;sideBtnColor&quot;:&quot;#fff&quot;,&quot;sideBtnBackground&quot;:&quot;rgba(0,0,0,.3)&quot;,&quot;sideBtnRadius&quot;:&quot;0&quot;,&quot;sideBtnMargin&quot;:&quot;0&quot;,&quot;sideBtnSize&quot;:&quot;30&quot;,&quot;sideBtnPaddingV&quot;:&quot;5&quot;,&quot;sideBtnPaddingH&quot;:&quot;5&quot;,&quot;sideMenuOverBook&quot;:&quot;true&quot;,&quot;sideMenuOverMenu&quot;:&quot;true&quot;,&quot;sideMenuOverMenu2&quot;:&quot;true&quot;,&quot;strings&quot;:{&quot;print&quot;:&quot;Print&quot;,&quot;printLeftPage&quot;:&quot;Print left page&quot;,&quot;printRightPage&quot;:&quot;Print right page&quot;,&quot;printCurrentPage&quot;:&quot;Print current page&quot;,&quot;printAllPages&quot;:&quot;Print all pages&quot;,&quot;download&quot;:&quot;Download&quot;,&quot;downloadLeftPage&quot;:&quot;Download left page&quot;,&quot;downloadRightPage&quot;:&quot;Download right page&quot;,&quot;downloadCurrentPage&quot;:&quot;Download current page&quot;,&quot;downloadAllPages&quot;:&quot;Download all pages&quot;,&quot;bookmarks&quot;:&quot;Bookmarks&quot;,&quot;bookmarkLeftPage&quot;:&quot;Bookmark left page&quot;,&quot;bookmarkRightPage&quot;:&quot;Bookmark right page&quot;,&quot;bookmarkCurrentPage&quot;:&quot;Bookmark current page&quot;,&quot;search&quot;:&quot;Search&quot;,&quot;findInDocument&quot;:&quot;Find in document&quot;,&quot;pagesFoundContaining&quot;:&quot;pages found containing&quot;,&quot;thumbnails&quot;:&quot;Thumbnails&quot;,&quot;tableOfContent&quot;:&quot;Table of Contents&quot;,&quot;share&quot;:&quot;Share&quot;,&quot;pressEscToClose&quot;:&quot;Press ESC to close&quot;},&quot;name&quot;:&quot;Serie MTC&quot;,&quot;post_id&quot;:51060,&quot;pdfUrl&quot;:&quot;http:\\\/\\\/19zoll.com\\\/wp-content\\\/uploads\\\/2022\\\/02\\\/MTC-Serie-Katalog.pdf&quot;,&quot;id&quot;:&quot;30&quot;,&quot;bookId&quot;:&quot;30&quot;,&quot;lightboxThumbnailUrl&quot;:&quot;http:\\\/\\\/19zoll.com\\\/wp-content\\\/uploads\\\/real3d-flipbook\\\/flipbook_30\\\/thumb.jpg?1645546561501&quot;,&quot;rootFolder&quot;:&quot;https:\\\/\\\/19zoll.com\\\/wp-content\\\/plugins\\\/real3d-flipbook\\\/&quot;,&quot;version&quot;:&quot;3.32&quot;,&quot;uniqueId&quot;:&quot;30_69e7937aed1fa&quot;,&quot;date&quot;:&quot;2022-02-22&quot;}\"><\/div><\/div>\n\t\t\t<\/div>\n\t\t\t<\/div>\n\t\t\t\t\n\t\t\t\t\n\t\t\t\t\n\t\t\t\t\n\t\t\t<\/div>\n\t\t\t\t\n\t\t\t\t\n\t\t\t<\/div><\/p>\n","protected":false},"excerpt":{"rendered":"","protected":false},"author":1,"featured_media":0,"parent":0,"menu_order":0,"comment_status":"closed","ping_status":"closed","template":"","meta":{"inline_featured_image":false,"_et_pb_use_builder":"on","_et_pb_old_content":"","_et_gb_content_width":"","footnotes":""},"class_list":["post-54853","page","type-page","status-publish","hentry"],"yoast_head":"<!-- This site is optimized with the Yoast SEO plugin v27.4 - https:\/\/yoast.com\/product\/yoast-seo-wordpress\/ -->\n<title>Carcasa de 19 pulgadas de dise\u00f1o moderno serie MTC - Tecnolog\u00eda CNC Daub<\/title>\n<meta name=\"description\" content=\"Rack de 19 pulgadas, carcasa EMC, carcasa de dise\u00f1o, aluminio, 0,5U, armarios de 19 pulgadas, perfil redondo, carcasa de sobremesa, anodizado, alta calidad, pantalla\" \/>\n<meta name=\"robots\" content=\"index, follow, max-snippet:-1, max-image-preview:large, max-video-preview:-1\" \/>\n<link rel=\"canonical\" href=\"https:\/\/19zoll.com\/es\/serie-mtc\/\" \/>\n<meta property=\"og:locale\" content=\"es_ES\" \/>\n<meta property=\"og:type\" content=\"article\" \/>\n<meta property=\"og:title\" content=\"Carcasa de 19 pulgadas de dise\u00f1o moderno serie MTC - Tecnolog\u00eda CNC Daub\" \/>\n<meta property=\"og:description\" content=\"Rack de 19 pulgadas, carcasa EMC, carcasa de dise\u00f1o, aluminio, 0,5U, armarios de 19 pulgadas, perfil redondo, carcasa de sobremesa, anodizado, alta calidad, pantalla\" \/>\n<meta property=\"og:url\" content=\"https:\/\/19zoll.com\/es\/serie-mtc\/\" \/>\n<meta property=\"og:site_name\" content=\"Daub CNC\" \/>\n<meta property=\"article:modified_time\" content=\"2025-03-25T14:07:11+00:00\" \/>\n<meta property=\"og:image\" content=\"https:\/\/19zoll.com\/wp-content\/uploads\/2021\/12\/aluminiumgehaeuse-serie-mtc.jpg\" \/>\n<meta name=\"twitter:card\" content=\"summary_large_image\" \/>\n<meta name=\"twitter:title\" content=\"Carcasa de 19 pulgadas de dise\u00f1o moderno serie MTC - Tecnolog\u00eda CNC Daub\" \/>\n<meta name=\"twitter:description\" content=\"Rack de 19 pulgadas, carcasa EMC, carcasa de dise\u00f1o, aluminio, 0,5U, armarios de 19 pulgadas, perfil redondo, carcasa de sobremesa, anodizado, alta calidad, pantalla\" \/>\n<meta name=\"twitter:image\" content=\"https:\/\/19zoll.com\/wp-content\/uploads\/2021\/12\/aluminiumgehaeuse-serie-mtc.jpg\" \/>\n<meta name=\"twitter:label1\" content=\"Tiempo de lectura\" \/>\n\t<meta name=\"twitter:data1\" content=\"1 minuto\" \/>\n<script type=\"application\/ld+json\" class=\"yoast-schema-graph\">{\"@context\":\"https:\\\/\\\/schema.org\",\"@graph\":[{\"@type\":\"WebPage\",\"@id\":\"https:\\\/\\\/19zoll.com\\\/es\\\/serie-mtc\\\/\",\"url\":\"https:\\\/\\\/19zoll.com\\\/es\\\/serie-mtc\\\/\",\"name\":\"Carcasa de 19 pulgadas de dise\u00f1o moderno serie MTC - Tecnolog\u00eda CNC Daub\",\"isPartOf\":{\"@id\":\"https:\\\/\\\/19zoll.com\\\/#website\"},\"datePublished\":\"2022-02-14T16:54:02+00:00\",\"dateModified\":\"2025-03-25T14:07:11+00:00\",\"description\":\"Rack de 19 pulgadas, carcasa EMC, carcasa de dise\u00f1o, aluminio, 0,5U, armarios de 19 pulgadas, perfil redondo, carcasa de sobremesa, anodizado, alta calidad, pantalla\",\"breadcrumb\":{\"@id\":\"https:\\\/\\\/19zoll.com\\\/es\\\/serie-mtc\\\/#breadcrumb\"},\"inLanguage\":\"es\",\"potentialAction\":[{\"@type\":\"ReadAction\",\"target\":[\"https:\\\/\\\/19zoll.com\\\/es\\\/serie-mtc\\\/\"]}]},{\"@type\":\"BreadcrumbList\",\"@id\":\"https:\\\/\\\/19zoll.com\\\/es\\\/serie-mtc\\\/#breadcrumb\",\"itemListElement\":[{\"@type\":\"ListItem\",\"position\":1,\"name\":\"Startseite\",\"item\":\"https:\\\/\\\/19zoll.com\\\/es\\\/inicio\\\/\"},{\"@type\":\"ListItem\",\"position\":2,\"name\":\"Serie MTC\"}]},{\"@type\":\"WebSite\",\"@id\":\"https:\\\/\\\/19zoll.com\\\/#website\",\"url\":\"https:\\\/\\\/19zoll.com\\\/\",\"name\":\"Daub CNC\",\"description\":\"Ein Webprojekt von IhrMediengestalter\",\"potentialAction\":[{\"@type\":\"SearchAction\",\"target\":{\"@type\":\"EntryPoint\",\"urlTemplate\":\"https:\\\/\\\/19zoll.com\\\/?s={search_term_string}\"},\"query-input\":{\"@type\":\"PropertyValueSpecification\",\"valueRequired\":true,\"valueName\":\"search_term_string\"}}],\"inLanguage\":\"es\"}]}<\/script>\n<!-- \/ Yoast SEO plugin. -->","yoast_head_json":{"title":"Carcasa de 19 pulgadas de dise\u00f1o moderno serie MTC - Tecnolog\u00eda CNC Daub","description":"Rack de 19 pulgadas, carcasa EMC, carcasa de dise\u00f1o, aluminio, 0,5U, armarios de 19 pulgadas, perfil redondo, carcasa de sobremesa, anodizado, alta calidad, pantalla","robots":{"index":"index","follow":"follow","max-snippet":"max-snippet:-1","max-image-preview":"max-image-preview:large","max-video-preview":"max-video-preview:-1"},"canonical":"https:\/\/19zoll.com\/es\/serie-mtc\/","og_locale":"es_ES","og_type":"article","og_title":"Carcasa de 19 pulgadas de dise\u00f1o moderno serie MTC - Tecnolog\u00eda CNC Daub","og_description":"Rack de 19 pulgadas, carcasa EMC, carcasa de dise\u00f1o, aluminio, 0,5U, armarios de 19 pulgadas, perfil redondo, carcasa de sobremesa, anodizado, alta calidad, pantalla","og_url":"https:\/\/19zoll.com\/es\/serie-mtc\/","og_site_name":"Daub CNC","article_modified_time":"2025-03-25T14:07:11+00:00","og_image":[{"url":"https:\/\/19zoll.com\/wp-content\/uploads\/2021\/12\/aluminiumgehaeuse-serie-mtc.jpg","type":"","width":"","height":""}],"twitter_card":"summary_large_image","twitter_title":"Carcasa de 19 pulgadas de dise\u00f1o moderno serie MTC - Tecnolog\u00eda CNC Daub","twitter_description":"Rack de 19 pulgadas, carcasa EMC, carcasa de dise\u00f1o, aluminio, 0,5U, armarios de 19 pulgadas, perfil redondo, carcasa de sobremesa, anodizado, alta calidad, pantalla","twitter_image":"https:\/\/19zoll.com\/wp-content\/uploads\/2021\/12\/aluminiumgehaeuse-serie-mtc.jpg","twitter_misc":{"Tiempo de lectura":"1 minuto"},"schema":{"@context":"https:\/\/schema.org","@graph":[{"@type":"WebPage","@id":"https:\/\/19zoll.com\/es\/serie-mtc\/","url":"https:\/\/19zoll.com\/es\/serie-mtc\/","name":"Carcasa de 19 pulgadas de dise\u00f1o moderno serie MTC - Tecnolog\u00eda CNC Daub","isPartOf":{"@id":"https:\/\/19zoll.com\/#website"},"datePublished":"2022-02-14T16:54:02+00:00","dateModified":"2025-03-25T14:07:11+00:00","description":"Rack de 19 pulgadas, carcasa EMC, carcasa de dise\u00f1o, aluminio, 0,5U, armarios de 19 pulgadas, perfil redondo, carcasa de sobremesa, anodizado, alta calidad, pantalla","breadcrumb":{"@id":"https:\/\/19zoll.com\/es\/serie-mtc\/#breadcrumb"},"inLanguage":"es","potentialAction":[{"@type":"ReadAction","target":["https:\/\/19zoll.com\/es\/serie-mtc\/"]}]},{"@type":"BreadcrumbList","@id":"https:\/\/19zoll.com\/es\/serie-mtc\/#breadcrumb","itemListElement":[{"@type":"ListItem","position":1,"name":"Startseite","item":"https:\/\/19zoll.com\/es\/inicio\/"},{"@type":"ListItem","position":2,"name":"Serie MTC"}]},{"@type":"WebSite","@id":"https:\/\/19zoll.com\/#website","url":"https:\/\/19zoll.com\/","name":"Daub CNC","description":"Ein Webprojekt von IhrMediengestalter","potentialAction":[{"@type":"SearchAction","target":{"@type":"EntryPoint","urlTemplate":"https:\/\/19zoll.com\/?s={search_term_string}"},"query-input":{"@type":"PropertyValueSpecification","valueRequired":true,"valueName":"search_term_string"}}],"inLanguage":"es"}]}},"_links":{"self":[{"href":"https:\/\/19zoll.com\/es\/wp-json\/wp\/v2\/pages\/54853","targetHints":{"allow":["GET"]}}],"collection":[{"href":"https:\/\/19zoll.com\/es\/wp-json\/wp\/v2\/pages"}],"about":[{"href":"https:\/\/19zoll.com\/es\/wp-json\/wp\/v2\/types\/page"}],"author":[{"embeddable":true,"href":"https:\/\/19zoll.com\/es\/wp-json\/wp\/v2\/users\/1"}],"replies":[{"embeddable":true,"href":"https:\/\/19zoll.com\/es\/wp-json\/wp\/v2\/comments?post=54853"}],"version-history":[{"count":12,"href":"https:\/\/19zoll.com\/es\/wp-json\/wp\/v2\/pages\/54853\/revisions"}],"predecessor-version":[{"id":60718,"href":"https:\/\/19zoll.com\/es\/wp-json\/wp\/v2\/pages\/54853\/revisions\/60718"}],"wp:attachment":[{"href":"https:\/\/19zoll.com\/es\/wp-json\/wp\/v2\/media?parent=54853"}],"curies":[{"name":"wp","href":"https:\/\/api.w.org\/{rel}","templated":true}]}}