{"id":54742,"date":"2021-12-03T17:58:32","date_gmt":"2021-12-03T16:58:32","guid":{"rendered":"https:\/\/19zoll.com\/noticias\/"},"modified":"2025-11-19T09:55:55","modified_gmt":"2025-11-19T08:55:55","slug":"noticias","status":"publish","type":"page","link":"https:\/\/19zoll.com\/es\/noticias\/","title":{"rendered":"Noticias"},"content":{"rendered":"<p><div class=\"et_pb_with_border et_d4_element et_pb_section et_pb_section_0 et_pb_with_background  et_pb_css_mix_blend_mode et_section_regular et_block_section\" >\n\t\t\t\t\n\t\t\t\t\n\t\t\t\t\n\t\t\t\t\n\t\t\t\t\n\t\t\t\t\n\t\t\t\t<div class=\"et_d4_element et_pb_row et_pb_row_0  et_pb_css_mix_blend_mode et_block_row\">\n\t\t\t\t<div class=\"et_d4_element et_pb_column_4_4 et_pb_column et_pb_column_0  et_pb_css_mix_blend_mode et-last-child et_block_column\">\n\t\t\t\t\n\t\t\t\t\n\t\t\t\t\n\t\t\t\t\n\t\t\t\t<div class=\"et_pb_module et_d4_element et_pb_text et_pb_text_0  et_pb_text_align_left et_pb_bg_layout_light\">\n\t\t\t\t\n\t\t\t\t\n\t\t\t\t\n\t\t\t\t\n\t\t\t\t<div class=\"et_pb_text_inner\"><div id=\"c76\" class=\"csc-default csc-space-before-30 csc-space-after-50\">\n<h2><b>\u00a1<span>Estaremos all\u00ed de nuevo en 2026<\/span>!<\/b><\/h2>\n<p style=\"font-weight: 400;\"><span>El a\u00f1o que viene volveremos a exponer en la feria embedded world 2026 de N\u00faremberg. Siempre es un placer formar parte de esta inspiradora feria, mantener interesantes debates y experimentar tecnolog\u00edas innovadoras. <\/span><\/p>\n<p style=\"font-weight: 400;\"><span>Los preparativos ya est\u00e1n en marcha: \u00a1ya estamos deseando que nos visites!<\/span><\/p>\n<\/div><\/div>\n\t\t\t<\/div><div class=\"et_pb_module et_d4_element et_pb_image et_pb_image_0\">\n\t\t\t\t\n\t\t\t\t\n\t\t\t\t\n\t\t\t\t\n\t\t\t\t<span class=\"et_pb_image_wrap \"><img loading=\"lazy\" decoding=\"async\" width=\"600\" height=\"100\" src=\"https:\/\/19zoll.com\/wp-content\/uploads\/2025\/11\/embedded-world-n-signaturbanner-signature-banner-wir-sind-dabei-we-are-part-of-it.jpg\" alt=\"\" title=\"incrustado-mundo-no-firma-banner-firma-banner-somos-parte-de-ello\" srcset=\"https:\/\/19zoll.com\/wp-content\/uploads\/2025\/11\/embedded-world-n-signaturbanner-signature-banner-wir-sind-dabei-we-are-part-of-it.jpg 600w, https:\/\/19zoll.com\/wp-content\/uploads\/2025\/11\/embedded-world-n-signaturbanner-signature-banner-wir-sind-dabei-we-are-part-of-it-480x80.jpg 480w\" sizes=\"(min-width: 0px) and (max-width: 480px) 480px, (min-width: 481px) 600px, 100vw\" class=\"wp-image-60933\" \/><\/span>\n\t\t\t<\/div>\n\t\t\t<\/div>\n\t\t\t\t\n\t\t\t\t\n\t\t\t\t\n\t\t\t\t\n\t\t\t<\/div>\n\t\t\t\t\n\t\t\t\t\n\t\t\t<\/div><div class=\"et_pb_with_border et_d4_element et_pb_section et_pb_section_1 et_pb_with_background  et_pb_css_mix_blend_mode et_section_regular et_block_section\" >\n\t\t\t\t\n\t\t\t\t\n\t\t\t\t\n\t\t\t\t\n\t\t\t\t\n\t\t\t\t\n\t\t\t\t<div class=\"et_d4_element et_pb_row et_pb_row_1  et_pb_css_mix_blend_mode et_block_row\">\n\t\t\t\t<div class=\"et_d4_element et_pb_column_3_4 et_pb_column et_pb_column_1  et_pb_css_mix_blend_mode et_block_column\">\n\t\t\t\t\n\t\t\t\t\n\t\t\t\t\n\t\t\t\t\n\t\t\t\t<div class=\"et_pb_module et_d4_element et_pb_text et_pb_text_1  et_pb_text_align_left et_pb_bg_layout_light\">\n\t\t\t\t\n\t\t\t\t\n\t\t\t\t\n\t\t\t\t\n\t\t\t\t<div class=\"et_pb_text_inner\"><div id=\"c76\" class=\"csc-default csc-space-before-30 csc-space-after-50\">\n<h2><b>Addendum a Embedded World 2025: \u00a1todo un \u00e9xito!<\/b><\/h2>\n<p style=\"font-weight: 400;\"><strong>La Embedded World 2025<\/strong>, que se celebr\u00f3 <strong>del 11 al 13 de marzo<\/strong> en N\u00faremberg, \u00a1fue una vez m\u00e1s lo m\u00e1s destacado de la comunidad de los sistemas integrados! Con <g id=\"gid_2\">32.000 visitantes de m\u00e1s de 80 pa\u00edses<\/g> y casi <g id=\"gid_3\">1.200 expositores de 46 pa\u00edses<\/g>, la feria ofreci\u00f3 una plataforma \u00fanica para la innovaci\u00f3n, el di\u00e1logo y la creaci\u00f3n de redes. Las conferencias que la acompa\u00f1aron atrajeron a otros <strong>1.897 participantes de 47 pa\u00edses<\/strong>, \u00a1una clara se\u00f1al del creciente inter\u00e9s por las tecnolog\u00edas integradas!  <\/p>\n<p style=\"font-weight: 400;\">  Tras <strong>redise\u00f1ar<\/strong> nuestro <strong>stand de la feria<\/strong> el a\u00f1o pasado, esta vez nos centramos en un nuevo look para nuestro equipo. Creamos un ambiente relajado con nuestros nuevos <strong>jerseys<\/strong>, \u00a1y fue todo un \u00e9xito! <\/p>\n<p style=\"font-weight: 400;\">  Gracias a todos los visitantes, socios y colegas por los interesantes debates, las valiosas ideas y el \u00e9xito general de la feria. Ya estamos deseando que llegue la <strong>Embedded World 2026<\/strong>. \u00a1Guarda la fecha: <strong>10-12 de marzo de 2026<\/strong>! <\/p>\n<\/div><\/div>\n\t\t\t<\/div>\n\t\t\t<\/div><div class=\"et_d4_element et_pb_column_1_4 et_pb_column et_pb_column_2  et_pb_css_mix_blend_mode et-last-child et_block_column\">\n\t\t\t\t\n\t\t\t\t\n\t\t\t\t\n\t\t\t\t\n\t\t\t\t<div class=\"et_pb_module et_d4_element et_pb_video et_pb_video_0\">\n\t\t\t\t\n\t\t\t\t\n\t\t\t\t\n\t\t\t\t\n\t\t\t\t<div class=\"et_pb_video_box\">\n\t\t\t\t<video controls>\n\t\t\t\t\t<source type=\"video\/mp4\" src=\"https:\/\/19zoll.com\/wp-content\/uploads\/2025\/03\/collage-embedded-2025.mp4\" \/>\n\t\t\t\t\t\n\t\t\t\t<\/video><\/div>\n\t\t\t\t<div style=\"background-image:url(https:\/\/19zoll.com\/wp-content\/uploads\/2025\/03\/collage-embedded-2025-shot.jpg)\" class=\"et_pb_video_overlay\"><div class=\"et_pb_video_overlay_hover\"><a href=\"#\" class=\"et_pb_video_play\"><\/a><\/div><\/div>\n\t\t\t<\/div>\n\t\t\t<\/div>\n\t\t\t\t\n\t\t\t\t\n\t\t\t\t\n\t\t\t\t\n\t\t\t<\/div>\n\t\t\t\t\n\t\t\t\t\n\t\t\t<\/div><div class=\"et_pb_with_border et_d4_element et_pb_section et_pb_section_2 et_pb_with_background  et_pb_css_mix_blend_mode et_section_regular et_block_section\" >\n\t\t\t\t\n\t\t\t\t\n\t\t\t\t\n\t\t\t\t\n\t\t\t\t\n\t\t\t\t\n\t\t\t\t<div class=\"et_d4_element et_pb_row et_pb_row_2  et_pb_css_mix_blend_mode et_block_row\">\n\t\t\t\t<div class=\"et_d4_element et_pb_column_4_4 et_pb_column et_pb_column_3  et_pb_css_mix_blend_mode et-last-child et_block_column\">\n\t\t\t\t\n\t\t\t\t\n\t\t\t\t\n\t\t\t\t\n\t\t\t\t<div class=\"et_pb_module et_d4_element et_pb_text et_pb_text_2  et_pb_text_align_left et_pb_bg_layout_light\">\n\t\t\t\t\n\t\t\t\t\n\t\t\t\t\n\t\t\t\t\n\t\t\t\t<div class=\"et_pb_text_inner\"><div id=\"c76\" class=\"csc-default csc-space-before-30 csc-space-after-50\">\n<h1><b>Una mirada retrospectiva a Electronica 2024 en M\u00fanich<\/b><\/h1>\n<p style=\"font-weight: 400;\"><strong>Electronica 2024<\/strong>, que se celebr\u00f3 en M\u00fanich del 12\/11\/2024 al 15\/11\/2024, volvi\u00f3 a ser un \u00e9xito total y subray\u00f3 su condici\u00f3n de feria l\u00edder mundial de la industria electr\u00f3nica. M\u00e1s de 3480 expositores de diversos pa\u00edses presentaron sus \u00faltimos productos, tecnolog\u00edas e innovaciones a un amplio p\u00fablico especializado. Los visitantes pudieron hacerse una idea apasionante de las tendencias actuales del sector.  <\/p>\n<p style=\"font-weight: 400;\">Se hizo especial hincapi\u00e9 en temas como <strong>la inteligencia artificial<\/strong>, la <strong>electromovilidad<\/strong>, <strong>el IoT<\/strong> y <strong>las soluciones electr\u00f3nicas sostenibles<\/strong>.<\/p>\n<p style=\"font-weight: 400;\">Electronica ofreci\u00f3 una plataforma para el di\u00e1logo intensivo entre empresas, ciencia y pol\u00edtica. Los numerosos foros y paneles de debate proporcionaron una visi\u00f3n m\u00e1s profunda de los retos y oportunidades a los que se enfrenta la industria y promovieron importantes asociaciones. El ambiente de la feria se caracteriz\u00f3 por el optimismo y el esp\u00edritu innovador. Para muchos participantes, Electronica 2024 fue el lugar ideal para establecer contactos, acceder a nuevos mercados y posicionarse para el futuro, \u00a1incluidos nosotros!   <\/p>\n<p style=\"font-weight: 400;\">Lo m\u00e1s especial para nosotros de esta participaci\u00f3n en la feria fue sin duda el stand conjunto con nuestro socio japon\u00e9s Takachi Enclosures. Pasamos una semana estupenda juntos y pudimos colaborar muy bien y reforzar nuestra asociaci\u00f3n. <\/p>\n<p style=\"font-weight: 400;\">Queremos dar las gracias a todos los expositores, visitantes y organizadores, \u00a1y ya estamos deseando que llegue la pr\u00f3xima edici\u00f3n de Electronica!<\/p>\n<\/div><\/div>\n\t\t\t<\/div>\n\t\t\t<\/div>\n\t\t\t\t\n\t\t\t\t\n\t\t\t\t\n\t\t\t\t\n\t\t\t<\/div><div class=\"et_d4_element et_pb_row et_pb_row_3  et_pb_css_mix_blend_mode et_block_row\">\n\t\t\t\t<div class=\"et_d4_element et_pb_column_1_3 et_pb_column et_pb_column_4  et_pb_css_mix_blend_mode et_block_column\">\n\t\t\t\t\n\t\t\t\t\n\t\t\t\t\n\t\t\t\t\n\t\t\t\t<div class=\"et_pb_module et_d4_element et_pb_image et_pb_image_1\">\n\t\t\t\t\n\t\t\t\t\n\t\t\t\t\n\t\t\t\t\n\t\t\t\t<span class=\"et_pb_image_wrap \"><img loading=\"lazy\" decoding=\"async\" width=\"750\" height=\"1000\" src=\"https:\/\/19zoll.com\/wp-content\/uploads\/2024\/11\/electronica-2024-002.jpg\" alt=\"\" title=\"electronica-2024-002\" srcset=\"https:\/\/19zoll.com\/wp-content\/uploads\/2024\/11\/electronica-2024-002.jpg 750w, https:\/\/19zoll.com\/wp-content\/uploads\/2024\/11\/electronica-2024-002-480x640.jpg 480w\" sizes=\"(min-width: 0px) and (max-width: 480px) 480px, (min-width: 481px) 750px, 100vw\" class=\"wp-image-54184\" \/><\/span>\n\t\t\t<\/div>\n\t\t\t<\/div><div class=\"et_d4_element et_pb_column_1_3 et_pb_column et_pb_column_5  et_pb_css_mix_blend_mode et_block_column\">\n\t\t\t\t\n\t\t\t\t\n\t\t\t\t\n\t\t\t\t\n\t\t\t\t<div class=\"et_pb_module et_d4_element et_pb_image et_pb_image_2\">\n\t\t\t\t\n\t\t\t\t\n\t\t\t\t\n\t\t\t\t\n\t\t\t\t<span class=\"et_pb_image_wrap \"><img loading=\"lazy\" decoding=\"async\" width=\"1000\" height=\"750\" src=\"https:\/\/19zoll.com\/wp-content\/uploads\/2024\/11\/electronica-2024-001.jpg\" alt=\"\" title=\"electronica-2024-001\" srcset=\"https:\/\/19zoll.com\/wp-content\/uploads\/2024\/11\/electronica-2024-001.jpg 1000w, https:\/\/19zoll.com\/wp-content\/uploads\/2024\/11\/electronica-2024-001-980x735.jpg 980w, https:\/\/19zoll.com\/wp-content\/uploads\/2024\/11\/electronica-2024-001-480x360.jpg 480w\" sizes=\"(min-width: 0px) and (max-width: 480px) 480px, (min-width: 481px) and (max-width: 980px) 980px, (min-width: 981px) 1000px, 100vw\" class=\"wp-image-54182\" \/><\/span>\n\t\t\t<\/div>\n\t\t\t<\/div><div class=\"et_d4_element et_pb_column_1_3 et_pb_column et_pb_column_6  et_pb_css_mix_blend_mode et-last-child et_block_column\">\n\t\t\t\t\n\t\t\t\t\n\t\t\t\t\n\t\t\t\t\n\t\t\t\t<div class=\"et_pb_module et_d4_element et_pb_image et_pb_image_3\">\n\t\t\t\t\n\t\t\t\t\n\t\t\t\t\n\t\t\t\t\n\t\t\t\t<span class=\"et_pb_image_wrap \"><img loading=\"lazy\" decoding=\"async\" width=\"750\" height=\"1000\" src=\"https:\/\/19zoll.com\/wp-content\/uploads\/2024\/11\/electronica-2024-003.jpg\" alt=\"\" title=\"electronica-2024-003\" srcset=\"https:\/\/19zoll.com\/wp-content\/uploads\/2024\/11\/electronica-2024-003.jpg 750w, https:\/\/19zoll.com\/wp-content\/uploads\/2024\/11\/electronica-2024-003-480x640.jpg 480w\" sizes=\"(min-width: 0px) and (max-width: 480px) 480px, (min-width: 481px) 750px, 100vw\" class=\"wp-image-54186\" \/><\/span>\n\t\t\t<\/div>\n\t\t\t<\/div>\n\t\t\t\t\n\t\t\t\t\n\t\t\t\t\n\t\t\t\t\n\t\t\t<\/div>\n\t\t\t\t\n\t\t\t\t\n\t\t\t<\/div><\/p>\n","protected":false},"excerpt":{"rendered":"","protected":false},"author":1,"featured_media":0,"parent":0,"menu_order":0,"comment_status":"closed","ping_status":"closed","template":"","meta":{"inline_featured_image":false,"_et_pb_use_builder":"on","_et_pb_old_content":"","_et_gb_content_width":"","footnotes":""},"class_list":["post-54742","page","type-page","status-publish","hentry"],"yoast_head":"<!-- This site is optimized with the Yoast SEO plugin v27.5 - https:\/\/yoast.com\/product\/yoast-seo-wordpress\/ -->\n<title>Noticias de Daub CNC Technik GmbH und Co KG<\/title>\n<meta name=\"description\" content=\"Noticias, Takachi, Ferias, Embedded World, Carcasas de aluminio, Carcasas de pl\u00e1stico, Anodizado, Mecanizado y etiquetado de carcasas\" \/>\n<meta name=\"robots\" content=\"index, follow, max-snippet:-1, max-image-preview:large, max-video-preview:-1\" \/>\n<link rel=\"canonical\" href=\"https:\/\/19zoll.com\/es\/noticias\/\" \/>\n<meta property=\"og:locale\" content=\"es_ES\" \/>\n<meta property=\"og:type\" content=\"article\" \/>\n<meta property=\"og:title\" content=\"Noticias de Daub CNC Technik GmbH und Co KG\" \/>\n<meta property=\"og:description\" content=\"Noticias, Takachi, Ferias, Embedded World, Carcasas de aluminio, Carcasas de pl\u00e1stico, Anodizado, Mecanizado y etiquetado de carcasas\" \/>\n<meta property=\"og:url\" content=\"https:\/\/19zoll.com\/es\/noticias\/\" \/>\n<meta property=\"og:site_name\" content=\"Daub CNC\" \/>\n<meta property=\"article:modified_time\" content=\"2025-11-19T08:55:55+00:00\" \/>\n<meta name=\"twitter:card\" content=\"summary_large_image\" \/>\n<meta name=\"twitter:title\" content=\"Noticias de Daub CNC Technik GmbH und Co KG\" \/>\n<meta name=\"twitter:description\" content=\"Noticias, Takachi, Ferias, Embedded World, Carcasas de aluminio, Carcasas de pl\u00e1stico, Anodizado, Mecanizado y etiquetado de carcasas\" \/>\n<meta name=\"twitter:label1\" content=\"Tiempo de lectura\" \/>\n\t<meta name=\"twitter:data1\" content=\"5 minutos\" \/>\n<script type=\"application\/ld+json\" class=\"yoast-schema-graph\">{\"@context\":\"https:\\\/\\\/schema.org\",\"@graph\":[{\"@type\":\"WebPage\",\"@id\":\"https:\\\/\\\/19zoll.com\\\/es\\\/noticias\\\/\",\"url\":\"https:\\\/\\\/19zoll.com\\\/es\\\/noticias\\\/\",\"name\":\"Noticias de Daub CNC Technik GmbH und Co KG\",\"isPartOf\":{\"@id\":\"https:\\\/\\\/19zoll.com\\\/#website\"},\"datePublished\":\"2021-12-03T16:58:32+00:00\",\"dateModified\":\"2025-11-19T08:55:55+00:00\",\"description\":\"Noticias, Takachi, Ferias, Embedded World, Carcasas de aluminio, Carcasas de pl\u00e1stico, Anodizado, Mecanizado y etiquetado de carcasas\",\"breadcrumb\":{\"@id\":\"https:\\\/\\\/19zoll.com\\\/es\\\/noticias\\\/#breadcrumb\"},\"inLanguage\":\"es\",\"potentialAction\":[{\"@type\":\"ReadAction\",\"target\":[\"https:\\\/\\\/19zoll.com\\\/es\\\/noticias\\\/\"]}]},{\"@type\":\"BreadcrumbList\",\"@id\":\"https:\\\/\\\/19zoll.com\\\/es\\\/noticias\\\/#breadcrumb\",\"itemListElement\":[{\"@type\":\"ListItem\",\"position\":1,\"name\":\"Startseite\",\"item\":\"https:\\\/\\\/19zoll.com\\\/es\\\/inicio\\\/\"},{\"@type\":\"ListItem\",\"position\":2,\"name\":\"Noticias\"}]},{\"@type\":\"WebSite\",\"@id\":\"https:\\\/\\\/19zoll.com\\\/#website\",\"url\":\"https:\\\/\\\/19zoll.com\\\/\",\"name\":\"Daub CNC\",\"description\":\"Ein Webprojekt von IhrMediengestalter\",\"potentialAction\":[{\"@type\":\"SearchAction\",\"target\":{\"@type\":\"EntryPoint\",\"urlTemplate\":\"https:\\\/\\\/19zoll.com\\\/?s={search_term_string}\"},\"query-input\":{\"@type\":\"PropertyValueSpecification\",\"valueRequired\":true,\"valueName\":\"search_term_string\"}}],\"inLanguage\":\"es\"}]}<\/script>\n<!-- \/ Yoast SEO plugin. -->","yoast_head_json":{"title":"Noticias de Daub CNC Technik GmbH und Co KG","description":"Noticias, Takachi, Ferias, Embedded World, Carcasas de aluminio, Carcasas de pl\u00e1stico, Anodizado, Mecanizado y etiquetado de carcasas","robots":{"index":"index","follow":"follow","max-snippet":"max-snippet:-1","max-image-preview":"max-image-preview:large","max-video-preview":"max-video-preview:-1"},"canonical":"https:\/\/19zoll.com\/es\/noticias\/","og_locale":"es_ES","og_type":"article","og_title":"Noticias de Daub CNC Technik GmbH und Co KG","og_description":"Noticias, Takachi, Ferias, Embedded World, Carcasas de aluminio, Carcasas de pl\u00e1stico, Anodizado, Mecanizado y etiquetado de carcasas","og_url":"https:\/\/19zoll.com\/es\/noticias\/","og_site_name":"Daub CNC","article_modified_time":"2025-11-19T08:55:55+00:00","twitter_card":"summary_large_image","twitter_title":"Noticias de Daub CNC Technik GmbH und Co KG","twitter_description":"Noticias, Takachi, Ferias, Embedded World, Carcasas de aluminio, Carcasas de pl\u00e1stico, Anodizado, Mecanizado y etiquetado de carcasas","twitter_misc":{"Tiempo de lectura":"5 minutos"},"schema":{"@context":"https:\/\/schema.org","@graph":[{"@type":"WebPage","@id":"https:\/\/19zoll.com\/es\/noticias\/","url":"https:\/\/19zoll.com\/es\/noticias\/","name":"Noticias de Daub CNC Technik GmbH und Co KG","isPartOf":{"@id":"https:\/\/19zoll.com\/#website"},"datePublished":"2021-12-03T16:58:32+00:00","dateModified":"2025-11-19T08:55:55+00:00","description":"Noticias, Takachi, Ferias, Embedded World, Carcasas de aluminio, Carcasas de pl\u00e1stico, Anodizado, Mecanizado y etiquetado de carcasas","breadcrumb":{"@id":"https:\/\/19zoll.com\/es\/noticias\/#breadcrumb"},"inLanguage":"es","potentialAction":[{"@type":"ReadAction","target":["https:\/\/19zoll.com\/es\/noticias\/"]}]},{"@type":"BreadcrumbList","@id":"https:\/\/19zoll.com\/es\/noticias\/#breadcrumb","itemListElement":[{"@type":"ListItem","position":1,"name":"Startseite","item":"https:\/\/19zoll.com\/es\/inicio\/"},{"@type":"ListItem","position":2,"name":"Noticias"}]},{"@type":"WebSite","@id":"https:\/\/19zoll.com\/#website","url":"https:\/\/19zoll.com\/","name":"Daub CNC","description":"Ein Webprojekt von IhrMediengestalter","potentialAction":[{"@type":"SearchAction","target":{"@type":"EntryPoint","urlTemplate":"https:\/\/19zoll.com\/?s={search_term_string}"},"query-input":{"@type":"PropertyValueSpecification","valueRequired":true,"valueName":"search_term_string"}}],"inLanguage":"es"}]}},"_links":{"self":[{"href":"https:\/\/19zoll.com\/es\/wp-json\/wp\/v2\/pages\/54742","targetHints":{"allow":["GET"]}}],"collection":[{"href":"https:\/\/19zoll.com\/es\/wp-json\/wp\/v2\/pages"}],"about":[{"href":"https:\/\/19zoll.com\/es\/wp-json\/wp\/v2\/types\/page"}],"author":[{"embeddable":true,"href":"https:\/\/19zoll.com\/es\/wp-json\/wp\/v2\/users\/1"}],"replies":[{"embeddable":true,"href":"https:\/\/19zoll.com\/es\/wp-json\/wp\/v2\/comments?post=54742"}],"version-history":[{"count":14,"href":"https:\/\/19zoll.com\/es\/wp-json\/wp\/v2\/pages\/54742\/revisions"}],"predecessor-version":[{"id":60989,"href":"https:\/\/19zoll.com\/es\/wp-json\/wp\/v2\/pages\/54742\/revisions\/60989"}],"wp:attachment":[{"href":"https:\/\/19zoll.com\/es\/wp-json\/wp\/v2\/media?parent=54742"}],"curies":[{"name":"wp","href":"https:\/\/api.w.org\/{rel}","templated":true}]}}