{"id":54739,"date":"2023-04-12T13:39:48","date_gmt":"2023-04-12T11:39:48","guid":{"rendered":"https:\/\/19zoll.com\/fabricacion-por-contrato\/"},"modified":"2025-03-25T14:33:55","modified_gmt":"2025-03-25T13:33:55","slug":"fabricacion-por-contrato","status":"publish","type":"page","link":"https:\/\/19zoll.com\/es\/fabricacion-por-contrato\/","title":{"rendered":"Fabricaci\u00f3n por contrato"},"content":{"rendered":"<p>[et_pb_section fb_built=\u00bb1&#8243; _builder_version=\u00bb4.16.0&#8243; _module_preset=\u00bbdefault\u00bb background_color=\u00bb#F3F3F3&#8243; border_width_bottom=\u00bb3px\u00bb border_color_bottom=\u00bb#FFFFFF\u00bb locked=\u00bboff\u00bb global_colors_info=\u00bb{}\u00bb][et_pb_row use_custom_gutter=\u00bbon\u00bb make_equal=\u00bbon\u00bb _builder_version=\u00bb4.16&#8243; _module_preset=\u00bbdefault\u00bb custom_css_main_element=\u00bbalign-items: center;\u00bb global_colors_info=\u00bb{}\u00bb][et_pb_column type=\u00bb4_4&#8243; _builder_version=\u00bb4.16&#8243; _module_preset=\u00bbdefault\u00bb global_colors_info=\u00bb{}\u00bb][et_pb_text _builder_version=\u00bb4.20.4&#8243; _module_preset=\u00bbdefault\u00bb text_text_color=\u00bb#3B3B3B\u00bb text_font_size=\u00bb15px\u00bb text_line_height=\u00bb1.8em\u00bb header_font=\u00bb|700|||||||\u00bb header_text_color=\u00bb#3B3B3B\u00bb header_line_height=\u00bb1.3em\u00bb global_colors_info=\u00bb{}\u00bb]<\/p>\n<h1><span>Fabricaci\u00f3n por contrato<\/span><\/h1>\n<p class=\"p1\"><span class=\"s1\">Te ofrecemos nuestra maquinaria como un banco de trabajo ampliado. Daub CNC Technik fabrica piezas de aluminio y pl\u00e1stico de forma r\u00e1pida y sencilla.  Estamos especializados en la producci\u00f3n de piezas individuales hasta grandes series de perfiles extruidos con una longitud m\u00e1xima de 6000 mm y paneles de chapa de hasta 2000 x 3000 mm. <\/span><\/p>\n<p class=\"p2\"><span class=\"s1\"><\/span><\/p>\n<p class=\"p1\"><span class=\"s1\">El fresado HSC (corte de alta velocidad) en nuestras fresadoras de p\u00f3rtico de 3 ejes, con una velocidad posible de 60.000 rpm, nos permite conseguir un mecanizado econ\u00f3mico de la m\u00e1xima calidad. Incluso los contornos o grabados m\u00e1s peque\u00f1os pueden producirse con esta forma de mecanizado. Utilizamos sistem\u00e1ticamente las \u00faltimas tecnolog\u00edas con nuestros sistemas CAD para la preparaci\u00f3n de datos y CAM para la programaci\u00f3n. La tecnolog\u00eda de sujeci\u00f3n por vac\u00edo nos permite producir trabajos intrincados en chapa met\u00e1lica, como cajeras fresadas, avellanados, chaflanes, radios y roscas sin deformar ni cambiar la estructura del material base.   <\/span><\/p>\n<p class=\"p2\"><span class=\"s1\"><\/span><\/p>\n<p class=\"p1\"><span class=\"s1\">Nuestro amplio almac\u00e9n de aluminio nos permite reaccionar con rapidez y fabricar tus productos.<\/span><\/p>\n<p class=\"p2\"><span class=\"s1\"><\/span><\/p>\n<p class=\"p1\"><span class=\"s1\">Tambi\u00e9n puedes proporcionarnos tu material con tus especificaciones individuales para procesarlo.<\/span><\/p>\n<p class=\"p2\"><span class=\"s1\"><\/span><\/p>\n<p class=\"p1\"><span class=\"s1\">Somos tu contacto para la fabricaci\u00f3n por encargo de piezas fresadas de chapa met\u00e1lica, desde prototipos hasta producci\u00f3n en serie.<\/span><\/p>\n<p class=\"p2\"><span class=\"s1\"><\/span><\/p>\n<p class=\"p1\"><span class=\"s1\">Necesitamos datos DXF en 2D o datos de pasos en 3D para la producci\u00f3n.<\/span><\/p>\n<p>&nbsp;<\/p>\n<p>[\/et_pb_text][\/et_pb_column][\/et_pb_row][\/et_pb_section][et_pb_section fb_built=\u00bb1&#8243; _builder_version=\u00bb4.16.0&#8243; _module_preset=\u00bbdefault\u00bb background_color=\u00bb#F3F3F3&#8243; border_width_bottom=\u00bb3px\u00bb border_color_bottom=\u00bb#FFFFFF\u00bb locked=\u00bboff\u00bb global_colors_info=\u00bb{}\u00bb][et_pb_row use_custom_gutter=\u00bbon\u00bb make_equal=\u00bbon\u00bb _builder_version=\u00bb4.16&#8243; _module_preset=\u00bbdefault\u00bb custom_css_main_element=\u00bbalign-items: center;\u00bb global_colors_info=\u00bb{}\u00bb][et_pb_column type=\u00bb4_4&#8243; _builder_version=\u00bb4.16&#8243; _module_preset=\u00bbdefault\u00bb global_colors_info=\u00bb{}\u00bb][et_pb_text _builder_version=\u00bb4.20.4&#8243; _module_preset=\u00bbdefault\u00bb text_text_color=\u00bb#3B3B3B\u00bb text_font_size=\u00bb15px\u00bb text_line_height=\u00bb1.8em\u00bb header_font=\u00bb|700|||||||\u00bb header_text_color=\u00bb#3B3B3B\u00bb header_line_height=\u00bb1.3em\u00bb global_colors_info=\u00bb{}\u00bb]<\/p>\n<h1><span>Opciones de fabricaci\u00f3n<\/span><\/h1>\n<p class=\"p1\"><span class=\"s1\"><b>Serigraf\u00eda<\/b><\/span><\/p>\n<p class=\"p1\"><span class=\"s1\">Serigrafiamos seg\u00fan tus especificaciones en colores RAL, Pantone o HKS.<\/span><\/p>\n<p class=\"p2\"><span class=\"s1\"><\/span><\/p>\n<p class=\"p1\"><span class=\"s1\">Nuestra moderna impresora serigr\u00e1fica ESC, en combinaci\u00f3n con tintas de impresi\u00f3n de alta calidad, garantiza una calidad de impresi\u00f3n \u00f3ptima en una superficie m\u00e1xima de 700&#215;600 mm. <\/span><\/p>\n<p class=\"p2\"><span class=\"s1\"><\/span><\/p>\n<p class=\"p1\"><span class=\"s1\">Ventajas de la serigraf\u00eda<\/span><\/p>\n<p class=\"p1\"><span class=\"s1\"><span class=\"Apple-tab-span\"> <\/span>&#8211; Alta opacidad<\/span><\/p>\n<p class=\"p1\"><span class=\"s1\"><span class=\"Apple-tab-span\"> <\/span>&#8211; Resultados de impresi\u00f3n duraderos y muy resistentes<\/span><\/p>\n<p class=\"p1\"><span class=\"s1\"><span class=\"Apple-tab-span\"> <\/span>&#8211; Predestinado a grandes tiradas <\/span><\/p>\n<p class=\"p1\"><span class=\"s1\"><span class=\"Apple-tab-span\"> <\/span>&#8211; Alto brillo del color<\/span><\/p>\n<p class=\"p1\"><span class=\"s1\"><span class=\"Apple-tab-span\"> <\/span>&#8211; Adecuado para colores claros sobre fondos oscuros <\/span><\/p>\n<p class=\"p2\"><span class=\"s1\"><\/span><\/p>\n<p class=\"p1\"><span class=\"s1\">La serigraf\u00eda es un proceso de impresi\u00f3n en el que la tinta de impresi\u00f3n se imprime a trav\u00e9s de una pantalla textil de malla fina sobre el material que se va a imprimir utilizando una rasqueta de goma. Las aberturas de la malla del tejido se sellan herm\u00e9ticamente al color mediante una plantilla en las zonas herm\u00e9ticas al color del tejido donde no se va a imprimir ning\u00fan color. <\/span><\/p>\n<p class=\"p2\"><span class=\"s1\"><\/span><\/p>\n<p class=\"p1\"><span class=\"s1\"><b>Impresi\u00f3n digital<\/b><\/span><\/p>\n<p class=\"p1\"><span class=\"s1\">A diferencia de la serigraf\u00eda, la impresi\u00f3n digital no requiere una forma de impresi\u00f3n fija. La impresi\u00f3n digital, tambi\u00e9n conocida como NIP (impresi\u00f3n sin impacto) o DDP (impresi\u00f3n digital directa), es un proceso de impresi\u00f3n barato y que ahorra tiempo. Las tiradas peque\u00f1as pueden realizarse con plantillas de impresi\u00f3n directamente desde el ordenador, sin m\u00e1s pasos intermedios.    <\/span><\/p>\n<p class=\"p2\"><span class=\"s1\"><\/span><\/p>\n<p class=\"p1\"><span class=\"s1\"><b>Etiquetado l\u00e1ser<\/b><\/span><\/p>\n<p class=\"p1\"><span class=\"s1\">Posibilidades de dise\u00f1o ilimitadas con el etiquetado l\u00e1ser. Un proceso especialmente r\u00e1pido, flexible y resistente a la abrasi\u00f3n para el dise\u00f1o personalizado de superficies en aluminio, sin costes adicionales de herramientas, aditivos ni disolventes. <\/span><\/p>\n<p class=\"p2\"><span class=\"s1\"><\/span><\/p>\n<p class=\"p1\"><span class=\"s1\"><b>Tecnolog\u00eda press-fit con conectores press-fit<\/b><\/span><\/p>\n<p class=\"p1\"><span class=\"s1\">Los elementos de fijaci\u00f3n a presi\u00f3n se introducen a presi\u00f3n en los orificios del n\u00facleo de la pieza. El material fluye a trav\u00e9s del conformado en fr\u00edo hacia un rebaje en la zona del v\u00e1stago del elemento de fijaci\u00f3n. El dentado o la forma especial de la cabeza evitan que el tornillo se retuerza.    <\/span><\/p>\n<p class=\"p2\"><span class=\"s1\"><\/span><\/p>\n<p class=\"p1\"><span class=\"s1\">Garantizan puntos de fijaci\u00f3n resistentes y elevadas fuerzas de empuje y torsi\u00f3n sin da\u00f1ar el material ni causar protuberancias en la zona de los bordes. Las fijaciones quedan enrasadas con la parte posterior de los materiales.   <\/span><\/p>\n<p class=\"p1\"><span class=\"s1\">Las conexiones a presi\u00f3n son fiables, duraderas y econ\u00f3micas.<\/span><\/p>\n<p class=\"p2\"><span class=\"s1\"><\/span><\/p>\n<p class=\"p1\"><span class=\"s1\"><b>Pasivado del aluminio<\/b><\/span><\/p>\n<p class=\"p1\"><span class=\"s1\">Ofrecemos a nuestros clientes el pasivado de paneles y perfiles de aluminio. La capa de cromato producida ofrece una protecci\u00f3n \u00f3ptima contra la corrosi\u00f3n y es una buena base adhesiva para otros revestimientos.   <\/span><\/p>\n<p class=\"p2\"><span class=\"s1\"><\/span><\/p>\n<p class=\"p1\"><span class=\"s1\">Este revestimiento ofrece una protecci\u00f3n \u00f3ptima contra la corrosi\u00f3n y tambi\u00e9n sirve como base adhesiva para pegamentos, pinturas y revestimientos en polvo durante el procesamiento posterior. Tambi\u00e9n tiene una baja resistencia el\u00e9ctrica superficial, lo que permite conseguir una baja resistencia de contacto para la puesta en contacto. Para conseguir una superficie uniforme, las placas de aluminio se desengrasan y decapan previamente.  <\/span><\/p>\n<p class=\"p2\"><span class=\"s1\"><\/span><\/p>\n<p class=\"p1\"><span class=\"s1\"><b>Chorreado de arena\/ granallado de vidrio<\/b><\/span><\/p>\n<p class=\"p1\"><span class=\"s1\">El principio del chorreado con microesferas de vidrio es similar al del chorreado con arena. Debido a la forma redonda del medio de chorreado, la superficie queda menos rugosa y tiene un aspecto sedoso, brillante y homog\u00e9neo. Las tiras de dibujo de los perfiles extruidos quedan completamente ocultas.    <\/span><\/p>\n<p class=\"p2\"><span class=\"s1\"><\/span><\/p>\n<p class=\"p1\"><span class=\"s1\">El efecto real del chorreado con microesferas de vidrio se crea por el \u00abimpacto\u00bb de las microesferas sobre la superficie. Debido a su forma esf\u00e9rica, la abrasi\u00f3n de la superficie es m\u00ednima o nula. Al mismo tiempo, la superficie se espesa y endurece, proporcionando un pretratamiento \u00f3ptimo para el anodizado.  <\/span><\/p>\n<p>[\/et_pb_text][\/et_pb_column][\/et_pb_row][\/et_pb_section][et_pb_section fb_built=\u00bb1&#8243; _builder_version=\u00bb4.16.0&#8243; _module_preset=\u00bbdefault\u00bb background_color=\u00bb#F3F3F3&#8243; border_width_bottom=\u00bb3px\u00bb border_color_bottom=\u00bb#FFFFFF\u00bb locked=\u00bboff\u00bb global_colors_info=\u00bb{}\u00bb][et_pb_row use_custom_gutter=\u00bbon\u00bb make_equal=\u00bbon\u00bb _builder_version=\u00bb4.16&#8243; _module_preset=\u00bbdefault\u00bb custom_css_main_element=\u00bbalign-items: center;\u00bb global_colors_info=\u00bb{}\u00bb][et_pb_column type=\u00bb4_4&#8243; _builder_version=\u00bb4.16&#8243; _module_preset=\u00bbdefault\u00bb global_colors_info=\u00bb{}\u00bb][et_pb_gallery gallery_ids=\u00bb53193,53195,53197,53207,53211,53201,53203,53213,53205,53209,53219,53217&#8243; posts_number=\u00bb12&#8243; show_title_and_caption=\u00bboff\u00bb show_pagination=\u00bboff\u00bb _builder_version=\u00bb4.20.4&#8243; _module_preset=\u00bbdefault\u00bb global_colors_info=\u00bb{}\u00bb][\/et_pb_gallery][\/et_pb_column][\/et_pb_row][\/et_pb_section]<\/p>\n","protected":false},"excerpt":{"rendered":"<p>Fabricaci\u00f3n por contrato Te ofrecemos nuestra maquinaria como un banco de trabajo ampliado. Daub CNC Technik fabrica piezas de aluminio y pl\u00e1stico de forma r\u00e1pida y sencilla. Estamos especializados en la producci\u00f3n de piezas individuales hasta grandes series de perfiles extruidos con una longitud m\u00e1xima de 6000 mm y paneles de chapa de hasta 2000 [&hellip;]<\/p>\n","protected":false},"author":1,"featured_media":0,"parent":0,"menu_order":0,"comment_status":"closed","ping_status":"closed","template":"","meta":{"_et_pb_use_builder":"on","_et_pb_old_content":"","_et_gb_content_width":"","inline_featured_image":false,"footnotes":""},"class_list":["post-54739","page","type-page","status-publish","hentry"],"yoast_head":"<!-- This site is optimized with the Yoast SEO plugin v27.3 - https:\/\/yoast.com\/product\/yoast-seo-wordpress\/ -->\n<title>Fabricaci\u00f3n por contrato Tecnolog\u00eda CNC Daub<\/title>\n<meta name=\"description\" content=\"Fresado, recubrimiento de superficies, serigraf\u00eda, impresi\u00f3n digital, mecanizado, marcado por l\u00e1ser, arenado, pasivado, anodizado, prensado\" \/>\n<meta name=\"robots\" content=\"index, follow, max-snippet:-1, max-image-preview:large, max-video-preview:-1\" \/>\n<link rel=\"canonical\" href=\"https:\/\/19zoll.com\/es\/fabricacion-por-contrato\/\" \/>\n<meta property=\"og:locale\" content=\"es_ES\" \/>\n<meta property=\"og:type\" content=\"article\" \/>\n<meta property=\"og:title\" content=\"Fabricaci\u00f3n por contrato Tecnolog\u00eda CNC Daub\" \/>\n<meta property=\"og:description\" content=\"Fresado, recubrimiento de superficies, serigraf\u00eda, impresi\u00f3n digital, mecanizado, marcado por l\u00e1ser, arenado, pasivado, anodizado, prensado\" \/>\n<meta property=\"og:url\" content=\"https:\/\/19zoll.com\/es\/fabricacion-por-contrato\/\" \/>\n<meta property=\"og:site_name\" content=\"Daub CNC\" \/>\n<meta property=\"article:modified_time\" content=\"2025-03-25T13:33:55+00:00\" \/>\n<meta property=\"og:image\" content=\"https:\/\/19zoll.com\/wp-content\/uploads\/2023\/04\/lohnfertigung-003.jpg\" \/>\n<meta name=\"twitter:card\" content=\"summary_large_image\" \/>\n<meta name=\"twitter:title\" content=\"Fabricaci\u00f3n por contrato Tecnolog\u00eda CNC Daub\" \/>\n<meta name=\"twitter:description\" content=\"Fresado, recubrimiento de superficies, serigraf\u00eda, impresi\u00f3n digital, mecanizado, marcado por l\u00e1ser, arenado, pasivado, anodizado, prensado\" \/>\n<meta name=\"twitter:image\" content=\"https:\/\/19zoll.com\/wp-content\/uploads\/2023\/04\/lohnfertigung-003.jpg\" \/>\n<meta name=\"twitter:label1\" content=\"Tiempo de lectura\" \/>\n\t<meta name=\"twitter:data1\" content=\"6 minutos\" \/>\n<script type=\"application\/ld+json\" class=\"yoast-schema-graph\">{\"@context\":\"https:\\\/\\\/schema.org\",\"@graph\":[{\"@type\":\"WebPage\",\"@id\":\"https:\\\/\\\/19zoll.com\\\/es\\\/fabricacion-por-contrato\\\/\",\"url\":\"https:\\\/\\\/19zoll.com\\\/es\\\/fabricacion-por-contrato\\\/\",\"name\":\"Fabricaci\u00f3n por contrato Tecnolog\u00eda CNC Daub\",\"isPartOf\":{\"@id\":\"https:\\\/\\\/19zoll.com\\\/#website\"},\"datePublished\":\"2023-04-12T11:39:48+00:00\",\"dateModified\":\"2025-03-25T13:33:55+00:00\",\"description\":\"Fresado, recubrimiento de superficies, serigraf\u00eda, impresi\u00f3n digital, mecanizado, marcado por l\u00e1ser, arenado, pasivado, anodizado, prensado\",\"breadcrumb\":{\"@id\":\"https:\\\/\\\/19zoll.com\\\/es\\\/fabricacion-por-contrato\\\/#breadcrumb\"},\"inLanguage\":\"es\",\"potentialAction\":[{\"@type\":\"ReadAction\",\"target\":[\"https:\\\/\\\/19zoll.com\\\/es\\\/fabricacion-por-contrato\\\/\"]}]},{\"@type\":\"BreadcrumbList\",\"@id\":\"https:\\\/\\\/19zoll.com\\\/es\\\/fabricacion-por-contrato\\\/#breadcrumb\",\"itemListElement\":[{\"@type\":\"ListItem\",\"position\":1,\"name\":\"Startseite\",\"item\":\"https:\\\/\\\/19zoll.com\\\/es\\\/inicio\\\/\"},{\"@type\":\"ListItem\",\"position\":2,\"name\":\"Fabricaci\u00f3n por contrato\"}]},{\"@type\":\"WebSite\",\"@id\":\"https:\\\/\\\/19zoll.com\\\/#website\",\"url\":\"https:\\\/\\\/19zoll.com\\\/\",\"name\":\"Daub CNC\",\"description\":\"Ein Webprojekt von IhrMediengestalter\",\"potentialAction\":[{\"@type\":\"SearchAction\",\"target\":{\"@type\":\"EntryPoint\",\"urlTemplate\":\"https:\\\/\\\/19zoll.com\\\/?s={search_term_string}\"},\"query-input\":{\"@type\":\"PropertyValueSpecification\",\"valueRequired\":true,\"valueName\":\"search_term_string\"}}],\"inLanguage\":\"es\"}]}<\/script>\n<!-- \/ Yoast SEO plugin. -->","yoast_head_json":{"title":"Fabricaci\u00f3n por contrato Tecnolog\u00eda CNC Daub","description":"Fresado, recubrimiento de superficies, serigraf\u00eda, impresi\u00f3n digital, mecanizado, marcado por l\u00e1ser, arenado, pasivado, anodizado, prensado","robots":{"index":"index","follow":"follow","max-snippet":"max-snippet:-1","max-image-preview":"max-image-preview:large","max-video-preview":"max-video-preview:-1"},"canonical":"https:\/\/19zoll.com\/es\/fabricacion-por-contrato\/","og_locale":"es_ES","og_type":"article","og_title":"Fabricaci\u00f3n por contrato Tecnolog\u00eda CNC Daub","og_description":"Fresado, recubrimiento de superficies, serigraf\u00eda, impresi\u00f3n digital, mecanizado, marcado por l\u00e1ser, arenado, pasivado, anodizado, prensado","og_url":"https:\/\/19zoll.com\/es\/fabricacion-por-contrato\/","og_site_name":"Daub CNC","article_modified_time":"2025-03-25T13:33:55+00:00","og_image":[{"url":"https:\/\/19zoll.com\/wp-content\/uploads\/2023\/04\/lohnfertigung-003.jpg","type":"","width":"","height":""}],"twitter_card":"summary_large_image","twitter_title":"Fabricaci\u00f3n por contrato Tecnolog\u00eda CNC Daub","twitter_description":"Fresado, recubrimiento de superficies, serigraf\u00eda, impresi\u00f3n digital, mecanizado, marcado por l\u00e1ser, arenado, pasivado, anodizado, prensado","twitter_image":"https:\/\/19zoll.com\/wp-content\/uploads\/2023\/04\/lohnfertigung-003.jpg","twitter_misc":{"Tiempo de lectura":"6 minutos"},"schema":{"@context":"https:\/\/schema.org","@graph":[{"@type":"WebPage","@id":"https:\/\/19zoll.com\/es\/fabricacion-por-contrato\/","url":"https:\/\/19zoll.com\/es\/fabricacion-por-contrato\/","name":"Fabricaci\u00f3n por contrato Tecnolog\u00eda CNC Daub","isPartOf":{"@id":"https:\/\/19zoll.com\/#website"},"datePublished":"2023-04-12T11:39:48+00:00","dateModified":"2025-03-25T13:33:55+00:00","description":"Fresado, recubrimiento de superficies, serigraf\u00eda, impresi\u00f3n digital, mecanizado, marcado por l\u00e1ser, arenado, pasivado, anodizado, prensado","breadcrumb":{"@id":"https:\/\/19zoll.com\/es\/fabricacion-por-contrato\/#breadcrumb"},"inLanguage":"es","potentialAction":[{"@type":"ReadAction","target":["https:\/\/19zoll.com\/es\/fabricacion-por-contrato\/"]}]},{"@type":"BreadcrumbList","@id":"https:\/\/19zoll.com\/es\/fabricacion-por-contrato\/#breadcrumb","itemListElement":[{"@type":"ListItem","position":1,"name":"Startseite","item":"https:\/\/19zoll.com\/es\/inicio\/"},{"@type":"ListItem","position":2,"name":"Fabricaci\u00f3n por contrato"}]},{"@type":"WebSite","@id":"https:\/\/19zoll.com\/#website","url":"https:\/\/19zoll.com\/","name":"Daub CNC","description":"Ein Webprojekt von IhrMediengestalter","potentialAction":[{"@type":"SearchAction","target":{"@type":"EntryPoint","urlTemplate":"https:\/\/19zoll.com\/?s={search_term_string}"},"query-input":{"@type":"PropertyValueSpecification","valueRequired":true,"valueName":"search_term_string"}}],"inLanguage":"es"}]}},"_links":{"self":[{"href":"https:\/\/19zoll.com\/es\/wp-json\/wp\/v2\/pages\/54739","targetHints":{"allow":["GET"]}}],"collection":[{"href":"https:\/\/19zoll.com\/es\/wp-json\/wp\/v2\/pages"}],"about":[{"href":"https:\/\/19zoll.com\/es\/wp-json\/wp\/v2\/types\/page"}],"author":[{"embeddable":true,"href":"https:\/\/19zoll.com\/es\/wp-json\/wp\/v2\/users\/1"}],"replies":[{"embeddable":true,"href":"https:\/\/19zoll.com\/es\/wp-json\/wp\/v2\/comments?post=54739"}],"version-history":[{"count":2,"href":"https:\/\/19zoll.com\/es\/wp-json\/wp\/v2\/pages\/54739\/revisions"}],"predecessor-version":[{"id":54741,"href":"https:\/\/19zoll.com\/es\/wp-json\/wp\/v2\/pages\/54739\/revisions\/54741"}],"wp:attachment":[{"href":"https:\/\/19zoll.com\/es\/wp-json\/wp\/v2\/media?parent=54739"}],"curies":[{"name":"wp","href":"https:\/\/api.w.org\/{rel}","templated":true}]}}