{"id":54733,"date":"2021-12-03T18:26:57","date_gmt":"2021-12-03T17:26:57","guid":{"rendered":"https:\/\/19zoll.com\/soluciones-de-refrigeracion\/"},"modified":"2025-03-25T14:23:53","modified_gmt":"2025-03-25T13:23:53","slug":"soluciones-de-refrigeracion","status":"publish","type":"page","link":"https:\/\/19zoll.com\/es\/soluciones-de-refrigeracion\/","title":{"rendered":"Soluciones de refrigeraci\u00f3n"},"content":{"rendered":"<p><div class=\"et_d4_element et_pb_section et_pb_section_0 et_pb_with_background  et_pb_css_mix_blend_mode et_section_regular et_block_section\" >\n\t\t\t\t\n\t\t\t\t\n\t\t\t\t\n\t\t\t\t\n\t\t\t\t\n\t\t\t\t\n\t\t\t\t<div class=\"et_d4_element et_pb_row et_pb_row_0  et_pb_css_mix_blend_mode et_block_row\">\n\t\t\t\t<div class=\"et_d4_element et_pb_column_4_4 et_pb_column et_pb_column_0  et_pb_css_mix_blend_mode et-last-child et_block_column\">\n\t\t\t\t\n\t\t\t\t\n\t\t\t\t\n\t\t\t\t\n\t\t\t\t<div class=\"et_pb_module et_d4_element et_pb_text et_pb_text_0  et_pb_text_align_left et_pb_bg_layout_light\">\n\t\t\t\t\n\t\t\t\t\n\t\t\t\t\n\t\t\t\t\n\t\t\t\t<div class=\"et_pb_text_inner\"><div id=\"c76\" class=\"csc-default csc-space-before-30 csc-space-after-50\">\n<h1 class=\"csc-firstHeader\">Soluciones de refrigeraci\u00f3n<\/h1>\n<p class=\"bodytext\"><span>Daub produce y vende soluciones de refrigeraci\u00f3n altamente eficaces para la refrigeraci\u00f3n pasiva de conjuntos electr\u00f3nicos. La gama de servicios de la empresa incluye el procesamiento mec\u00e1nico completo de disipadores de calor de perfil, la producci\u00f3n de disipadores de calor l\u00edquidos para m\u00f3dulos de potencia y la realizaci\u00f3n de soluciones especiales que se adapten a las aplicaciones espec\u00edficas del cliente. Las soluciones de refrigeraci\u00f3n de Daub se fabrican con la m\u00e1xima precisi\u00f3n y una calidad \u00f3ptima, para la satisfacci\u00f3n constante del cliente y una funcionalidad fiable, sean cuales sean los requisitos.  <\/span><\/p>\n<\/div><\/div>\n\t\t\t<\/div>\n\t\t\t<\/div>\n\t\t\t\t\n\t\t\t\t\n\t\t\t\t\n\t\t\t\t\n\t\t\t<\/div>\n\t\t\t\t\n\t\t\t\t\n\t\t\t<\/div><div class=\"et_pb_with_border et_d4_element et_pb_section et_pb_section_1 et_pb_with_background  et_pb_css_mix_blend_mode et_section_regular et_block_section\" >\n\t\t\t\t\n\t\t\t\t\n\t\t\t\t\n\t\t\t\t\n\t\t\t\t\n\t\t\t\t\n\t\t\t\t<div class=\"et_pb_with_border et_d4_element et_pb_row et_pb_row_1 et_pb_equal_columns et_pb_gutters1  et_pb_css_mix_blend_mode et_block_row\">\n\t\t\t\t<div class=\"et_pb_with_border et_pb_column_1_3 et_d4_element et_pb_column et_pb_column_1 et_clickable  et_pb_css_mix_blend_mode et_block_column\">\n\t\t\t\t\n\t\t\t\t\n\t\t\t\t\n\t\t\t\t\n\t\t\t\t<div class=\"et_pb_module et_d4_element et_pb_image et_pb_image_0\">\n\t\t\t\t\n\t\t\t\t\n\t\t\t\t\n\t\t\t\t\n\t\t\t\t<span class=\"et_pb_image_wrap \"><img loading=\"lazy\" decoding=\"async\" width=\"900\" height=\"550\" src=\"https:\/\/19zoll.com\/wp-content\/uploads\/2021\/12\/stranpressprofil-serie-da.jpg\" alt=\"Refrigerador de l\u00edquido de perfil extruido serie DA - Daub CNC Technik\" title=\"Refrigerador de l\u00edquido de perfil extruido serie DA\" srcset=\"https:\/\/19zoll.com\/wp-content\/uploads\/2021\/12\/stranpressprofil-serie-da.jpg 900w, https:\/\/19zoll.com\/wp-content\/uploads\/2021\/12\/stranpressprofil-serie-da-480x293.jpg 480w\" sizes=\"(min-width: 0px) and (max-width: 480px) 480px, (min-width: 481px) 900px, 100vw\" class=\"wp-image-50401\" \/><\/span>\n\t\t\t<\/div><div class=\"et_pb_module et_d4_element et_pb_text et_pb_text_1  et_pb_text_align_left et_pb_bg_layout_light\">\n\t\t\t\t\n\t\t\t\t\n\t\t\t\t\n\t\t\t\t\n\t\t\t\t<div class=\"et_pb_text_inner\"><h2>Refrigerador de l\u00edquido de perfil extruido serie DA<\/h2><\/div>\n\t\t\t<\/div>\n\t\t\t<\/div><div class=\"et_pb_with_border et_pb_column_1_3 et_d4_element et_pb_column et_pb_column_2 et_clickable  et_pb_css_mix_blend_mode et_block_column\">\n\t\t\t\t\n\t\t\t\t\n\t\t\t\t\n\t\t\t\t\n\t\t\t\t<div class=\"et_pb_module et_d4_element et_pb_image et_pb_image_1\">\n\t\t\t\t\n\t\t\t\t\n\t\t\t\t\n\t\t\t\t\n\t\t\t\t<span class=\"et_pb_image_wrap \"><img loading=\"lazy\" decoding=\"async\" width=\"900\" height=\"550\" src=\"https:\/\/19zoll.com\/wp-content\/uploads\/2021\/12\/kuehlkoerper-serie-da.jpg\" alt=\"Disipadores de calor para refrigeraci\u00f3n por convecci\u00f3n fabricados con perfiles extruidos - Empresa Daub\" title=\"Disipador de calor para refrigeraci\u00f3n por convecci\u00f3n fabricado con perfiles extruidos\" srcset=\"https:\/\/19zoll.com\/wp-content\/uploads\/2021\/12\/kuehlkoerper-serie-da.jpg 900w, https:\/\/19zoll.com\/wp-content\/uploads\/2021\/12\/kuehlkoerper-serie-da-480x293.jpg 480w\" sizes=\"(min-width: 0px) and (max-width: 480px) 480px, (min-width: 481px) 900px, 100vw\" class=\"wp-image-50395\" \/><\/span>\n\t\t\t<\/div><div class=\"et_pb_module et_d4_element et_pb_text et_pb_text_2  et_pb_text_align_left et_pb_bg_layout_light\">\n\t\t\t\t\n\t\t\t\t\n\t\t\t\t\n\t\t\t\t\n\t\t\t\t<div class=\"et_pb_text_inner\"><h2>Disipador serie DA<\/h2><\/div>\n\t\t\t<\/div>\n\t\t\t<\/div><div class=\"et_pb_with_border et_pb_column_1_3 et_d4_element et_pb_column et_pb_column_3 et_clickable  et_pb_css_mix_blend_mode et-last-child et_block_column\">\n\t\t\t\t\n\t\t\t\t\n\t\t\t\t\n\t\t\t\t\n\t\t\t\t<div class=\"et_pb_module et_d4_element et_pb_image et_pb_image_2\">\n\t\t\t\t\n\t\t\t\t\n\t\t\t\t\n\t\t\t\t\n\t\t\t\t<span class=\"et_pb_image_wrap \"><img loading=\"lazy\" decoding=\"async\" width=\"900\" height=\"550\" src=\"https:\/\/19zoll.com\/wp-content\/uploads\/2021\/12\/kuehlkoerpergehaeuse-serie-dsk.png\" alt=\"Carcasa del disipador de calor serie DSK - Daub CNC Technik\" title=\"Carcasa del disipador de calor serie DSK\" srcset=\"https:\/\/19zoll.com\/wp-content\/uploads\/2021\/12\/kuehlkoerpergehaeuse-serie-dsk.png 900w, https:\/\/19zoll.com\/wp-content\/uploads\/2021\/12\/kuehlkoerpergehaeuse-serie-dsk-480x293.png 480w\" sizes=\"(min-width: 0px) and (max-width: 480px) 480px, (min-width: 481px) 900px, 100vw\" class=\"wp-image-50397\" \/><\/span>\n\t\t\t<\/div><div class=\"et_pb_module et_d4_element et_pb_text et_pb_text_3  et_pb_text_align_left et_pb_bg_layout_light\">\n\t\t\t\t\n\t\t\t\t\n\t\t\t\t\n\t\t\t\t\n\t\t\t\t<div class=\"et_pb_text_inner\"><h2>Armario disipador de 19\" serie DSK<\/h2><\/div>\n\t\t\t<\/div>\n\t\t\t<\/div>\n\t\t\t\t\n\t\t\t\t\n\t\t\t\t\n\t\t\t\t\n\t\t\t<\/div>\n\t\t\t\t\n\t\t\t\t\n\t\t\t<\/div><div class=\"et_pb_with_border et_d4_element et_pb_section et_pb_section_2 et_pb_with_background  et_pb_css_mix_blend_mode et_section_regular et_block_section\" >\n\t\t\t\t\n\t\t\t\t\n\t\t\t\t\n\t\t\t\t\n\t\t\t\t\n\t\t\t\t\n\t\t\t\t<div class=\"et_pb_with_border et_d4_element et_pb_row et_pb_row_2 et_pb_equal_columns et_pb_gutters1  et_pb_css_mix_blend_mode et_block_row\">\n\t\t\t\t<div class=\"et_pb_with_border et_pb_column_1_3 et_d4_element et_pb_column et_pb_column_4 et_clickable  et_pb_css_mix_blend_mode et_block_column\">\n\t\t\t\t\n\t\t\t\t\n\t\t\t\t\n\t\t\t\t\n\t\t\t\t<div class=\"et_pb_module et_d4_element et_pb_image et_pb_image_3\">\n\t\t\t\t\n\t\t\t\t\n\t\t\t\t\n\t\t\t\t\n\t\t\t\t<span class=\"et_pb_image_wrap \"><img loading=\"lazy\" decoding=\"async\" width=\"900\" height=\"550\" src=\"https:\/\/19zoll.com\/wp-content\/uploads\/2021\/12\/kuehlkoerpergehaeuse-serie-hs.jpg\" alt=\"Carcasa del disipador de calor serie HS - Tecnolog\u00eda CNC Takachi \/ Daub\" title=\"Carcasa del disipador de calor Serie HS\" srcset=\"https:\/\/19zoll.com\/wp-content\/uploads\/2021\/12\/kuehlkoerpergehaeuse-serie-hs.jpg 900w, https:\/\/19zoll.com\/wp-content\/uploads\/2021\/12\/kuehlkoerpergehaeuse-serie-hs-480x293.jpg 480w\" sizes=\"(min-width: 0px) and (max-width: 480px) 480px, (min-width: 481px) 900px, 100vw\" class=\"wp-image-50399\" \/><\/span>\n\t\t\t<\/div><div class=\"et_pb_module et_d4_element et_pb_text et_pb_text_4  et_pb_text_align_left et_pb_bg_layout_light\">\n\t\t\t\t\n\t\t\t\t\n\t\t\t\t\n\t\t\t\t\n\t\t\t\t<div class=\"et_pb_text_inner\"><h2>Armario disipador de calor Serie HS<\/h2><\/div>\n\t\t\t<\/div>\n\t\t\t<\/div><div class=\"et_pb_with_border et_pb_column_1_3 et_d4_element et_pb_column et_pb_column_5 et_clickable  et_pb_css_mix_blend_mode et_block_column\">\n\t\t\t\t\n\t\t\t\t\n\t\t\t\t\n\t\t\t\t\n\t\t\t\t<div class=\"et_pb_module et_d4_element et_pb_image et_pb_image_4\">\n\t\t\t\t\n\t\t\t\t\n\t\t\t\t\n\t\t\t\t\n\t\t\t\t<span class=\"et_pb_image_wrap \"><img loading=\"lazy\" decoding=\"async\" width=\"900\" height=\"550\" src=\"https:\/\/19zoll.com\/wp-content\/uploads\/2021\/12\/kuehlkoerpergehaeuse-serie-hy.jpg\" alt=\"Carcasa del disipador de calor serie HY - Tecnolog\u00eda CNC Takachi \/ Daub\" title=\"Carcasa del disipador serie HY\" srcset=\"https:\/\/19zoll.com\/wp-content\/uploads\/2021\/12\/kuehlkoerpergehaeuse-serie-hy.jpg 900w, https:\/\/19zoll.com\/wp-content\/uploads\/2021\/12\/kuehlkoerpergehaeuse-serie-hy-480x293.jpg 480w\" sizes=\"(min-width: 0px) and (max-width: 480px) 480px, (min-width: 481px) 900px, 100vw\" class=\"wp-image-50400\" \/><\/span>\n\t\t\t<\/div><div class=\"et_pb_module et_d4_element et_pb_text et_pb_text_5  et_pb_text_align_left et_pb_bg_layout_light\">\n\t\t\t\t\n\t\t\t\t\n\t\t\t\t\n\t\t\t\t\n\t\t\t\t<div class=\"et_pb_text_inner\"><h2>Carcasa del disipador serie HY<\/h2><\/div>\n\t\t\t<\/div>\n\t\t\t<\/div><div class=\"et_pb_with_border et_pb_column_1_3 et_d4_element et_pb_column et_pb_column_6 et_clickable  et_pb_css_mix_blend_mode et-last-child et_block_column\">\n\t\t\t\t\n\t\t\t\t\n\t\t\t\t\n\t\t\t\t\n\t\t\t\t<div class=\"et_pb_module et_d4_element et_pb_image et_pb_image_5\">\n\t\t\t\t\n\t\t\t\t\n\t\t\t\t\n\t\t\t\t\n\t\t\t\t<span class=\"et_pb_image_wrap \"><img loading=\"lazy\" decoding=\"async\" width=\"900\" height=\"550\" src=\"https:\/\/19zoll.com\/wp-content\/uploads\/2021\/12\/kuehlkoerpergehaeuse-serie-hit.jpg\" alt=\"Carcasa del disipador de calor serie HIT - Daub CNC Technik GmbH und Co. KG\" title=\"Envolvente del disipador de calor serie HIT\" srcset=\"https:\/\/19zoll.com\/wp-content\/uploads\/2021\/12\/kuehlkoerpergehaeuse-serie-hit.jpg 900w, https:\/\/19zoll.com\/wp-content\/uploads\/2021\/12\/kuehlkoerpergehaeuse-serie-hit-480x293.jpg 480w\" sizes=\"(min-width: 0px) and (max-width: 480px) 480px, (min-width: 481px) 900px, 100vw\" class=\"wp-image-50398\" \/><\/span>\n\t\t\t<\/div><div class=\"et_pb_module et_d4_element et_pb_text et_pb_text_6  et_pb_text_align_left et_pb_bg_layout_light\">\n\t\t\t\t\n\t\t\t\t\n\t\t\t\t\n\t\t\t\t\n\t\t\t\t<div class=\"et_pb_text_inner\"><h2>Envolvente del disipador de calor serie HIT<\/h2><\/div>\n\t\t\t<\/div>\n\t\t\t<\/div>\n\t\t\t\t\n\t\t\t\t\n\t\t\t\t\n\t\t\t\t\n\t\t\t<\/div>\n\t\t\t\t\n\t\t\t\t\n\t\t\t<\/div><div class=\"et_pb_with_border et_d4_element et_pb_section et_pb_section_3 et_pb_with_background  et_pb_css_mix_blend_mode et_section_regular et_block_section\" >\n\t\t\t\t\n\t\t\t\t\n\t\t\t\t\n\t\t\t\t\n\t\t\t\t\n\t\t\t\t\n\t\t\t\t<div class=\"et_pb_with_border et_d4_element et_pb_row et_pb_row_3 et_pb_equal_columns et_pb_gutters1  et_pb_css_mix_blend_mode et_block_row\">\n\t\t\t\t<div class=\"et_pb_with_border et_pb_column_1_3 et_d4_element et_pb_column et_pb_column_7 et_clickable  et_pb_css_mix_blend_mode et_block_column\">\n\t\t\t\t\n\t\t\t\t\n\t\t\t\t\n\t\t\t\t\n\t\t\t\t<div class=\"et_pb_module et_d4_element et_pb_image et_pb_image_6\">\n\t\t\t\t\n\t\t\t\t\n\t\t\t\t\n\t\t\t\t\n\t\t\t\t<span class=\"et_pb_image_wrap \"><img loading=\"lazy\" decoding=\"async\" width=\"900\" height=\"550\" src=\"https:\/\/19zoll.com\/wp-content\/uploads\/2021\/12\/aluminiumgehaeuse-serie-aw.jpg\" alt=\"Caja disipadora de calor IP67 serie AW - Takachi \/ Daub CNC Technik\" title=\"Caja disipadora IP67 serie AW\" srcset=\"https:\/\/19zoll.com\/wp-content\/uploads\/2021\/12\/aluminiumgehaeuse-serie-aw.jpg 900w, https:\/\/19zoll.com\/wp-content\/uploads\/2021\/12\/aluminiumgehaeuse-serie-aw-480x293.jpg 480w\" sizes=\"(min-width: 0px) and (max-width: 480px) 480px, (min-width: 481px) 900px, 100vw\" class=\"wp-image-50423\" \/><\/span>\n\t\t\t<\/div><div class=\"et_pb_module et_d4_element et_pb_text et_pb_text_7  et_pb_text_align_left et_pb_bg_layout_light\">\n\t\t\t\t\n\t\t\t\t\n\t\t\t\t\n\t\t\t\t\n\t\t\t\t<div class=\"et_pb_text_inner\"><h2>Caja disipadora IP67 Series AW, AWA, AWN, AWP<\/h2><\/div>\n\t\t\t<\/div>\n\t\t\t<\/div><div class=\"et_pb_with_border et_pb_column_1_3 et_d4_element et_pb_column et_pb_column_8 et_clickable  et_pb_css_mix_blend_mode et_block_column\">\n\t\t\t\t\n\t\t\t\t\n\t\t\t\t\n\t\t\t\t\n\t\t\t\t<div class=\"et_pb_module et_d4_element et_pb_image et_pb_image_7\">\n\t\t\t\t\n\t\t\t\t\n\t\t\t\t\n\t\t\t\t\n\t\t\t\t<span class=\"et_pb_image_wrap \"><img loading=\"lazy\" decoding=\"async\" width=\"900\" height=\"506\" src=\"https:\/\/19zoll.com\/wp-content\/uploads\/2021\/12\/aluminiumgehaeuse-serie-mgsi.png\" alt=\"Carcasa con aletas de refrigeraci\u00f3n serie MGSI - Daub CNC Technik\" title=\"Caja con aletas de refrigeraci\u00f3n serie MGSI\" srcset=\"https:\/\/19zoll.com\/wp-content\/uploads\/2021\/12\/aluminiumgehaeuse-serie-mgsi.png 900w, https:\/\/19zoll.com\/wp-content\/uploads\/2021\/12\/aluminiumgehaeuse-serie-mgsi-480x270.png 480w\" sizes=\"(min-width: 0px) and (max-width: 480px) 480px, (min-width: 481px) 900px, 100vw\" class=\"wp-image-50461\" \/><\/span>\n\t\t\t<\/div><div class=\"et_pb_module et_d4_element et_pb_text et_pb_text_8  et_pb_text_align_left et_pb_bg_layout_light\">\n\t\t\t\t\n\t\t\t\t\n\t\t\t\t\n\t\t\t\t\n\t\t\t\t<div class=\"et_pb_text_inner\"><h2>Caja con aletas de refrigeraci\u00f3n serie MGSI<\/h2><\/div>\n\t\t\t<\/div>\n\t\t\t<\/div><div class=\"et_pb_with_border et_pb_column_1_3 et_d4_element et_pb_column et_pb_column_9 et_clickable  et_pb_css_mix_blend_mode et-last-child et_block_column et_pb_column_empty\">\n\t\t\t\t\n\t\t\t\t\n\t\t\t\t\n\t\t\t\t\n\t\t\t\t\n\t\t\t<\/div>\n\t\t\t\t\n\t\t\t\t\n\t\t\t\t\n\t\t\t\t\n\t\t\t<\/div>\n\t\t\t\t\n\t\t\t\t\n\t\t\t<\/div><\/p>\n","protected":false},"excerpt":{"rendered":"","protected":false},"author":1,"featured_media":0,"parent":0,"menu_order":0,"comment_status":"closed","ping_status":"closed","template":"","meta":{"inline_featured_image":false,"_et_pb_use_builder":"on","_et_pb_old_content":"","_et_gb_content_width":"","footnotes":""},"class_list":["post-54733","page","type-page","status-publish","hentry"],"yoast_head":"<!-- This site is optimized with the Yoast SEO plugin v27.4 - https:\/\/yoast.com\/product\/yoast-seo-wordpress\/ -->\n<title>Soluciones de refrigeraci\u00f3n y disipadores t\u00e9rmicos de Daub<\/title>\n<meta name=\"description\" content=\"Soluciones de refrigeraci\u00f3n, disipadores de calor, enfriadores de l\u00edquidos de perfil extruido, carcasas de disipadores de calor, carcasas de disipadores de calor IP67, perfil de aluminio, disipadores de calor de perfil\" \/>\n<meta name=\"robots\" content=\"index, follow, max-snippet:-1, max-image-preview:large, max-video-preview:-1\" \/>\n<link rel=\"canonical\" href=\"https:\/\/19zoll.com\/es\/soluciones-de-refrigeracion\/\" \/>\n<meta property=\"og:locale\" content=\"es_ES\" \/>\n<meta property=\"og:type\" content=\"article\" \/>\n<meta property=\"og:title\" content=\"Soluciones de refrigeraci\u00f3n y disipadores t\u00e9rmicos de Daub\" \/>\n<meta property=\"og:description\" content=\"Soluciones de refrigeraci\u00f3n, disipadores de calor, enfriadores de l\u00edquidos de perfil extruido, carcasas de disipadores de calor, carcasas de disipadores de calor IP67, perfil de aluminio, disipadores de calor de perfil\" \/>\n<meta property=\"og:url\" content=\"https:\/\/19zoll.com\/es\/soluciones-de-refrigeracion\/\" \/>\n<meta property=\"og:site_name\" content=\"Daub CNC\" \/>\n<meta property=\"article:modified_time\" content=\"2025-03-25T13:23:53+00:00\" \/>\n<meta property=\"og:image\" content=\"https:\/\/19zoll.com\/wp-content\/uploads\/2021\/12\/stranpressprofil-serie-da.jpg\" \/>\n<meta name=\"twitter:card\" content=\"summary_large_image\" \/>\n<meta name=\"twitter:title\" content=\"Soluciones de refrigeraci\u00f3n y disipadores t\u00e9rmicos de Daub\" \/>\n<meta name=\"twitter:description\" content=\"Soluciones de refrigeraci\u00f3n, disipadores de calor, enfriadores de l\u00edquidos de perfil extruido, carcasas de disipadores de calor, carcasas de disipadores de calor IP67, perfil de aluminio, disipadores de calor de perfil\" \/>\n<meta name=\"twitter:image\" content=\"https:\/\/19zoll.com\/wp-content\/uploads\/2021\/12\/stranpressprofil-serie-da.jpg\" \/>\n<meta name=\"twitter:label1\" content=\"Tiempo de lectura\" \/>\n\t<meta name=\"twitter:data1\" content=\"17 minutos\" \/>\n<script type=\"application\/ld+json\" class=\"yoast-schema-graph\">{\"@context\":\"https:\\\/\\\/schema.org\",\"@graph\":[{\"@type\":\"WebPage\",\"@id\":\"https:\\\/\\\/19zoll.com\\\/es\\\/soluciones-de-refrigeracion\\\/\",\"url\":\"https:\\\/\\\/19zoll.com\\\/es\\\/soluciones-de-refrigeracion\\\/\",\"name\":\"Soluciones de refrigeraci\u00f3n y disipadores t\u00e9rmicos de Daub\",\"isPartOf\":{\"@id\":\"https:\\\/\\\/19zoll.com\\\/#website\"},\"datePublished\":\"2021-12-03T17:26:57+00:00\",\"dateModified\":\"2025-03-25T13:23:53+00:00\",\"description\":\"Soluciones de refrigeraci\u00f3n, disipadores de calor, enfriadores de l\u00edquidos de perfil extruido, carcasas de disipadores de calor, carcasas de disipadores de calor IP67, perfil de aluminio, disipadores de calor de perfil\",\"breadcrumb\":{\"@id\":\"https:\\\/\\\/19zoll.com\\\/es\\\/soluciones-de-refrigeracion\\\/#breadcrumb\"},\"inLanguage\":\"es\",\"potentialAction\":[{\"@type\":\"ReadAction\",\"target\":[\"https:\\\/\\\/19zoll.com\\\/es\\\/soluciones-de-refrigeracion\\\/\"]}]},{\"@type\":\"BreadcrumbList\",\"@id\":\"https:\\\/\\\/19zoll.com\\\/es\\\/soluciones-de-refrigeracion\\\/#breadcrumb\",\"itemListElement\":[{\"@type\":\"ListItem\",\"position\":1,\"name\":\"Startseite\",\"item\":\"https:\\\/\\\/19zoll.com\\\/es\\\/inicio\\\/\"},{\"@type\":\"ListItem\",\"position\":2,\"name\":\"Soluciones de refrigeraci\u00f3n\"}]},{\"@type\":\"WebSite\",\"@id\":\"https:\\\/\\\/19zoll.com\\\/#website\",\"url\":\"https:\\\/\\\/19zoll.com\\\/\",\"name\":\"Daub CNC\",\"description\":\"Ein Webprojekt von IhrMediengestalter\",\"potentialAction\":[{\"@type\":\"SearchAction\",\"target\":{\"@type\":\"EntryPoint\",\"urlTemplate\":\"https:\\\/\\\/19zoll.com\\\/?s={search_term_string}\"},\"query-input\":{\"@type\":\"PropertyValueSpecification\",\"valueRequired\":true,\"valueName\":\"search_term_string\"}}],\"inLanguage\":\"es\"}]}<\/script>\n<!-- \/ Yoast SEO plugin. -->","yoast_head_json":{"title":"Soluciones de refrigeraci\u00f3n y disipadores t\u00e9rmicos de Daub","description":"Soluciones de refrigeraci\u00f3n, disipadores de calor, enfriadores de l\u00edquidos de perfil extruido, carcasas de disipadores de calor, carcasas de disipadores de calor IP67, perfil de aluminio, disipadores de calor de perfil","robots":{"index":"index","follow":"follow","max-snippet":"max-snippet:-1","max-image-preview":"max-image-preview:large","max-video-preview":"max-video-preview:-1"},"canonical":"https:\/\/19zoll.com\/es\/soluciones-de-refrigeracion\/","og_locale":"es_ES","og_type":"article","og_title":"Soluciones de refrigeraci\u00f3n y disipadores t\u00e9rmicos de Daub","og_description":"Soluciones de refrigeraci\u00f3n, disipadores de calor, enfriadores de l\u00edquidos de perfil extruido, carcasas de disipadores de calor, carcasas de disipadores de calor IP67, perfil de aluminio, disipadores de calor de perfil","og_url":"https:\/\/19zoll.com\/es\/soluciones-de-refrigeracion\/","og_site_name":"Daub CNC","article_modified_time":"2025-03-25T13:23:53+00:00","og_image":[{"url":"https:\/\/19zoll.com\/wp-content\/uploads\/2021\/12\/stranpressprofil-serie-da.jpg","type":"","width":"","height":""}],"twitter_card":"summary_large_image","twitter_title":"Soluciones de refrigeraci\u00f3n y disipadores t\u00e9rmicos de Daub","twitter_description":"Soluciones de refrigeraci\u00f3n, disipadores de calor, enfriadores de l\u00edquidos de perfil extruido, carcasas de disipadores de calor, carcasas de disipadores de calor IP67, perfil de aluminio, disipadores de calor de perfil","twitter_image":"https:\/\/19zoll.com\/wp-content\/uploads\/2021\/12\/stranpressprofil-serie-da.jpg","twitter_misc":{"Tiempo de lectura":"17 minutos"},"schema":{"@context":"https:\/\/schema.org","@graph":[{"@type":"WebPage","@id":"https:\/\/19zoll.com\/es\/soluciones-de-refrigeracion\/","url":"https:\/\/19zoll.com\/es\/soluciones-de-refrigeracion\/","name":"Soluciones de refrigeraci\u00f3n y disipadores t\u00e9rmicos de Daub","isPartOf":{"@id":"https:\/\/19zoll.com\/#website"},"datePublished":"2021-12-03T17:26:57+00:00","dateModified":"2025-03-25T13:23:53+00:00","description":"Soluciones de refrigeraci\u00f3n, disipadores de calor, enfriadores de l\u00edquidos de perfil extruido, carcasas de disipadores de calor, carcasas de disipadores de calor IP67, perfil de aluminio, disipadores de calor de perfil","breadcrumb":{"@id":"https:\/\/19zoll.com\/es\/soluciones-de-refrigeracion\/#breadcrumb"},"inLanguage":"es","potentialAction":[{"@type":"ReadAction","target":["https:\/\/19zoll.com\/es\/soluciones-de-refrigeracion\/"]}]},{"@type":"BreadcrumbList","@id":"https:\/\/19zoll.com\/es\/soluciones-de-refrigeracion\/#breadcrumb","itemListElement":[{"@type":"ListItem","position":1,"name":"Startseite","item":"https:\/\/19zoll.com\/es\/inicio\/"},{"@type":"ListItem","position":2,"name":"Soluciones de refrigeraci\u00f3n"}]},{"@type":"WebSite","@id":"https:\/\/19zoll.com\/#website","url":"https:\/\/19zoll.com\/","name":"Daub CNC","description":"Ein Webprojekt von IhrMediengestalter","potentialAction":[{"@type":"SearchAction","target":{"@type":"EntryPoint","urlTemplate":"https:\/\/19zoll.com\/?s={search_term_string}"},"query-input":{"@type":"PropertyValueSpecification","valueRequired":true,"valueName":"search_term_string"}}],"inLanguage":"es"}]}},"_links":{"self":[{"href":"https:\/\/19zoll.com\/es\/wp-json\/wp\/v2\/pages\/54733","targetHints":{"allow":["GET"]}}],"collection":[{"href":"https:\/\/19zoll.com\/es\/wp-json\/wp\/v2\/pages"}],"about":[{"href":"https:\/\/19zoll.com\/es\/wp-json\/wp\/v2\/types\/page"}],"author":[{"embeddable":true,"href":"https:\/\/19zoll.com\/es\/wp-json\/wp\/v2\/users\/1"}],"replies":[{"embeddable":true,"href":"https:\/\/19zoll.com\/es\/wp-json\/wp\/v2\/comments?post=54733"}],"version-history":[{"count":2,"href":"https:\/\/19zoll.com\/es\/wp-json\/wp\/v2\/pages\/54733\/revisions"}],"predecessor-version":[{"id":54735,"href":"https:\/\/19zoll.com\/es\/wp-json\/wp\/v2\/pages\/54733\/revisions\/54735"}],"wp:attachment":[{"href":"https:\/\/19zoll.com\/es\/wp-json\/wp\/v2\/media?parent=54733"}],"curies":[{"name":"wp","href":"https:\/\/api.w.org\/{rel}","templated":true}]}}