{"id":54730,"date":"2021-10-21T15:35:23","date_gmt":"2021-10-21T13:35:23","guid":{"rendered":"https:\/\/19zoll.com\/contacta-con-nosotros\/"},"modified":"2025-03-25T14:28:48","modified_gmt":"2025-03-25T13:28:48","slug":"contacta-con-nosotros","status":"publish","type":"page","link":"https:\/\/19zoll.com\/es\/contacta-con-nosotros\/","title":{"rendered":"Contacta con nosotros"},"content":{"rendered":"<p><div class=\"et_pb_with_border et_d4_element et_pb_section et_pb_section_0 et_pb_with_background  et_pb_css_mix_blend_mode et_section_regular et_block_section\" >\n\t\t\t\t\n\t\t\t\t\n\t\t\t\t\n\t\t\t\t\n\t\t\t\t\n\t\t\t\t\n\t\t\t\t<div class=\"et_d4_element et_pb_row et_pb_row_0 et_pb_equal_columns et_pb_gutters3  et_pb_css_mix_blend_mode et_block_row\">\n\t\t\t\t<div class=\"et_d4_element et_pb_column_4_4 et_pb_column et_pb_column_0  et_pb_css_mix_blend_mode et-last-child et_block_column\">\n\t\t\t\t\n\t\t\t\t\n\t\t\t\t\n\t\t\t\t\n\t\t\t\t<div class=\"et_pb_module et_d4_element et_pb_text et_pb_text_0  et_pb_text_align_left et_pb_bg_layout_light\">\n\t\t\t\t\n\t\t\t\t\n\t\t\t\t\n\t\t\t\t\n\t\t\t\t<div class=\"et_pb_text_inner\"><h1><span>Ponte en contacto con nosotros:<\/span><\/h1>\n<p style=\"font-weight: 400;\">Estaremos encantados de asesorarte sobre todos los aspectos de la tecnolog\u00eda de envolventes, soluciones de refrigeraci\u00f3n, recubrimiento de superficies, procesamiento y etiquetado. Si tienes alguna pregunta sobre estos temas, rellena el formulario de contacto. Nos pondremos en contacto contigo lo antes posible, gracias.  <\/p><\/div>\n\t\t\t<\/div>\n\t\t\t<\/div>\n\t\t\t\t\n\t\t\t\t\n\t\t\t\t\n\t\t\t\t\n\t\t\t<\/div>\n\t\t\t\t\n\t\t\t\t\n\t\t\t<\/div><div class=\"et_pb_with_border et_d4_element et_pb_section et_pb_section_1 et_pb_with_background  et_pb_css_mix_blend_mode et_section_regular et_block_section\" >\n\t\t\t\t\n\t\t\t\t\n\t\t\t\t\n\t\t\t\t\n\t\t\t\t\n\t\t\t\t\n\t\t\t\t<div class=\"et_d4_element et_pb_row et_pb_row_1  et_pb_css_mix_blend_mode et_block_row\">\n\t\t\t\t<div class=\"et_d4_element et_pb_column_4_4 et_pb_column et_pb_column_1  et_pb_css_mix_blend_mode et-last-child et_block_column\">\n\t\t\t\t\n\t\t\t\t\n\t\t\t\t\n\t\t\t\t\n\t\t\t\t\n\t\t\t<div id=\"et_pb_contact_form_0\" class=\"et_pb_module et_d4_element et_pb_contact_form_0 et_pb_contact_form_container clearfix et_block_module\" data-form_unique_num=\"0\" data-form_unique_id=\"e52fd3b4-95ff-4a03-b376-07559e546d97\">\n\t\t\t\t\n\t\t\t\t\n\t\t\t\t\n\t\t\t\t\n\t\t\t\t\n\t\t\t\t<div class=\"et-pb-contact-message\"><\/div>\n\t\t\t\t\n\t\t\t\t<div class=\"et_pb_contact\">\n\t\t\t\t\t<form class=\"et_pb_contact_form clearfix\" method=\"post\" action=\"https:\/\/19zoll.com\/es\/wp-json\/wp\/v2\/pages\/54730\">\n\t\t\t\t\t\t<p class=\"et_d4_element et_pb_contact_field et_pb_contact_field_0 et_pb_contact_field_half\" data-id=\"%%name%%\" data-type=\"input\">\n\t\t\t\t\n\t\t\t\t\n\t\t\t\t\n\t\t\t\t\n\t\t\t\t<label for=\"et_pb_contact_%%name%%_0\" class=\"et_pb_contact_form_label\">Nombre<\/label>\n\t\t\t\t<input type=\"text\" id=\"et_pb_contact_%%name%%_0\" class=\"input\" value=\"\" name=\"et_pb_contact_%%name%%_0\" data-required_mark=\"required\" data-field_type=\"input\" data-original_id=\"%%name%%\" placeholder=\"Nombre\">\n\t\t\t<\/p><p class=\"et_d4_element et_pb_contact_field et_pb_contact_field_1 et_pb_contact_field_half et_pb_contact_field_last\" data-id=\"%%email%%\" data-type=\"email\">\n\t\t\t\t\n\t\t\t\t\n\t\t\t\t\n\t\t\t\t\n\t\t\t\t<label for=\"et_pb_contact_%%email%%_0\" class=\"et_pb_contact_form_label\">Direcci\u00f3n de correo electr\u00f3nico<\/label>\n\t\t\t\t<input type=\"text\" id=\"et_pb_contact_%%email%%_0\" class=\"input\" value=\"\" name=\"et_pb_contact_%%email%%_0\" data-required_mark=\"required\" data-field_type=\"email\" data-original_id=\"%%email%%\" placeholder=\"Direcci\u00f3n de correo electr\u00f3nico\">\n\t\t\t<\/p><p class=\"et_d4_element et_pb_contact_field et_pb_contact_field_2 et_pb_contact_field_last\" data-id=\"%%message%%\" data-type=\"text\">\n\t\t\t\t\n\t\t\t\t\n\t\t\t\t\n\t\t\t\t\n\t\t\t\t<label for=\"et_pb_contact_%%message%%_0\" class=\"et_pb_contact_form_label\">Mensaje<\/label>\n\t\t\t\t<textarea name=\"et_pb_contact_%%message%%_0\" id=\"et_pb_contact_%%message%%_0\" class=\"et_pb_contact_message input\" data-required_mark=\"required\" data-field_type=\"text\" data-original_id=\"%%message%%\" placeholder=\"Mensaje\"><\/textarea>\n\t\t\t<\/p>\n\t\t\t\t\t\t<input type=\"hidden\" value=\"et_contact_proccess\" name=\"et_pb_contactform_submit_0\"\/>\n\t\t\t\t\t\t<div class=\"et_contact_bottom_container\">\n\t\t\t\t\t\t\t\n\t\t\t<div class=\"et_pb_contact_right et_pb_contact_field\">\n\t\t\t\t<p class=\"clearfix\">\n\t\t\t\t\t<span class=\"et_pb_contact_captcha_question\">15 + 3<\/span> = <input type=\"text\" size=\"2\" class=\"input et_pb_contact_captcha\" data-first_digit=\"15\" data-second_digit=\"3\" value=\"\" name=\"et_pb_contact_captcha_0\" data-required_mark=\"required\" autocomplete=\"off\">\n\t\t\t\t<\/p>\n\t\t\t<\/div>\n\t\t\t\t\t\t\t<button type=\"submit\" name=\"et_builder_submit_button\" class=\"et_pb_contact_submit et_pb_button\">Enviar<\/button>\n\t\t\t\t\t\t<\/div>\n\t\t\t\t\t\t<input type=\"hidden\" id=\"_wpnonce-et-pb-contact-form-submitted-0\" name=\"_wpnonce-et-pb-contact-form-submitted-0\" value=\"7e9e33ebfb\" \/><input type=\"hidden\" name=\"_wp_http_referer\" value=\"\/es\/wp-json\/wp\/v2\/pages\/54730\" \/>\n\t\t\t\t\t<\/form>\n\t\t\t\t<\/div>\n\t\t\t<\/div>\n\t\t\t\n\t\t\t<\/div>\n\t\t\t\t\n\t\t\t\t\n\t\t\t\t\n\t\t\t\t\n\t\t\t<\/div>\n\t\t\t\t\n\t\t\t\t\n\t\t\t<\/div><\/p>\n","protected":false},"excerpt":{"rendered":"","protected":false},"author":1,"featured_media":0,"parent":0,"menu_order":0,"comment_status":"closed","ping_status":"closed","template":"","meta":{"inline_featured_image":false,"_et_pb_use_builder":"on","_et_pb_old_content":"","_et_gb_content_width":"","footnotes":""},"class_list":["post-54730","page","type-page","status-publish","hentry"],"yoast_head":"<!-- This site is optimized with the Yoast SEO plugin v27.4 - https:\/\/yoast.com\/product\/yoast-seo-wordpress\/ -->\n<title>Cont\u00e1ctenos - Daub CNC Technik GmbH und Co KG<\/title>\n<meta name=\"description\" content=\"Contacto, asesoramiento, asistencia, carcasas de aluminio, carcasas de pl\u00e1stico, disipadores t\u00e9rmicos, mecanizado, rotulaci\u00f3n, anodizado, serigraf\u00eda e impresi\u00f3n digital\" \/>\n<meta name=\"robots\" content=\"index, follow, max-snippet:-1, max-image-preview:large, max-video-preview:-1\" \/>\n<link rel=\"canonical\" href=\"https:\/\/19zoll.com\/es\/contacta-con-nosotros\/\" \/>\n<meta property=\"og:locale\" content=\"es_ES\" \/>\n<meta property=\"og:type\" content=\"article\" \/>\n<meta property=\"og:title\" content=\"Cont\u00e1ctenos - Daub CNC Technik GmbH und Co KG\" \/>\n<meta property=\"og:description\" content=\"Contacto, asesoramiento, asistencia, carcasas de aluminio, carcasas de pl\u00e1stico, disipadores t\u00e9rmicos, mecanizado, rotulaci\u00f3n, anodizado, serigraf\u00eda e impresi\u00f3n digital\" \/>\n<meta property=\"og:url\" content=\"https:\/\/19zoll.com\/es\/contacta-con-nosotros\/\" \/>\n<meta property=\"og:site_name\" content=\"Daub CNC\" \/>\n<meta property=\"article:modified_time\" content=\"2025-03-25T13:28:48+00:00\" \/>\n<meta property=\"og:image\" content=\"https:\/\/19zoll.com\/wp-content\/uploads\/2022\/04\/daub-logo-png.png\" \/>\n<meta name=\"twitter:card\" content=\"summary_large_image\" \/>\n<meta name=\"twitter:title\" content=\"Cont\u00e1ctenos - Daub CNC Technik GmbH und Co KG\" \/>\n<meta name=\"twitter:description\" content=\"Contacto, asesoramiento, asistencia, carcasas de aluminio, carcasas de pl\u00e1stico, disipadores t\u00e9rmicos, mecanizado, rotulaci\u00f3n, anodizado, serigraf\u00eda e impresi\u00f3n digital\" \/>\n<meta name=\"twitter:image\" content=\"https:\/\/19zoll.com\/wp-content\/uploads\/2022\/04\/daub-logo-png.png\" \/>\n<meta name=\"twitter:label1\" content=\"Tiempo de lectura\" \/>\n\t<meta name=\"twitter:data1\" content=\"4 minutos\" \/>\n<script type=\"application\/ld+json\" class=\"yoast-schema-graph\">{\"@context\":\"https:\\\/\\\/schema.org\",\"@graph\":[{\"@type\":\"WebPage\",\"@id\":\"https:\\\/\\\/19zoll.com\\\/es\\\/contacta-con-nosotros\\\/\",\"url\":\"https:\\\/\\\/19zoll.com\\\/es\\\/contacta-con-nosotros\\\/\",\"name\":\"Cont\u00e1ctenos - Daub CNC Technik GmbH und Co KG\",\"isPartOf\":{\"@id\":\"https:\\\/\\\/19zoll.com\\\/#website\"},\"datePublished\":\"2021-10-21T13:35:23+00:00\",\"dateModified\":\"2025-03-25T13:28:48+00:00\",\"description\":\"Contacto, asesoramiento, asistencia, carcasas de aluminio, carcasas de pl\u00e1stico, disipadores t\u00e9rmicos, mecanizado, rotulaci\u00f3n, anodizado, serigraf\u00eda e impresi\u00f3n digital\",\"breadcrumb\":{\"@id\":\"https:\\\/\\\/19zoll.com\\\/es\\\/contacta-con-nosotros\\\/#breadcrumb\"},\"inLanguage\":\"es\",\"potentialAction\":[{\"@type\":\"ReadAction\",\"target\":[\"https:\\\/\\\/19zoll.com\\\/es\\\/contacta-con-nosotros\\\/\"]}]},{\"@type\":\"BreadcrumbList\",\"@id\":\"https:\\\/\\\/19zoll.com\\\/es\\\/contacta-con-nosotros\\\/#breadcrumb\",\"itemListElement\":[{\"@type\":\"ListItem\",\"position\":1,\"name\":\"Startseite\",\"item\":\"https:\\\/\\\/19zoll.com\\\/es\\\/inicio\\\/\"},{\"@type\":\"ListItem\",\"position\":2,\"name\":\"Contacta con nosotros\"}]},{\"@type\":\"WebSite\",\"@id\":\"https:\\\/\\\/19zoll.com\\\/#website\",\"url\":\"https:\\\/\\\/19zoll.com\\\/\",\"name\":\"Daub CNC\",\"description\":\"Ein Webprojekt von IhrMediengestalter\",\"potentialAction\":[{\"@type\":\"SearchAction\",\"target\":{\"@type\":\"EntryPoint\",\"urlTemplate\":\"https:\\\/\\\/19zoll.com\\\/?s={search_term_string}\"},\"query-input\":{\"@type\":\"PropertyValueSpecification\",\"valueRequired\":true,\"valueName\":\"search_term_string\"}}],\"inLanguage\":\"es\"}]}<\/script>\n<!-- \/ Yoast SEO plugin. -->","yoast_head_json":{"title":"Cont\u00e1ctenos - Daub CNC Technik GmbH und Co KG","description":"Contacto, asesoramiento, asistencia, carcasas de aluminio, carcasas de pl\u00e1stico, disipadores t\u00e9rmicos, mecanizado, rotulaci\u00f3n, anodizado, serigraf\u00eda e impresi\u00f3n digital","robots":{"index":"index","follow":"follow","max-snippet":"max-snippet:-1","max-image-preview":"max-image-preview:large","max-video-preview":"max-video-preview:-1"},"canonical":"https:\/\/19zoll.com\/es\/contacta-con-nosotros\/","og_locale":"es_ES","og_type":"article","og_title":"Cont\u00e1ctenos - Daub CNC Technik GmbH und Co KG","og_description":"Contacto, asesoramiento, asistencia, carcasas de aluminio, carcasas de pl\u00e1stico, disipadores t\u00e9rmicos, mecanizado, rotulaci\u00f3n, anodizado, serigraf\u00eda e impresi\u00f3n digital","og_url":"https:\/\/19zoll.com\/es\/contacta-con-nosotros\/","og_site_name":"Daub CNC","article_modified_time":"2025-03-25T13:28:48+00:00","og_image":[{"url":"https:\/\/19zoll.com\/wp-content\/uploads\/2022\/04\/daub-logo-png.png","type":"","width":"","height":""}],"twitter_card":"summary_large_image","twitter_title":"Cont\u00e1ctenos - Daub CNC Technik GmbH und Co KG","twitter_description":"Contacto, asesoramiento, asistencia, carcasas de aluminio, carcasas de pl\u00e1stico, disipadores t\u00e9rmicos, mecanizado, rotulaci\u00f3n, anodizado, serigraf\u00eda e impresi\u00f3n digital","twitter_image":"https:\/\/19zoll.com\/wp-content\/uploads\/2022\/04\/daub-logo-png.png","twitter_misc":{"Tiempo de lectura":"4 minutos"},"schema":{"@context":"https:\/\/schema.org","@graph":[{"@type":"WebPage","@id":"https:\/\/19zoll.com\/es\/contacta-con-nosotros\/","url":"https:\/\/19zoll.com\/es\/contacta-con-nosotros\/","name":"Cont\u00e1ctenos - Daub CNC Technik GmbH und Co KG","isPartOf":{"@id":"https:\/\/19zoll.com\/#website"},"datePublished":"2021-10-21T13:35:23+00:00","dateModified":"2025-03-25T13:28:48+00:00","description":"Contacto, asesoramiento, asistencia, carcasas de aluminio, carcasas de pl\u00e1stico, disipadores t\u00e9rmicos, mecanizado, rotulaci\u00f3n, anodizado, serigraf\u00eda e impresi\u00f3n digital","breadcrumb":{"@id":"https:\/\/19zoll.com\/es\/contacta-con-nosotros\/#breadcrumb"},"inLanguage":"es","potentialAction":[{"@type":"ReadAction","target":["https:\/\/19zoll.com\/es\/contacta-con-nosotros\/"]}]},{"@type":"BreadcrumbList","@id":"https:\/\/19zoll.com\/es\/contacta-con-nosotros\/#breadcrumb","itemListElement":[{"@type":"ListItem","position":1,"name":"Startseite","item":"https:\/\/19zoll.com\/es\/inicio\/"},{"@type":"ListItem","position":2,"name":"Contacta con nosotros"}]},{"@type":"WebSite","@id":"https:\/\/19zoll.com\/#website","url":"https:\/\/19zoll.com\/","name":"Daub CNC","description":"Ein Webprojekt von IhrMediengestalter","potentialAction":[{"@type":"SearchAction","target":{"@type":"EntryPoint","urlTemplate":"https:\/\/19zoll.com\/?s={search_term_string}"},"query-input":{"@type":"PropertyValueSpecification","valueRequired":true,"valueName":"search_term_string"}}],"inLanguage":"es"}]}},"_links":{"self":[{"href":"https:\/\/19zoll.com\/es\/wp-json\/wp\/v2\/pages\/54730","targetHints":{"allow":["GET"]}}],"collection":[{"href":"https:\/\/19zoll.com\/es\/wp-json\/wp\/v2\/pages"}],"about":[{"href":"https:\/\/19zoll.com\/es\/wp-json\/wp\/v2\/types\/page"}],"author":[{"embeddable":true,"href":"https:\/\/19zoll.com\/es\/wp-json\/wp\/v2\/users\/1"}],"replies":[{"embeddable":true,"href":"https:\/\/19zoll.com\/es\/wp-json\/wp\/v2\/comments?post=54730"}],"version-history":[{"count":2,"href":"https:\/\/19zoll.com\/es\/wp-json\/wp\/v2\/pages\/54730\/revisions"}],"predecessor-version":[{"id":54732,"href":"https:\/\/19zoll.com\/es\/wp-json\/wp\/v2\/pages\/54730\/revisions\/54732"}],"wp:attachment":[{"href":"https:\/\/19zoll.com\/es\/wp-json\/wp\/v2\/media?parent=54730"}],"curies":[{"name":"wp","href":"https:\/\/api.w.org\/{rel}","templated":true}]}}