{"id":54715,"date":"2021-12-03T18:27:10","date_gmt":"2021-12-03T17:27:10","guid":{"rendered":"https:\/\/19zoll.com\/paneles-frontales\/"},"modified":"2025-03-25T14:26:00","modified_gmt":"2025-03-25T13:26:00","slug":"paneles-frontales","status":"publish","type":"page","link":"https:\/\/19zoll.com\/es\/paneles-frontales\/","title":{"rendered":"Paneles frontales"},"content":{"rendered":"<p>[et_pb_section fb_built=\u00bb1&#8243; _builder_version=\u00bb4.16&#8243; _module_preset=\u00bbdefault\u00bb background_color=\u00bb#F3F3F3&#8243; global_colors_info=\u00bb{}\u00bb][et_pb_row _builder_version=\u00bb4.16&#8243; _module_preset=\u00bbdefault\u00bb global_colors_info=\u00bb{}\u00bb][et_pb_column type=\u00bb4_4&#8243; _builder_version=\u00bb4.16&#8243; _module_preset=\u00bbdefault\u00bb global_colors_info=\u00bb{}\u00bb][et_pb_text _builder_version=\u00bb4.16&#8243; _module_preset=\u00bbdefault\u00bb text_text_color=\u00bb#3B3B3B\u00bb text_font_size=\u00bb15px\u00bb text_line_height=\u00bb1.8em\u00bb link_text_color=\u00bb#1F7BC3&#8243; header_font=\u00bb|700|||||||\u00bb header_text_color=\u00bb#3B3B3B\u00bb header_line_height=\u00bb1.3em\u00bb header_2_font_size=\u00bb30px\u00bb header_2_line_height=\u00bb1.3em\u00bb global_colors_info=\u00bb{}\u00bb]<\/p>\n<div id=\"c76\" class=\"csc-default csc-space-before-30 csc-space-after-50\">\n<div class=\"csc-header csc-header-n1\">\n<h1 class=\"csc-firstHeader\">Paneles frontales y paneles frontales parciales<\/h1>\n<\/div>\n<p class=\"bodytext\">Daub CNC fabrica una amplia variedad de paneles frontales de la m\u00e1xima calidad, de forma flexible y econ\u00f3mica, seg\u00fan tus necesidades. Tanto las cantidades peque\u00f1as como las grandes se pueden personalizar en la producci\u00f3n. Los productos est\u00e1n disponibles a corto plazo, son de alta calidad y al mismo tiempo rentables.  <\/p>\n<p class=\"bodytext\">Los paneles frontales y los paneles frontales parciales de 19 pulgadas est\u00e1n fabricados en aluminio y tienen caras traseras conformes a la CEM con buenas propiedades de atenuaci\u00f3n que conducen la electricidad. Esto permite una conexi\u00f3n el\u00e9ctrica segura con el chasis y la placa de circuito impreso. Para una apariencia atractiva, las superficies de los paneles frontales y paneles frontales parciales de 19 pulgadas est\u00e1n anodizadas en un color mate natural y todos los contornos internos y externos est\u00e1n fresados mediante CNC. Daub tambi\u00e9n dispone de paneles frontales completamente perforados y perforaciones especiales personalizadas.   <\/p>\n<p><strong>Serigraf\u00eda, impresi\u00f3n digital, grabado l\u00e1ser, montaje<\/strong><\/p>\n<p class=\"bodytext\">Es posible realizar una serigraf\u00eda o impresi\u00f3n digital final en uno o varios colores, seg\u00fan tus ideas, utilizando una plantilla reproducible o directamente desde tu aplicaci\u00f3n gr\u00e1fica. Tambi\u00e9n tenemos la opci\u00f3n de marcar las superficies anodizadas oscuras con un sistema l\u00e1ser. <\/p>\n<p class=\"bodytext\">Los paneles frontales de 19 pulgadas y los paneles frontales parciales de Daub pueden equiparse con varias opciones de montaje. De serie, los paneles frontales parciales est\u00e1n equipados con orificios DD de 6,00 x 3,20 mm en los que se pueden introducir a presi\u00f3n tetones est\u00e1ndar de pl\u00e1stico o metal. Como alternativa, Daub ofrece tuercas roscadas M 2,5 en las que se atornillan los llamados tornillos de cuello. Los tornillos y otros elementos de fijaci\u00f3n tambi\u00e9n pueden introducirse a presi\u00f3n en la parte posterior de los paneles frontales de 19&#8243;, de modo que no queden visibles en la parte frontal.   <\/p>\n<\/div>\n<p>[\/et_pb_text][\/et_pb_column][\/et_pb_row][\/et_pb_section][et_pb_section fb_built=\u00bb1&#8243; _builder_version=\u00bb4.16&#8243; _module_preset=\u00bbdefault\u00bb background_color=\u00bb#F3F3F3&#8243; width=\u00bb100vw\u00bb max_width=\u00bb100vw\u00bb custom_margin=\u00bb0px||0px||true|true\u00bb custom_padding=\u00bb0px||0px||false|false\u00bb border_color_top=\u00bb#FFFFFF\u00bb border_color_bottom=\u00bb#FFFFFF\u00bb border_style_bottom=\u00bbnone\u00bb global_colors_info=\u00bb{}\u00bb][et_pb_row column_structure=\u00bb1_3,1_3,1_3&#8243; use_custom_gutter=\u00bbon\u00bb gutter_width=\u00bb1&#8243; make_equal=\u00bbon\u00bb _builder_version=\u00bb4.16&#8243; _module_preset=\u00bbdefault\u00bb width=\u00bb100vw\u00bb max_width=\u00bb100vw\u00bb custom_margin=\u00bb0px||0px||true|false\u00bb custom_padding=\u00bb0px||0px||false|false\u00bb border_width_top=\u00bb3px\u00bb border_color_top=\u00bb#FFFFFF\u00bb border_width_bottom=\u00bb3px\u00bb border_color_bottom=\u00bb#FFFFFF\u00bb global_colors_info=\u00bb{}\u00bb][et_pb_column type=\u00bb1_3&#8243; _builder_version=\u00bb4.16&#8243; _dynamic_attributes=\u00bblink_option_url\u00bb _module_preset=\u00bbdefault\u00bb transform_scale_tablet=\u00bb\u00bb transform_scale_phone=\u00bb\u00bb transform_scale_last_edited=\u00bbon|desktop\u00bb transform_translate_tablet=\u00bb\u00bb transform_translate_phone=\u00bb\u00bb transform_translate_last_edited=\u00bbon|desktop\u00bb transform_rotate_tablet=\u00bb\u00bb transform_rotate_phone=\u00bb\u00bb transform_rotate_last_edited=\u00bbon|desktop\u00bb transform_skew_tablet=\u00bb\u00bb transform_skew_phone=\u00bb\u00bb transform_skew_last_edited=\u00bbon|desktop\u00bb transform_origin_tablet=\u00bb\u00bb transform_origin_phone=\u00bb\u00bb transform_origin_last_edited=\u00bbon|desktop\u00bb transform_styles_last_edited=\u00bbon|desktop\u00bb custom_padding=\u00bb0px|2%|0px|2%|false|true\u00bb custom_padding_tablet=\u00bb|5%||5%|false|true\u00bb custom_padding_phone=\u00bb|10%||10%|false|true\u00bb custom_padding_last_edited=\u00bbon|phone\u00bb link_option_url=\u00bb@ET-DC@eyJkeW5hbWljIjp0cnVlLCJjb250ZW50IjoicG9zdF9saW5rX3VybF9wYWdlIiwic2V0dGluZ3MiOnsicG9zdF9pZCI6IjUwNzUzIn19@\u00bb transform_styles_tablet=\u00bb\u00bb transform_styles_phone=\u00bb\u00bb border_color_top=\u00bb#FFFFFF\u00bb border_width_right=\u00bb3px\u00bb border_color_right=\u00bb#FFFFFF\u00bb border_color_bottom=\u00bb#FFFFFF\u00bb border_style_bottom=\u00bbnone\u00bb global_colors_info=\u00bb{}\u00bb transform_styles__hover_enabled=\u00bbon|hover\u00bb transform_scale__hover_enabled=\u00bbon|hover\u00bb transform_translate__hover_enabled=\u00bbon|desktop\u00bb transform_rotate__hover_enabled=\u00bbon|desktop\u00bb transform_skew__hover_enabled=\u00bbon|desktop\u00bb transform_origin__hover_enabled=\u00bbon|desktop\u00bb][et_pb_image src=\u00bbhttps:\/\/19zoll.com\/wp-content\/uploads\/2021\/12\/frontplatte-serie-fp.jpg\u00bb alt=\u00bbPaneles frontales, paneles frontales de 19 pulgadas y paneles frontales parciales de Daub\u00bb title_text=\u00bbPaneles frontales serie FP\u00bb _builder_version=\u00bb4.17.3&#8243; _module_preset=\u00bbdefault\u00bb global_colors_info=\u00bb{}\u00bb][\/et_pb_image][et_pb_text _builder_version=\u00bb4.16&#8243; _module_preset=\u00bbdefault\u00bb header_font_size=\u00bb28px\u00bb header_2_text_align=\u00bbcenter\u00bb header_2_text_color=\u00bb#3B3B3B\u00bb header_2_line_height=\u00bb1.2em\u00bb custom_margin=\u00bb||7%||false|false\u00bb locked=\u00bboff\u00bb global_colors_info=\u00bb{}\u00bb]<\/p>\n<h2>Paneles frontales de 19 pulgadas serie FP<\/h2>\n<p>[\/et_pb_text][\/et_pb_column][et_pb_column type=\u00bb1_3&#8243; _builder_version=\u00bb4.16&#8243; _dynamic_attributes=\u00bblink_option_url\u00bb _module_preset=\u00bbdefault\u00bb transform_scale_tablet=\u00bb\u00bb transform_scale_phone=\u00bb\u00bb transform_scale_last_edited=\u00bbon|desktop\u00bb transform_translate_tablet=\u00bb\u00bb transform_translate_phone=\u00bb\u00bb transform_translate_last_edited=\u00bbon|desktop\u00bb transform_rotate_tablet=\u00bb\u00bb transform_rotate_phone=\u00bb\u00bb transform_rotate_last_edited=\u00bbon|desktop\u00bb transform_skew_tablet=\u00bb\u00bb transform_skew_phone=\u00bb\u00bb transform_skew_last_edited=\u00bbon|desktop\u00bb transform_origin_tablet=\u00bb\u00bb transform_origin_phone=\u00bb\u00bb transform_origin_last_edited=\u00bbon|desktop\u00bb transform_styles_last_edited=\u00bbon|desktop\u00bb custom_padding=\u00bb0px|2%|0px|2%|false|true\u00bb custom_padding_tablet=\u00bb|5%||5%|false|true\u00bb custom_padding_phone=\u00bb|10%||10%|false|true\u00bb custom_padding_last_edited=\u00bbon|phone\u00bb link_option_url=\u00bb@ET-DC@eyJkeW5hbWljIjp0cnVlLCJjb250ZW50IjoicG9zdF9saW5rX3VybF9wYWdlIiwic2V0dGluZ3MiOnsicG9zdF9pZCI6IjUwNzU4In19@\u00bb transform_styles_tablet=\u00bb\u00bb transform_styles_phone=\u00bb\u00bb border_color_top=\u00bb#FFFFFF\u00bb border_width_right=\u00bb3px\u00bb border_color_right=\u00bb#FFFFFF\u00bb border_width_bottom=\u00bb3px\u00bb border_color_bottom=\u00bb#FFFFFF\u00bb border_style_bottom=\u00bbnone\u00bb border_color_left=\u00bb#FFFFFF\u00bb border_radii_tablet=\u00bb\u00bb border_radii_phone=\u00bb\u00bb border_radii_last_edited=\u00bbon|phone\u00bb border_width_all_tablet=\u00bb\u00bb border_width_all_phone=\u00bb\u00bb border_width_all_last_edited=\u00bbon|tablet\u00bb border_width_top_tablet=\u00bb3px\u00bb border_width_top_phone=\u00bb3px\u00bb border_width_top_last_edited=\u00bbon|phone\u00bb border_width_right_tablet=\u00bb0px\u00bb border_width_right_phone=\u00bb0px\u00bb border_width_right_last_edited=\u00bbon|desktop\u00bb border_width_bottom_tablet=\u00bb3px\u00bb border_width_bottom_phone=\u00bb3px\u00bb border_width_bottom_last_edited=\u00bbon|phone\u00bb border_width_left_tablet=\u00bb0px\u00bb border_width_left_phone=\u00bb0px\u00bb border_width_left_last_edited=\u00bbon|phone\u00bb global_colors_info=\u00bb{}\u00bb transform_styles__hover_enabled=\u00bbon|hover\u00bb transform_scale__hover_enabled=\u00bbon|hover\u00bb transform_translate__hover_enabled=\u00bbon|desktop\u00bb transform_rotate__hover_enabled=\u00bbon|desktop\u00bb transform_skew__hover_enabled=\u00bbon|desktop\u00bb transform_origin__hover_enabled=\u00bbon|desktop\u00bb][et_pb_image src=\u00bbhttps:\/\/19zoll.com\/wp-content\/uploads\/2021\/12\/frontplatte-serie-tfp-fp.jpg\u00bb alt=\u00bbPaneles frontales, paneles frontales de 19 pulgadas y paneles frontales parciales de Daub\u00bb title_text=\u00bbPaneles frontales Serie TFP\/FP\u00bb _builder_version=\u00bb4.17.3&#8243; _module_preset=\u00bbdefault\u00bb global_colors_info=\u00bb{}\u00bb][\/et_pb_image][et_pb_text _builder_version=\u00bb4.16&#8243; _module_preset=\u00bbdefault\u00bb header_font_size=\u00bb28px\u00bb header_2_text_align=\u00bbcenter\u00bb header_2_text_color=\u00bb#3B3B3B\u00bb header_2_line_height=\u00bb1.2em\u00bb custom_margin=\u00bb||7%||false|false\u00bb locked=\u00bboff\u00bb global_colors_info=\u00bb{}\u00bb]<\/p>\n<h2>Paneles frontales personalizados Serie TFP, FP<\/h2>\n<p>[\/et_pb_text][\/et_pb_column][et_pb_column type=\u00bb1_3&#8243; _builder_version=\u00bb4.16&#8243; _dynamic_attributes=\u00bblink_option_url\u00bb _module_preset=\u00bbdefault\u00bb transform_scale_tablet=\u00bb\u00bb transform_scale_phone=\u00bb\u00bb transform_scale_last_edited=\u00bbon|desktop\u00bb transform_translate_tablet=\u00bb\u00bb transform_translate_phone=\u00bb\u00bb transform_translate_last_edited=\u00bbon|desktop\u00bb transform_rotate_tablet=\u00bb\u00bb transform_rotate_phone=\u00bb\u00bb transform_rotate_last_edited=\u00bbon|desktop\u00bb transform_skew_tablet=\u00bb\u00bb transform_skew_phone=\u00bb\u00bb transform_skew_last_edited=\u00bbon|desktop\u00bb transform_origin_tablet=\u00bb\u00bb transform_origin_phone=\u00bb\u00bb transform_origin_last_edited=\u00bbon|desktop\u00bb transform_styles_last_edited=\u00bbon|desktop\u00bb custom_padding=\u00bb0px|2%|0px|2%|false|true\u00bb custom_padding_tablet=\u00bb|5%||5%|false|true\u00bb custom_padding_phone=\u00bb|10%||10%|false|true\u00bb custom_padding_last_edited=\u00bbon|desktop\u00bb link_option_url=\u00bb@ET-DC@eyJkeW5hbWljIjp0cnVlLCJjb250ZW50IjoicG9zdF9saW5rX3VybF9wYWdlIiwic2V0dGluZ3MiOnsicG9zdF9pZCI6IjUwNzY0In19@\u00bb transform_styles_tablet=\u00bb\u00bb transform_styles_phone=\u00bb\u00bb border_color_top=\u00bb#FFFFFF\u00bb border_color_bottom=\u00bb#FFFFFF\u00bb border_style_bottom=\u00bbnone\u00bb border_width_all_tablet=\u00bb\u00bb border_width_all_phone=\u00bb\u00bb border_width_all_last_edited=\u00bbon|tablet\u00bb border_width_top_tablet=\u00bb3px\u00bb border_width_top_phone=\u00bb3px\u00bb border_width_top_last_edited=\u00bbon|desktop\u00bb border_color_top_tablet=\u00bb#FFFFFF\u00bb border_color_top_phone=\u00bb#FFFFFF\u00bb border_color_top_last_edited=\u00bbon|desktop\u00bb global_colors_info=\u00bb{}\u00bb transform_styles__hover_enabled=\u00bbon|hover\u00bb transform_scale__hover_enabled=\u00bbon|hover\u00bb transform_translate__hover_enabled=\u00bbon|desktop\u00bb transform_rotate__hover_enabled=\u00bbon|desktop\u00bb transform_skew__hover_enabled=\u00bbon|desktop\u00bb transform_origin__hover_enabled=\u00bbon|desktop\u00bb][et_pb_image src=\u00bbhttps:\/\/19zoll.com\/wp-content\/uploads\/2021\/12\/frontplatte-serie-tfp.jpg\u00bb alt=\u00bbPaneles frontales, paneles frontales de 19 pulgadas y paneles frontales parciales de Daub\u00bb title_text=\u00bbPaneles frontales serie FP\u00bb _builder_version=\u00bb4.17.3&#8243; _module_preset=\u00bbdefault\u00bb global_colors_info=\u00bb{}\u00bb][\/et_pb_image][et_pb_text _builder_version=\u00bb4.16&#8243; _module_preset=\u00bbdefault\u00bb header_font_size=\u00bb28px\u00bb header_2_text_align=\u00bbcenter\u00bb header_2_text_color=\u00bb#3B3B3B\u00bb header_2_line_height=\u00bb1.2em\u00bb custom_margin=\u00bb||7%||false|false\u00bb locked=\u00bboff\u00bb global_colors_info=\u00bb{}\u00bb]<\/p>\n<h2>Paneles frontales parciales Serie TFP<\/h2>\n<p>[\/et_pb_text][\/et_pb_column][\/et_pb_row][\/et_pb_section]<\/p>\n","protected":false},"excerpt":{"rendered":"<p>Paneles frontales y paneles frontales parciales Daub CNC fabrica una amplia variedad de paneles frontales de la m\u00e1xima calidad, de forma flexible y econ\u00f3mica, seg\u00fan tus necesidades. Tanto las cantidades peque\u00f1as como las grandes se pueden personalizar en la producci\u00f3n. Los productos est\u00e1n disponibles a corto plazo, son de alta calidad y al mismo tiempo [&hellip;]<\/p>\n","protected":false},"author":1,"featured_media":0,"parent":0,"menu_order":0,"comment_status":"closed","ping_status":"closed","template":"","meta":{"_et_pb_use_builder":"on","_et_pb_old_content":"","_et_gb_content_width":"","inline_featured_image":false,"footnotes":""},"class_list":["post-54715","page","type-page","status-publish","hentry"],"yoast_head":"<!-- This site is optimized with the Yoast SEO plugin v27.3 - https:\/\/yoast.com\/product\/yoast-seo-wordpress\/ -->\n<title>Paneles frontales, paneles frontales de 19 pulgadas y paneles frontales parciales de Daub<\/title>\n<meta name=\"description\" content=\"Paneles frontales, paneles frontales parciales, paneles frontales mecanizados, paneles frontales individuales, paneles frontales de aluminio, piezas especiales de aluminio, paneles de salpicadero\" \/>\n<meta name=\"robots\" content=\"index, follow, max-snippet:-1, max-image-preview:large, max-video-preview:-1\" \/>\n<link rel=\"canonical\" href=\"https:\/\/19zoll.com\/es\/paneles-frontales\/\" \/>\n<meta property=\"og:locale\" content=\"es_ES\" \/>\n<meta property=\"og:type\" content=\"article\" \/>\n<meta property=\"og:title\" content=\"Paneles frontales, paneles frontales de 19 pulgadas y paneles frontales parciales de Daub\" \/>\n<meta property=\"og:description\" content=\"Paneles frontales, paneles frontales parciales, paneles frontales mecanizados, paneles frontales individuales, paneles frontales de aluminio, piezas especiales de aluminio, paneles de salpicadero\" \/>\n<meta property=\"og:url\" content=\"https:\/\/19zoll.com\/es\/paneles-frontales\/\" \/>\n<meta property=\"og:site_name\" content=\"Daub CNC\" \/>\n<meta property=\"article:modified_time\" content=\"2025-03-25T13:26:00+00:00\" \/>\n<meta property=\"og:image\" content=\"https:\/\/19zoll.com\/wp-content\/uploads\/2021\/12\/frontplatten-1.jpg\" \/>\n<meta name=\"twitter:card\" content=\"summary_large_image\" \/>\n<meta name=\"twitter:title\" content=\"Paneles frontales, paneles frontales de 19 pulgadas y paneles frontales parciales de Daub\" \/>\n<meta name=\"twitter:description\" content=\"Paneles frontales, paneles frontales parciales, paneles frontales mecanizados, paneles frontales individuales, paneles frontales de aluminio, piezas especiales de aluminio, paneles de salpicadero\" \/>\n<meta name=\"twitter:image\" content=\"https:\/\/19zoll.com\/wp-content\/uploads\/2021\/12\/frontplatten-1.jpg\" \/>\n<meta name=\"twitter:label1\" content=\"Tiempo de lectura\" \/>\n\t<meta name=\"twitter:data1\" content=\"8 minutos\" \/>\n<script type=\"application\/ld+json\" class=\"yoast-schema-graph\">{\"@context\":\"https:\\\/\\\/schema.org\",\"@graph\":[{\"@type\":\"WebPage\",\"@id\":\"https:\\\/\\\/19zoll.com\\\/es\\\/paneles-frontales\\\/\",\"url\":\"https:\\\/\\\/19zoll.com\\\/es\\\/paneles-frontales\\\/\",\"name\":\"Paneles frontales, paneles frontales de 19 pulgadas y paneles frontales parciales de Daub\",\"isPartOf\":{\"@id\":\"https:\\\/\\\/19zoll.com\\\/#website\"},\"datePublished\":\"2021-12-03T17:27:10+00:00\",\"dateModified\":\"2025-03-25T13:26:00+00:00\",\"description\":\"Paneles frontales, paneles frontales parciales, paneles frontales mecanizados, paneles frontales individuales, paneles frontales de aluminio, piezas especiales de aluminio, paneles de salpicadero\",\"breadcrumb\":{\"@id\":\"https:\\\/\\\/19zoll.com\\\/es\\\/paneles-frontales\\\/#breadcrumb\"},\"inLanguage\":\"es\",\"potentialAction\":[{\"@type\":\"ReadAction\",\"target\":[\"https:\\\/\\\/19zoll.com\\\/es\\\/paneles-frontales\\\/\"]}]},{\"@type\":\"BreadcrumbList\",\"@id\":\"https:\\\/\\\/19zoll.com\\\/es\\\/paneles-frontales\\\/#breadcrumb\",\"itemListElement\":[{\"@type\":\"ListItem\",\"position\":1,\"name\":\"Startseite\",\"item\":\"https:\\\/\\\/19zoll.com\\\/es\\\/inicio\\\/\"},{\"@type\":\"ListItem\",\"position\":2,\"name\":\"Paneles frontales\"}]},{\"@type\":\"WebSite\",\"@id\":\"https:\\\/\\\/19zoll.com\\\/#website\",\"url\":\"https:\\\/\\\/19zoll.com\\\/\",\"name\":\"Daub CNC\",\"description\":\"Ein Webprojekt von IhrMediengestalter\",\"potentialAction\":[{\"@type\":\"SearchAction\",\"target\":{\"@type\":\"EntryPoint\",\"urlTemplate\":\"https:\\\/\\\/19zoll.com\\\/?s={search_term_string}\"},\"query-input\":{\"@type\":\"PropertyValueSpecification\",\"valueRequired\":true,\"valueName\":\"search_term_string\"}}],\"inLanguage\":\"es\"}]}<\/script>\n<!-- \/ Yoast SEO plugin. -->","yoast_head_json":{"title":"Paneles frontales, paneles frontales de 19 pulgadas y paneles frontales parciales de Daub","description":"Paneles frontales, paneles frontales parciales, paneles frontales mecanizados, paneles frontales individuales, paneles frontales de aluminio, piezas especiales de aluminio, paneles de salpicadero","robots":{"index":"index","follow":"follow","max-snippet":"max-snippet:-1","max-image-preview":"max-image-preview:large","max-video-preview":"max-video-preview:-1"},"canonical":"https:\/\/19zoll.com\/es\/paneles-frontales\/","og_locale":"es_ES","og_type":"article","og_title":"Paneles frontales, paneles frontales de 19 pulgadas y paneles frontales parciales de Daub","og_description":"Paneles frontales, paneles frontales parciales, paneles frontales mecanizados, paneles frontales individuales, paneles frontales de aluminio, piezas especiales de aluminio, paneles de salpicadero","og_url":"https:\/\/19zoll.com\/es\/paneles-frontales\/","og_site_name":"Daub CNC","article_modified_time":"2025-03-25T13:26:00+00:00","og_image":[{"url":"https:\/\/19zoll.com\/wp-content\/uploads\/2021\/12\/frontplatten-1.jpg","type":"","width":"","height":""}],"twitter_card":"summary_large_image","twitter_title":"Paneles frontales, paneles frontales de 19 pulgadas y paneles frontales parciales de Daub","twitter_description":"Paneles frontales, paneles frontales parciales, paneles frontales mecanizados, paneles frontales individuales, paneles frontales de aluminio, piezas especiales de aluminio, paneles de salpicadero","twitter_image":"https:\/\/19zoll.com\/wp-content\/uploads\/2021\/12\/frontplatten-1.jpg","twitter_misc":{"Tiempo de lectura":"8 minutos"},"schema":{"@context":"https:\/\/schema.org","@graph":[{"@type":"WebPage","@id":"https:\/\/19zoll.com\/es\/paneles-frontales\/","url":"https:\/\/19zoll.com\/es\/paneles-frontales\/","name":"Paneles frontales, paneles frontales de 19 pulgadas y paneles frontales parciales de Daub","isPartOf":{"@id":"https:\/\/19zoll.com\/#website"},"datePublished":"2021-12-03T17:27:10+00:00","dateModified":"2025-03-25T13:26:00+00:00","description":"Paneles frontales, paneles frontales parciales, paneles frontales mecanizados, paneles frontales individuales, paneles frontales de aluminio, piezas especiales de aluminio, paneles de salpicadero","breadcrumb":{"@id":"https:\/\/19zoll.com\/es\/paneles-frontales\/#breadcrumb"},"inLanguage":"es","potentialAction":[{"@type":"ReadAction","target":["https:\/\/19zoll.com\/es\/paneles-frontales\/"]}]},{"@type":"BreadcrumbList","@id":"https:\/\/19zoll.com\/es\/paneles-frontales\/#breadcrumb","itemListElement":[{"@type":"ListItem","position":1,"name":"Startseite","item":"https:\/\/19zoll.com\/es\/inicio\/"},{"@type":"ListItem","position":2,"name":"Paneles frontales"}]},{"@type":"WebSite","@id":"https:\/\/19zoll.com\/#website","url":"https:\/\/19zoll.com\/","name":"Daub CNC","description":"Ein Webprojekt von IhrMediengestalter","potentialAction":[{"@type":"SearchAction","target":{"@type":"EntryPoint","urlTemplate":"https:\/\/19zoll.com\/?s={search_term_string}"},"query-input":{"@type":"PropertyValueSpecification","valueRequired":true,"valueName":"search_term_string"}}],"inLanguage":"es"}]}},"_links":{"self":[{"href":"https:\/\/19zoll.com\/es\/wp-json\/wp\/v2\/pages\/54715","targetHints":{"allow":["GET"]}}],"collection":[{"href":"https:\/\/19zoll.com\/es\/wp-json\/wp\/v2\/pages"}],"about":[{"href":"https:\/\/19zoll.com\/es\/wp-json\/wp\/v2\/types\/page"}],"author":[{"embeddable":true,"href":"https:\/\/19zoll.com\/es\/wp-json\/wp\/v2\/users\/1"}],"replies":[{"embeddable":true,"href":"https:\/\/19zoll.com\/es\/wp-json\/wp\/v2\/comments?post=54715"}],"version-history":[{"count":10,"href":"https:\/\/19zoll.com\/es\/wp-json\/wp\/v2\/pages\/54715\/revisions"}],"predecessor-version":[{"id":57851,"href":"https:\/\/19zoll.com\/es\/wp-json\/wp\/v2\/pages\/54715\/revisions\/57851"}],"wp:attachment":[{"href":"https:\/\/19zoll.com\/es\/wp-json\/wp\/v2\/media?parent=54715"}],"curies":[{"name":"wp","href":"https:\/\/api.w.org\/{rel}","templated":true}]}}