{"id":54709,"date":"2021-12-03T17:39:26","date_gmt":"2021-12-03T16:39:26","guid":{"rendered":"https:\/\/19zoll.com\/procesando\/"},"modified":"2025-03-25T14:24:26","modified_gmt":"2025-03-25T13:24:26","slug":"procesando","status":"publish","type":"page","link":"https:\/\/19zoll.com\/es\/procesando\/","title":{"rendered":"Procesando"},"content":{"rendered":"<div class=\"et_pb_with_border et_d4_element et_pb_section et_pb_section_0 et_pb_with_background  et_pb_css_mix_blend_mode et_section_regular et_block_section\" >\n\t\t\t\t\n\t\t\t\t\n\t\t\t\t\n\t\t\t\t\n\t\t\t\t\n\t\t\t\t\n\t\t\t\t<div class=\"et_d4_element et_pb_row et_pb_row_0  et_pb_css_mix_blend_mode et_block_row\">\n\t\t\t\t<div class=\"et_d4_element et_pb_column_4_4 et_pb_column et_pb_column_0  et_pb_css_mix_blend_mode et-last-child et_block_column\">\n\t\t\t\t\n\t\t\t\t\n\t\t\t\t\n\t\t\t\t\n\t\t\t\t<div class=\"et_pb_module et_d4_element et_pb_text et_pb_text_0  et_pb_text_align_left et_pb_bg_layout_light\">\n\t\t\t\t\n\t\t\t\t\n\t\t\t\t\n\t\t\t\t\n\t\t\t\t<div class=\"et_pb_text_inner\"><div id=\"c76\" class=\"csc-default csc-space-before-30 csc-space-after-50\">\n<div class=\"csc-header csc-header-n1\">\n<h1 class=\"csc-firstHeader\">Producci\u00f3n a medida, procesamiento y etiquetado individuales<\/h1>\n<\/div>\n<p class=\"bodytext\">\u00bfNecesitas carcasas mecanizadas individualmente del programa est\u00e1ndar CNC de Daub? Gracias a nuestro amplio stock, los componentes prefabricados pueden adaptarse a tus necesidades con especial rapidez. Este servicio est\u00e1 disponible para muchos productos.  <\/p>\n<\/div><\/div>\n\t\t\t<\/div><div class=\"et_pb_module et_d4_element et_pb_text et_pb_text_1  et_pb_text_align_left et_pb_bg_layout_light\">\n\t\t\t\t\n\t\t\t\t\n\t\t\t\t\n\t\t\t\t\n\t\t\t\t<div class=\"et_pb_text_inner\"><div id=\"c76\" class=\"csc-default csc-space-before-30 csc-space-after-50\">\n<p class=\"bodytext\"><span>Tu consulta est\u00e1 en buenas manos con nosotros. Daub CNC ofrece una amplia gama de productos est\u00e1ndar, pero tambi\u00e9n permite fabricar productos personalizados para satisfacer las necesidades individuales de cada cliente. La alta calidad y fiabilidad constantes est\u00e1n siempre a la vanguardia de la producci\u00f3n. Con la ayuda de m\u00e9todos de producci\u00f3n especiales, se pueden realizar tanto peque\u00f1as como grandes cantidades. Daub CNC fabrica paneles frontales de perfiles de aluminio, paneles frontales parciales, armarios de 19 pulgadas de chapa de acero y acero inoxidable, armarios de 19 pulgadas de perfiles de aluminio, armarios fresados de material macizo. No obstante, las instalaciones de producci\u00f3n propias de la empresa tambi\u00e9n fabrican armarios seg\u00fan los planos del cliente y armarios no normalizados de perfiles y chapa. Las soluciones de refrigeraci\u00f3n que ofrece Daub CNC incluyen refrigeradores de l\u00edquido, disipadores de calor extruidos y soluciones completas de armarios para refrigerar conjuntos electr\u00f3nicos por convecci\u00f3n.      <\/span><\/p>\n<p class=\"bodytext\"><span><\/span><\/p>\n<p class=\"bodytext\"><span>S\u00f3lo tienes que ponerte en contacto con nosotros: estaremos encantados de proporcionarte m\u00e1s informaci\u00f3n.<\/span><\/p>\n<\/div><\/div>\n\t\t\t<\/div><div class=\"et_pb_button_module_wrapper et_pb_button_0_wrapper et_pb_button_alignment_left et_pb_module \">\n\t\t\t\t<a class=\"et_pb_button et_d4_element et_pb_button_0 et_pb_bg_layout_light et_block_module\" href=\"https:\/\/19zoll.com\/es\/contacta-con-nosotros\/\">Ponte en contacto ahora<\/a>\n\t\t\t<\/div>\n\t\t\t<\/div>\n\t\t\t\t\n\t\t\t\t\n\t\t\t\t\n\t\t\t\t\n\t\t\t<\/div>\n\t\t\t\t\n\t\t\t\t\n\t\t\t<\/div>\n","protected":false},"excerpt":{"rendered":"","protected":false},"author":1,"featured_media":0,"parent":0,"menu_order":0,"comment_status":"closed","ping_status":"closed","template":"","meta":{"inline_featured_image":false,"_et_pb_use_builder":"on","_et_pb_old_content":"","_et_gb_content_width":"","footnotes":""},"class_list":["post-54709","page","type-page","status-publish","hentry"],"yoast_head":"<!-- This site is optimized with the Yoast SEO plugin v27.5 - https:\/\/yoast.com\/product\/yoast-seo-wordpress\/ -->\n<title>\u2714 Mecanizado CNC, \u2714 Fresado CNC, \u2714 Fabricaci\u00f3n por encargo CNC de Daub<\/title>\n<meta name=\"description\" content=\"Fabricaci\u00f3n CNC por encargo, revestimiento de superficies, anodizado, pasivado, procesamiento de carcasas y paneles frontales, metalister\u00eda, piezas fresadas\" \/>\n<meta name=\"robots\" content=\"index, follow, max-snippet:-1, max-image-preview:large, max-video-preview:-1\" \/>\n<link rel=\"canonical\" href=\"https:\/\/19zoll.com\/es\/procesando\/\" \/>\n<meta property=\"og:locale\" content=\"es_ES\" \/>\n<meta property=\"og:type\" content=\"article\" \/>\n<meta property=\"og:title\" content=\"\u2714 Mecanizado CNC, \u2714 Fresado CNC, \u2714 Fabricaci\u00f3n por encargo CNC de Daub\" \/>\n<meta property=\"og:description\" content=\"Fabricaci\u00f3n CNC por encargo, revestimiento de superficies, anodizado, pasivado, procesamiento de carcasas y paneles frontales, metalister\u00eda, piezas fresadas\" \/>\n<meta property=\"og:url\" content=\"https:\/\/19zoll.com\/es\/procesando\/\" \/>\n<meta property=\"og:site_name\" content=\"Daub CNC\" \/>\n<meta property=\"article:modified_time\" content=\"2025-03-25T13:24:26+00:00\" \/>\n<meta property=\"og:image\" content=\"https:\/\/19zoll.com\/wp-content\/uploads\/2021\/12\/serie-pg-startseite-300x300.png\" \/>\n<meta name=\"twitter:card\" content=\"summary_large_image\" \/>\n<meta name=\"twitter:title\" content=\"\u2714 Mecanizado CNC, \u2714 Fresado CNC, \u2714 Fabricaci\u00f3n por encargo CNC de Daub\" \/>\n<meta name=\"twitter:description\" content=\"Fabricaci\u00f3n CNC por encargo, revestimiento de superficies, anodizado, pasivado, procesamiento de carcasas y paneles frontales, metalister\u00eda, piezas fresadas\" \/>\n<meta name=\"twitter:image\" content=\"https:\/\/19zoll.com\/wp-content\/uploads\/2021\/12\/serie-pg-startseite.png\" \/>\n<meta name=\"twitter:label1\" content=\"Tiempo de lectura\" \/>\n\t<meta name=\"twitter:data1\" content=\"3 minutos\" \/>\n<script type=\"application\/ld+json\" class=\"yoast-schema-graph\">{\"@context\":\"https:\\\/\\\/schema.org\",\"@graph\":[{\"@type\":\"WebPage\",\"@id\":\"https:\\\/\\\/19zoll.com\\\/es\\\/procesando\\\/\",\"url\":\"https:\\\/\\\/19zoll.com\\\/es\\\/procesando\\\/\",\"name\":\"\u2714 Mecanizado CNC, \u2714 Fresado CNC, \u2714 Fabricaci\u00f3n por encargo CNC de Daub\",\"isPartOf\":{\"@id\":\"https:\\\/\\\/19zoll.com\\\/#website\"},\"datePublished\":\"2021-12-03T16:39:26+00:00\",\"dateModified\":\"2025-03-25T13:24:26+00:00\",\"description\":\"Fabricaci\u00f3n CNC por encargo, revestimiento de superficies, anodizado, pasivado, procesamiento de carcasas y paneles frontales, metalister\u00eda, piezas fresadas\",\"breadcrumb\":{\"@id\":\"https:\\\/\\\/19zoll.com\\\/es\\\/procesando\\\/#breadcrumb\"},\"inLanguage\":\"es\",\"potentialAction\":[{\"@type\":\"ReadAction\",\"target\":[\"https:\\\/\\\/19zoll.com\\\/es\\\/procesando\\\/\"]}]},{\"@type\":\"BreadcrumbList\",\"@id\":\"https:\\\/\\\/19zoll.com\\\/es\\\/procesando\\\/#breadcrumb\",\"itemListElement\":[{\"@type\":\"ListItem\",\"position\":1,\"name\":\"Startseite\",\"item\":\"https:\\\/\\\/19zoll.com\\\/es\\\/inicio\\\/\"},{\"@type\":\"ListItem\",\"position\":2,\"name\":\"Procesando\"}]},{\"@type\":\"WebSite\",\"@id\":\"https:\\\/\\\/19zoll.com\\\/#website\",\"url\":\"https:\\\/\\\/19zoll.com\\\/\",\"name\":\"Daub CNC\",\"description\":\"Ein Webprojekt von IhrMediengestalter\",\"potentialAction\":[{\"@type\":\"SearchAction\",\"target\":{\"@type\":\"EntryPoint\",\"urlTemplate\":\"https:\\\/\\\/19zoll.com\\\/?s={search_term_string}\"},\"query-input\":{\"@type\":\"PropertyValueSpecification\",\"valueRequired\":true,\"valueName\":\"search_term_string\"}}],\"inLanguage\":\"es\"}]}<\/script>\n<!-- \/ Yoast SEO plugin. -->","yoast_head_json":{"title":"\u2714 Mecanizado CNC, \u2714 Fresado CNC, \u2714 Fabricaci\u00f3n por encargo CNC de Daub","description":"Fabricaci\u00f3n CNC por encargo, revestimiento de superficies, anodizado, pasivado, procesamiento de carcasas y paneles frontales, metalister\u00eda, piezas fresadas","robots":{"index":"index","follow":"follow","max-snippet":"max-snippet:-1","max-image-preview":"max-image-preview:large","max-video-preview":"max-video-preview:-1"},"canonical":"https:\/\/19zoll.com\/es\/procesando\/","og_locale":"es_ES","og_type":"article","og_title":"\u2714 Mecanizado CNC, \u2714 Fresado CNC, \u2714 Fabricaci\u00f3n por encargo CNC de Daub","og_description":"Fabricaci\u00f3n CNC por encargo, revestimiento de superficies, anodizado, pasivado, procesamiento de carcasas y paneles frontales, metalister\u00eda, piezas fresadas","og_url":"https:\/\/19zoll.com\/es\/procesando\/","og_site_name":"Daub CNC","article_modified_time":"2025-03-25T13:24:26+00:00","og_image":[{"url":"https:\/\/19zoll.com\/wp-content\/uploads\/2021\/12\/serie-pg-startseite-300x300.png","type":"","width":"","height":""}],"twitter_card":"summary_large_image","twitter_title":"\u2714 Mecanizado CNC, \u2714 Fresado CNC, \u2714 Fabricaci\u00f3n por encargo CNC de Daub","twitter_description":"Fabricaci\u00f3n CNC por encargo, revestimiento de superficies, anodizado, pasivado, procesamiento de carcasas y paneles frontales, metalister\u00eda, piezas fresadas","twitter_image":"https:\/\/19zoll.com\/wp-content\/uploads\/2021\/12\/serie-pg-startseite.png","twitter_misc":{"Tiempo de lectura":"3 minutos"},"schema":{"@context":"https:\/\/schema.org","@graph":[{"@type":"WebPage","@id":"https:\/\/19zoll.com\/es\/procesando\/","url":"https:\/\/19zoll.com\/es\/procesando\/","name":"\u2714 Mecanizado CNC, \u2714 Fresado CNC, \u2714 Fabricaci\u00f3n por encargo CNC de Daub","isPartOf":{"@id":"https:\/\/19zoll.com\/#website"},"datePublished":"2021-12-03T16:39:26+00:00","dateModified":"2025-03-25T13:24:26+00:00","description":"Fabricaci\u00f3n CNC por encargo, revestimiento de superficies, anodizado, pasivado, procesamiento de carcasas y paneles frontales, metalister\u00eda, piezas fresadas","breadcrumb":{"@id":"https:\/\/19zoll.com\/es\/procesando\/#breadcrumb"},"inLanguage":"es","potentialAction":[{"@type":"ReadAction","target":["https:\/\/19zoll.com\/es\/procesando\/"]}]},{"@type":"BreadcrumbList","@id":"https:\/\/19zoll.com\/es\/procesando\/#breadcrumb","itemListElement":[{"@type":"ListItem","position":1,"name":"Startseite","item":"https:\/\/19zoll.com\/es\/inicio\/"},{"@type":"ListItem","position":2,"name":"Procesando"}]},{"@type":"WebSite","@id":"https:\/\/19zoll.com\/#website","url":"https:\/\/19zoll.com\/","name":"Daub CNC","description":"Ein Webprojekt von IhrMediengestalter","potentialAction":[{"@type":"SearchAction","target":{"@type":"EntryPoint","urlTemplate":"https:\/\/19zoll.com\/?s={search_term_string}"},"query-input":{"@type":"PropertyValueSpecification","valueRequired":true,"valueName":"search_term_string"}}],"inLanguage":"es"}]}},"_links":{"self":[{"href":"https:\/\/19zoll.com\/es\/wp-json\/wp\/v2\/pages\/54709","targetHints":{"allow":["GET"]}}],"collection":[{"href":"https:\/\/19zoll.com\/es\/wp-json\/wp\/v2\/pages"}],"about":[{"href":"https:\/\/19zoll.com\/es\/wp-json\/wp\/v2\/types\/page"}],"author":[{"embeddable":true,"href":"https:\/\/19zoll.com\/es\/wp-json\/wp\/v2\/users\/1"}],"replies":[{"embeddable":true,"href":"https:\/\/19zoll.com\/es\/wp-json\/wp\/v2\/comments?post=54709"}],"version-history":[{"count":10,"href":"https:\/\/19zoll.com\/es\/wp-json\/wp\/v2\/pages\/54709\/revisions"}],"predecessor-version":[{"id":57460,"href":"https:\/\/19zoll.com\/es\/wp-json\/wp\/v2\/pages\/54709\/revisions\/57460"}],"wp:attachment":[{"href":"https:\/\/19zoll.com\/es\/wp-json\/wp\/v2\/media?parent=54709"}],"curies":[{"name":"wp","href":"https:\/\/api.w.org\/{rel}","templated":true}]}}