{"id":54706,"date":"2021-10-21T15:45:22","date_gmt":"2021-10-21T13:45:22","guid":{"rendered":"https:\/\/19zoll.com\/persona-de-contacto\/"},"modified":"2025-03-25T14:28:58","modified_gmt":"2025-03-25T13:28:58","slug":"persona-de-contacto","status":"publish","type":"page","link":"https:\/\/19zoll.com\/es\/persona-de-contacto\/","title":{"rendered":"Persona de contacto"},"content":{"rendered":"<div class=\"et_pb_with_border et_d4_element et_pb_section et_pb_section_0 et_pb_with_background  et_pb_css_mix_blend_mode et_section_regular et_block_section\" >\n\t\t\t\t\n\t\t\t\t\n\t\t\t\t\n\t\t\t\t\n\t\t\t\t\n\t\t\t\t\n\t\t\t\t<div class=\"et_d4_element et_pb_row et_pb_row_0 et_pb_gutters2  et_pb_css_mix_blend_mode et_block_row\">\n\t\t\t\t<div class=\"et_d4_element et_pb_column_1_3 et_pb_column et_pb_column_0  et_pb_css_mix_blend_mode et_block_column\">\n\t\t\t\t\n\t\t\t\t\n\t\t\t\t\n\t\t\t\t\n\t\t\t\t<div class=\"et_pb_module et_d4_element et_pb_team_member et_pb_team_member_0 clearfix  et_pb_bg_layout_light\">\n\t\t\t\t\n\t\t\t\t\n\t\t\t\t\n\t\t\t\t\n\t\t\t\t<div class=\"et_pb_team_member_image et-waypoint et_pb_animation_off  et_pb_css_mix_blend_mode\"><img loading=\"lazy\" decoding=\"async\" width=\"450\" height=\"600\" src=\"https:\/\/19zoll.com\/wp-content\/uploads\/2023\/10\/detlev-daub-kontakt.jpg\" alt=\"Detlev Daub\" srcset=\"https:\/\/19zoll.com\/wp-content\/uploads\/2023\/10\/detlev-daub-kontakt.jpg 450w, https:\/\/19zoll.com\/wp-content\/uploads\/2023\/10\/detlev-daub-kontakt-225x300.jpg 225w\" sizes=\"(max-width: 450px) 100vw, 450px\" class=\"wp-image-53399\" \/><\/div>\n\t\t\t\t<div class=\"et_pb_team_member_description\">\n\t\t\t\t\t<h4 class=\"et_pb_module_header\">Detlev Daub<\/h4>\n\t\t\t\t\t<p class=\"et_pb_member_position\">Director General<\/p>\n\t\t\t\t\t<div><p><span>Correo electr\u00f3nico: <\/span><a title=\"Abre una ventana para enviar un correo electr\u00f3nico\" class=\"mail\">dd(at)19zoll.com<\/a><br \/><span>Tel\u00e9fono: +49 2762 407194-0<\/span><br \/><span>Fax: +49 2762 407194-99<\/span><\/p><\/div>\n\t\t\t\t\t\n\t\t\t\t<\/div>\n\t\t\t<\/div>\n\t\t\t<\/div><div class=\"et_d4_element et_pb_column_1_3 et_pb_column et_pb_column_1  et_pb_css_mix_blend_mode et_block_column\">\n\t\t\t\t\n\t\t\t\t\n\t\t\t\t\n\t\t\t\t\n\t\t\t\t<div class=\"et_pb_module et_d4_element et_pb_team_member et_pb_team_member_1 clearfix  et_pb_bg_layout_light\">\n\t\t\t\t\n\t\t\t\t\n\t\t\t\t\n\t\t\t\t\n\t\t\t\t<div class=\"et_pb_team_member_image et-waypoint et_pb_animation_off  et_pb_css_mix_blend_mode\"><img loading=\"lazy\" decoding=\"async\" width=\"450\" height=\"600\" src=\"https:\/\/19zoll.com\/wp-content\/uploads\/2023\/10\/volker-kaluza-kontakt.jpg\" alt=\"Ingeniero Volker Kaluza, MBA\" srcset=\"https:\/\/19zoll.com\/wp-content\/uploads\/2023\/10\/volker-kaluza-kontakt.jpg 450w, https:\/\/19zoll.com\/wp-content\/uploads\/2023\/10\/volker-kaluza-kontakt-225x300.jpg 225w\" sizes=\"(max-width: 450px) 100vw, 450px\" class=\"wp-image-53401\" \/><\/div>\n\t\t\t\t<div class=\"et_pb_team_member_description\">\n\t\t\t\t\t<h4 class=\"et_pb_module_header\">Ingeniero Volker Kaluza, MBA<\/h4>\n\t\t\t\t\t<p class=\"et_pb_member_position\">Director General \/ Gesti\u00f3n de Ventas<\/p>\n\t\t\t\t\t<div><p><span>Correo electr\u00f3nico: <\/span><a title=\"Abre una ventana para enviar un correo electr\u00f3nico\" class=\"mail\">vk(at)19zoll.com<\/a><br \/><span>Tel\u00e9fono: +49 2762 407194-38<\/span><br \/><span>Fax: +49 2762 407194-99<\/span><\/p><\/div>\n\t\t\t\t\t\n\t\t\t\t<\/div>\n\t\t\t<\/div>\n\t\t\t<\/div><div class=\"et_d4_element et_pb_column_1_3 et_pb_column et_pb_column_2  et_pb_css_mix_blend_mode et-last-child et_block_column\">\n\t\t\t\t\n\t\t\t\t\n\t\t\t\t\n\t\t\t\t\n\t\t\t\t<div class=\"et_pb_module et_d4_element et_pb_team_member et_pb_team_member_2 clearfix  et_pb_bg_layout_light\">\n\t\t\t\t\n\t\t\t\t\n\t\t\t\t\n\t\t\t\t\n\t\t\t\t<div class=\"et_pb_team_member_image et-waypoint et_pb_animation_off  et_pb_css_mix_blend_mode\"><img loading=\"lazy\" decoding=\"async\" width=\"450\" height=\"600\" src=\"https:\/\/19zoll.com\/wp-content\/uploads\/2023\/10\/artur-hildebrandt-kontakt.jpg\" alt=\"Artur Hildebrandt\" srcset=\"https:\/\/19zoll.com\/wp-content\/uploads\/2023\/10\/artur-hildebrandt-kontakt.jpg 450w, https:\/\/19zoll.com\/wp-content\/uploads\/2023\/10\/artur-hildebrandt-kontakt-225x300.jpg 225w\" sizes=\"(max-width: 450px) 100vw, 450px\" class=\"wp-image-53403\" \/><\/div>\n\t\t\t\t<div class=\"et_pb_team_member_description\">\n\t\t\t\t\t<h4 class=\"et_pb_module_header\">Artur Hildebrandt<\/h4>\n\t\t\t\t\t<p class=\"et_pb_member_position\">Gesti\u00f3n<\/p>\n\t\t\t\t\t<div><p><span>Correo electr\u00f3nico: <\/span><a title=\"Abre una ventana para enviar un correo electr\u00f3nico\" class=\"mail\">ah(at)19zoll.com<\/a><br \/><span>Tel\u00e9fono: +49 2762 407194-27<\/span><br \/><span>Fax: +49 2762 407194-99<\/span><\/p><\/div>\n\t\t\t\t\t\n\t\t\t\t<\/div>\n\t\t\t<\/div>\n\t\t\t<\/div>\n\t\t\t\t\n\t\t\t\t\n\t\t\t\t\n\t\t\t\t\n\t\t\t<\/div><div class=\"et_d4_element et_pb_row et_pb_row_1 et_pb_gutters2  et_pb_css_mix_blend_mode et_block_row\">\n\t\t\t\t<div class=\"et_d4_element et_pb_column_1_3 et_pb_column et_pb_column_3  et_pb_css_mix_blend_mode et_block_column\">\n\t\t\t\t\n\t\t\t\t\n\t\t\t\t\n\t\t\t\t\n\t\t\t\t<div class=\"et_pb_module et_d4_element et_pb_team_member et_pb_team_member_3 clearfix  et_pb_bg_layout_light\">\n\t\t\t\t\n\t\t\t\t\n\t\t\t\t\n\t\t\t\t\n\t\t\t\t<div class=\"et_pb_team_member_image et-waypoint et_pb_animation_off  et_pb_css_mix_blend_mode\"><img loading=\"lazy\" decoding=\"async\" width=\"450\" height=\"600\" src=\"https:\/\/19zoll.com\/wp-content\/uploads\/2023\/10\/carina-becker-kontakt.jpg\" alt=\"Carina Becker\" srcset=\"https:\/\/19zoll.com\/wp-content\/uploads\/2023\/10\/carina-becker-kontakt.jpg 450w, https:\/\/19zoll.com\/wp-content\/uploads\/2023\/10\/carina-becker-kontakt-225x300.jpg 225w\" sizes=\"(max-width: 450px) 100vw, 450px\" class=\"wp-image-53410\" \/><\/div>\n\t\t\t\t<div class=\"et_pb_team_member_description\">\n\t\t\t\t\t<h4 class=\"et_pb_module_header\">Carina Becker<\/h4>\n\t\t\t\t\t<p class=\"et_pb_member_position\">Ventas internas<\/p>\n\t\t\t\t\t<div><p><span>Correo electr\u00f3nico: <\/span><a title=\"Abre una ventana para enviar un correo electr\u00f3nico\" class=\"mail\">cb(at)19zoll.com<\/a><br \/><span>Tel\u00e9fono: +49 2762 407194-35<\/span><br \/><span>Fax: +49 2762 407194-99<\/span><\/p><\/div>\n\t\t\t\t\t\n\t\t\t\t<\/div>\n\t\t\t<\/div>\n\t\t\t<\/div><div class=\"et_d4_element et_pb_column_1_3 et_pb_column et_pb_column_4  et_pb_css_mix_blend_mode et_block_column\">\n\t\t\t\t\n\t\t\t\t\n\t\t\t\t\n\t\t\t\t\n\t\t\t\t<div class=\"et_pb_module et_d4_element et_pb_team_member et_pb_team_member_4 clearfix  et_pb_bg_layout_light\">\n\t\t\t\t\n\t\t\t\t\n\t\t\t\t\n\t\t\t\t\n\t\t\t\t<div class=\"et_pb_team_member_image et-waypoint et_pb_animation_off  et_pb_css_mix_blend_mode\"><img loading=\"lazy\" decoding=\"async\" width=\"450\" height=\"600\" src=\"https:\/\/19zoll.com\/wp-content\/uploads\/2023\/10\/laura-pichowiak-kontakt.jpg\" alt=\"Laura Pichowiack\" srcset=\"https:\/\/19zoll.com\/wp-content\/uploads\/2023\/10\/laura-pichowiak-kontakt.jpg 450w, https:\/\/19zoll.com\/wp-content\/uploads\/2023\/10\/laura-pichowiak-kontakt-225x300.jpg 225w\" sizes=\"(max-width: 450px) 100vw, 450px\" class=\"wp-image-53406\" \/><\/div>\n\t\t\t\t<div class=\"et_pb_team_member_description\">\n\t\t\t\t\t<h4 class=\"et_pb_module_header\">Laura Pichowiack<\/h4>\n\t\t\t\t\t<p class=\"et_pb_member_position\">Ventas internas<\/p>\n\t\t\t\t\t<div><p><span>Correo electr\u00f3nico: <\/span><a title=\"Abre una ventana para enviar un correo electr\u00f3nico\">lpi(at)19zoll.com<\/a><br \/><span>Tel\u00e9fono: +49 2762 407194-34<\/span><br \/><span>Fax: +49 2762 407194-99<\/span><\/p><\/div>\n\t\t\t\t\t\n\t\t\t\t<\/div>\n\t\t\t<\/div>\n\t\t\t<\/div><div class=\"et_d4_element et_pb_column_1_3 et_pb_column et_pb_column_5  et_pb_css_mix_blend_mode et-last-child et_block_column\">\n\t\t\t\t\n\t\t\t\t\n\t\t\t\t\n\t\t\t\t\n\t\t\t\t<div class=\"et_pb_module et_d4_element et_pb_team_member et_pb_team_member_5 clearfix  et_pb_bg_layout_light\">\n\t\t\t\t\n\t\t\t\t\n\t\t\t\t\n\t\t\t\t\n\t\t\t\t<div class=\"et_pb_team_member_image et-waypoint et_pb_animation_off  et_pb_css_mix_blend_mode\"><img loading=\"lazy\" decoding=\"async\" width=\"450\" height=\"600\" src=\"https:\/\/19zoll.com\/wp-content\/uploads\/2023\/10\/berndette-flehmer-kontakt.jpg\" alt=\"Bernadette Flehmer\" srcset=\"https:\/\/19zoll.com\/wp-content\/uploads\/2023\/10\/berndette-flehmer-kontakt.jpg 450w, https:\/\/19zoll.com\/wp-content\/uploads\/2023\/10\/berndette-flehmer-kontakt-225x300.jpg 225w\" sizes=\"(max-width: 450px) 100vw, 450px\" class=\"wp-image-53408\" \/><\/div>\n\t\t\t\t<div class=\"et_pb_team_member_description\">\n\t\t\t\t\t<h4 class=\"et_pb_module_header\">Bernadette Flehmer<\/h4>\n\t\t\t\t\t<p class=\"et_pb_member_position\">Compras<\/p>\n\t\t\t\t\t<div><p><span>E-Mail: <\/span><a title=\"Abre una ventana para enviar un correo electr\u00f3nico\" class=\"mail\">bf(at)19zoll.com<\/a><br \/><span>Tel\u00e9fono: +49 2762 407194-21<\/span><br \/><span>Fax: +49 2762 407194-99<\/span><\/p><\/div>\n\t\t\t\t\t\n\t\t\t\t<\/div>\n\t\t\t<\/div>\n\t\t\t<\/div>\n\t\t\t\t\n\t\t\t\t\n\t\t\t\t\n\t\t\t\t\n\t\t\t<\/div><div class=\"et_d4_element et_pb_row et_pb_row_2 et_pb_gutters2  et_pb_css_mix_blend_mode et_block_row\">\n\t\t\t\t<div class=\"et_d4_element et_pb_column_1_3 et_pb_column et_pb_column_6  et_pb_css_mix_blend_mode et_block_column\">\n\t\t\t\t\n\t\t\t\t\n\t\t\t\t\n\t\t\t\t\n\t\t\t\t<div class=\"et_pb_module et_d4_element et_pb_team_member et_pb_team_member_6 clearfix  et_pb_bg_layout_light\">\n\t\t\t\t\n\t\t\t\t\n\t\t\t\t\n\t\t\t\t\n\t\t\t\t<div class=\"et_pb_team_member_image et-waypoint et_pb_animation_off  et_pb_css_mix_blend_mode\"><img loading=\"lazy\" decoding=\"async\" width=\"450\" height=\"600\" src=\"https:\/\/19zoll.com\/wp-content\/uploads\/2023\/10\/sven-kneuper-kontakt.jpg\" alt=\"Sven Kneuper\" srcset=\"https:\/\/19zoll.com\/wp-content\/uploads\/2023\/10\/sven-kneuper-kontakt.jpg 450w, https:\/\/19zoll.com\/wp-content\/uploads\/2023\/10\/sven-kneuper-kontakt-225x300.jpg 225w\" sizes=\"(max-width: 450px) 100vw, 450px\" class=\"wp-image-53416\" \/><\/div>\n\t\t\t\t<div class=\"et_pb_team_member_description\">\n\t\t\t\t\t<h4 class=\"et_pb_module_header\">Sven Kneuper<\/h4>\n\t\t\t\t\t<p class=\"et_pb_member_position\">Gesti\u00f3n de la calidad<\/p>\n\t\t\t\t\t<div><p><span>Correo electr\u00f3nico: <\/span><a title=\"Abre una ventana para enviar un correo electr\u00f3nico\" class=\"mail\">sk(at)19zoll.com<\/a><br \/><span>Tel\u00e9fono: +49 2762 407194-23<\/span><br \/><span>Fax: +49 2762 407194-99<\/span><\/p><\/div>\n\t\t\t\t\t\n\t\t\t\t<\/div>\n\t\t\t<\/div>\n\t\t\t<\/div><div class=\"et_d4_element et_pb_column_1_3 et_pb_column et_pb_column_7  et_pb_css_mix_blend_mode et_block_column\">\n\t\t\t\t\n\t\t\t\t\n\t\t\t\t\n\t\t\t\t\n\t\t\t\t<div class=\"et_pb_module et_d4_element et_pb_team_member et_pb_team_member_7 clearfix  et_pb_bg_layout_light\">\n\t\t\t\t\n\t\t\t\t\n\t\t\t\t\n\t\t\t\t\n\t\t\t\t<div class=\"et_pb_team_member_image et-waypoint et_pb_animation_off  et_pb_css_mix_blend_mode\"><img loading=\"lazy\" decoding=\"async\" width=\"450\" height=\"600\" src=\"https:\/\/19zoll.com\/wp-content\/uploads\/2023\/10\/heiko-katz-kontakt.jpg\" alt=\"Heiko Katz\" srcset=\"https:\/\/19zoll.com\/wp-content\/uploads\/2023\/10\/heiko-katz-kontakt.jpg 450w, https:\/\/19zoll.com\/wp-content\/uploads\/2023\/10\/heiko-katz-kontakt-225x300.jpg 225w\" sizes=\"(max-width: 450px) 100vw, 450px\" class=\"wp-image-53418\" \/><\/div>\n\t\t\t\t<div class=\"et_pb_team_member_description\">\n\t\t\t\t\t<h4 class=\"et_pb_module_header\">Heiko Katz<\/h4>\n\t\t\t\t\t<p class=\"et_pb_member_position\">Gesti\u00f3n de la producci\u00f3n<\/p>\n\t\t\t\t\t<div><p><span>E-Mail: <\/span><a title=\"Abre una ventana para enviar un correo electr\u00f3nico\" class=\"mail\">hk(at)19zoll.com<\/a><br \/><span>Tel\u00e9fono: +49 2762 407194-22<\/span><br \/><span>Fax: +49 2762 407194-99<\/span><\/p><\/div>\n\t\t\t\t\t\n\t\t\t\t<\/div>\n\t\t\t<\/div>\n\t\t\t<\/div><div class=\"et_d4_element et_pb_column_1_3 et_pb_column et_pb_column_8  et_pb_css_mix_blend_mode et-last-child et_block_column\">\n\t\t\t\t\n\t\t\t\t\n\t\t\t\t\n\t\t\t\t\n\t\t\t\t<div class=\"et_pb_module et_d4_element et_pb_team_member et_pb_team_member_8 clearfix  et_pb_bg_layout_light\">\n\t\t\t\t\n\t\t\t\t\n\t\t\t\t\n\t\t\t\t\n\t\t\t\t<div class=\"et_pb_team_member_image et-waypoint et_pb_animation_off  et_pb_css_mix_blend_mode\"><img loading=\"lazy\" decoding=\"async\" width=\"450\" height=\"600\" src=\"https:\/\/19zoll.com\/wp-content\/uploads\/2023\/10\/mario-galic-kontakt.jpg\" alt=\"Mario Galic\" srcset=\"https:\/\/19zoll.com\/wp-content\/uploads\/2023\/10\/mario-galic-kontakt.jpg 450w, https:\/\/19zoll.com\/wp-content\/uploads\/2023\/10\/mario-galic-kontakt-225x300.jpg 225w\" sizes=\"(max-width: 450px) 100vw, 450px\" class=\"wp-image-53414\" \/><\/div>\n\t\t\t\t<div class=\"et_pb_team_member_description\">\n\t\t\t\t\t<h4 class=\"et_pb_module_header\">Mario Galic<\/h4>\n\t\t\t\t\t<p class=\"et_pb_member_position\">Ventas t\u00e9cnicas<\/p>\n\t\t\t\t\t<div><p><span>E-Mail: <\/span><a title=\"Abre una ventana para enviar un correo electr\u00f3nico\" class=\"mail\">mg(at)19zoll.com<\/a><br \/><span>Tel\u00e9fono: +49 2762 407194-33<\/span><br \/><span>Fax: +49 2762 407194-99<\/span><\/p><\/div>\n\t\t\t\t\t\n\t\t\t\t<\/div>\n\t\t\t<\/div>\n\t\t\t<\/div>\n\t\t\t\t\n\t\t\t\t\n\t\t\t\t\n\t\t\t\t\n\t\t\t<\/div><div class=\"et_d4_element et_pb_row et_pb_row_3 et_pb_gutters2  et_pb_css_mix_blend_mode et_block_row\">\n\t\t\t\t<div class=\"et_d4_element et_pb_column_1_3 et_pb_column et_pb_column_9  et_pb_css_mix_blend_mode et_block_column\">\n\t\t\t\t\n\t\t\t\t\n\t\t\t\t\n\t\t\t\t\n\t\t\t\t<div class=\"et_pb_module et_d4_element et_pb_team_member et_pb_team_member_9 clearfix  et_pb_bg_layout_light\">\n\t\t\t\t\n\t\t\t\t\n\t\t\t\t\n\t\t\t\t\n\t\t\t\t<div class=\"et_pb_team_member_image et-waypoint et_pb_animation_off  et_pb_css_mix_blend_mode\"><img loading=\"lazy\" decoding=\"async\" width=\"450\" height=\"600\" src=\"https:\/\/19zoll.com\/wp-content\/uploads\/2023\/10\/robert-hofmann-kontakt.jpg\" alt=\"Robert Hofmann\" srcset=\"https:\/\/19zoll.com\/wp-content\/uploads\/2023\/10\/robert-hofmann-kontakt.jpg 450w, https:\/\/19zoll.com\/wp-content\/uploads\/2023\/10\/robert-hofmann-kontakt-225x300.jpg 225w\" sizes=\"(max-width: 450px) 100vw, 450px\" class=\"wp-image-53423\" \/><\/div>\n\t\t\t\t<div class=\"et_pb_team_member_description\">\n\t\t\t\t\t<h4 class=\"et_pb_module_header\">Robert Hofmann<\/h4>\n\t\t\t\t\t<p class=\"et_pb_member_position\">Dise\u00f1o CAD \/ automatizaci\u00f3n<\/p>\n\t\t\t\t\t<div><p><span>E-Mail: <\/span><a title=\"Abre una ventana para enviar un correo electr\u00f3nico\" class=\"mail\">rh(at)19zoll.com<\/a><br \/><span>Tel\u00e9fono: +49 2762 407194-45<\/span><br \/><span>Fax: +49 2762 407194-99<\/span><\/p><\/div>\n\t\t\t\t\t\n\t\t\t\t<\/div>\n\t\t\t<\/div>\n\t\t\t<\/div><div class=\"et_d4_element et_pb_column_1_3 et_pb_column et_pb_column_10  et_pb_css_mix_blend_mode et_block_column\">\n\t\t\t\t\n\t\t\t\t\n\t\t\t\t\n\t\t\t\t\n\t\t\t\t<div class=\"et_pb_module et_d4_element et_pb_team_member et_pb_team_member_10 clearfix  et_pb_bg_layout_light\">\n\t\t\t\t\n\t\t\t\t\n\t\t\t\t\n\t\t\t\t\n\t\t\t\t<div class=\"et_pb_team_member_image et-waypoint et_pb_animation_off  et_pb_css_mix_blend_mode\"><img loading=\"lazy\" decoding=\"async\" width=\"450\" height=\"600\" src=\"https:\/\/19zoll.com\/wp-content\/uploads\/2023\/10\/tanja-winters-kontakt.jpg\" alt=\"Tanja Winters\" srcset=\"https:\/\/19zoll.com\/wp-content\/uploads\/2023\/10\/tanja-winters-kontakt.jpg 450w, https:\/\/19zoll.com\/wp-content\/uploads\/2023\/10\/tanja-winters-kontakt-225x300.jpg 225w\" sizes=\"(max-width: 450px) 100vw, 450px\" class=\"wp-image-53427\" \/><\/div>\n\t\t\t\t<div class=\"et_pb_team_member_description\">\n\t\t\t\t\t<h4 class=\"et_pb_module_header\">Tanja Winters<\/h4>\n\t\t\t\t\t<p class=\"et_pb_member_position\">Preparaci\u00f3n del trabajo<\/p>\n\t\t\t\t\t<div><p><span>Correo electr\u00f3nico: <\/span><a title=\"Abre una ventana para enviar un correo electr\u00f3nico\" class=\"mail\">tw(at)19zoll.com<\/a><br \/><span>Tel\u00e9fono: +49 2762 407194-28<\/span><br \/><span>Fax: +49 2762 407194-99<\/span><\/p><\/div>\n\t\t\t\t\t\n\t\t\t\t<\/div>\n\t\t\t<\/div>\n\t\t\t<\/div><div class=\"et_d4_element et_pb_column_1_3 et_pb_column et_pb_column_11  et_pb_css_mix_blend_mode et-last-child et_block_column et_pb_column_empty\">\n\t\t\t\t\n\t\t\t\t\n\t\t\t\t\n\t\t\t\t\n\t\t\t\t\n\t\t\t<\/div>\n\t\t\t\t\n\t\t\t\t\n\t\t\t\t\n\t\t\t\t\n\t\t\t<\/div>\n\t\t\t\t\n\t\t\t\t\n\t\t\t<\/div>\n","protected":false},"excerpt":{"rendered":"","protected":false},"author":1,"featured_media":0,"parent":0,"menu_order":0,"comment_status":"closed","ping_status":"closed","template":"","meta":{"inline_featured_image":false,"_et_pb_use_builder":"on","_et_pb_old_content":"","_et_gb_content_width":"","footnotes":""},"class_list":["post-54706","page","type-page","status-publish","hentry"],"yoast_head":"<!-- This site is optimized with the Yoast SEO plugin v27.5 - https:\/\/yoast.com\/product\/yoast-seo-wordpress\/ -->\n<title>Contacto en Daub CNC Technik GmbH und Co KG<\/title>\n<meta name=\"description\" content=\"Tus consultas sobre armarios y la tramitaci\u00f3n de armarios y paneles frontales vac\u00edos ser\u00e1n tratadas directamente por nosotros. Tel: +49 (0) 2762 407194-0\" \/>\n<meta name=\"robots\" content=\"index, follow, max-snippet:-1, max-image-preview:large, max-video-preview:-1\" \/>\n<link rel=\"canonical\" href=\"https:\/\/19zoll.com\/es\/persona-de-contacto\/\" \/>\n<meta property=\"og:locale\" content=\"es_ES\" \/>\n<meta property=\"og:type\" content=\"article\" \/>\n<meta property=\"og:title\" content=\"Contacto en Daub CNC Technik GmbH und Co KG\" \/>\n<meta property=\"og:description\" content=\"Tus consultas sobre armarios y la tramitaci\u00f3n de armarios y paneles frontales vac\u00edos ser\u00e1n tratadas directamente por nosotros. Tel: +49 (0) 2762 407194-0\" \/>\n<meta property=\"og:url\" content=\"https:\/\/19zoll.com\/es\/persona-de-contacto\/\" \/>\n<meta property=\"og:site_name\" content=\"Daub CNC\" \/>\n<meta property=\"article:modified_time\" content=\"2025-03-25T13:28:58+00:00\" \/>\n<meta property=\"og:image\" content=\"https:\/\/19zoll.com\/wp-content\/uploads\/2021\/10\/volker-kaluza.jpg\" \/>\n<meta name=\"twitter:card\" content=\"summary_large_image\" \/>\n<meta name=\"twitter:title\" content=\"Contacto en Daub CNC Technik GmbH und Co KG\" \/>\n<meta name=\"twitter:description\" content=\"Tus consultas sobre armarios y la tramitaci\u00f3n de armarios y paneles frontales vac\u00edos ser\u00e1n tratadas directamente por nosotros. Tel: +49 (0) 2762 407194-0\" \/>\n<meta name=\"twitter:image\" content=\"https:\/\/19zoll.com\/wp-content\/uploads\/2021\/10\/volker-kaluza.jpg\" \/>\n<meta name=\"twitter:label1\" content=\"Tiempo de lectura\" \/>\n\t<meta name=\"twitter:data1\" content=\"17 minutos\" \/>\n<script type=\"application\/ld+json\" class=\"yoast-schema-graph\">{\"@context\":\"https:\\\/\\\/schema.org\",\"@graph\":[{\"@type\":\"WebPage\",\"@id\":\"https:\\\/\\\/19zoll.com\\\/es\\\/persona-de-contacto\\\/\",\"url\":\"https:\\\/\\\/19zoll.com\\\/es\\\/persona-de-contacto\\\/\",\"name\":\"Contacto en Daub CNC Technik GmbH und Co KG\",\"isPartOf\":{\"@id\":\"https:\\\/\\\/19zoll.com\\\/#website\"},\"datePublished\":\"2021-10-21T13:45:22+00:00\",\"dateModified\":\"2025-03-25T13:28:58+00:00\",\"description\":\"Tus consultas sobre armarios y la tramitaci\u00f3n de armarios y paneles frontales vac\u00edos ser\u00e1n tratadas directamente por nosotros. Tel: +49 (0) 2762 407194-0\",\"breadcrumb\":{\"@id\":\"https:\\\/\\\/19zoll.com\\\/es\\\/persona-de-contacto\\\/#breadcrumb\"},\"inLanguage\":\"es\",\"potentialAction\":[{\"@type\":\"ReadAction\",\"target\":[\"https:\\\/\\\/19zoll.com\\\/es\\\/persona-de-contacto\\\/\"]}]},{\"@type\":\"BreadcrumbList\",\"@id\":\"https:\\\/\\\/19zoll.com\\\/es\\\/persona-de-contacto\\\/#breadcrumb\",\"itemListElement\":[{\"@type\":\"ListItem\",\"position\":1,\"name\":\"Startseite\",\"item\":\"https:\\\/\\\/19zoll.com\\\/es\\\/inicio\\\/\"},{\"@type\":\"ListItem\",\"position\":2,\"name\":\"Persona de contacto\"}]},{\"@type\":\"WebSite\",\"@id\":\"https:\\\/\\\/19zoll.com\\\/#website\",\"url\":\"https:\\\/\\\/19zoll.com\\\/\",\"name\":\"Daub CNC\",\"description\":\"Ein Webprojekt von IhrMediengestalter\",\"potentialAction\":[{\"@type\":\"SearchAction\",\"target\":{\"@type\":\"EntryPoint\",\"urlTemplate\":\"https:\\\/\\\/19zoll.com\\\/?s={search_term_string}\"},\"query-input\":{\"@type\":\"PropertyValueSpecification\",\"valueRequired\":true,\"valueName\":\"search_term_string\"}}],\"inLanguage\":\"es\"}]}<\/script>\n<!-- \/ Yoast SEO plugin. -->","yoast_head_json":{"title":"Contacto en Daub CNC Technik GmbH und Co KG","description":"Tus consultas sobre armarios y la tramitaci\u00f3n de armarios y paneles frontales vac\u00edos ser\u00e1n tratadas directamente por nosotros. Tel: +49 (0) 2762 407194-0","robots":{"index":"index","follow":"follow","max-snippet":"max-snippet:-1","max-image-preview":"max-image-preview:large","max-video-preview":"max-video-preview:-1"},"canonical":"https:\/\/19zoll.com\/es\/persona-de-contacto\/","og_locale":"es_ES","og_type":"article","og_title":"Contacto en Daub CNC Technik GmbH und Co KG","og_description":"Tus consultas sobre armarios y la tramitaci\u00f3n de armarios y paneles frontales vac\u00edos ser\u00e1n tratadas directamente por nosotros. Tel: +49 (0) 2762 407194-0","og_url":"https:\/\/19zoll.com\/es\/persona-de-contacto\/","og_site_name":"Daub CNC","article_modified_time":"2025-03-25T13:28:58+00:00","og_image":[{"url":"https:\/\/19zoll.com\/wp-content\/uploads\/2021\/10\/volker-kaluza.jpg","type":"","width":"","height":""}],"twitter_card":"summary_large_image","twitter_title":"Contacto en Daub CNC Technik GmbH und Co KG","twitter_description":"Tus consultas sobre armarios y la tramitaci\u00f3n de armarios y paneles frontales vac\u00edos ser\u00e1n tratadas directamente por nosotros. Tel: +49 (0) 2762 407194-0","twitter_image":"https:\/\/19zoll.com\/wp-content\/uploads\/2021\/10\/volker-kaluza.jpg","twitter_misc":{"Tiempo de lectura":"17 minutos"},"schema":{"@context":"https:\/\/schema.org","@graph":[{"@type":"WebPage","@id":"https:\/\/19zoll.com\/es\/persona-de-contacto\/","url":"https:\/\/19zoll.com\/es\/persona-de-contacto\/","name":"Contacto en Daub CNC Technik GmbH und Co KG","isPartOf":{"@id":"https:\/\/19zoll.com\/#website"},"datePublished":"2021-10-21T13:45:22+00:00","dateModified":"2025-03-25T13:28:58+00:00","description":"Tus consultas sobre armarios y la tramitaci\u00f3n de armarios y paneles frontales vac\u00edos ser\u00e1n tratadas directamente por nosotros. Tel: +49 (0) 2762 407194-0","breadcrumb":{"@id":"https:\/\/19zoll.com\/es\/persona-de-contacto\/#breadcrumb"},"inLanguage":"es","potentialAction":[{"@type":"ReadAction","target":["https:\/\/19zoll.com\/es\/persona-de-contacto\/"]}]},{"@type":"BreadcrumbList","@id":"https:\/\/19zoll.com\/es\/persona-de-contacto\/#breadcrumb","itemListElement":[{"@type":"ListItem","position":1,"name":"Startseite","item":"https:\/\/19zoll.com\/es\/inicio\/"},{"@type":"ListItem","position":2,"name":"Persona de contacto"}]},{"@type":"WebSite","@id":"https:\/\/19zoll.com\/#website","url":"https:\/\/19zoll.com\/","name":"Daub CNC","description":"Ein Webprojekt von IhrMediengestalter","potentialAction":[{"@type":"SearchAction","target":{"@type":"EntryPoint","urlTemplate":"https:\/\/19zoll.com\/?s={search_term_string}"},"query-input":{"@type":"PropertyValueSpecification","valueRequired":true,"valueName":"search_term_string"}}],"inLanguage":"es"}]}},"_links":{"self":[{"href":"https:\/\/19zoll.com\/es\/wp-json\/wp\/v2\/pages\/54706","targetHints":{"allow":["GET"]}}],"collection":[{"href":"https:\/\/19zoll.com\/es\/wp-json\/wp\/v2\/pages"}],"about":[{"href":"https:\/\/19zoll.com\/es\/wp-json\/wp\/v2\/types\/page"}],"author":[{"embeddable":true,"href":"https:\/\/19zoll.com\/es\/wp-json\/wp\/v2\/users\/1"}],"replies":[{"embeddable":true,"href":"https:\/\/19zoll.com\/es\/wp-json\/wp\/v2\/comments?post=54706"}],"version-history":[{"count":2,"href":"https:\/\/19zoll.com\/es\/wp-json\/wp\/v2\/pages\/54706\/revisions"}],"predecessor-version":[{"id":54708,"href":"https:\/\/19zoll.com\/es\/wp-json\/wp\/v2\/pages\/54706\/revisions\/54708"}],"wp:attachment":[{"href":"https:\/\/19zoll.com\/es\/wp-json\/wp\/v2\/media?parent=54706"}],"curies":[{"name":"wp","href":"https:\/\/api.w.org\/{rel}","templated":true}]}}